{"id":3874,"date":"2025-10-19T08:58:33","date_gmt":"2025-10-19T08:58:33","guid":{"rendered":"https:\/\/wavexia.com\/product\/skin1004-madagascar-centella-poremizing-quick-clay-stick-mask\/"},"modified":"2026-03-10T07:30:58","modified_gmt":"2026-03-10T07:30:58","slug":"skin1004-madagascar-centella-poremizing-quick-clay-stick-mask","status":"publish","type":"product","link":"https:\/\/wavexia.com\/?product=skin1004-madagascar-centella-poremizing-quick-clay-stick-mask","title":{"rendered":"Skin1004-Madagascar Centella Poremizing Quick Clay Stick Mask"},"content":{"rendered":"<h2>Description<\/h2>\n<p>&nbsp;<\/p>\n<p>Le SKIN1004 Madagascar Centella Poremizing Quick Clay Stick Mask est une solution rapide et facile pour les peaux congestionn\u00e9es et l\u2019exc\u00e8s de s\u00e9bum. Ce b\u00e2ton d\u2019argile nettoie et \u00e9limine efficacement les impuret\u00e9s des pores, laissant votre peau propre et rafra\u00eechie sans irritation.<\/p>\n<p>Avec un m\u00e9lange de 5 argiles, dont de la boue blanche et 18% de kaolin, cette formule poss\u00e8de une puissante capacit\u00e9 d\u2019absorption du s\u00e9bum. Le b\u00e2ton d\u2019argile adh\u00e8re \u00e9troitement \u00e0 la peau, \u00e9liminant l\u2019exc\u00e8s de s\u00e9bum qui peut obstruer les pores et laissant votre peau plus lisse et plus raffin\u00e9e. Donnez \u00e0 votre peau l\u2019attention qu\u2019elle m\u00e9rite avec le stick d\u2019argile SKIN1004 et profitez d\u2019une apparence fra\u00eeche et revitalis\u00e9e.<\/p>\n<p><strong>Ce masque<\/strong><\/p>\n<ul>\n<li>soulage la peau congestionn\u00e9e et l\u2019exc\u00e8s de s\u00e9bum<\/li>\n<li>nettoie et rafra\u00eechit<\/li>\n<li>ne provoque aucune irritation<\/li>\n<li>\u00e9limine les impuret\u00e9s<\/li>\n<li>pour une peau lisse et affin\u00e9e<\/li>\n<li>sans parfum<\/li>\n<li>sans cruaut\u00e9<\/li>\n<li>v\u00e9g\u00e9talien<\/li>\n<\/ul>\n<p><strong>Comment utiliser:<\/strong><\/p>\n<ul>\n<li>Remontez le masque avec la fonction twist up.<\/li>\n<li>Appliquez le masque sur une peau propre.<\/li>\n<li>Laissez s\u00e9cher 10 minutes.<\/li>\n<li>Retirer \u00e0 l\u2019eau ti\u00e8de.<\/li>\n<\/ul>\n<p><strong>Ingr\u00e9dients:<\/strong><br \/>Water, Kaolin(18%), Dipropylene Glycol, Glycerin, Titanium Dioxide (Ci 77891), Butylene Glycol, Sodium Stearate, Centella Asiatica Extract(4.9%), 1,2-hexanediol, Phaseolus Angularis Seed Powder, Aloe Barbadensis Leaf Extract, Cetearyl Olivate, Propanediol, Sorbitan Olivate, Dimethicone, Iron Oxides (Ci 77491), Ethylhexylglycerin, Sodium Phytate, Bentonite, Illite, Mineral Salts, Montmorillonite, Calamine<\/p>\n<p>&nbsp;<\/p>\n<p>&nbsp;<\/p>\n","protected":false},"excerpt":{"rendered":"<p>Description &nbsp; Le SKIN1004 Madagascar Centella Poremizing Quick Clay Stick Mask est une solution rapide et facile pour les peaux congestionn\u00e9es et l\u2019exc\u00e8s de s\u00e9bum. Ce b\u00e2ton d\u2019argile nettoie et \u00e9limine efficacement les impuret\u00e9s des pores, laissant votre peau propre et rafra\u00eechie sans irritation. Avec un m\u00e9lange de 5 argiles, dont de la boue blanche [&hellip;]<\/p>\n","protected":false},"featured_media":3873,"comment_status":"open","ping_status":"closed","template":"","meta":{"content-type":"","_uag_custom_page_level_css":""},"pwb-brand":[],"product_brand":[],"product_cat":[343,334,350],"product_tag":[],"class_list":{"0":"post-3874","1":"product","2":"type-product","3":"status-publish","4":"has-post-thumbnail","6":"product_cat-masque","7":"product_cat-produits-coreens","8":"product_cat-skin1004","10":"first","11":"instock","12":"sale","13":"shipping-taxable","14":"purchasable","15":"product-type-simple"},"aioseo_notices":[],"uagb_featured_image_src":{"full":["https:\/\/wavexia.com\/wp-content\/uploads\/2025\/10\/skin1004-mask-pad-poremizing-quick-clay-stick-mask-40032146948342.webp",650,650,false],"thumbnail":["https:\/\/wavexia.com\/wp-content\/uploads\/2025\/10\/skin1004-mask-pad-poremizing-quick-clay-stick-mask-40032146948342-150x150.webp",150,150,true],"medium":["https:\/\/wavexia.com\/wp-content\/uploads\/2025\/10\/skin1004-mask-pad-poremizing-quick-clay-stick-mask-40032146948342-300x300.webp",300,300,true],"medium_large":["https:\/\/wavexia.com\/wp-content\/uploads\/2025\/10\/skin1004-mask-pad-poremizing-quick-clay-stick-mask-40032146948342.webp",650,650,false],"large":["https:\/\/wavexia.com\/wp-content\/uploads\/2025\/10\/skin1004-mask-pad-poremizing-quick-clay-stick-mask-40032146948342.webp",650,650,false],"1536x1536":["https:\/\/wavexia.com\/wp-content\/uploads\/2025\/10\/skin1004-mask-pad-poremizing-quick-clay-stick-mask-40032146948342.webp",650,650,false],"2048x2048":["https:\/\/wavexia.com\/wp-content\/uploads\/2025\/10\/skin1004-mask-pad-poremizing-quick-clay-stick-mask-40032146948342.webp",650,650,false],"woocommerce_archive_thumbnail":["https:\/\/wavexia.com\/wp-content\/uploads\/2025\/10\/skin1004-mask-pad-poremizing-quick-clay-stick-mask-40032146948342-300x300.webp",300,300,true],"woocommerce_thumbnail":["https:\/\/wavexia.com\/wp-content\/uploads\/2025\/10\/skin1004-mask-pad-poremizing-quick-clay-stick-mask-40032146948342-300x300.webp",300,300,true],"woocommerce_single":["https:\/\/wavexia.com\/wp-content\/uploads\/2025\/10\/skin1004-mask-pad-poremizing-quick-clay-stick-mask-40032146948342-600x600.webp",600,600,true],"woocommerce_gallery_thumbnail":["https:\/\/wavexia.com\/wp-content\/uploads\/2025\/10\/skin1004-mask-pad-poremizing-quick-clay-stick-mask-40032146948342-100x100.webp",100,100,true]},"uagb_author_info":{"display_name":"zineddine.ayoub98@gmail.com","author_link":"https:\/\/wavexia.com\/?author=0"},"uagb_comment_info":0,"uagb_excerpt":"Description &nbsp; Le SKIN1004 Madagascar Centella Poremizing Quick Clay Stick Mask est une solution rapide et facile pour les peaux congestionn\u00e9es et l\u2019exc\u00e8s de s\u00e9bum. Ce b\u00e2ton d\u2019argile nettoie et \u00e9limine efficacement les impuret\u00e9s des pores, laissant votre peau propre et rafra\u00eechie sans irritation. Avec un m\u00e9lange de 5 argiles, dont de la boue blanche&hellip;","brands":[],"_links":{"self":[{"href":"https:\/\/wavexia.com\/index.php?rest_route=\/wp\/v2\/product\/3874","targetHints":{"allow":["GET"]}}],"collection":[{"href":"https:\/\/wavexia.com\/index.php?rest_route=\/wp\/v2\/product"}],"about":[{"href":"https:\/\/wavexia.com\/index.php?rest_route=\/wp\/v2\/types\/product"}],"replies":[{"embeddable":true,"href":"https:\/\/wavexia.com\/index.php?rest_route=%2Fwp%2Fv2%2Fcomments&post=3874"}],"wp:featuredmedia":[{"embeddable":true,"href":"https:\/\/wavexia.com\/index.php?rest_route=\/wp\/v2\/media\/3873"}],"wp:attachment":[{"href":"https:\/\/wavexia.com\/index.php?rest_route=%2Fwp%2Fv2%2Fmedia&parent=3874"}],"wp:term":[{"taxonomy":"pwb-brand","embeddable":true,"href":"https:\/\/wavexia.com\/index.php?rest_route=%2Fwp%2Fv2%2Fpwb-brand&post=3874"},{"taxonomy":"product_brand","embeddable":true,"href":"https:\/\/wavexia.com\/index.php?rest_route=%2Fwp%2Fv2%2Fproduct_brand&post=3874"},{"taxonomy":"product_cat","embeddable":true,"href":"https:\/\/wavexia.com\/index.php?rest_route=%2Fwp%2Fv2%2Fproduct_cat&post=3874"},{"taxonomy":"product_tag","embeddable":true,"href":"https:\/\/wavexia.com\/index.php?rest_route=%2Fwp%2Fv2%2Fproduct_tag&post=3874"}],"curies":[{"name":"wp","href":"https:\/\/api.w.org\/{rel}","templated":true}]}}