{"id":3857,"date":"2025-10-19T08:58:19","date_gmt":"2025-10-19T08:58:19","guid":{"rendered":"https:\/\/wavexia.com\/product\/cosrx-advanced-snail-peptide-eye-cream-25ml\/"},"modified":"2026-03-10T07:30:58","modified_gmt":"2026-03-10T07:30:58","slug":"cosrx-advanced-snail-peptide-eye-cream-25ml","status":"publish","type":"product","link":"https:\/\/wavexia.com\/?product=cosrx-advanced-snail-peptide-eye-cream-25ml","title":{"rendered":"Cosrx \u2013 Advanced Snail Peptide Eye Cream 25ml"},"content":{"rendered":"<h2>Description<\/h2>\n<div class=\"block-content_MQDxpg \" data-index=\"6\">\n<div class=\"tabs-inner\">\n<div>\n<p>COSRX Advanced Snail Peptide Eye Cream est une cr\u00e8me pour les yeux qui garantit que vous n\u2019aurez plus jamais besoin d\u2019avoir l\u2019air fatigu\u00e9. Cette cr\u00e8me pour les yeux l\u00e9g\u00e8re \u00e0 double effet rend le contour des yeux visiblement plus lumineux et r\u00e9duit les cernes et les poches gr\u00e2ce au filtrat de s\u00e9cr\u00e9tion de scories ajout\u00e9 \u00e0 72%. La formule aide \u00e0 restaurer la zone sensible des yeux et pr\u00e9vient les signes futurs du vieillissement cutan\u00e9.<\/p>\n<p>Vous pouvez \u00e9galement distribuer la cr\u00e8me sur tout le visage lorsque votre peau a besoin de soins particuliers.<\/p>\n<p><strong>Cette cr\u00e8me pour les yeux:<\/strong><\/p>\n<ul>\n<li>emp\u00eache la peau d\u2019apparence fatigu\u00e9e<\/li>\n<li>\u00e9claircit le contour des yeux<\/li>\n<li>r\u00e9duit les cernes et les poches<\/li>\n<li>contient 72% de filtrat de s\u00e9cr\u00e9tion de scories<\/li>\n<li>restaure la zone sensible des yeux<\/li>\n<li>emp\u00eache les signes futurs du vieillissement cutan\u00e9<\/li>\n<\/ul>\n<p>&nbsp;<\/p>\n<\/div>\n<\/div>\n<div class=\"block-content_dExAQg tab-closed hidden\" data-index=\"5\">\n<div class=\"tabs-inner\">\n<div>\n<p><strong>Ingr\u00e9dients:<\/strong><br \/>Snail Secretion Filtrate, Butylene Glycol, Glycerin, Helianthus Annuus (Sunflower) Seed Oil, 1,2-Hexanediol, Niacinamide, Water, Palmitic Acid, Arginine, Carbomer, Stearic Acid, Betaine, Cetearyl Olivate, Sorbitan Olivate, Sodium Polyacrylate, Allantoin, Tocopheryl Acetate, Panthenol, Hydroxyethyl Acrylate\/Sodium Acryloyldimethyl Taurate Copolymer, Sodium Hyaluronate, Adenosine, Xanthan Gum, Myristic Acid, Copper Tripeptide-1, Acetyl Hexapeptide-8, Palmitoyl Pentapeptide-4, Palmitoyl Tripeptide-1, Palmitoyl Tetrapeptide-7.<\/p>\n<p>&nbsp;<\/p>\n<\/div>\n<\/div>\n<\/div>\n<div class=\"block-content_XgHTde tab-closed hidden\" data-index=\"4\">\n<div class=\"tabs-inner\">\n<div>\n<p><strong>Comment utiliser:<\/strong><\/p>\n<ul>\n<li>Appliquez une quantit\u00e9 souhait\u00e9e de cr\u00e8me pour les yeux autour de vos yeux le matin et le soir.<\/li>\n<li>Tamponnez ensuite doucement la cr\u00e8me pour les yeux dans la peau jusqu\u2019\u00e0 ce qu\u2019elle soit compl\u00e8tement absorb\u00e9e.<\/li>\n<\/ul>\n<\/div>\n<\/div>\n<\/div>\n<\/div>\n","protected":false},"excerpt":{"rendered":"<p>Description COSRX Advanced Snail Peptide Eye Cream est une cr\u00e8me pour les yeux qui garantit que vous n\u2019aurez plus jamais besoin d\u2019avoir l\u2019air fatigu\u00e9. Cette cr\u00e8me pour les yeux l\u00e9g\u00e8re \u00e0 double effet rend le contour des yeux visiblement plus lumineux et r\u00e9duit les cernes et les poches gr\u00e2ce au filtrat de s\u00e9cr\u00e9tion de scories [&hellip;]<\/p>\n","protected":false},"featured_media":3856,"comment_status":"open","ping_status":"closed","template":"","meta":{"content-type":"","_uag_custom_page_level_css":""},"pwb-brand":[],"product_brand":[],"product_cat":[352,347,327,334],"product_tag":[],"class_list":{"0":"post-3857","1":"product","2":"type-product","3":"status-publish","4":"has-post-thumbnail","6":"product_cat-contour-des-yeux","7":"product_cat-cosrx","8":"product_cat-hmizat","9":"product_cat-produits-coreens","11":"first","12":"instock","13":"sale","14":"shipping-taxable","15":"purchasable","16":"product-type-simple"},"aioseo_notices":[],"uagb_featured_image_src":{"full":["https:\/\/wavexia.com\/wp-content\/uploads\/2025\/10\/019000000189.webp",800,800,false],"thumbnail":["https:\/\/wavexia.com\/wp-content\/uploads\/2025\/10\/019000000189-150x150.webp",150,150,true],"medium":["https:\/\/wavexia.com\/wp-content\/uploads\/2025\/10\/019000000189-300x300.webp",300,300,true],"medium_large":["https:\/\/wavexia.com\/wp-content\/uploads\/2025\/10\/019000000189-768x768.webp",768,768,true],"large":["https:\/\/wavexia.com\/wp-content\/uploads\/2025\/10\/019000000189.webp",800,800,false],"1536x1536":["https:\/\/wavexia.com\/wp-content\/uploads\/2025\/10\/019000000189.webp",800,800,false],"2048x2048":["https:\/\/wavexia.com\/wp-content\/uploads\/2025\/10\/019000000189.webp",800,800,false],"woocommerce_archive_thumbnail":["https:\/\/wavexia.com\/wp-content\/uploads\/2025\/10\/019000000189-300x300.webp",300,300,true],"woocommerce_thumbnail":["https:\/\/wavexia.com\/wp-content\/uploads\/2025\/10\/019000000189-300x300.webp",300,300,true],"woocommerce_single":["https:\/\/wavexia.com\/wp-content\/uploads\/2025\/10\/019000000189-600x600.webp",600,600,true],"woocommerce_gallery_thumbnail":["https:\/\/wavexia.com\/wp-content\/uploads\/2025\/10\/019000000189-100x100.webp",100,100,true]},"uagb_author_info":{"display_name":"zineddine.ayoub98@gmail.com","author_link":"https:\/\/wavexia.com\/?author=0"},"uagb_comment_info":0,"uagb_excerpt":"Description COSRX Advanced Snail Peptide Eye Cream est une cr\u00e8me pour les yeux qui garantit que vous n\u2019aurez plus jamais besoin d\u2019avoir l\u2019air fatigu\u00e9. Cette cr\u00e8me pour les yeux l\u00e9g\u00e8re \u00e0 double effet rend le contour des yeux visiblement plus lumineux et r\u00e9duit les cernes et les poches gr\u00e2ce au filtrat de s\u00e9cr\u00e9tion de scories&hellip;","brands":[],"_links":{"self":[{"href":"https:\/\/wavexia.com\/index.php?rest_route=\/wp\/v2\/product\/3857","targetHints":{"allow":["GET"]}}],"collection":[{"href":"https:\/\/wavexia.com\/index.php?rest_route=\/wp\/v2\/product"}],"about":[{"href":"https:\/\/wavexia.com\/index.php?rest_route=\/wp\/v2\/types\/product"}],"replies":[{"embeddable":true,"href":"https:\/\/wavexia.com\/index.php?rest_route=%2Fwp%2Fv2%2Fcomments&post=3857"}],"wp:featuredmedia":[{"embeddable":true,"href":"https:\/\/wavexia.com\/index.php?rest_route=\/wp\/v2\/media\/3856"}],"wp:attachment":[{"href":"https:\/\/wavexia.com\/index.php?rest_route=%2Fwp%2Fv2%2Fmedia&parent=3857"}],"wp:term":[{"taxonomy":"pwb-brand","embeddable":true,"href":"https:\/\/wavexia.com\/index.php?rest_route=%2Fwp%2Fv2%2Fpwb-brand&post=3857"},{"taxonomy":"product_brand","embeddable":true,"href":"https:\/\/wavexia.com\/index.php?rest_route=%2Fwp%2Fv2%2Fproduct_brand&post=3857"},{"taxonomy":"product_cat","embeddable":true,"href":"https:\/\/wavexia.com\/index.php?rest_route=%2Fwp%2Fv2%2Fproduct_cat&post=3857"},{"taxonomy":"product_tag","embeddable":true,"href":"https:\/\/wavexia.com\/index.php?rest_route=%2Fwp%2Fv2%2Fproduct_tag&post=3857"}],"curies":[{"name":"wp","href":"https:\/\/api.w.org\/{rel}","templated":true}]}}