{"id":3852,"date":"2025-10-19T08:58:16","date_gmt":"2025-10-19T08:58:16","guid":{"rendered":"https:\/\/wavexia.com\/product\/biodance-refreshing-sea-kelp-real-deep-mask-1-mask\/"},"modified":"2026-03-10T07:30:58","modified_gmt":"2026-03-10T07:30:58","slug":"biodance-refreshing-sea-kelp-real-deep-mask-1-mask","status":"publish","type":"product","link":"https:\/\/wavexia.com\/?product=biodance-refreshing-sea-kelp-real-deep-mask-1-mask","title":{"rendered":"Biodance REFRESHING SEA KELP REAL DEEP MASK 1 Mask"},"content":{"rendered":"<h2>Description<\/h2>\n<p>Biodance Refreshing Sea Kelp Real Deep Mask est sp\u00e9cialement con\u00e7u pour apaiser les irritations et favoriser un teint plus clair et plus \u00e9quilibr\u00e9.<\/p>\n<p>Compos\u00e9 \u00e0 10 % d\u2019extrait de varech ferment\u00e9, d\u2019eau de mer profonde et d\u2019extrait d\u2019algues, il offre un m\u00e9lange concentr\u00e9 de nutriments pour hydrater, calmer et purifier la peau.<\/p>\n<p>L\u2019essence de l\u2019ampoule solidifi\u00e9e aide \u00e0 r\u00e9duire les rougeurs, \u00e0 affiner la texture irr\u00e9guli\u00e8re et \u00e0 soutenir la sant\u00e9 de la barri\u00e8re cutan\u00e9e. L\u2019eau de mer profonde, naturellement riche en min\u00e9raux, contr\u00f4le l\u2019exc\u00e8s de s\u00e9bum tout en r\u00e9tablissant un \u00e9quilibre hydrique optimal, ce qui est particuli\u00e8rement b\u00e9n\u00e9fique pour les peaux grasses et sujettes \u00e0 l\u2019acn\u00e9.<\/p>\n<p>Ce masque hypoallerg\u00e9nique et non irritant est doux pour la peau et convient \u00e0 tous les types de peau, y compris les peaux sensibles. Tous les ingr\u00e9dients sont certifi\u00e9s par l\u2019EWG et exempts d\u2019additifs nocifs.<\/p>\n<p>POUR LA NUIT<br \/>Appliquez le masque \u00e0 la fin de votre programme de soins et laissez-le agir toute la nuit. Retirez le masque le lendemain matin apr\u00e8s une bonne nuit de sommeil.<\/p>\n<p>JOURN\u00c9E<br \/>Apr\u00e8s avoir pr\u00e9par\u00e9 la peau avec un tonique ou un s\u00e9rum, appliquez le masque et laissez-le en place pendant 3 \u00e0 4 heures ou jusqu\u2019\u00e0 ce qu\u2019il devienne transparent.<\/p>\n<p>CONSEIL PRO<br \/>Utilisez les parties du masque destin\u00e9es aux yeux et \u00e0 la bouche sur les ailes du nez, sous les yeux, sur le cou ou partout o\u00f9 vous souhaitez une hydratation suppl\u00e9mentaire.<\/p>\n<p><strong>Ingr\u00e9dients :<\/strong><br \/>Water(Aqua), Lactobacillus\/Kelp Ferment Filtrate(100,000ppm), Glycerin, Dipropylene Glycol, Acrylates Copolymer, Ceratonia Siliqua (Carob) Gum, Chondrus Crispus, Sea Water, Betaine, Algin, Agar, Hydroxyacetophenone, 1,2-Hexanediol, Potassium Chloride, Sucrose, Caprylyl Glycol, Laminaria Digitata Water(1,000ppm), Allantoin, Xanthan Gum, Polyglyceryl-10 Laurate, Ethylhexylglycerin, Melia Azadirachta Leaf Extract, Disodium EDTA, Pyrus Communis (Pear) Fruit Extract, Citric Acid, Rosa Damascena Flower Water, Melia Azadirachta Flower Extract, Iris Florentina Root Extract, Butylene Glycol, Cucumis Melo (Melon) Fruit Extract, Hedera Helix (Ivy) Leaf\/Stem Extract, Laminaria Japonica Extract, Dipotassium Glycyrrhizate, Kjellmaniella Gyrata Extract, Centella Asiatica Extract, Bifida Ferment Lysate, Lactose, Lactobacillus Ferment, Spirulina Platensis Extract, Jania Rubens Extract, Tocopherol, Panthenol, Madecassoside<\/p>\n","protected":false},"excerpt":{"rendered":"<p>Description Biodance Refreshing Sea Kelp Real Deep Mask est sp\u00e9cialement con\u00e7u pour apaiser les irritations et favoriser un teint plus clair et plus \u00e9quilibr\u00e9. Compos\u00e9 \u00e0 10 % d\u2019extrait de varech ferment\u00e9, d\u2019eau de mer profonde et d\u2019extrait d\u2019algues, il offre un m\u00e9lange concentr\u00e9 de nutriments pour hydrater, calmer et purifier la peau. L\u2019essence de [&hellip;]<\/p>\n","protected":false},"featured_media":3851,"comment_status":"open","ping_status":"closed","template":"","meta":{"content-type":"","_uag_custom_page_level_css":""},"pwb-brand":[],"product_brand":[],"product_cat":[342,343,328,334],"product_tag":[],"class_list":{"0":"post-3852","1":"product","2":"type-product","3":"status-publish","4":"has-post-thumbnail","6":"product_cat-biodance","7":"product_cat-masque","8":"product_cat-nouveautes","9":"product_cat-produits-coreens","11":"first","12":"instock","13":"sale","14":"shipping-taxable","15":"purchasable","16":"product-type-simple"},"aioseo_notices":[],"uagb_featured_image_src":{"full":["https:\/\/wavexia.com\/wp-content\/uploads\/2025\/10\/Biodance-Refreshing-Sea-Kelp-Real-Deep-Mask-K-Beauty-World.webp",1000,1000,false],"thumbnail":["https:\/\/wavexia.com\/wp-content\/uploads\/2025\/10\/Biodance-Refreshing-Sea-Kelp-Real-Deep-Mask-K-Beauty-World-150x150.webp",150,150,true],"medium":["https:\/\/wavexia.com\/wp-content\/uploads\/2025\/10\/Biodance-Refreshing-Sea-Kelp-Real-Deep-Mask-K-Beauty-World-300x300.webp",300,300,true],"medium_large":["https:\/\/wavexia.com\/wp-content\/uploads\/2025\/10\/Biodance-Refreshing-Sea-Kelp-Real-Deep-Mask-K-Beauty-World-768x768.webp",768,768,true],"large":["https:\/\/wavexia.com\/wp-content\/uploads\/2025\/10\/Biodance-Refreshing-Sea-Kelp-Real-Deep-Mask-K-Beauty-World.webp",1000,1000,false],"1536x1536":["https:\/\/wavexia.com\/wp-content\/uploads\/2025\/10\/Biodance-Refreshing-Sea-Kelp-Real-Deep-Mask-K-Beauty-World.webp",1000,1000,false],"2048x2048":["https:\/\/wavexia.com\/wp-content\/uploads\/2025\/10\/Biodance-Refreshing-Sea-Kelp-Real-Deep-Mask-K-Beauty-World.webp",1000,1000,false],"woocommerce_archive_thumbnail":["https:\/\/wavexia.com\/wp-content\/uploads\/2025\/10\/Biodance-Refreshing-Sea-Kelp-Real-Deep-Mask-K-Beauty-World-300x300.webp",300,300,true],"woocommerce_thumbnail":["https:\/\/wavexia.com\/wp-content\/uploads\/2025\/10\/Biodance-Refreshing-Sea-Kelp-Real-Deep-Mask-K-Beauty-World-300x300.webp",300,300,true],"woocommerce_single":["https:\/\/wavexia.com\/wp-content\/uploads\/2025\/10\/Biodance-Refreshing-Sea-Kelp-Real-Deep-Mask-K-Beauty-World-600x600.webp",600,600,true],"woocommerce_gallery_thumbnail":["https:\/\/wavexia.com\/wp-content\/uploads\/2025\/10\/Biodance-Refreshing-Sea-Kelp-Real-Deep-Mask-K-Beauty-World-100x100.webp",100,100,true]},"uagb_author_info":{"display_name":"zineddine.ayoub98@gmail.com","author_link":"https:\/\/wavexia.com\/?author=0"},"uagb_comment_info":0,"uagb_excerpt":"Description Biodance Refreshing Sea Kelp Real Deep Mask est sp\u00e9cialement con\u00e7u pour apaiser les irritations et favoriser un teint plus clair et plus \u00e9quilibr\u00e9. Compos\u00e9 \u00e0 10 % d\u2019extrait de varech ferment\u00e9, d\u2019eau de mer profonde et d\u2019extrait d\u2019algues, il offre un m\u00e9lange concentr\u00e9 de nutriments pour hydrater, calmer et purifier la peau. L\u2019essence de&hellip;","brands":[],"_links":{"self":[{"href":"https:\/\/wavexia.com\/index.php?rest_route=\/wp\/v2\/product\/3852","targetHints":{"allow":["GET"]}}],"collection":[{"href":"https:\/\/wavexia.com\/index.php?rest_route=\/wp\/v2\/product"}],"about":[{"href":"https:\/\/wavexia.com\/index.php?rest_route=\/wp\/v2\/types\/product"}],"replies":[{"embeddable":true,"href":"https:\/\/wavexia.com\/index.php?rest_route=%2Fwp%2Fv2%2Fcomments&post=3852"}],"wp:featuredmedia":[{"embeddable":true,"href":"https:\/\/wavexia.com\/index.php?rest_route=\/wp\/v2\/media\/3851"}],"wp:attachment":[{"href":"https:\/\/wavexia.com\/index.php?rest_route=%2Fwp%2Fv2%2Fmedia&parent=3852"}],"wp:term":[{"taxonomy":"pwb-brand","embeddable":true,"href":"https:\/\/wavexia.com\/index.php?rest_route=%2Fwp%2Fv2%2Fpwb-brand&post=3852"},{"taxonomy":"product_brand","embeddable":true,"href":"https:\/\/wavexia.com\/index.php?rest_route=%2Fwp%2Fv2%2Fproduct_brand&post=3852"},{"taxonomy":"product_cat","embeddable":true,"href":"https:\/\/wavexia.com\/index.php?rest_route=%2Fwp%2Fv2%2Fproduct_cat&post=3852"},{"taxonomy":"product_tag","embeddable":true,"href":"https:\/\/wavexia.com\/index.php?rest_route=%2Fwp%2Fv2%2Fproduct_tag&post=3852"}],"curies":[{"name":"wp","href":"https:\/\/api.w.org\/{rel}","templated":true}]}}