{"id":3848,"date":"2025-10-19T08:58:13","date_gmt":"2025-10-19T08:58:13","guid":{"rendered":"https:\/\/wavexia.com\/product\/medicube-deep-peptide-radiance-mask\/"},"modified":"2026-03-10T07:30:58","modified_gmt":"2026-03-10T07:30:58","slug":"medicube-deep-peptide-radiance-mask","status":"publish","type":"product","link":"https:\/\/wavexia.com\/?product=medicube-deep-peptide-radiance-mask","title":{"rendered":"MEDICUBE \u2013 Deep Peptide Radiance Mask"},"content":{"rendered":"<h2>Description<\/h2>\n<div class=\"yv-product-accordion sidebar-content\">\n<details class=\"yv-accordion-card\" open=\"open\">\n<div id=\"accordion-content-accordion_BADUnw\" class=\"yv-accordion-content\">\n<div class=\"yv-content-body\">\n<p><span class=\"metafield-multi_line_text_field\">Les peptides aident \u00e0 stimuler la production de collag\u00e8ne, tandis que les ingr\u00e9dients hydratants et apaisants nourrissent la peau en profondeur, laissant un teint lisse, ferme et \u00e9clatant.<\/span><\/p>\n<p>Ingr\u00e9dients Cl\u00e9s :<\/p>\n<p>-Peptides : Stimulent la production de collag\u00e8ne et d\u2019\u00e9lastine, am\u00e9liorant la fermet\u00e9 et l\u2019\u00e9lasticit\u00e9 de la peau.<\/p>\n<p>-Extrait de Niacinamide : \u00c9claircit le teint et r\u00e9duit l\u2019apparence des taches sombres.<\/p>\n<p>-Acide Hyaluronique : Hydrate en profondeur et repulpe la peau pour un aspect plus jeune.<\/p>\n<p>-Extrait de Centella Asiatica : Apaise et r\u00e9pare la peau, favorisant la r\u00e9g\u00e9n\u00e9ration cellulaire.<\/p>\n<p>Pourquoi on l\u2019aime :<\/p>\n<p>\u2013 Raffermissement et \u00e9lasticit\u00e9 : Les peptides aident \u00e0 stimuler la production de collag\u00e8ne, am\u00e9liorant ainsi la fermet\u00e9 et l\u2019\u00e9lasticit\u00e9 de la peau.<\/p>\n<p>-\u00c9clat et luminosit\u00e9<br \/>\u2013 Hydratation intense<br \/>\u2013 R\u00e9duction des rides et ridules<br \/>\u2013 Nourrissant et apaisant<\/p>\n<p>Pour qui ?<\/p>\n<p>-Peaux Fatigu\u00e9es et Ternes<br \/>-Premi\u00e8res rides et rides<\/p>\n<p>Tous Types de Peaux :<\/p>\n<p>Adapt\u00e9 \u00e0 tous les types de peau, y compris les peaux sensibles, gr\u00e2ce \u00e0 ses ingr\u00e9dients doux mais efficaces.<\/p>\n<h5 style=\"text-align: left;\"><span>Comment utiliser<\/span><\/h5>\n<div class=\"col item\">\n<p><span>1. \u00c9talez d\u00e9licatement le masque sur le visage et retirez-le apr\u00e8s 10 \u00e0 20 minutes. <\/span><br \/><span>2. Tapotez doucement pour am\u00e9liorer l\u2019absorption.<\/span><\/p>\n<p><span>*Encore mieux avec Medicube Age-R <\/span><br \/><span>Utilis\u00e9 avec Age-R, le masque peptidique agit comme un conducteur d\u2019\u00e9nergie pour permettre un soin efficace de l\u2019\u00e9lasticit\u00e9 de la peau !<\/span><\/p>\n<p><span class=\"metafield-multi_line_text_field\">&nbsp;<\/span><\/p>\n<\/div>\n<p>&nbsp;<\/p>\n<\/div>\n<\/details>\n<\/div>\n<div class=\"yv-product-accordion sidebar-content\"><\/div>\n<\/div>\n","protected":false},"excerpt":{"rendered":"<p>Description Les peptides aident \u00e0 stimuler la production de collag\u00e8ne, tandis que les ingr\u00e9dients hydratants et apaisants nourrissent la peau en profondeur, laissant un teint lisse, ferme et \u00e9clatant. Ingr\u00e9dients Cl\u00e9s : -Peptides : Stimulent la production de collag\u00e8ne et d\u2019\u00e9lastine, am\u00e9liorant la fermet\u00e9 et l\u2019\u00e9lasticit\u00e9 de la peau. -Extrait de Niacinamide : \u00c9claircit le [&hellip;]<\/p>\n","protected":false},"featured_media":3847,"comment_status":"open","ping_status":"closed","template":"","meta":{"content-type":"","_uag_custom_page_level_css":""},"pwb-brand":[],"product_brand":[],"product_cat":[327,343,349,334],"product_tag":[],"class_list":{"0":"post-3848","1":"product","2":"type-product","3":"status-publish","4":"has-post-thumbnail","6":"product_cat-hmizat","7":"product_cat-masque","8":"product_cat-medicube","9":"product_cat-produits-coreens","11":"first","12":"instock","13":"sale","14":"shipping-taxable","15":"purchasable","16":"product-type-simple"},"aioseo_notices":[],"uagb_featured_image_src":{"full":["https:\/\/wavexia.com\/wp-content\/uploads\/2025\/10\/IMG_2900.png",390,390,false],"thumbnail":["https:\/\/wavexia.com\/wp-content\/uploads\/2025\/10\/IMG_2900-150x150.png",150,150,true],"medium":["https:\/\/wavexia.com\/wp-content\/uploads\/2025\/10\/IMG_2900-300x300.png",300,300,true],"medium_large":["https:\/\/wavexia.com\/wp-content\/uploads\/2025\/10\/IMG_2900.png",390,390,false],"large":["https:\/\/wavexia.com\/wp-content\/uploads\/2025\/10\/IMG_2900.png",390,390,false],"1536x1536":["https:\/\/wavexia.com\/wp-content\/uploads\/2025\/10\/IMG_2900.png",390,390,false],"2048x2048":["https:\/\/wavexia.com\/wp-content\/uploads\/2025\/10\/IMG_2900.png",390,390,false],"woocommerce_archive_thumbnail":["https:\/\/wavexia.com\/wp-content\/uploads\/2025\/10\/IMG_2900-300x300.png",300,300,true],"woocommerce_thumbnail":["https:\/\/wavexia.com\/wp-content\/uploads\/2025\/10\/IMG_2900-300x300.png",300,300,true],"woocommerce_single":["https:\/\/wavexia.com\/wp-content\/uploads\/2025\/10\/IMG_2900.png",390,390,false],"woocommerce_gallery_thumbnail":["https:\/\/wavexia.com\/wp-content\/uploads\/2025\/10\/IMG_2900-100x100.png",100,100,true]},"uagb_author_info":{"display_name":"zineddine.ayoub98@gmail.com","author_link":"https:\/\/wavexia.com\/?author=0"},"uagb_comment_info":0,"uagb_excerpt":"Description Les peptides aident \u00e0 stimuler la production de collag\u00e8ne, tandis que les ingr\u00e9dients hydratants et apaisants nourrissent la peau en profondeur, laissant un teint lisse, ferme et \u00e9clatant. Ingr\u00e9dients Cl\u00e9s : -Peptides : Stimulent la production de collag\u00e8ne et d\u2019\u00e9lastine, am\u00e9liorant la fermet\u00e9 et l\u2019\u00e9lasticit\u00e9 de la peau. -Extrait de Niacinamide : \u00c9claircit le&hellip;","brands":[],"_links":{"self":[{"href":"https:\/\/wavexia.com\/index.php?rest_route=\/wp\/v2\/product\/3848","targetHints":{"allow":["GET"]}}],"collection":[{"href":"https:\/\/wavexia.com\/index.php?rest_route=\/wp\/v2\/product"}],"about":[{"href":"https:\/\/wavexia.com\/index.php?rest_route=\/wp\/v2\/types\/product"}],"replies":[{"embeddable":true,"href":"https:\/\/wavexia.com\/index.php?rest_route=%2Fwp%2Fv2%2Fcomments&post=3848"}],"wp:featuredmedia":[{"embeddable":true,"href":"https:\/\/wavexia.com\/index.php?rest_route=\/wp\/v2\/media\/3847"}],"wp:attachment":[{"href":"https:\/\/wavexia.com\/index.php?rest_route=%2Fwp%2Fv2%2Fmedia&parent=3848"}],"wp:term":[{"taxonomy":"pwb-brand","embeddable":true,"href":"https:\/\/wavexia.com\/index.php?rest_route=%2Fwp%2Fv2%2Fpwb-brand&post=3848"},{"taxonomy":"product_brand","embeddable":true,"href":"https:\/\/wavexia.com\/index.php?rest_route=%2Fwp%2Fv2%2Fproduct_brand&post=3848"},{"taxonomy":"product_cat","embeddable":true,"href":"https:\/\/wavexia.com\/index.php?rest_route=%2Fwp%2Fv2%2Fproduct_cat&post=3848"},{"taxonomy":"product_tag","embeddable":true,"href":"https:\/\/wavexia.com\/index.php?rest_route=%2Fwp%2Fv2%2Fproduct_tag&post=3848"}],"curies":[{"name":"wp","href":"https:\/\/api.w.org\/{rel}","templated":true}]}}