{"id":3836,"date":"2025-10-19T08:57:56","date_gmt":"2025-10-19T08:57:56","guid":{"rendered":"https:\/\/wavexia.com\/product\/medicube-age-r-booster-pro-appareil-de-soin-visage\/"},"modified":"2026-03-10T07:30:58","modified_gmt":"2026-03-10T07:30:58","slug":"medicube-age-r-booster-pro-appareil-de-soin-visage","status":"publish","type":"product","link":"https:\/\/wavexia.com\/?product=medicube-age-r-booster-pro-appareil-de-soin-visage","title":{"rendered":"MEDICUBE \u2013 AGE-R Booster Pro \u2013 Appareil de soin visage"},"content":{"rendered":"<h2>Description<\/h2>\n<div id=\"shopify-section-template--22763075240272__main\" class=\"shopify-section section--product-page\">\n<div class=\"product-page--root\" data-product-id=\"9287276659024-template--22763075240272__main\" data-section-id=\"template--22763075240272__main\" data-section-type=\"product_page\" data-container-width=\"4\" data-spacing-above=\"true\" data-spacing-below=\"true\" data-text-alignment=\"left\">\n<div class=\"product-page--wrapper\">\n<div class=\"product-page--info\">\n<div class=\"product-page--block\" data-product-block=\"\" data-block-type=\"description\" data-fit-together=\"false\">\n<div class=\"product-page--description\" data-item=\"rte-content\">Medicube Age-R Booster Pro est l\u2019appareil de soin de la peau cor\u00e9en n\u00b01 qui offre une solution compl\u00e8te pour l\u2019excellence des soins de la peau \u00e0 domicile. Cet appareil de pointe dispose de six fonctions essentielles adapt\u00e9es aux diff\u00e9rents besoins de soins de la peau : absorption am\u00e9lior\u00e9e, \u00e9clat, \u00e9lasticit\u00e9, contour du visage, soin des pores avec indication LED et soins personnalis\u00e9s. Chaque fonction est pr\u00e9cis\u00e9ment con\u00e7ue pour fournir des traitements cibl\u00e9s, ce qui rend l\u2019AGE-R Booster Pro parfait pour tous les types et probl\u00e8mes de peau.<br \/>Optimisez vos r\u00e9sultats avec l\u2019application AGE-R : am\u00e9liorez votre routine de soins de la peau avec l\u2019application AGE-R, qui propose des vid\u00e9os de guide personnalis\u00e9es, un calendrier de suivi, un suivi visuel des progr\u00e8s et des param\u00e8tres d\u2019appareil personnalis\u00e9s pour une exp\u00e9rience optimis\u00e9e.<\/p>\n<p>Aucun gel conducteur requis : utilisez-le simplement avec vos produits de soin de la peau ! Bootser Pro changera la donne dans votre routine de soins de la peau et rendra votre peau saine et \u00e9clatante. Exploitez tout le potentiel de votre routine de soins de la peau en adh\u00e9rant \u00e0 nos directives d\u2019experts, car les r\u00e9sultats individuels peuvent varier, soulignant l\u2019importance d\u2019une application coh\u00e9rente et correcte pour des r\u00e9sultats optimaux.<br \/>Avantages cliniques prouv\u00e9s : D\u00e9bloquez des r\u00e9sultats transformateurs en mati\u00e8re de soins de la peau : le mode Booster am\u00e9liore consid\u00e9rablement la perm\u00e9abilit\u00e9 de la peau de 785 %, tandis que le mode Air Shot l\u2019augmente encore, atteignant une augmentation impressionnante de 791 % apr\u00e8s une seule utilisation.<br \/>Utilisation guid\u00e9e et s\u00fbre : bien que les r\u00e9sultats puissent varier, notre manuel d\u2019utilisation propose des techniques pour optimiser les avantages. Pour les personnes ayant r\u00e9cemment suivi des traitements ou des soins m\u00e9dicaux en cours, consultez un professionnel de la sant\u00e9 avant utilisation. Il est essentiel de consulter un professionnel de la sant\u00e9 avant utilisation, en particulier pour les personnes ayant une peau sensible, des traitements r\u00e9cents ou des soins m\u00e9dicaux en cours, afin d\u2019\u00e9viter toute r\u00e9action ind\u00e9sirable ou tout probl\u00e8me d\u00e9fectueux.<\/p>\n<div data-item=\"rte-content\"><\/div>\n<\/div>\n<\/div>\n<\/div>\n<\/div>\n<\/div>\n<div id=\"shopify-section-template--22763075240272__featured_text_tUJT9W\" class=\"shopify-section\">\n<div class=\"featured-text--root\" data-section-id=\"template--22763075240272__featured_text_tUJT9W\" data-background-color=\"none\" data-container-width=\"4\" data-light-text=\"false\" data-spacing-above=\"true\" data-spacing-below=\"true\">\n<div class=\"featured-text--wrapper\"><\/div>\n<\/div>\n<\/div>\n<\/div>\n","protected":false},"excerpt":{"rendered":"<p>Description Medicube Age-R Booster Pro est l\u2019appareil de soin de la peau cor\u00e9en n\u00b01 qui offre une solution compl\u00e8te pour l\u2019excellence des soins de la peau \u00e0 domicile. Cet appareil de pointe dispose de six fonctions essentielles adapt\u00e9es aux diff\u00e9rents besoins de soins de la peau : absorption am\u00e9lior\u00e9e, \u00e9clat, \u00e9lasticit\u00e9, contour du visage, soin [&hellip;]<\/p>\n","protected":false},"featured_media":3835,"comment_status":"open","ping_status":"closed","template":"","meta":{"content-type":"","_uag_custom_page_level_css":""},"pwb-brand":[],"product_brand":[],"product_cat":[349],"product_tag":[],"class_list":{"0":"post-3836","1":"product","2":"type-product","3":"status-publish","4":"has-post-thumbnail","6":"product_cat-medicube","8":"first","9":"instock","10":"sale","11":"shipping-taxable","12":"purchasable","13":"product-type-simple"},"aioseo_notices":[],"uagb_featured_image_src":{"full":["https:\/\/wavexia.com\/wp-content\/uploads\/2025\/10\/MicrosoftTeams-image_260_jpg.webp",1080,1080,false],"thumbnail":["https:\/\/wavexia.com\/wp-content\/uploads\/2025\/10\/MicrosoftTeams-image_260_jpg-150x150.webp",150,150,true],"medium":["https:\/\/wavexia.com\/wp-content\/uploads\/2025\/10\/MicrosoftTeams-image_260_jpg-300x300.webp",300,300,true],"medium_large":["https:\/\/wavexia.com\/wp-content\/uploads\/2025\/10\/MicrosoftTeams-image_260_jpg-768x768.webp",768,768,true],"large":["https:\/\/wavexia.com\/wp-content\/uploads\/2025\/10\/MicrosoftTeams-image_260_jpg-1024x1024.webp",1024,1024,true],"1536x1536":["https:\/\/wavexia.com\/wp-content\/uploads\/2025\/10\/MicrosoftTeams-image_260_jpg.webp",1080,1080,false],"2048x2048":["https:\/\/wavexia.com\/wp-content\/uploads\/2025\/10\/MicrosoftTeams-image_260_jpg.webp",1080,1080,false],"woocommerce_archive_thumbnail":["https:\/\/wavexia.com\/wp-content\/uploads\/2025\/10\/MicrosoftTeams-image_260_jpg-300x300.webp",300,300,true],"woocommerce_thumbnail":["https:\/\/wavexia.com\/wp-content\/uploads\/2025\/10\/MicrosoftTeams-image_260_jpg-300x300.webp",300,300,true],"woocommerce_single":["https:\/\/wavexia.com\/wp-content\/uploads\/2025\/10\/MicrosoftTeams-image_260_jpg-600x600.webp",600,600,true],"woocommerce_gallery_thumbnail":["https:\/\/wavexia.com\/wp-content\/uploads\/2025\/10\/MicrosoftTeams-image_260_jpg-100x100.webp",100,100,true]},"uagb_author_info":{"display_name":"zineddine.ayoub98@gmail.com","author_link":"https:\/\/wavexia.com\/?author=0"},"uagb_comment_info":0,"uagb_excerpt":"Description Medicube Age-R Booster Pro est l\u2019appareil de soin de la peau cor\u00e9en n\u00b01 qui offre une solution compl\u00e8te pour l\u2019excellence des soins de la peau \u00e0 domicile. Cet appareil de pointe dispose de six fonctions essentielles adapt\u00e9es aux diff\u00e9rents besoins de soins de la peau : absorption am\u00e9lior\u00e9e, \u00e9clat, \u00e9lasticit\u00e9, contour du visage, soin&hellip;","brands":[],"_links":{"self":[{"href":"https:\/\/wavexia.com\/index.php?rest_route=\/wp\/v2\/product\/3836","targetHints":{"allow":["GET"]}}],"collection":[{"href":"https:\/\/wavexia.com\/index.php?rest_route=\/wp\/v2\/product"}],"about":[{"href":"https:\/\/wavexia.com\/index.php?rest_route=\/wp\/v2\/types\/product"}],"replies":[{"embeddable":true,"href":"https:\/\/wavexia.com\/index.php?rest_route=%2Fwp%2Fv2%2Fcomments&post=3836"}],"wp:featuredmedia":[{"embeddable":true,"href":"https:\/\/wavexia.com\/index.php?rest_route=\/wp\/v2\/media\/3835"}],"wp:attachment":[{"href":"https:\/\/wavexia.com\/index.php?rest_route=%2Fwp%2Fv2%2Fmedia&parent=3836"}],"wp:term":[{"taxonomy":"pwb-brand","embeddable":true,"href":"https:\/\/wavexia.com\/index.php?rest_route=%2Fwp%2Fv2%2Fpwb-brand&post=3836"},{"taxonomy":"product_brand","embeddable":true,"href":"https:\/\/wavexia.com\/index.php?rest_route=%2Fwp%2Fv2%2Fproduct_brand&post=3836"},{"taxonomy":"product_cat","embeddable":true,"href":"https:\/\/wavexia.com\/index.php?rest_route=%2Fwp%2Fv2%2Fproduct_cat&post=3836"},{"taxonomy":"product_tag","embeddable":true,"href":"https:\/\/wavexia.com\/index.php?rest_route=%2Fwp%2Fv2%2Fproduct_tag&post=3836"}],"curies":[{"name":"wp","href":"https:\/\/api.w.org\/{rel}","templated":true}]}}