{"id":3831,"date":"2025-10-19T08:57:52","date_gmt":"2025-10-19T08:57:52","guid":{"rendered":"https:\/\/wavexia.com\/product\/im-from-rice-sunscreen-spf50-pa-50ml\/"},"modified":"2026-03-10T07:30:58","modified_gmt":"2026-03-10T07:30:58","slug":"im-from-rice-sunscreen-spf50-pa-50ml","status":"publish","type":"product","link":"https:\/\/wavexia.com\/?product=im-from-rice-sunscreen-spf50-pa-50ml","title":{"rendered":"I\u2019m from \u2013 Rice Sunscreen SPF50+ PA++++ 50ml"},"content":{"rendered":"<h2>Description<\/h2>\n<div class=\"main-product__block main-product__block-product_detail_tab\">\n<div class=\"prod__accordion acc-initialized\" data-index=\"0\">\n<div class=\"sf__accordion-item overflow-hidden open\" data-index=\"7\">\n<div class=\"sf__accordion-content\">\n<div class=\"py-5 prose\">I\u2019M FROM Rice Sunscreen est un \u00e9cran solaire min\u00e9ral qui contient 41% d\u2019extraits de riz Goami de Yeoju, en Cor\u00e9e du Sud, qui peuvent aider \u00e0 \u00e9liminer les impuret\u00e9s de la peau pour une texture de peau plus douce et plus lisse et un teint plus lumineux.<\/p>\n<p>Rice Sunscreen a termin\u00e9 le test SPF sur la peau humaine avec le r\u00e9sultat&nbsp;SPF 50+ PA++++. Contient de l\u2019oxyde de zinc non nano qui peut bloquer \u00e0 la fois les UVA et les UVB et est moins susceptible de p\u00e9n\u00e9trer la peau humaine, et ne contient pas d\u2019oxybenzone et d\u2019octinoxate qui sont nocifs pour les coraux et l\u2019\u00e9cosyst\u00e8me marin. Un \u00e9cran solaire qui non seulement prot\u00e8ge la peau des rayons UV, mais qui a \u00e9galement d\u2019excellents effets pour apaiser et calmer la peau irrit\u00e9e par les rayons UV.<\/p>\n<p>En tant que cr\u00e8me solaire \u00e0 base 100% min\u00e9rale, il a une texture humide et soyeuse qui enrobe l\u00e9g\u00e8rement et se fond rapidement dans la peau sans laisser de collant. Ce produit a \u00e9galement un parfum agr\u00e9able, recommand\u00e9 pour ceux qui pr\u00e9f\u00e8rent les produits de soin parfum\u00e9s.<\/p>\n<\/div>\n<\/div>\n<\/div>\n<\/div>\n<div class=\"main-product__block main-product__block-collapsible_tab\">\n<div class=\"prod__accordion acc-initialized\" data-index=\"1\">\n<div class=\"sf__accordion-item overflow-hidden open\" data-index=\"8\">\n<h5 class=\"sf__accordion-button text-[14px] py-[9px] pr-[50px]  tracking-[0.04em] font-semibold\">MODE D\u2019EMPLOI<\/h5>\n<div class=\"sf__accordion-content\">\n<div class=\"py-5 prose\">Apr\u00e8s votre cr\u00e8me hydratante de jour, utilisez-en une quantit\u00e9 suffisante et \u00e9talez-la doucement sur le visage et les parties du corps facilement expos\u00e9es au soleil. Ajoutez une autre couche aux zones plus vuln\u00e9rables aux rayons UV comme le front et le nez. Pour les activit\u00e9s de plein air, renouveler l\u2019application toutes les 4 heures pour bloquer plus efficacement les rayons UV.<\/div>\n<\/div>\n<\/div>\n<\/div>\n<\/div>\n<div class=\"main-product__block main-product__block-collapsible_tab\">\n<div class=\"prod__accordion acc-initialized\" data-index=\"2\">\n<div class=\"sf__accordion-item overflow-hidden open\" data-index=\"11\">\n<h5 class=\"sf__accordion-button text-[14px] py-[9px] pr-[50px]  tracking-[0.04em] font-semibold\">INGR\u00c9DIENTS<\/h5>\n<div class=\"sf__accordion-content\">\n<div class=\"py-5 prose\">Extrait d\u2019Oryza sativa (riz), oxyde de zinc, cyclohexasiloxane, salicylate de butyloctyle, propanediol, caprylate de propylheptyle, isodod\u00e9cane, polyglyc\u00e9ryl-3 polydim\u00e9thylsiloxy\u00e9thyl dim\u00e9thicone, m\u00e9thyl trim\u00e9thicone, caprylyl m\u00e9thicone, polym\u00e8re crois\u00e9 de m\u00e9thacrylate de m\u00e9thyle, eau, polym\u00e9thylsilsesquioxane, hyaluronate de sodium, hectorite de disteardimonium, sulfate de magn\u00e9sium, tri\u00e9thoxycaprylylsilane, 1,2-hexanediol, polyglyc\u00e9ryl-2 dipolyhydroxyst\u00e9arate, lauryl polyglyc\u00e9ryl-3 polydim\u00e9thylsiloxy\u00e9thyl Dim\u00e9thicone, Caprylate de glyc\u00e9ryle, Caprylyl glycol, Ethylhexylglyc\u00e9rine, Tocoph\u00e9rol, Parfum<\/div>\n<\/div>\n<\/div>\n<\/div>\n<\/div>\n<\/div>\n","protected":false},"excerpt":{"rendered":"<p>Description I\u2019M FROM Rice Sunscreen est un \u00e9cran solaire min\u00e9ral qui contient 41% d\u2019extraits de riz Goami de Yeoju, en Cor\u00e9e du Sud, qui peuvent aider \u00e0 \u00e9liminer les impuret\u00e9s de la peau pour une texture de peau plus douce et plus lisse et un teint plus lumineux. Rice Sunscreen a termin\u00e9 le test SPF [&hellip;]<\/p>\n","protected":false},"featured_media":3830,"comment_status":"open","ping_status":"closed","template":"","meta":{"content-type":"","_uag_custom_page_level_css":""},"pwb-brand":[],"product_brand":[],"product_cat":[381,334,340],"product_tag":[],"class_list":{"0":"post-3831","1":"product","2":"type-product","3":"status-publish","4":"has-post-thumbnail","6":"product_cat-im-from","7":"product_cat-produits-coreens","8":"product_cat-protection-solaire","10":"first","11":"instock","12":"sale","13":"shipping-taxable","14":"purchasable","15":"product-type-simple"},"aioseo_notices":[],"uagb_featured_image_src":{"full":["https:\/\/wavexia.com\/wp-content\/uploads\/2025\/10\/51AGiqPzb5L._SL1500_.jpg",1500,1500,false],"thumbnail":["https:\/\/wavexia.com\/wp-content\/uploads\/2025\/10\/51AGiqPzb5L._SL1500_-150x150.jpg",150,150,true],"medium":["https:\/\/wavexia.com\/wp-content\/uploads\/2025\/10\/51AGiqPzb5L._SL1500_-300x300.jpg",300,300,true],"medium_large":["https:\/\/wavexia.com\/wp-content\/uploads\/2025\/10\/51AGiqPzb5L._SL1500_-768x768.jpg",768,768,true],"large":["https:\/\/wavexia.com\/wp-content\/uploads\/2025\/10\/51AGiqPzb5L._SL1500_-1024x1024.jpg",1024,1024,true],"1536x1536":["https:\/\/wavexia.com\/wp-content\/uploads\/2025\/10\/51AGiqPzb5L._SL1500_.jpg",1500,1500,false],"2048x2048":["https:\/\/wavexia.com\/wp-content\/uploads\/2025\/10\/51AGiqPzb5L._SL1500_.jpg",1500,1500,false],"woocommerce_archive_thumbnail":["https:\/\/wavexia.com\/wp-content\/uploads\/2025\/10\/51AGiqPzb5L._SL1500_-300x300.jpg",300,300,true],"woocommerce_thumbnail":["https:\/\/wavexia.com\/wp-content\/uploads\/2025\/10\/51AGiqPzb5L._SL1500_-300x300.jpg",300,300,true],"woocommerce_single":["https:\/\/wavexia.com\/wp-content\/uploads\/2025\/10\/51AGiqPzb5L._SL1500_-600x600.jpg",600,600,true],"woocommerce_gallery_thumbnail":["https:\/\/wavexia.com\/wp-content\/uploads\/2025\/10\/51AGiqPzb5L._SL1500_-100x100.jpg",100,100,true]},"uagb_author_info":{"display_name":"zineddine.ayoub98@gmail.com","author_link":"https:\/\/wavexia.com\/?author=0"},"uagb_comment_info":0,"uagb_excerpt":"Description I\u2019M FROM Rice Sunscreen est un \u00e9cran solaire min\u00e9ral qui contient 41% d\u2019extraits de riz Goami de Yeoju, en Cor\u00e9e du Sud, qui peuvent aider \u00e0 \u00e9liminer les impuret\u00e9s de la peau pour une texture de peau plus douce et plus lisse et un teint plus lumineux. Rice Sunscreen a termin\u00e9 le test SPF&hellip;","brands":[],"_links":{"self":[{"href":"https:\/\/wavexia.com\/index.php?rest_route=\/wp\/v2\/product\/3831","targetHints":{"allow":["GET"]}}],"collection":[{"href":"https:\/\/wavexia.com\/index.php?rest_route=\/wp\/v2\/product"}],"about":[{"href":"https:\/\/wavexia.com\/index.php?rest_route=\/wp\/v2\/types\/product"}],"replies":[{"embeddable":true,"href":"https:\/\/wavexia.com\/index.php?rest_route=%2Fwp%2Fv2%2Fcomments&post=3831"}],"wp:featuredmedia":[{"embeddable":true,"href":"https:\/\/wavexia.com\/index.php?rest_route=\/wp\/v2\/media\/3830"}],"wp:attachment":[{"href":"https:\/\/wavexia.com\/index.php?rest_route=%2Fwp%2Fv2%2Fmedia&parent=3831"}],"wp:term":[{"taxonomy":"pwb-brand","embeddable":true,"href":"https:\/\/wavexia.com\/index.php?rest_route=%2Fwp%2Fv2%2Fpwb-brand&post=3831"},{"taxonomy":"product_brand","embeddable":true,"href":"https:\/\/wavexia.com\/index.php?rest_route=%2Fwp%2Fv2%2Fproduct_brand&post=3831"},{"taxonomy":"product_cat","embeddable":true,"href":"https:\/\/wavexia.com\/index.php?rest_route=%2Fwp%2Fv2%2Fproduct_cat&post=3831"},{"taxonomy":"product_tag","embeddable":true,"href":"https:\/\/wavexia.com\/index.php?rest_route=%2Fwp%2Fv2%2Fproduct_tag&post=3831"}],"curies":[{"name":"wp","href":"https:\/\/api.w.org\/{rel}","templated":true}]}}