{"id":3827,"date":"2025-10-19T08:57:48","date_gmt":"2025-10-19T08:57:48","guid":{"rendered":"https:\/\/wavexia.com\/product\/anua-rice-70-intensive-moisturizing-milk-150ml\/"},"modified":"2026-03-10T07:30:58","modified_gmt":"2026-03-10T07:30:58","slug":"anua-rice-70-intensive-moisturizing-milk-150ml","status":"publish","type":"product","link":"https:\/\/wavexia.com\/?product=anua-rice-70-intensive-moisturizing-milk-150ml","title":{"rendered":"ANUA \u2013 RICE 70 INTENSIVE MOISTURIZING MILK 150ml"},"content":{"rendered":"<h2>Description<\/h2>\n<p style=\"font-weight: 400;\">Hydratez et nourrissez avec le lait hydratant intensif Anua Rice 70, un hydratant l\u00e9ger quotidien qui aide \u00e0 stimuler l\u2019\u00e9clat naturel de la peau.<\/p>\n<p style=\"font-weight: 400;\"><b><strong>Avantages<\/strong><\/b> :<\/p>\n<ul style=\"font-weight: 400;\">\n<li>Nourrit en profondeur, illumine le teint et restaure l\u2019\u00e9lasticit\u00e9 de la peau avec 70 % d\u2019eau de riz Anua et de niacinamide.<\/li>\n<li>Les c\u00e9ramides et le squalane renforcent la barri\u00e8re d\u2019hydratation naturelle de la peau et aident \u00e0 am\u00e9liorer la r\u00e9tention d\u2019humidit\u00e9.<\/li>\n<li>Sans cruaut\u00e9 et formul\u00e9 sans parfum artificiel, alcools dess\u00e9chants et huiles essentielles.<\/li>\n<\/ul>\n<p style=\"font-weight: 400;\"><b><strong>Mode d\u2019emploi<\/strong><\/b> :<\/p>\n<p style=\"font-weight: 400;\">Utilisez ce lait hydratant \u00e0 l\u2019\u00e9tape hydratante de votre routine de soin. Appliquez une quantit\u00e9 g\u00e9n\u00e9reuse sur la peau et tapotez doucement pour permettre l\u2019absorption.<\/p>\n<p style=\"font-weight: 400;\"><b><strong>Ingr\u00e9dients<\/strong><\/b> :<\/p>\n<p style=\"font-weight: 400;\">Eau de son de riz (Oryza Sativa), polyol\u00e9fine hydrog\u00e9n\u00e9e (C6-14), butyl\u00e8ne glycol, glyc\u00e9rine, niacinamide, huile de graines de limnanthes alba (\u00e9cume des pr\u00e9s), glutamate de phytost\u00e9ryle\/octyldodecyl lauroyle, 1,2-hexanediol, diglyc\u00e9rine, \u00e9thylhexanoate de c\u00e9tyle et eau, dilinol\u00e9ate de dim\u00e8re de phytost\u00e9ryle\/isost\u00e9aryle\/c\u00e9tyle\/st\u00e9aryle\/b\u00e9h\u00e9nyle, st\u00e9arate de glyc\u00e9ryle, huile de cocos nucifera (noix de coco), dim\u00e9thicone de vinyle, alcool b\u00e9h\u00e9nylique, extrait de riz (Oryza Sativa), polysorbate 20, alcool c\u00e9t\u00e9arylique et arginine, hydroxyac\u00e9toph\u00e9none, l\u00e9cithine hydrog\u00e9n\u00e9e, \u00e9thylhexylglyc\u00e9rine, acrylates\/polym\u00e8re crois\u00e9 d\u2019acrylate d\u2019alkyle en C10-30, Copolym\u00e8re d\u2019acrylate d\u2019hydroxy\u00e9thyle\/acryloyldim\u00e9thyltaurate de sodium, st\u00e9arate de glyc\u00e9ryle SE et gomme xanthane, ad\u00e9nosine, carbom\u00e8re, cholest\u00e9rol, dipropyl\u00e8ne glycol, c\u00e9ramide NP, isost\u00e9arate de sorbitane, filtrat de fermentation de Lactobacillus, squalane, allanto\u00efne, prot\u00e9ine de graine d\u2019Oryza Sativa (riz), prot\u00e9ine de riz hydrolys\u00e9e, tocoph\u00e9rol, ecto\u00efne et phytosphingosine.<\/p>\n","protected":false},"excerpt":{"rendered":"<p>Description Hydratez et nourrissez avec le lait hydratant intensif Anua Rice 70, un hydratant l\u00e9ger quotidien qui aide \u00e0 stimuler l\u2019\u00e9clat naturel de la peau. Avantages : Nourrit en profondeur, illumine le teint et restaure l\u2019\u00e9lasticit\u00e9 de la peau avec 70 % d\u2019eau de riz Anua et de niacinamide. Les c\u00e9ramides et le squalane renforcent [&hellip;]<\/p>\n","protected":false},"featured_media":3826,"comment_status":"open","ping_status":"closed","template":"","meta":{"content-type":"","_uag_custom_page_level_css":""},"pwb-brand":[],"product_brand":[],"product_cat":[344,371],"product_tag":[],"class_list":{"0":"post-3827","1":"product","2":"type-product","3":"status-publish","4":"has-post-thumbnail","6":"product_cat-anua","7":"product_cat-essence","9":"first","10":"instock","11":"sale","12":"shipping-taxable","13":"purchasable","14":"product-type-simple"},"aioseo_notices":[],"uagb_featured_image_src":{"full":["https:\/\/wavexia.com\/wp-content\/uploads\/2025\/10\/IMG_1706.jpeg",1080,1080,false],"thumbnail":["https:\/\/wavexia.com\/wp-content\/uploads\/2025\/10\/IMG_1706-150x150.jpeg",150,150,true],"medium":["https:\/\/wavexia.com\/wp-content\/uploads\/2025\/10\/IMG_1706-300x300.jpeg",300,300,true],"medium_large":["https:\/\/wavexia.com\/wp-content\/uploads\/2025\/10\/IMG_1706-768x768.jpeg",768,768,true],"large":["https:\/\/wavexia.com\/wp-content\/uploads\/2025\/10\/IMG_1706-1024x1024.jpeg",1024,1024,true],"1536x1536":["https:\/\/wavexia.com\/wp-content\/uploads\/2025\/10\/IMG_1706.jpeg",1080,1080,false],"2048x2048":["https:\/\/wavexia.com\/wp-content\/uploads\/2025\/10\/IMG_1706.jpeg",1080,1080,false],"woocommerce_archive_thumbnail":["https:\/\/wavexia.com\/wp-content\/uploads\/2025\/10\/IMG_1706-300x300.jpeg",300,300,true],"woocommerce_thumbnail":["https:\/\/wavexia.com\/wp-content\/uploads\/2025\/10\/IMG_1706-300x300.jpeg",300,300,true],"woocommerce_single":["https:\/\/wavexia.com\/wp-content\/uploads\/2025\/10\/IMG_1706-600x600.jpeg",600,600,true],"woocommerce_gallery_thumbnail":["https:\/\/wavexia.com\/wp-content\/uploads\/2025\/10\/IMG_1706-100x100.jpeg",100,100,true]},"uagb_author_info":{"display_name":"zineddine.ayoub98@gmail.com","author_link":"https:\/\/wavexia.com\/?author=0"},"uagb_comment_info":0,"uagb_excerpt":"Description Hydratez et nourrissez avec le lait hydratant intensif Anua Rice 70, un hydratant l\u00e9ger quotidien qui aide \u00e0 stimuler l\u2019\u00e9clat naturel de la peau. Avantages : Nourrit en profondeur, illumine le teint et restaure l\u2019\u00e9lasticit\u00e9 de la peau avec 70 % d\u2019eau de riz Anua et de niacinamide. Les c\u00e9ramides et le squalane renforcent&hellip;","brands":[],"_links":{"self":[{"href":"https:\/\/wavexia.com\/index.php?rest_route=\/wp\/v2\/product\/3827","targetHints":{"allow":["GET"]}}],"collection":[{"href":"https:\/\/wavexia.com\/index.php?rest_route=\/wp\/v2\/product"}],"about":[{"href":"https:\/\/wavexia.com\/index.php?rest_route=\/wp\/v2\/types\/product"}],"replies":[{"embeddable":true,"href":"https:\/\/wavexia.com\/index.php?rest_route=%2Fwp%2Fv2%2Fcomments&post=3827"}],"wp:featuredmedia":[{"embeddable":true,"href":"https:\/\/wavexia.com\/index.php?rest_route=\/wp\/v2\/media\/3826"}],"wp:attachment":[{"href":"https:\/\/wavexia.com\/index.php?rest_route=%2Fwp%2Fv2%2Fmedia&parent=3827"}],"wp:term":[{"taxonomy":"pwb-brand","embeddable":true,"href":"https:\/\/wavexia.com\/index.php?rest_route=%2Fwp%2Fv2%2Fpwb-brand&post=3827"},{"taxonomy":"product_brand","embeddable":true,"href":"https:\/\/wavexia.com\/index.php?rest_route=%2Fwp%2Fv2%2Fproduct_brand&post=3827"},{"taxonomy":"product_cat","embeddable":true,"href":"https:\/\/wavexia.com\/index.php?rest_route=%2Fwp%2Fv2%2Fproduct_cat&post=3827"},{"taxonomy":"product_tag","embeddable":true,"href":"https:\/\/wavexia.com\/index.php?rest_route=%2Fwp%2Fv2%2Fproduct_tag&post=3827"}],"curies":[{"name":"wp","href":"https:\/\/api.w.org\/{rel}","templated":true}]}}