{"id":3824,"date":"2025-10-19T08:57:45","date_gmt":"2025-10-19T08:57:45","guid":{"rendered":"https:\/\/wavexia.com\/product\/celimax-ji-woo-gae-heartleaf-bha-peeling-pad-60-pads\/"},"modified":"2026-03-10T07:30:58","modified_gmt":"2026-03-10T07:30:58","slug":"celimax-ji-woo-gae-heartleaf-bha-peeling-pad-60-pads","status":"publish","type":"product","link":"https:\/\/wavexia.com\/?product=celimax-ji-woo-gae-heartleaf-bha-peeling-pad-60-pads","title":{"rendered":"Celimax Ji Woo Gae Heartleaf BHA Peeling Pad 60 pads"},"content":{"rendered":"<h2>Description<\/h2>\n<p>R\u00e9v\u00e8le une peau plus lumineuse et plus lisse avec les Ji Woo Gae Heartleaf BHA Peeling Pads Celimax, des compresses \u00e0 double texture con\u00e7ues pour exfolier d\u00e9licatement et hydrater la peau. Infus\u00e9es de BHA, ces compresses \u00e9liminent efficacement les cellules mortes, l\u2019exc\u00e8s de s\u00e9bum et les points noirs tout en apaisant la peau gr\u00e2ce \u00e0 de l\u2019extrait d\u2019Houttuynia Cordata d\u2019origine naturelle.<\/p>\n<p>La face en relief \u00e9limine les impuret\u00e9s et hydrate la peau gr\u00e2ce \u00e0 l\u2019acide hyaluronique, tandis que la face en gaze permet une exfoliation cibl\u00e9e pour un fini impeccable. Ces compresses \u00e0 la fois d\u00e9licates et efficaces laissent la peau rafra\u00eechie, \u00e9quilibr\u00e9e et \u00e9clatante, sans irritation.<\/p>\n<p><strong>Recommand\u00e9 pour :<\/strong>&nbsp;Tous types de peaux.<\/p>\n<p><strong>Conseils d\u2019utilisation :<\/strong><\/p>\n<ul>\n<li>Utilise le c\u00f4t\u00e9 en relief pour essuyer d\u00e9licatement ton visage de l\u2019int\u00e9rieur vers l\u2019ext\u00e9rieur en suivant la texture de ta peau pour offrir un effet exfoliant.<\/li>\n<li>Retourne la compresse et utilise le c\u00f4t\u00e9 doux pour lisser ta peau, et tapote d\u00e9licatement l\u2019essence restante sur ton visage pour offrir un effet hydratant.<\/li>\n<\/ul>\n<p><strong>Ingr\u00e9dients :<\/strong><\/p>\n<p>Eau, Dipropyl\u00e8ne Glycol, Glyc\u00e9rine, Butyl\u00e8ne Glycol, 1,2-Hexanediol, Extrait de Houttuynia Cordata, B\u00e9ta\u00efne, Eau de Chamaecyparis Obtusa, Salicylate de B\u00e9ta\u00efne, Madecassoside, Asiaticoside, Acide Madecassique, Acide Asiatic, Polyglyc\u00e9ryl-10 Laurate, Arginine, Polyglyc\u00e9ryl-10 Myristate, Huile de Feuille de Melaleuca Alternifolia, Disodium EDTA, Hyaluronate de Sodium, Ethylhexylglycerin, Chlorph\u00e9n\u00e9sine, Limon\u00e8ne.<\/p>\n","protected":false},"excerpt":{"rendered":"<p>Description R\u00e9v\u00e8le une peau plus lumineuse et plus lisse avec les Ji Woo Gae Heartleaf BHA Peeling Pads Celimax, des compresses \u00e0 double texture con\u00e7ues pour exfolier d\u00e9licatement et hydrater la peau. Infus\u00e9es de BHA, ces compresses \u00e9liminent efficacement les cellules mortes, l\u2019exc\u00e8s de s\u00e9bum et les points noirs tout en apaisant la peau gr\u00e2ce [&hellip;]<\/p>\n","protected":false},"featured_media":3823,"comment_status":"open","ping_status":"closed","template":"","meta":{"content-type":"","_uag_custom_page_level_css":""},"pwb-brand":[],"product_brand":[],"product_cat":[333,334,345],"product_tag":[],"class_list":{"0":"post-3824","1":"product","2":"type-product","3":"status-publish","4":"has-post-thumbnail","6":"product_cat-celimax","7":"product_cat-produits-coreens","8":"product_cat-toner-pads","10":"first","11":"instock","12":"sale","13":"shipping-taxable","14":"purchasable","15":"product-type-simple"},"aioseo_notices":[],"uagb_featured_image_src":{"full":["https:\/\/wavexia.com\/wp-content\/uploads\/2025\/10\/Ji_Woo_Gae_Heartleaf_Bha_Peeling_Pad.webp",800,800,false],"thumbnail":["https:\/\/wavexia.com\/wp-content\/uploads\/2025\/10\/Ji_Woo_Gae_Heartleaf_Bha_Peeling_Pad-150x150.webp",150,150,true],"medium":["https:\/\/wavexia.com\/wp-content\/uploads\/2025\/10\/Ji_Woo_Gae_Heartleaf_Bha_Peeling_Pad-300x300.webp",300,300,true],"medium_large":["https:\/\/wavexia.com\/wp-content\/uploads\/2025\/10\/Ji_Woo_Gae_Heartleaf_Bha_Peeling_Pad-768x768.webp",768,768,true],"large":["https:\/\/wavexia.com\/wp-content\/uploads\/2025\/10\/Ji_Woo_Gae_Heartleaf_Bha_Peeling_Pad.webp",800,800,false],"1536x1536":["https:\/\/wavexia.com\/wp-content\/uploads\/2025\/10\/Ji_Woo_Gae_Heartleaf_Bha_Peeling_Pad.webp",800,800,false],"2048x2048":["https:\/\/wavexia.com\/wp-content\/uploads\/2025\/10\/Ji_Woo_Gae_Heartleaf_Bha_Peeling_Pad.webp",800,800,false],"woocommerce_archive_thumbnail":["https:\/\/wavexia.com\/wp-content\/uploads\/2025\/10\/Ji_Woo_Gae_Heartleaf_Bha_Peeling_Pad-300x300.webp",300,300,true],"woocommerce_thumbnail":["https:\/\/wavexia.com\/wp-content\/uploads\/2025\/10\/Ji_Woo_Gae_Heartleaf_Bha_Peeling_Pad-300x300.webp",300,300,true],"woocommerce_single":["https:\/\/wavexia.com\/wp-content\/uploads\/2025\/10\/Ji_Woo_Gae_Heartleaf_Bha_Peeling_Pad-600x600.webp",600,600,true],"woocommerce_gallery_thumbnail":["https:\/\/wavexia.com\/wp-content\/uploads\/2025\/10\/Ji_Woo_Gae_Heartleaf_Bha_Peeling_Pad-100x100.webp",100,100,true]},"uagb_author_info":{"display_name":"zineddine.ayoub98@gmail.com","author_link":"https:\/\/wavexia.com\/?author=0"},"uagb_comment_info":0,"uagb_excerpt":"Description R\u00e9v\u00e8le une peau plus lumineuse et plus lisse avec les Ji Woo Gae Heartleaf BHA Peeling Pads Celimax, des compresses \u00e0 double texture con\u00e7ues pour exfolier d\u00e9licatement et hydrater la peau. Infus\u00e9es de BHA, ces compresses \u00e9liminent efficacement les cellules mortes, l\u2019exc\u00e8s de s\u00e9bum et les points noirs tout en apaisant la peau gr\u00e2ce&hellip;","brands":[],"_links":{"self":[{"href":"https:\/\/wavexia.com\/index.php?rest_route=\/wp\/v2\/product\/3824","targetHints":{"allow":["GET"]}}],"collection":[{"href":"https:\/\/wavexia.com\/index.php?rest_route=\/wp\/v2\/product"}],"about":[{"href":"https:\/\/wavexia.com\/index.php?rest_route=\/wp\/v2\/types\/product"}],"replies":[{"embeddable":true,"href":"https:\/\/wavexia.com\/index.php?rest_route=%2Fwp%2Fv2%2Fcomments&post=3824"}],"wp:featuredmedia":[{"embeddable":true,"href":"https:\/\/wavexia.com\/index.php?rest_route=\/wp\/v2\/media\/3823"}],"wp:attachment":[{"href":"https:\/\/wavexia.com\/index.php?rest_route=%2Fwp%2Fv2%2Fmedia&parent=3824"}],"wp:term":[{"taxonomy":"pwb-brand","embeddable":true,"href":"https:\/\/wavexia.com\/index.php?rest_route=%2Fwp%2Fv2%2Fpwb-brand&post=3824"},{"taxonomy":"product_brand","embeddable":true,"href":"https:\/\/wavexia.com\/index.php?rest_route=%2Fwp%2Fv2%2Fproduct_brand&post=3824"},{"taxonomy":"product_cat","embeddable":true,"href":"https:\/\/wavexia.com\/index.php?rest_route=%2Fwp%2Fv2%2Fproduct_cat&post=3824"},{"taxonomy":"product_tag","embeddable":true,"href":"https:\/\/wavexia.com\/index.php?rest_route=%2Fwp%2Fv2%2Fproduct_tag&post=3824"}],"curies":[{"name":"wp","href":"https:\/\/api.w.org\/{rel}","templated":true}]}}