{"id":3807,"date":"2025-10-19T08:57:23","date_gmt":"2025-10-19T08:57:23","guid":{"rendered":"https:\/\/wavexia.com\/product\/beauty-of-joseon-hanbang-serum-discovery-kit-4x10ml\/"},"modified":"2026-03-10T07:30:58","modified_gmt":"2026-03-10T07:30:58","slug":"beauty-of-joseon-hanbang-serum-discovery-kit-4x10ml","status":"publish","type":"product","link":"https:\/\/wavexia.com\/?product=beauty-of-joseon-hanbang-serum-discovery-kit-4x10ml","title":{"rendered":"Beauty of Joseon \u2013 Hanbang Serum Discovery Kit 4x10ml"},"content":{"rendered":"<h2>Description<\/h2>\n<p>Le Beauty of Joseon Hanbang Serum Discovery Kit est un ensemble de quatre s\u00e9rums best-seller diff\u00e9rents au format mini. Ce coffret contient : le Glow Serum, le Revive Serum, le Glow Deep Serum et le Calming Serum.<\/p>\n<p>Avec cet ensemble, vous d\u00e9couvrirez quels s\u00e9rums conviennent \u00e0 votre peau, sans avoir \u00e0 acheter tout de suite une taille compl\u00e8te ! Vous pouvez bien s\u00fbr \u00e9galement alterner et utiliser le s\u00e9rum dont votre peau a besoin \u00e0 ce moment-l\u00e0. De plus, la taille mini les rend \u00e9galement tr\u00e8s pratiques pour voyager !<\/p>\n<p>L\u2019ensemble de s\u00e9rum est emball\u00e9 dans une super jolie bo\u00eete et donc aussi parfait pour offrir en cadeau !<\/p>\n<p><strong>Cet ensemble:<\/strong><\/p>\n<ul>\n<li>contient du&nbsp;<a title=\"S\u00e9rum \u00c9clat\" href=\"https:\/\/www.boozyshop.fr\/beauty-of-joseon-glow-serum-propolis-niacinamide.html?sqr=joseon\">s\u00e9rum \u00e9clat<\/a><\/li>\n<li>contient du&nbsp;<a title=\"S\u00e9rum Revive\" href=\"https:\/\/www.boozyshop.fr\/beauty-of-joseon-revive-serum-ginseng-snail-mucin.html?sqr=joseon\">s\u00e9rum Revive<\/a><\/li>\n<li>contient du&nbsp;<a title=\"S\u00e9rum \u00c9clat Profond\" href=\"https:\/\/www.boozyshop.fr\/beauty-of-joseon-glow-deep-serum-rice-arbutin.html?sqr=joseon\">s\u00e9rum Glow Deep<\/a><\/li>\n<li>contient du&nbsp;<a title=\"S\u00e9rum Apaisant\" href=\"https:\/\/www.boozyshop.fr\/beauty-of-joseon-calming-serum-green-tea-panthenol.html?sqr=joseon\">S\u00e9rum Apaisant<\/a><\/li>\n<li>d\u00e9couvrez les s\u00e9rums qui vous conviennent<\/li>\n<li>pratique pour voyager<\/li>\n<li>emball\u00e9 dans une belle bo\u00eete<\/li>\n<li>sans cruaut\u00e9<\/li>\n<\/ul>\n<p><strong>Comment utiliser:<\/strong><\/p>\n<ul>\n<li>Appliquer le s\u00e9rum sur une peau nettoy\u00e9e.<\/li>\n<li>Appliquez 2 \u00e0 3 gouttes de s\u00e9rum sur votre peau.<\/li>\n<li>Massez votre peau.<\/li>\n<li>Appliquez ensuite une cr\u00e8me hydratante.<\/li>\n<\/ul>\n<p><strong>Ingr\u00e9dients:<\/strong><\/p>\n<p><em>S\u00e9rum \u00e9clat&nbsp;:<\/em>&nbsp;extrait de propolis, dipropyl\u00e8ne glycol, glyc\u00e9rine, butyl\u00e8ne glycol, eau, niacinamide, 1,2-hexanediol, extrait de fleur de Melia Azadirachta, extrait de feuille de Melia Azadirachta, hyaluronate de sodium, extrait de racine de curcuma longa (curcuma), extrait de feuille d\u2019ocimum sanctum, Extrait de graine de cacao de Theobroma (cacao), extrait de Melaleuca Alternifolia (arbre \u00e0 th\u00e9), extrait de Centella Asiatica, extrait de Corallina Officinalis, extrait de graine de Lotus Corniculatus, huile de graine de Calophyllum Inophyllum, salicylate de b\u00e9ta\u00efne, taurate de polyacryloyldim\u00e9thyle de sodium, trom\u00e9thamine, laurate de polyglyc\u00e9ryle-10, caprylcol, \u00c9thylhexylglyc\u00e9rine, dextrine, pentyl\u00e8ne glycol, octanediol, tocoph\u00e9rol, gomme de xanthane, carbom\u00e8re.<strong><br \/><\/strong><\/p>\n<p><em>S\u00e9rum Revive&nbsp;:<\/em>&nbsp;eau de racine de Panax Ginseng, eau, butyl\u00e8ne glycol, filtrat de s\u00e9cr\u00e9tion d\u2019escargot, dipropyl\u00e8ne glycol, 1,2-hexanediol, glyc\u00e9rine, niacinamide, propanediol, tr\u00e9halose carbom\u00e8re, trom\u00e9thamine, gomme de xanthane, extrait de Centella Asiatica, extrait de Ganoderma Lucidum (champignon) , Extrait de racine de Panax Ginseng, extrait de malt, polyacrylate de sodium, ad\u00e9nosine, copolym\u00e8re acrylate de glyc\u00e9ryle\/acide acrylique, edta disodique, extrait de Phellinus Linteus, hyaluronate de sodium, acide hyaluronique hydrolys\u00e9, extrait de fruit de Forsythia Suspensa, racine de fleur de Lonicera Japonica (extrait de ch\u00e8vrefeuille, scutellaire) Extrait, hyaluronate de sodium ac\u00e9tyl\u00e9.<\/p>\n<p><em>Glow Deep Serum&nbsp;: eau de son d\u2019Oryza Sativa (riz), eau, glyc\u00e9rine, butyl\u00e8ne glycol, 1,2-hexanediol, dipropyl\u00e8ne glycol, arbutine, m\u00e9thyl gluceth-20, panth\u00e9nol, polyglyc\u00e9rine-3, tr\u00e9halose, glyc\u00e9ryl glucoside, esters de jojoba hydrolys\u00e9s, Acrylate d\u2019hydroxy\u00e9thyle\/copolym\u00e8re d\u2019acryloyldim\u00e9thyl taurate de sodium, \u00e9thylhexylglyc\u00e9rine, hydroxy\u00e9thylcellulose, gomme de xanthane, arginine, acrylates\/polym\u00e8re crois\u00e9 d\u2019acrylate d\u2019alkyle en C10-30, EDTA disodique, extrait de racine de Coptis Japonica, isost\u00e9arate de sorbitan, glucose, cyclohexane, extrait de Coix Lacryma-Jobi Ma, glycine Extrait de graines de soja (soja), extrait de Hordeum Distichon (orge), extrait d\u2019Oryza Sativa (riz), extrait de graines de Sesamum Indicum (s\u00e9same), extrait de graines de Triticum Vulgare (bl\u00e9), extrait de graines de Vigna Radiata, extrait de grain de Zea Mays (ma\u00efs).<\/em><\/p>\n<p><em>S\u00e9rum apaisant : eau de feuille de Camellia Sinensis, eau, m\u00e9thylpropanediol, glyc\u00e9rine, butyl\u00e8ne glycol, extrait de Centella Asiatica, panth\u00e9nol, pentyl\u00e8ne glycol, 1,2-hexanediol, extrait de Chondrus Crispus, extrait de Saccharum Officinarum (canne \u00e0 sucre), extrait d\u2019Artemisia Vulgaris, feuille de Melia Azadirachta Extrait, hyaluronate de sodium, extrait de fleur de MeliaAzadirachta, extrait de graine de Theobroma Cacao (cacao), extrait de propolis, succinate de di\u00e9thoxy\u00e9thyle, b\u00e9ta\u00efne, octanediol, acrylates\/polym\u00e8re crois\u00e9 d\u2019acrylate d\u2019alkyle en C10-30, allanto\u00efne, taurate de polyacryloyldim\u00e9thyle de sodium, trom\u00e9thamine, diquatternylizassilate, glyc\u00e9rine -51, Copolym\u00e8re d\u2019acrylate de glyc\u00e9ryle\/acide acrylique, phytate de sodium, dextrine, tocoph\u00e9rol.<\/em><\/p>\n","protected":false},"excerpt":{"rendered":"<p>Description Le Beauty of Joseon Hanbang Serum Discovery Kit est un ensemble de quatre s\u00e9rums best-seller diff\u00e9rents au format mini. Ce coffret contient : le Glow Serum, le Revive Serum, le Glow Deep Serum et le Calming Serum. Avec cet ensemble, vous d\u00e9couvrirez quels s\u00e9rums conviennent \u00e0 votre peau, sans avoir \u00e0 acheter tout de [&hellip;]<\/p>\n","protected":false},"featured_media":3806,"comment_status":"open","ping_status":"closed","template":"","meta":{"content-type":"","_uag_custom_page_level_css":""},"pwb-brand":[],"product_brand":[],"product_cat":[354,334,338,323],"product_tag":[],"class_list":{"0":"post-3807","1":"product","2":"type-product","3":"status-publish","4":"has-post-thumbnail","6":"product_cat-beauty-of-joseon","7":"product_cat-produits-coreens","8":"product_cat-serum-ampoule","9":"product_cat-skincare","11":"first","12":"instock","13":"sale","14":"shipping-taxable","15":"purchasable","16":"product-type-simple"},"aioseo_notices":[],"uagb_featured_image_src":{"full":["https:\/\/wavexia.com\/wp-content\/uploads\/2025\/10\/800x8002.webp",800,800,false],"thumbnail":["https:\/\/wavexia.com\/wp-content\/uploads\/2025\/10\/800x8002-150x150.webp",150,150,true],"medium":["https:\/\/wavexia.com\/wp-content\/uploads\/2025\/10\/800x8002-300x300.webp",300,300,true],"medium_large":["https:\/\/wavexia.com\/wp-content\/uploads\/2025\/10\/800x8002-768x768.webp",768,768,true],"large":["https:\/\/wavexia.com\/wp-content\/uploads\/2025\/10\/800x8002.webp",800,800,false],"1536x1536":["https:\/\/wavexia.com\/wp-content\/uploads\/2025\/10\/800x8002.webp",800,800,false],"2048x2048":["https:\/\/wavexia.com\/wp-content\/uploads\/2025\/10\/800x8002.webp",800,800,false],"woocommerce_archive_thumbnail":["https:\/\/wavexia.com\/wp-content\/uploads\/2025\/10\/800x8002-300x300.webp",300,300,true],"woocommerce_thumbnail":["https:\/\/wavexia.com\/wp-content\/uploads\/2025\/10\/800x8002-300x300.webp",300,300,true],"woocommerce_single":["https:\/\/wavexia.com\/wp-content\/uploads\/2025\/10\/800x8002-600x600.webp",600,600,true],"woocommerce_gallery_thumbnail":["https:\/\/wavexia.com\/wp-content\/uploads\/2025\/10\/800x8002-100x100.webp",100,100,true]},"uagb_author_info":{"display_name":"zineddine.ayoub98@gmail.com","author_link":"https:\/\/wavexia.com\/?author=0"},"uagb_comment_info":0,"uagb_excerpt":"Description Le Beauty of Joseon Hanbang Serum Discovery Kit est un ensemble de quatre s\u00e9rums best-seller diff\u00e9rents au format mini. Ce coffret contient : le Glow Serum, le Revive Serum, le Glow Deep Serum et le Calming Serum. Avec cet ensemble, vous d\u00e9couvrirez quels s\u00e9rums conviennent \u00e0 votre peau, sans avoir \u00e0 acheter tout de&hellip;","brands":[],"_links":{"self":[{"href":"https:\/\/wavexia.com\/index.php?rest_route=\/wp\/v2\/product\/3807","targetHints":{"allow":["GET"]}}],"collection":[{"href":"https:\/\/wavexia.com\/index.php?rest_route=\/wp\/v2\/product"}],"about":[{"href":"https:\/\/wavexia.com\/index.php?rest_route=\/wp\/v2\/types\/product"}],"replies":[{"embeddable":true,"href":"https:\/\/wavexia.com\/index.php?rest_route=%2Fwp%2Fv2%2Fcomments&post=3807"}],"wp:featuredmedia":[{"embeddable":true,"href":"https:\/\/wavexia.com\/index.php?rest_route=\/wp\/v2\/media\/3806"}],"wp:attachment":[{"href":"https:\/\/wavexia.com\/index.php?rest_route=%2Fwp%2Fv2%2Fmedia&parent=3807"}],"wp:term":[{"taxonomy":"pwb-brand","embeddable":true,"href":"https:\/\/wavexia.com\/index.php?rest_route=%2Fwp%2Fv2%2Fpwb-brand&post=3807"},{"taxonomy":"product_brand","embeddable":true,"href":"https:\/\/wavexia.com\/index.php?rest_route=%2Fwp%2Fv2%2Fproduct_brand&post=3807"},{"taxonomy":"product_cat","embeddable":true,"href":"https:\/\/wavexia.com\/index.php?rest_route=%2Fwp%2Fv2%2Fproduct_cat&post=3807"},{"taxonomy":"product_tag","embeddable":true,"href":"https:\/\/wavexia.com\/index.php?rest_route=%2Fwp%2Fv2%2Fproduct_tag&post=3807"}],"curies":[{"name":"wp","href":"https:\/\/api.w.org\/{rel}","templated":true}]}}