{"id":3804,"date":"2025-10-19T08:57:19","date_gmt":"2025-10-19T08:57:19","guid":{"rendered":"https:\/\/wavexia.com\/product\/anua-peach-77-niacin-conditioning-milk-150ml\/"},"modified":"2026-03-10T07:30:58","modified_gmt":"2026-03-10T07:30:58","slug":"anua-peach-77-niacin-conditioning-milk-150ml","status":"publish","type":"product","link":"https:\/\/wavexia.com\/?product=anua-peach-77-niacin-conditioning-milk-150ml","title":{"rendered":"Anua Peach 77% Niacin Conditioning Milk \u2013 150ml"},"content":{"rendered":"<h2>Description<\/h2>\n<p>Le Peach 77% Niacin Conditioning Milk Anua est une v\u00e9ritable merveille en mati\u00e8re de soins de la peau, con\u00e7u pour r\u00e9inventer ta routine de beaut\u00e9 quotidienne. Avec une concentration impressionnante de 77 % d\u2019extrait de Prunus Persica (p\u00eache), enrichi de c\u00e9ramides et de trois types distincts d\u2019acides hyaluroniques, ce lait revitalisant est un \u00e9lixir robuste qui fortifie la barri\u00e8re d\u2019hydratation naturelle de ta peau. Son puissant pouvoir hydratant laisse ta peau non seulement souple mais remarquablement rajeunie, lui conf\u00e9rant une apparence \u00e9clatante et revitalis\u00e9e.<\/p>\n<p>Infus\u00e9 des bienfaits de la vitamine B12 et de la niacinamide, ce petit bijou cosm\u00e9tique ne se contente pas d\u2019hydrater la peau. C\u2019est une solution polyvalente qui cible le teint irr\u00e9gulier tout en att\u00e9nuant les ridules et en promouvant un effet revitalisant. Sa formule laiteuse offre bien plus qu\u2019un soin hydratant \u2013 c\u2019est \u00e9galement un produit ultra-apaisant qui ne laisse aucun r\u00e9sidu gras derri\u00e8re lui. Ce produit a \u00e9t\u00e9 soumis \u00e0 des tests d\u2019irritation cutan\u00e9e rigoureux, ce qui garantit son efficacit\u00e9 m\u00eame pour les peaux les plus sensibles et les plus s\u00e8ches, et laisse derri\u00e8re lui un \u00e9clat frais et naturel, \u00e0 la fois doux et transformateur.<\/p>\n<p><strong>Recommand\u00e9 pour :<\/strong> Peaux s\u00e8ches, peaux sensibles, tous types de peaux.<\/p>\n<p><strong>Conseils d\u2019utilisation :<\/strong><\/p>\n<ul>\n<li>Applique une quantit\u00e9 mod\u00e9r\u00e9e sur ta peau, en \u00e9vitant le contour des yeux et de la bouche, et tapote d\u00e9licatement pour une meilleure absorption.<\/li>\n<\/ul>\n<p><strong>Ingr\u00e9dients :<\/strong><\/p>\n<p>Extrait de Fruit de Prunus Persica, Glyc\u00e9rine, St\u00e9arate d\u2019\u00c9thylhexyle, Dipropyl\u00e8ne Glycol, Niacinamide, M\u00e9thyl Trim\u00e9thicone, 1,2-Hexanediol, Ferment de Lactobacillus, Distearate de Polyglyc\u00e9ryl-3, Alcool C\u00e9t\u00e9arylique, PolyC6-12 Ol\u00e9fine Hydrog\u00e9n\u00e9e, Extrait de Fleur de Prunus Persica, Hyaluronate de Sodium, St\u00e9arates de Glyc\u00e9ryl, Glutamate St\u00e9aro\u00efque de Sodium, Carbomer, Filtrat de Ferment de Galactomyces, Lysat de Ferment de Bifida, Eau, Arginine, Citrate de St\u00e9arate de Glyc\u00e9ryl, Disodium EDTA, Ad\u00e9nosine, M\u00e9thylpropanediol, Betaine Salicylate, Panth\u00e9nol, Cyanocobalamine, C\u00e9ramide NP, Filtrat de Ferment de Saccharomyces, Acide Hyaluronique Hydrolys\u00e9, Hyaluronate d\u2019Ac\u00e9tyl\u00e9 Sodium, Parfum,Hydroxyac\u00e9tylph\u00e9none, \u00c9thylhexylglyc\u00e9rine.<\/p>\n","protected":false},"excerpt":{"rendered":"<p>Description Le Peach 77% Niacin Conditioning Milk Anua est une v\u00e9ritable merveille en mati\u00e8re de soins de la peau, con\u00e7u pour r\u00e9inventer ta routine de beaut\u00e9 quotidienne. Avec une concentration impressionnante de 77 % d\u2019extrait de Prunus Persica (p\u00eache), enrichi de c\u00e9ramides et de trois types distincts d\u2019acides hyaluroniques, ce lait revitalisant est un \u00e9lixir [&hellip;]<\/p>\n","protected":false},"featured_media":3803,"comment_status":"open","ping_status":"closed","template":"","meta":{"content-type":"","_uag_custom_page_level_css":""},"pwb-brand":[],"product_brand":[],"product_cat":[344,327,328,334,338],"product_tag":[],"class_list":{"0":"post-3804","1":"product","2":"type-product","3":"status-publish","4":"has-post-thumbnail","6":"product_cat-anua","7":"product_cat-hmizat","8":"product_cat-nouveautes","9":"product_cat-produits-coreens","10":"product_cat-serum-ampoule","12":"first","13":"instock","14":"sale","15":"shipping-taxable","16":"purchasable","17":"product-type-simple"},"aioseo_notices":[],"uagb_featured_image_src":{"full":["https:\/\/wavexia.com\/wp-content\/uploads\/2025\/10\/IMG_1704.png",800,800,false],"thumbnail":["https:\/\/wavexia.com\/wp-content\/uploads\/2025\/10\/IMG_1704-150x150.png",150,150,true],"medium":["https:\/\/wavexia.com\/wp-content\/uploads\/2025\/10\/IMG_1704-300x300.png",300,300,true],"medium_large":["https:\/\/wavexia.com\/wp-content\/uploads\/2025\/10\/IMG_1704-768x768.png",768,768,true],"large":["https:\/\/wavexia.com\/wp-content\/uploads\/2025\/10\/IMG_1704.png",800,800,false],"1536x1536":["https:\/\/wavexia.com\/wp-content\/uploads\/2025\/10\/IMG_1704.png",800,800,false],"2048x2048":["https:\/\/wavexia.com\/wp-content\/uploads\/2025\/10\/IMG_1704.png",800,800,false],"woocommerce_archive_thumbnail":["https:\/\/wavexia.com\/wp-content\/uploads\/2025\/10\/IMG_1704-300x300.png",300,300,true],"woocommerce_thumbnail":["https:\/\/wavexia.com\/wp-content\/uploads\/2025\/10\/IMG_1704-300x300.png",300,300,true],"woocommerce_single":["https:\/\/wavexia.com\/wp-content\/uploads\/2025\/10\/IMG_1704-600x600.png",600,600,true],"woocommerce_gallery_thumbnail":["https:\/\/wavexia.com\/wp-content\/uploads\/2025\/10\/IMG_1704-100x100.png",100,100,true]},"uagb_author_info":{"display_name":"zineddine.ayoub98@gmail.com","author_link":"https:\/\/wavexia.com\/?author=0"},"uagb_comment_info":0,"uagb_excerpt":"Description Le Peach 77% Niacin Conditioning Milk Anua est une v\u00e9ritable merveille en mati\u00e8re de soins de la peau, con\u00e7u pour r\u00e9inventer ta routine de beaut\u00e9 quotidienne. Avec une concentration impressionnante de 77 % d\u2019extrait de Prunus Persica (p\u00eache), enrichi de c\u00e9ramides et de trois types distincts d\u2019acides hyaluroniques, ce lait revitalisant est un \u00e9lixir&hellip;","brands":[],"_links":{"self":[{"href":"https:\/\/wavexia.com\/index.php?rest_route=\/wp\/v2\/product\/3804","targetHints":{"allow":["GET"]}}],"collection":[{"href":"https:\/\/wavexia.com\/index.php?rest_route=\/wp\/v2\/product"}],"about":[{"href":"https:\/\/wavexia.com\/index.php?rest_route=\/wp\/v2\/types\/product"}],"replies":[{"embeddable":true,"href":"https:\/\/wavexia.com\/index.php?rest_route=%2Fwp%2Fv2%2Fcomments&post=3804"}],"wp:featuredmedia":[{"embeddable":true,"href":"https:\/\/wavexia.com\/index.php?rest_route=\/wp\/v2\/media\/3803"}],"wp:attachment":[{"href":"https:\/\/wavexia.com\/index.php?rest_route=%2Fwp%2Fv2%2Fmedia&parent=3804"}],"wp:term":[{"taxonomy":"pwb-brand","embeddable":true,"href":"https:\/\/wavexia.com\/index.php?rest_route=%2Fwp%2Fv2%2Fpwb-brand&post=3804"},{"taxonomy":"product_brand","embeddable":true,"href":"https:\/\/wavexia.com\/index.php?rest_route=%2Fwp%2Fv2%2Fproduct_brand&post=3804"},{"taxonomy":"product_cat","embeddable":true,"href":"https:\/\/wavexia.com\/index.php?rest_route=%2Fwp%2Fv2%2Fproduct_cat&post=3804"},{"taxonomy":"product_tag","embeddable":true,"href":"https:\/\/wavexia.com\/index.php?rest_route=%2Fwp%2Fv2%2Fproduct_tag&post=3804"}],"curies":[{"name":"wp","href":"https:\/\/api.w.org\/{rel}","templated":true}]}}