{"id":3793,"date":"2025-10-19T08:57:11","date_gmt":"2025-10-19T08:57:11","guid":{"rendered":"https:\/\/wavexia.com\/product\/beplain-greenful-balancing-toner-200ml\/"},"modified":"2026-03-10T07:30:58","modified_gmt":"2026-03-10T07:30:58","slug":"beplain-greenful-balancing-toner-200ml","status":"publish","type":"product","link":"https:\/\/wavexia.com\/?product=beplain-greenful-balancing-toner-200ml","title":{"rendered":"Beplain Greenful Balancing Toner 200ml"},"content":{"rendered":"<h2>Description<\/h2>\n<p>Le Greenful balancing Toner Be Plain est un tonique doux, au pH \u00e9quilibr\u00e9, qui aide \u00e0 apaiser et \u00e0 \u00e9quilibrer les peaux irrit\u00e9es et sensibles, pour une peau douce et rafra\u00eechie. Sa texture l\u00e9g\u00e8re et aqueuse \u00e9limine les r\u00e9sidus apr\u00e8s le lavage et laisse la peau confortable et rafra\u00eechie. Sa formule l\u00e9g\u00e8rement acide, au pH \u00e9quilibr\u00e9, r\u00e9tablit un pH sain dans la peau avec un fini non collant, satin\u00e9 et frais.<\/p>\n<p><strong>Conseils d\u2019utilisation :<\/strong><\/p>\n<ul>\n<li>Distribue une quantit\u00e9 de produit suffisante sur un coton.<\/li>\n<li>Passe-le sur l\u2019ensemble de ton visage en suivant ton grain de peau.<\/li>\n<li>Retourne le coton et tapote doucement pour absorber l\u2019exc\u00e9dent de produit.<\/li>\n<\/ul>\n<p><strong>Ingr\u00e9dients :<\/strong><\/p>\n<p>Extrait de Graine de Phaseolus Radiatus (\u00e0 426,000 ppm), Eau Purifi\u00e9e, Butyl\u00e8ne Glycol, Dipropyl\u00e8ne Glycol, Glyc\u00e9reth-26, 1,2-Hexanediol, Hydroxyac\u00e9toph\u00e9none, Glyceryl Glucoside, Xylitylglucoside, Anhydroxylitol, Allanto\u00efne, Panth\u00e9nol, Glyc\u00e9rine, Xylitol, Hyaluronate de Sodium, Glycyrrhizate Dipotassique, Gluconolactone, Glucose, Gomme Xanthane, Extrait d\u2019\u00c9corce de Magnolia Kobus, Disodium EDTA, Citrate de Sodium.<\/p>\n","protected":false},"excerpt":{"rendered":"<p>Description Le Greenful balancing Toner Be Plain est un tonique doux, au pH \u00e9quilibr\u00e9, qui aide \u00e0 apaiser et \u00e0 \u00e9quilibrer les peaux irrit\u00e9es et sensibles, pour une peau douce et rafra\u00eechie. Sa texture l\u00e9g\u00e8re et aqueuse \u00e9limine les r\u00e9sidus apr\u00e8s le lavage et laisse la peau confortable et rafra\u00eechie. Sa formule l\u00e9g\u00e8rement acide, au [&hellip;]<\/p>\n","protected":false},"featured_media":3792,"comment_status":"open","ping_status":"closed","template":"","meta":{"content-type":"","_uag_custom_page_level_css":""},"pwb-brand":[],"product_brand":[],"product_cat":[419,334,345],"product_tag":[],"class_list":{"0":"post-3793","1":"product","2":"type-product","3":"status-publish","4":"has-post-thumbnail","6":"product_cat-beplain","7":"product_cat-produits-coreens","8":"product_cat-toner-pads","10":"first","11":"instock","12":"sale","13":"shipping-taxable","14":"purchasable","15":"product-type-simple"},"aioseo_notices":[],"uagb_featured_image_src":{"full":["https:\/\/wavexia.com\/wp-content\/uploads\/2025\/10\/51oD8s_YJLL.jpg",1500,1650,false],"thumbnail":["https:\/\/wavexia.com\/wp-content\/uploads\/2025\/10\/51oD8s_YJLL-150x150.jpg",150,150,true],"medium":["https:\/\/wavexia.com\/wp-content\/uploads\/2025\/10\/51oD8s_YJLL-273x300.jpg",273,300,true],"medium_large":["https:\/\/wavexia.com\/wp-content\/uploads\/2025\/10\/51oD8s_YJLL-768x845.jpg",768,845,true],"large":["https:\/\/wavexia.com\/wp-content\/uploads\/2025\/10\/51oD8s_YJLL-931x1024.jpg",931,1024,true],"1536x1536":["https:\/\/wavexia.com\/wp-content\/uploads\/2025\/10\/51oD8s_YJLL-1396x1536.jpg",1396,1536,true],"2048x2048":["https:\/\/wavexia.com\/wp-content\/uploads\/2025\/10\/51oD8s_YJLL.jpg",1500,1650,false],"woocommerce_archive_thumbnail":["https:\/\/wavexia.com\/wp-content\/uploads\/2025\/10\/51oD8s_YJLL-300x330.jpg",300,330,true],"woocommerce_thumbnail":["https:\/\/wavexia.com\/wp-content\/uploads\/2025\/10\/51oD8s_YJLL-300x300.jpg",300,300,true],"woocommerce_single":["https:\/\/wavexia.com\/wp-content\/uploads\/2025\/10\/51oD8s_YJLL-600x660.jpg",600,660,true],"woocommerce_gallery_thumbnail":["https:\/\/wavexia.com\/wp-content\/uploads\/2025\/10\/51oD8s_YJLL-100x100.jpg",100,100,true]},"uagb_author_info":{"display_name":"zineddine.ayoub98@gmail.com","author_link":"https:\/\/wavexia.com\/?author=0"},"uagb_comment_info":0,"uagb_excerpt":"Description Le Greenful balancing Toner Be Plain est un tonique doux, au pH \u00e9quilibr\u00e9, qui aide \u00e0 apaiser et \u00e0 \u00e9quilibrer les peaux irrit\u00e9es et sensibles, pour une peau douce et rafra\u00eechie. Sa texture l\u00e9g\u00e8re et aqueuse \u00e9limine les r\u00e9sidus apr\u00e8s le lavage et laisse la peau confortable et rafra\u00eechie. Sa formule l\u00e9g\u00e8rement acide, au&hellip;","brands":[],"_links":{"self":[{"href":"https:\/\/wavexia.com\/index.php?rest_route=\/wp\/v2\/product\/3793","targetHints":{"allow":["GET"]}}],"collection":[{"href":"https:\/\/wavexia.com\/index.php?rest_route=\/wp\/v2\/product"}],"about":[{"href":"https:\/\/wavexia.com\/index.php?rest_route=\/wp\/v2\/types\/product"}],"replies":[{"embeddable":true,"href":"https:\/\/wavexia.com\/index.php?rest_route=%2Fwp%2Fv2%2Fcomments&post=3793"}],"wp:featuredmedia":[{"embeddable":true,"href":"https:\/\/wavexia.com\/index.php?rest_route=\/wp\/v2\/media\/3792"}],"wp:attachment":[{"href":"https:\/\/wavexia.com\/index.php?rest_route=%2Fwp%2Fv2%2Fmedia&parent=3793"}],"wp:term":[{"taxonomy":"pwb-brand","embeddable":true,"href":"https:\/\/wavexia.com\/index.php?rest_route=%2Fwp%2Fv2%2Fpwb-brand&post=3793"},{"taxonomy":"product_brand","embeddable":true,"href":"https:\/\/wavexia.com\/index.php?rest_route=%2Fwp%2Fv2%2Fproduct_brand&post=3793"},{"taxonomy":"product_cat","embeddable":true,"href":"https:\/\/wavexia.com\/index.php?rest_route=%2Fwp%2Fv2%2Fproduct_cat&post=3793"},{"taxonomy":"product_tag","embeddable":true,"href":"https:\/\/wavexia.com\/index.php?rest_route=%2Fwp%2Fv2%2Fproduct_tag&post=3793"}],"curies":[{"name":"wp","href":"https:\/\/api.w.org\/{rel}","templated":true}]}}