{"id":3784,"date":"2025-10-19T08:57:05","date_gmt":"2025-10-19T08:57:05","guid":{"rendered":"https:\/\/wavexia.com\/product\/numbuzin-no-2-cica-ceramide-repair-cream-60ml\/"},"modified":"2026-03-10T07:30:57","modified_gmt":"2026-03-10T07:30:57","slug":"numbuzin-no-2-cica-ceramide-repair-cream-60ml","status":"publish","type":"product","link":"https:\/\/wavexia.com\/?product=numbuzin-no-2-cica-ceramide-repair-cream-60ml","title":{"rendered":"Numbuzin No.2 Cica Ceramide Repair Cream 60ml"},"content":{"rendered":"<h2>Description<\/h2>\n<p>La cr\u00e8me r\u00e9paratrice aux c\u00e9ramides Cica n\u00b0 2 de Numbuzin est un hydratant l\u00e9ger mais profond\u00e9ment nourrissant con\u00e7u pour renforcer et apaiser la peau irrit\u00e9e. Infus\u00e9e d\u2019extrait de Centella Asiatica, de c\u00e9ramides et de compos\u00e9s r\u00e9parateurs de la peau comme le mad\u00e9cassoside et l\u2019asiaticoside, cette cr\u00e8me \u00e0 la texture beurr\u00e9e fond dans la peau pour une absorption rapide sans aucun r\u00e9sidu collant.<\/p>\n<p>Il aide \u00e0 reconstruire la barri\u00e8re d\u2019hydratation de la peau, favorisant une hydratation efficace et calmant l\u2019inflammation tout en soulageant l\u2019irritation. Adapt\u00e9e aux peaux s\u00e8ches, cette cr\u00e8me est parfaite pour une hydratation en profondeur et une r\u00e9paration pour un teint sain et r\u00e9sistant.<\/p>\n<p><span><strong>Recommand\u00e9 pour :<\/strong>&nbsp;Type de peau s\u00e8che.<br \/><strong><br \/>Mode d\u2019emploi :<\/strong><\/span><\/p>\n<ul>\n<li><span>Appliquez une quantit\u00e9 mod\u00e9r\u00e9e de produit sur le visage, en \u00e9vitant le contour des yeux et de la bouche.<\/span><\/li>\n<li>Tapotez l\u00e9g\u00e8rement sur la peau pour une absorption compl\u00e8te.<\/li>\n<\/ul>\n<p><strong>Ingr\u00e9dients:<\/strong><\/p>\n<p>Eau, glyc\u00e9rine, beurre de Butyrospermum Parkii, alcool c\u00e9t\u00e9arylique, dipropyl\u00e8ne glycol, triglyc\u00e9ride caprylique\/caprique, polyol\u00e9fine poly-C6-14 hydrog\u00e9n\u00e9e, trim\u00e9thicone m\u00e9thylique, 1,2-hexanediol, niacinamide, huile v\u00e9g\u00e9tale hydrog\u00e9n\u00e9e, ph\u00e9nyltrim\u00e9thicone, polyd\u00e9c\u00e8ne hydrog\u00e9n\u00e9, acide palmitique, st\u00e9arate de glyc\u00e9ryle SE, c\u00e9ramide, extrait de Centella Asiatica, mad\u00e9cassoside, asiaticoside, acide mad\u00e9cassique, acide asiatique, extrait de fruit de Ficus Carica, extrait de Laminaria Japonica, extrait de feuille d\u2019Eclipta Prostrata, Acmella Extrait d\u2019Oleracea, Extrait de racine d\u2019Ulmus Davidiana, Extrait de graines d\u2019Amaranthus Caudatus, L\u00e9cithine hydrog\u00e9n\u00e9e, Hyaluronate de sodium, Huile de graines de Macadamia Integrifolia, Huile d\u2019Elaeis Guineensis, Huile de graines d\u2019Adansonia Digitata, Huile de Persea Gratissima, Acide st\u00e9arique, Olivate de c\u00e9t\u00e9aryle, Olivate de sorbitan, Alcool b\u00e9h\u00e9nylique, Alcools C12-16, Alpha-bisabolol, Silice, Cellulose microcristalline, Glucoside de c\u00e9t\u00e9aryle, Butyl\u00e8ne glycol, Copolym\u00e8re d\u2019acryloyldim\u00e9thyltaurate\/VP d\u2019ammonium, Polym\u00e9thacrylate de glyc\u00e9ryle, Gomme de cellulose, Cholest\u00e9rol, fructo-oligosaccharides, EDTA disodique, b\u00eata-glucane, acide myristique, acide hyaluronique hydrolys\u00e9, glucose, alcool, phytosphingosine, \u00e9thylhexylglyc\u00e9rine<\/p>\n","protected":false},"excerpt":{"rendered":"<p>Description La cr\u00e8me r\u00e9paratrice aux c\u00e9ramides Cica n\u00b0 2 de Numbuzin est un hydratant l\u00e9ger mais profond\u00e9ment nourrissant con\u00e7u pour renforcer et apaiser la peau irrit\u00e9e. Infus\u00e9e d\u2019extrait de Centella Asiatica, de c\u00e9ramides et de compos\u00e9s r\u00e9parateurs de la peau comme le mad\u00e9cassoside et l\u2019asiaticoside, cette cr\u00e8me \u00e0 la texture beurr\u00e9e fond dans la peau [&hellip;]<\/p>\n","protected":false},"featured_media":3783,"comment_status":"open","ping_status":"closed","template":"","meta":{"content-type":"","_uag_custom_page_level_css":""},"pwb-brand":[],"product_brand":[],"product_cat":[324,328,346,334],"product_tag":[],"class_list":{"0":"post-3784","1":"product","2":"type-product","3":"status-publish","4":"has-post-thumbnail","6":"product_cat-creme","7":"product_cat-nouveautes","8":"product_cat-numbuzin","9":"product_cat-produits-coreens","11":"first","12":"instock","13":"sale","14":"shipping-taxable","15":"purchasable","16":"product-type-simple"},"aioseo_notices":[],"uagb_featured_image_src":{"full":["https:\/\/wavexia.com\/wp-content\/uploads\/2025\/10\/51L5-xrUBLL.-SL1500-8109.jpg",1500,1500,false],"thumbnail":["https:\/\/wavexia.com\/wp-content\/uploads\/2025\/10\/51L5-xrUBLL.-SL1500-8109-150x150.jpg",150,150,true],"medium":["https:\/\/wavexia.com\/wp-content\/uploads\/2025\/10\/51L5-xrUBLL.-SL1500-8109-300x300.jpg",300,300,true],"medium_large":["https:\/\/wavexia.com\/wp-content\/uploads\/2025\/10\/51L5-xrUBLL.-SL1500-8109-768x768.jpg",768,768,true],"large":["https:\/\/wavexia.com\/wp-content\/uploads\/2025\/10\/51L5-xrUBLL.-SL1500-8109-1024x1024.jpg",1024,1024,true],"1536x1536":["https:\/\/wavexia.com\/wp-content\/uploads\/2025\/10\/51L5-xrUBLL.-SL1500-8109.jpg",1500,1500,false],"2048x2048":["https:\/\/wavexia.com\/wp-content\/uploads\/2025\/10\/51L5-xrUBLL.-SL1500-8109.jpg",1500,1500,false],"woocommerce_archive_thumbnail":["https:\/\/wavexia.com\/wp-content\/uploads\/2025\/10\/51L5-xrUBLL.-SL1500-8109-300x300.jpg",300,300,true],"woocommerce_thumbnail":["https:\/\/wavexia.com\/wp-content\/uploads\/2025\/10\/51L5-xrUBLL.-SL1500-8109-300x300.jpg",300,300,true],"woocommerce_single":["https:\/\/wavexia.com\/wp-content\/uploads\/2025\/10\/51L5-xrUBLL.-SL1500-8109-600x600.jpg",600,600,true],"woocommerce_gallery_thumbnail":["https:\/\/wavexia.com\/wp-content\/uploads\/2025\/10\/51L5-xrUBLL.-SL1500-8109-100x100.jpg",100,100,true]},"uagb_author_info":{"display_name":"zineddine.ayoub98@gmail.com","author_link":"https:\/\/wavexia.com\/?author=0"},"uagb_comment_info":0,"uagb_excerpt":"Description La cr\u00e8me r\u00e9paratrice aux c\u00e9ramides Cica n\u00b0 2 de Numbuzin est un hydratant l\u00e9ger mais profond\u00e9ment nourrissant con\u00e7u pour renforcer et apaiser la peau irrit\u00e9e. Infus\u00e9e d\u2019extrait de Centella Asiatica, de c\u00e9ramides et de compos\u00e9s r\u00e9parateurs de la peau comme le mad\u00e9cassoside et l\u2019asiaticoside, cette cr\u00e8me \u00e0 la texture beurr\u00e9e fond dans la peau&hellip;","brands":[],"_links":{"self":[{"href":"https:\/\/wavexia.com\/index.php?rest_route=\/wp\/v2\/product\/3784","targetHints":{"allow":["GET"]}}],"collection":[{"href":"https:\/\/wavexia.com\/index.php?rest_route=\/wp\/v2\/product"}],"about":[{"href":"https:\/\/wavexia.com\/index.php?rest_route=\/wp\/v2\/types\/product"}],"replies":[{"embeddable":true,"href":"https:\/\/wavexia.com\/index.php?rest_route=%2Fwp%2Fv2%2Fcomments&post=3784"}],"wp:featuredmedia":[{"embeddable":true,"href":"https:\/\/wavexia.com\/index.php?rest_route=\/wp\/v2\/media\/3783"}],"wp:attachment":[{"href":"https:\/\/wavexia.com\/index.php?rest_route=%2Fwp%2Fv2%2Fmedia&parent=3784"}],"wp:term":[{"taxonomy":"pwb-brand","embeddable":true,"href":"https:\/\/wavexia.com\/index.php?rest_route=%2Fwp%2Fv2%2Fpwb-brand&post=3784"},{"taxonomy":"product_brand","embeddable":true,"href":"https:\/\/wavexia.com\/index.php?rest_route=%2Fwp%2Fv2%2Fproduct_brand&post=3784"},{"taxonomy":"product_cat","embeddable":true,"href":"https:\/\/wavexia.com\/index.php?rest_route=%2Fwp%2Fv2%2Fproduct_cat&post=3784"},{"taxonomy":"product_tag","embeddable":true,"href":"https:\/\/wavexia.com\/index.php?rest_route=%2Fwp%2Fv2%2Fproduct_tag&post=3784"}],"curies":[{"name":"wp","href":"https:\/\/api.w.org\/{rel}","templated":true}]}}