{"id":3780,"date":"2025-10-19T08:57:02","date_gmt":"2025-10-19T08:57:02","guid":{"rendered":"https:\/\/wavexia.com\/product\/numbuzin-no-3-velvet-beauty-cream-60ml\/"},"modified":"2026-03-10T07:30:57","modified_gmt":"2026-03-10T07:30:57","slug":"numbuzin-no-3-velvet-beauty-cream-60ml","status":"publish","type":"product","link":"https:\/\/wavexia.com\/?product=numbuzin-no-3-velvet-beauty-cream-60ml","title":{"rendered":"Numbuzin No.3 Velvet Beauty Cream 60ml"},"content":{"rendered":"<h2>Description<\/h2>\n<p>Pr\u00e9parez-vous \u00e0 une application de maquillage lisse et mate avec la cr\u00e8me de beaut\u00e9 Numbuzin No.3 Velvet. Sp\u00e9cialement con\u00e7ue pour pr\u00e9parer votre peau avant le maquillage, cette cr\u00e8me pour le visage a une texture luxueuse et velout\u00e9e qui glisse en douceur, offrant un fini mat parfait pour tous les types de peau. Enrichie d\u2019ingr\u00e9dients nourrissants comme le beurre de karit\u00e9, l\u2019ad\u00e9nosine et le c\u00e9ramide NP, cette cr\u00e8me aide la peau \u00e0 retenir l\u2019humidit\u00e9 et am\u00e9liore son \u00e9lasticit\u00e9, laissant votre peau repulp\u00e9e et douce. Que vous cherchiez \u00e0 cr\u00e9er la base parfaite pour votre maquillage ou que vous souhaitiez simplement nourrir et chouchouter votre peau, la cr\u00e8me de beaut\u00e9 velours Numbuzin No.3 est l\u00e0 pour vous.<\/p>\n<p><strong>Mode d\u2019emploi :<\/strong><\/p>\n<ul>\n<li>Dans la derni\u00e8re \u00e9tape de votre routine de soins de la peau, appliquez doucement sur la peau en \u00e9vitant le contour des l\u00e8vres et des yeux.<\/li>\n<li>Tapotez l\u00e9g\u00e8rement sur la peau pour une absorption compl\u00e8te.<\/li>\n<\/ul>\n<p><strong>Ingr\u00e9dients:<\/strong><\/p>\n<p>Eau, Propanediol, Glyc\u00e9rine, Diheptanoate de n\u00e9opentyl glycol, Cyclohexasiloxane, Dist\u00e9arate de m\u00e9thylglyc\u00e9ryl-3, M\u00e9thylpropanediol, Alcool c\u00e9tylique Glyc\u00e9reth-26, St\u00e9arate de glyc\u00e9ryle, Niacinamide, \u00c9ther de dicaprylyle, C\u00e9tyl Dim\u00e9thicone, Beurre de Butyrospermum Parkii, Polyisobut\u00e8ne hydrog\u00e9n\u00e9, Dist\u00e9arate de penta\u00e9rythrityle, Tr\u00e9halose, Extrait de racine de Pentyl\u00e8ne Glycol Dioscorea Japonica, Extrait de feuille\/racine\/tige de Piper Methysticum, Extrait de Centella Asiatica, Extrait de baie de Panax Ginseng, Saponaria Extrait d\u2019officinalis, l\u00e9cithine hydrog\u00e9n\u00e9e, hyaluronate de sodium, laurate de polyglyc\u00e9ryl-10, caprylate de glyc\u00e9ryle, polyacrylate d\u2019amidon de sodium, acrylates\/polym\u00e8re crois\u00e9 d\u2019acrylate d\u2019alkyle en C10-30, glycosyl tr\u00e9halose, trom\u00e9thamine, st\u00e9aroyl glutamate de sodium, hydrolysat d\u2019amidon hydrog\u00e9n\u00e9, ad\u00e9nosine, raffinose, EDTA disodique, l\u00e9cithine, polyquaternium-51, butyl\u00e8ne glycol panth\u00e9nol, b\u00eata-glucane, fluorphlogopite synth\u00e9tique, acide folique, c\u00e9ramide NP, cholest\u00e9rol, t\u00e9tradecyl aminobutyroylvalylaminobutyrique ur\u00e9e Trifluoroac\u00e9tate, biosaccharide gomme-1, isomalt, chlorure de magn\u00e9sium, palmitoyl pentapeptide-4, parfum, \u00e9thylhexylglyc\u00e9rine, 1,2-hexanediol, CI 77491, citronellol, g\u00e9raniol<\/p>\n","protected":false},"excerpt":{"rendered":"<p>Description Pr\u00e9parez-vous \u00e0 une application de maquillage lisse et mate avec la cr\u00e8me de beaut\u00e9 Numbuzin No.3 Velvet. Sp\u00e9cialement con\u00e7ue pour pr\u00e9parer votre peau avant le maquillage, cette cr\u00e8me pour le visage a une texture luxueuse et velout\u00e9e qui glisse en douceur, offrant un fini mat parfait pour tous les types de peau. Enrichie d\u2019ingr\u00e9dients [&hellip;]<\/p>\n","protected":false},"featured_media":3779,"comment_status":"open","ping_status":"closed","template":"","meta":{"content-type":"","_uag_custom_page_level_css":""},"pwb-brand":[],"product_brand":[],"product_cat":[324,328,346,334],"product_tag":[],"class_list":{"0":"post-3780","1":"product","2":"type-product","3":"status-publish","4":"has-post-thumbnail","6":"product_cat-creme","7":"product_cat-nouveautes","8":"product_cat-numbuzin","9":"product_cat-produits-coreens","11":"first","12":"instock","13":"sale","14":"shipping-taxable","15":"purchasable","16":"product-type-simple"},"aioseo_notices":[],"uagb_featured_image_src":{"full":["https:\/\/wavexia.com\/wp-content\/uploads\/2025\/10\/XXL_p0183941290.webp",640,640,false],"thumbnail":["https:\/\/wavexia.com\/wp-content\/uploads\/2025\/10\/XXL_p0183941290-150x150.webp",150,150,true],"medium":["https:\/\/wavexia.com\/wp-content\/uploads\/2025\/10\/XXL_p0183941290-300x300.webp",300,300,true],"medium_large":["https:\/\/wavexia.com\/wp-content\/uploads\/2025\/10\/XXL_p0183941290.webp",640,640,false],"large":["https:\/\/wavexia.com\/wp-content\/uploads\/2025\/10\/XXL_p0183941290.webp",640,640,false],"1536x1536":["https:\/\/wavexia.com\/wp-content\/uploads\/2025\/10\/XXL_p0183941290.webp",640,640,false],"2048x2048":["https:\/\/wavexia.com\/wp-content\/uploads\/2025\/10\/XXL_p0183941290.webp",640,640,false],"woocommerce_archive_thumbnail":["https:\/\/wavexia.com\/wp-content\/uploads\/2025\/10\/XXL_p0183941290-300x300.webp",300,300,true],"woocommerce_thumbnail":["https:\/\/wavexia.com\/wp-content\/uploads\/2025\/10\/XXL_p0183941290-300x300.webp",300,300,true],"woocommerce_single":["https:\/\/wavexia.com\/wp-content\/uploads\/2025\/10\/XXL_p0183941290-600x600.webp",600,600,true],"woocommerce_gallery_thumbnail":["https:\/\/wavexia.com\/wp-content\/uploads\/2025\/10\/XXL_p0183941290-100x100.webp",100,100,true]},"uagb_author_info":{"display_name":"zineddine.ayoub98@gmail.com","author_link":"https:\/\/wavexia.com\/?author=0"},"uagb_comment_info":0,"uagb_excerpt":"Description Pr\u00e9parez-vous \u00e0 une application de maquillage lisse et mate avec la cr\u00e8me de beaut\u00e9 Numbuzin No.3 Velvet. Sp\u00e9cialement con\u00e7ue pour pr\u00e9parer votre peau avant le maquillage, cette cr\u00e8me pour le visage a une texture luxueuse et velout\u00e9e qui glisse en douceur, offrant un fini mat parfait pour tous les types de peau. Enrichie d\u2019ingr\u00e9dients&hellip;","brands":[],"_links":{"self":[{"href":"https:\/\/wavexia.com\/index.php?rest_route=\/wp\/v2\/product\/3780","targetHints":{"allow":["GET"]}}],"collection":[{"href":"https:\/\/wavexia.com\/index.php?rest_route=\/wp\/v2\/product"}],"about":[{"href":"https:\/\/wavexia.com\/index.php?rest_route=\/wp\/v2\/types\/product"}],"replies":[{"embeddable":true,"href":"https:\/\/wavexia.com\/index.php?rest_route=%2Fwp%2Fv2%2Fcomments&post=3780"}],"wp:featuredmedia":[{"embeddable":true,"href":"https:\/\/wavexia.com\/index.php?rest_route=\/wp\/v2\/media\/3779"}],"wp:attachment":[{"href":"https:\/\/wavexia.com\/index.php?rest_route=%2Fwp%2Fv2%2Fmedia&parent=3780"}],"wp:term":[{"taxonomy":"pwb-brand","embeddable":true,"href":"https:\/\/wavexia.com\/index.php?rest_route=%2Fwp%2Fv2%2Fpwb-brand&post=3780"},{"taxonomy":"product_brand","embeddable":true,"href":"https:\/\/wavexia.com\/index.php?rest_route=%2Fwp%2Fv2%2Fproduct_brand&post=3780"},{"taxonomy":"product_cat","embeddable":true,"href":"https:\/\/wavexia.com\/index.php?rest_route=%2Fwp%2Fv2%2Fproduct_cat&post=3780"},{"taxonomy":"product_tag","embeddable":true,"href":"https:\/\/wavexia.com\/index.php?rest_route=%2Fwp%2Fv2%2Fproduct_tag&post=3780"}],"curies":[{"name":"wp","href":"https:\/\/api.w.org\/{rel}","templated":true}]}}