{"id":3766,"date":"2025-10-19T08:56:49","date_gmt":"2025-10-19T08:56:49","guid":{"rendered":"https:\/\/wavexia.com\/product\/abib-pdrn-collagen-lip-mask-glazed-jelly\/"},"modified":"2026-03-10T07:30:57","modified_gmt":"2026-03-10T07:30:57","slug":"abib-pdrn-collagen-lip-mask-glazed-jelly","status":"publish","type":"product","link":"https:\/\/wavexia.com\/?product=abib-pdrn-collagen-lip-mask-glazed-jelly","title":{"rendered":"Abib PDRN collagen lip mask Glazed jelly"},"content":{"rendered":"<h2>Description<\/h2>\n<div class=\"pro_infor_content_style\">\n<div class=\"pro_infor_content_style\">\u2013 Hydratation intense 24 heures sur 24 : Faites l\u2019exp\u00e9rience d\u2019une hydratation toute la journ\u00e9e avec PDRN x Collag\u00e8ne, pr\u00e9venant la s\u00e9cheresse m\u00eame pendant que vous dormez. Aliment\u00e9 par la technologie Hydration Shield pour emprisonner l\u2019hydratation pour des l\u00e8vres douces et souples.<\/p>\n<div class=\"pro_infor_content_style\">\u2013 Texture gel\u00e9e l\u00e9g\u00e8re Clear Fit : Fini les baumes de nuit collants et lourds ! Notre formule gel transparente adh\u00e8re parfaitement \u00e0 vos l\u00e8vres, offrant une brillance radieuse, semblable \u00e0 celle d\u2019un verre, sans inconfort.<\/div>\n<div class=\"pro_infor_content_style\">\u2013 Complexe PDRN et collag\u00e8ne 3D : Enrichi en PDRN d\u2019origine v\u00e9g\u00e9tale et en collag\u00e8ne 3D pour restaurer l\u2019hydratation et l\u2019\u00e9lasticit\u00e9, cr\u00e9ant des l\u00e8vres pulpeuses et volumineuses avec un rebond g\u00e9latineux.<\/div>\n<div class=\"pro_infor_content_style\">\u2013 Formule non collante et modulable : Gel\u00e9e rose transparente qui glisse sans effort, se superposant magnifiquement sans sensation de lourdeur ou de grumeau \u2013 parfaite \u00e0 tout moment de la journ\u00e9e.<\/div>\n<div class=\"pro_infor_content_style\">\u2013 Parfait pour les soins quotidiens des l\u00e8vres : Obtenez des l\u00e8vres \u00e9clatantes avec un masque pour les l\u00e8vres qui hydrate, raffermit et am\u00e9liore la texture naturelle de vos l\u00e8vres. Essentiel pour la r\u00e9paration des l\u00e8vres, le brillant et l\u2019hydratation en un seul produit.<\/div>\n<\/div>\n<div>\n<div class=\"pro_infor_title_style\">Mode d\u2019emploi<\/div>\n<div>[Jour] Ajoutez une touche brillante \u00e0 votre maquillage pour une finition parfaite.<\/div>\n<div>[Nuit] Gardez vos l\u00e8vres hydrat\u00e9es toute la nuit jusqu\u2019au matin.<\/div>\n<div>\n<div class=\"pro_infor_title_style\">Ingr\u00e9dients cl\u00e9s<\/div>\n<p><span>Polyisobut\u00e8ne hydrog\u00e9n\u00e9 ,Polybut\u00e8ne,Carbonate de dicaprylyle \u00e9thyl\u00e8ne,Propyl\u00e8ne,Styr\u00e8ne, Copolym\u00e8re,Hydrog\u00e9n\u00e9,Polyd\u00e9c\u00e8ne,\u00c9thyl\u00e8ne,Propyl\u00e8ne,Copolym\u00e8re,Butyl\u00e8ne,Thyl\u00e8ne,Copolym\u00e8re de styr\u00e8ne, Eau,Parfum(Parfum),Huile de son Oryza Sativa (Riz), Penta\u00e9rythrityl T\u00e9tra-di-t-butyle, Hydroxyhydrocinnamate, Tocoph\u00e9rol, Butyl\u00e8ne glycol,1,2-Hexanediol,Oxydes de fer (CI 77491),Polyglyceryl-2 Triisost\u00e9arate,Dipalmitoyl Hydroxyproline,Extrait d\u2019Oryza Sativa (riz),Glyc\u00e9rine, Riz hydrog\u00e9n\u00e9 Huile de son, triglyc\u00e9ride caprylique\/caprique, \u00e9thylhexylglyc\u00e9rine, l\u00e9cithine hydrog\u00e9n\u00e9e, ADN sodique, extrait de Centella Asiatica, collag\u00e8ne soluble, extrait de collag\u00e8ne, EDTA disodique, extrait de feuille de Ginkgo biloba, caprylyl glycol, st\u00e9arate de polyglyc\u00e9ryl-10, extrait d\u2019\u00e9corce de pousse de Phyllostachys pubescens, acide hyaluronique, hexapeptide d\u2019ac\u00e9tyle-8, acide hyaluronique hydrolys\u00e9, hyaluronate de sodium<\/span><\/p>\n<\/div>\n<\/div>\n<\/div>\n","protected":false},"excerpt":{"rendered":"<p>Description \u2013 Hydratation intense 24 heures sur 24 : Faites l\u2019exp\u00e9rience d\u2019une hydratation toute la journ\u00e9e avec PDRN x Collag\u00e8ne, pr\u00e9venant la s\u00e9cheresse m\u00eame pendant que vous dormez. Aliment\u00e9 par la technologie Hydration Shield pour emprisonner l\u2019hydratation pour des l\u00e8vres douces et souples. \u2013 Texture gel\u00e9e l\u00e9g\u00e8re Clear Fit : Fini les baumes de nuit [&hellip;]<\/p>\n","protected":false},"featured_media":3765,"comment_status":"open","ping_status":"closed","template":"","meta":{"content-type":"","_uag_custom_page_level_css":""},"pwb-brand":[],"product_brand":[],"product_cat":[402,392,328,334],"product_tag":[],"class_list":{"0":"post-3766","1":"product","2":"type-product","3":"status-publish","4":"has-post-thumbnail","6":"product_cat-abib","7":"product_cat-baume-a-levres","8":"product_cat-nouveautes","9":"product_cat-produits-coreens","11":"first","12":"instock","13":"sale","14":"shipping-taxable","15":"purchasable","16":"product-type-simple"},"aioseo_notices":[],"uagb_featured_image_src":{"full":["https:\/\/wavexia.com\/wp-content\/uploads\/2025\/10\/7ISs64Sk7J28.jpg",500,500,false],"thumbnail":["https:\/\/wavexia.com\/wp-content\/uploads\/2025\/10\/7ISs64Sk7J28-150x150.jpg",150,150,true],"medium":["https:\/\/wavexia.com\/wp-content\/uploads\/2025\/10\/7ISs64Sk7J28-300x300.jpg",300,300,true],"medium_large":["https:\/\/wavexia.com\/wp-content\/uploads\/2025\/10\/7ISs64Sk7J28.jpg",500,500,false],"large":["https:\/\/wavexia.com\/wp-content\/uploads\/2025\/10\/7ISs64Sk7J28.jpg",500,500,false],"1536x1536":["https:\/\/wavexia.com\/wp-content\/uploads\/2025\/10\/7ISs64Sk7J28.jpg",500,500,false],"2048x2048":["https:\/\/wavexia.com\/wp-content\/uploads\/2025\/10\/7ISs64Sk7J28.jpg",500,500,false],"woocommerce_archive_thumbnail":["https:\/\/wavexia.com\/wp-content\/uploads\/2025\/10\/7ISs64Sk7J28-300x300.jpg",300,300,true],"woocommerce_thumbnail":["https:\/\/wavexia.com\/wp-content\/uploads\/2025\/10\/7ISs64Sk7J28-300x300.jpg",300,300,true],"woocommerce_single":["https:\/\/wavexia.com\/wp-content\/uploads\/2025\/10\/7ISs64Sk7J28.jpg",500,500,false],"woocommerce_gallery_thumbnail":["https:\/\/wavexia.com\/wp-content\/uploads\/2025\/10\/7ISs64Sk7J28-100x100.jpg",100,100,true]},"uagb_author_info":{"display_name":"zineddine.ayoub98@gmail.com","author_link":"https:\/\/wavexia.com\/?author=0"},"uagb_comment_info":0,"uagb_excerpt":"Description \u2013 Hydratation intense 24 heures sur 24 : Faites l\u2019exp\u00e9rience d\u2019une hydratation toute la journ\u00e9e avec PDRN x Collag\u00e8ne, pr\u00e9venant la s\u00e9cheresse m\u00eame pendant que vous dormez. Aliment\u00e9 par la technologie Hydration Shield pour emprisonner l\u2019hydratation pour des l\u00e8vres douces et souples. \u2013 Texture gel\u00e9e l\u00e9g\u00e8re Clear Fit : Fini les baumes de nuit&hellip;","brands":[],"_links":{"self":[{"href":"https:\/\/wavexia.com\/index.php?rest_route=\/wp\/v2\/product\/3766","targetHints":{"allow":["GET"]}}],"collection":[{"href":"https:\/\/wavexia.com\/index.php?rest_route=\/wp\/v2\/product"}],"about":[{"href":"https:\/\/wavexia.com\/index.php?rest_route=\/wp\/v2\/types\/product"}],"replies":[{"embeddable":true,"href":"https:\/\/wavexia.com\/index.php?rest_route=%2Fwp%2Fv2%2Fcomments&post=3766"}],"wp:featuredmedia":[{"embeddable":true,"href":"https:\/\/wavexia.com\/index.php?rest_route=\/wp\/v2\/media\/3765"}],"wp:attachment":[{"href":"https:\/\/wavexia.com\/index.php?rest_route=%2Fwp%2Fv2%2Fmedia&parent=3766"}],"wp:term":[{"taxonomy":"pwb-brand","embeddable":true,"href":"https:\/\/wavexia.com\/index.php?rest_route=%2Fwp%2Fv2%2Fpwb-brand&post=3766"},{"taxonomy":"product_brand","embeddable":true,"href":"https:\/\/wavexia.com\/index.php?rest_route=%2Fwp%2Fv2%2Fproduct_brand&post=3766"},{"taxonomy":"product_cat","embeddable":true,"href":"https:\/\/wavexia.com\/index.php?rest_route=%2Fwp%2Fv2%2Fproduct_cat&post=3766"},{"taxonomy":"product_tag","embeddable":true,"href":"https:\/\/wavexia.com\/index.php?rest_route=%2Fwp%2Fv2%2Fproduct_tag&post=3766"}],"curies":[{"name":"wp","href":"https:\/\/api.w.org\/{rel}","templated":true}]}}