{"id":3764,"date":"2025-10-19T08:56:48","date_gmt":"2025-10-19T08:56:48","guid":{"rendered":"https:\/\/wavexia.com\/product\/now-boron-3-mg-100-veg-capsules\/"},"modified":"2026-03-10T07:30:57","modified_gmt":"2026-03-10T07:30:57","slug":"now-boron-3-mg-100-veg-capsules","status":"publish","type":"product","link":"https:\/\/wavexia.com\/?product=now-boron-3-mg-100-veg-capsules","title":{"rendered":"NOW , Boron 3 mg, 100 Veg Capsules"},"content":{"rendered":"<h2>Description<\/h2>\n<p><b data-gp-tth-0=\"a3e2b2eac8c6e13595eec203542f4def\">Marque :<\/b>&nbsp;NOW<\/p>\n<p><b data-gp-tth-0=\"93917ed83a26fb099e0e1c5f095eda9f\">Caract\u00e9ristiques:<\/b><\/p>\n<ul>\n<li data-gp-tth-0=\"2dcd9d73bcb1c59e12da501fce4064a3\">Le bore est un oligo-\u00e9l\u00e9ment biologiquement actif qui affecte le m\u00e9tabolisme du calcium, du magn\u00e9sium et du phosphore.<\/li>\n<li data-gp-tth-0=\"59c26ff6562282eba552f9283c21516a\">Portion&nbsp;: 1 Capsule<\/li>\n<li data-gp-tth-0=\"935e1a1cc4cbf0263c92bfa711a690a9\">250 capsules par r\u00e9cipient<\/li>\n<li data-gp-tth-0=\"6bc4eda82d7511012026bf8e11e2ecc5\">Le bore est connu pour soutenir la solidit\u00e9 et la structure des os.<\/li>\n<\/ul>\n<p data-gp-tth-1=\"98e1c28afd51a43bc457293efb121805\"><b data-gp-tth-0=\"91b35cbccafd9553afcd4c0404305270\">Liaison :<\/b>&nbsp;Sant\u00e9 et Beaut\u00e9<\/p>\n<p><b data-gp-tth-0=\"dfda93458e190c1d57906865486567cd\">Date de sortie&nbsp;:<\/b>&nbsp;15-10-2013<\/p>\n<p><b data-gp-tth-0=\"ab2ce4e5f3eb0abca7120024e2802578\">num\u00e9ro de mod\u00e8le&nbsp;:<\/b>&nbsp;P30321<\/p>\n<p><b data-gp-tth-0=\"43531771b8dd83170629ef911105d90d\">Num\u00e9ro D\u2019Article:<\/b>&nbsp;P30321<\/p>\n<p data-gp-tth-1=\"8c3b890ac94f58ea0d94340f82d92786\"><b data-gp-tth-0=\"7bfe344f49894e266c367b6431679b0e\">D\u00e9tails:<\/b>&nbsp;Le bore est un oligo\u00e9l\u00e9ment biologiquement actif qui affecte le m\u00e9tabolisme du calcium, du magn\u00e9sium et du phosphore.* Le bore est connu pour soutenir la solidit\u00e9 et la structure des os.* Une variation naturelle de couleur peut se produire dans ce produit. Prendre 1 capsule par jour avec un repas.<\/p>\n<p><b data-gp-tth-0=\"1a5cfa5d07a7c36cc9d95215a81fcc59\">EAN&nbsp;:<\/b>&nbsp;0733739014122<\/p>\n<p data-gp-tth-1=\"59c398b59e62122df2054f3f3577f8b5\"><b data-gp-tth-0=\"36e8b933c3a187906b99bc9a7b9eb1c7\">Dimensions Du Colis :<\/b>&nbsp;4,8 x 2,7 x 2,6 pouces<\/p>\n<p data-gp-tth-1=\"d029e3c10859d1a9b7ac934b3f55bab9\"><b data-gp-tth-0=\"1ea21417b4fc870a18d6a244983be72b\">Langues&nbsp;:<\/b>&nbsp;Allemand, anglais<\/p>\n","protected":false},"excerpt":{"rendered":"<p>Description Marque :&nbsp;NOW Caract\u00e9ristiques: Le bore est un oligo-\u00e9l\u00e9ment biologiquement actif qui affecte le m\u00e9tabolisme du calcium, du magn\u00e9sium et du phosphore. Portion&nbsp;: 1 Capsule 250 capsules par r\u00e9cipient Le bore est connu pour soutenir la solidit\u00e9 et la structure des os. Liaison :&nbsp;Sant\u00e9 et Beaut\u00e9 Date de sortie&nbsp;:&nbsp;15-10-2013 num\u00e9ro de mod\u00e8le&nbsp;:&nbsp;P30321 Num\u00e9ro D\u2019Article:&nbsp;P30321 D\u00e9tails:&nbsp;Le [&hellip;]<\/p>\n","protected":false},"featured_media":3763,"comment_status":"open","ping_status":"closed","template":"","meta":{"content-type":"","_uag_custom_page_level_css":""},"pwb-brand":[],"product_brand":[],"product_cat":[330],"product_tag":[],"class_list":{"0":"post-3764","1":"product","2":"type-product","3":"status-publish","4":"has-post-thumbnail","6":"product_cat-complements-alimentaires","8":"first","9":"instock","10":"sale","11":"shipping-taxable","12":"purchasable","13":"product-type-simple"},"aioseo_notices":[],"uagb_featured_image_src":{"full":["https:\/\/wavexia.com\/wp-content\/uploads\/2025\/10\/1-9.jpg",500,500,false],"thumbnail":["https:\/\/wavexia.com\/wp-content\/uploads\/2025\/10\/1-9-150x150.jpg",150,150,true],"medium":["https:\/\/wavexia.com\/wp-content\/uploads\/2025\/10\/1-9-300x300.jpg",300,300,true],"medium_large":["https:\/\/wavexia.com\/wp-content\/uploads\/2025\/10\/1-9.jpg",500,500,false],"large":["https:\/\/wavexia.com\/wp-content\/uploads\/2025\/10\/1-9.jpg",500,500,false],"1536x1536":["https:\/\/wavexia.com\/wp-content\/uploads\/2025\/10\/1-9.jpg",500,500,false],"2048x2048":["https:\/\/wavexia.com\/wp-content\/uploads\/2025\/10\/1-9.jpg",500,500,false],"woocommerce_archive_thumbnail":["https:\/\/wavexia.com\/wp-content\/uploads\/2025\/10\/1-9-300x300.jpg",300,300,true],"woocommerce_thumbnail":["https:\/\/wavexia.com\/wp-content\/uploads\/2025\/10\/1-9-300x300.jpg",300,300,true],"woocommerce_single":["https:\/\/wavexia.com\/wp-content\/uploads\/2025\/10\/1-9.jpg",500,500,false],"woocommerce_gallery_thumbnail":["https:\/\/wavexia.com\/wp-content\/uploads\/2025\/10\/1-9-100x100.jpg",100,100,true]},"uagb_author_info":{"display_name":"zineddine.ayoub98@gmail.com","author_link":"https:\/\/wavexia.com\/?author=0"},"uagb_comment_info":0,"uagb_excerpt":"Description Marque :&nbsp;NOW Caract\u00e9ristiques: Le bore est un oligo-\u00e9l\u00e9ment biologiquement actif qui affecte le m\u00e9tabolisme du calcium, du magn\u00e9sium et du phosphore. Portion&nbsp;: 1 Capsule 250 capsules par r\u00e9cipient Le bore est connu pour soutenir la solidit\u00e9 et la structure des os. Liaison :&nbsp;Sant\u00e9 et Beaut\u00e9 Date de sortie&nbsp;:&nbsp;15-10-2013 num\u00e9ro de mod\u00e8le&nbsp;:&nbsp;P30321 Num\u00e9ro D\u2019Article:&nbsp;P30321 D\u00e9tails:&nbsp;Le&hellip;","brands":[],"_links":{"self":[{"href":"https:\/\/wavexia.com\/index.php?rest_route=\/wp\/v2\/product\/3764","targetHints":{"allow":["GET"]}}],"collection":[{"href":"https:\/\/wavexia.com\/index.php?rest_route=\/wp\/v2\/product"}],"about":[{"href":"https:\/\/wavexia.com\/index.php?rest_route=\/wp\/v2\/types\/product"}],"replies":[{"embeddable":true,"href":"https:\/\/wavexia.com\/index.php?rest_route=%2Fwp%2Fv2%2Fcomments&post=3764"}],"wp:featuredmedia":[{"embeddable":true,"href":"https:\/\/wavexia.com\/index.php?rest_route=\/wp\/v2\/media\/3763"}],"wp:attachment":[{"href":"https:\/\/wavexia.com\/index.php?rest_route=%2Fwp%2Fv2%2Fmedia&parent=3764"}],"wp:term":[{"taxonomy":"pwb-brand","embeddable":true,"href":"https:\/\/wavexia.com\/index.php?rest_route=%2Fwp%2Fv2%2Fpwb-brand&post=3764"},{"taxonomy":"product_brand","embeddable":true,"href":"https:\/\/wavexia.com\/index.php?rest_route=%2Fwp%2Fv2%2Fproduct_brand&post=3764"},{"taxonomy":"product_cat","embeddable":true,"href":"https:\/\/wavexia.com\/index.php?rest_route=%2Fwp%2Fv2%2Fproduct_cat&post=3764"},{"taxonomy":"product_tag","embeddable":true,"href":"https:\/\/wavexia.com\/index.php?rest_route=%2Fwp%2Fv2%2Fproduct_tag&post=3764"}],"curies":[{"name":"wp","href":"https:\/\/api.w.org\/{rel}","templated":true}]}}