{"id":3761,"date":"2025-10-19T08:56:47","date_gmt":"2025-10-19T08:56:47","guid":{"rendered":"https:\/\/wavexia.com\/product\/balea-huile-pour-cheveux-plex-care-50-ml\/"},"modified":"2026-03-10T07:30:57","modified_gmt":"2026-03-10T07:30:57","slug":"balea-huile-pour-cheveux-plex-care-50-ml","status":"publish","type":"product","link":"https:\/\/wavexia.com\/?product=balea-huile-pour-cheveux-plex-care-50-ml","title":{"rendered":"Balea huile pour cheveux plex care 50 ml"},"content":{"rendered":"<h2>Description<\/h2>\n<p>balea huile pour cheveux plex care renforce la structure du cheveux et les rend plus r\u00e9sistants. pour cheveux sec et endommag\u00e9 . cheveux color\u00e9. cheveux trait\u00e9 avec keratin. utilisation: avant shampoing pour bien nourrir les cheveux. apr\u00e8s shampoing sur la longueur du cheveux pour les hydrater. aussi bouclier intense thermique contre la chaleur du soleil de la plaque ou le s\u00e8che cheveux. &nbsp; Pour une structure capillaire renforc\u00e9e et des cheveux plus r\u00e9sistants.<\/p>\n","protected":false},"excerpt":{"rendered":"<p>Description balea huile pour cheveux plex care renforce la structure du cheveux et les rend plus r\u00e9sistants. pour cheveux sec et endommag\u00e9 . cheveux color\u00e9. cheveux trait\u00e9 avec keratin. utilisation: avant shampoing pour bien nourrir les cheveux. apr\u00e8s shampoing sur la longueur du cheveux pour les hydrater. aussi bouclier intense thermique contre la chaleur du [&hellip;]<\/p>\n","protected":false},"featured_media":3760,"comment_status":"open","ping_status":"closed","template":"","meta":{"content-type":"","_uag_custom_page_level_css":""},"pwb-brand":[],"product_brand":[],"product_cat":[418,377,327],"product_tag":[],"class_list":{"0":"post-3761","1":"product","2":"type-product","3":"status-publish","4":"has-post-thumbnail","6":"product_cat-balea","7":"product_cat-cheveux","8":"product_cat-hmizat","10":"first","11":"instock","12":"shipping-taxable","13":"purchasable","14":"product-type-simple"},"aioseo_notices":[],"uagb_featured_image_src":{"full":["https:\/\/wavexia.com\/wp-content\/uploads\/2025\/10\/7-600x600-1.webp",600,600,false],"thumbnail":["https:\/\/wavexia.com\/wp-content\/uploads\/2025\/10\/7-600x600-1-150x150.webp",150,150,true],"medium":["https:\/\/wavexia.com\/wp-content\/uploads\/2025\/10\/7-600x600-1-300x300.webp",300,300,true],"medium_large":["https:\/\/wavexia.com\/wp-content\/uploads\/2025\/10\/7-600x600-1.webp",600,600,false],"large":["https:\/\/wavexia.com\/wp-content\/uploads\/2025\/10\/7-600x600-1.webp",600,600,false],"1536x1536":["https:\/\/wavexia.com\/wp-content\/uploads\/2025\/10\/7-600x600-1.webp",600,600,false],"2048x2048":["https:\/\/wavexia.com\/wp-content\/uploads\/2025\/10\/7-600x600-1.webp",600,600,false],"woocommerce_archive_thumbnail":["https:\/\/wavexia.com\/wp-content\/uploads\/2025\/10\/7-600x600-1-300x300.webp",300,300,true],"woocommerce_thumbnail":["https:\/\/wavexia.com\/wp-content\/uploads\/2025\/10\/7-600x600-1-300x300.webp",300,300,true],"woocommerce_single":["https:\/\/wavexia.com\/wp-content\/uploads\/2025\/10\/7-600x600-1.webp",600,600,false],"woocommerce_gallery_thumbnail":["https:\/\/wavexia.com\/wp-content\/uploads\/2025\/10\/7-600x600-1-100x100.webp",100,100,true]},"uagb_author_info":{"display_name":"zineddine.ayoub98@gmail.com","author_link":"https:\/\/wavexia.com\/?author=0"},"uagb_comment_info":0,"uagb_excerpt":"Description balea huile pour cheveux plex care renforce la structure du cheveux et les rend plus r\u00e9sistants. pour cheveux sec et endommag\u00e9 . cheveux color\u00e9. cheveux trait\u00e9 avec keratin. utilisation: avant shampoing pour bien nourrir les cheveux. apr\u00e8s shampoing sur la longueur du cheveux pour les hydrater. aussi bouclier intense thermique contre la chaleur du&hellip;","brands":[],"_links":{"self":[{"href":"https:\/\/wavexia.com\/index.php?rest_route=\/wp\/v2\/product\/3761","targetHints":{"allow":["GET"]}}],"collection":[{"href":"https:\/\/wavexia.com\/index.php?rest_route=\/wp\/v2\/product"}],"about":[{"href":"https:\/\/wavexia.com\/index.php?rest_route=\/wp\/v2\/types\/product"}],"replies":[{"embeddable":true,"href":"https:\/\/wavexia.com\/index.php?rest_route=%2Fwp%2Fv2%2Fcomments&post=3761"}],"wp:featuredmedia":[{"embeddable":true,"href":"https:\/\/wavexia.com\/index.php?rest_route=\/wp\/v2\/media\/3760"}],"wp:attachment":[{"href":"https:\/\/wavexia.com\/index.php?rest_route=%2Fwp%2Fv2%2Fmedia&parent=3761"}],"wp:term":[{"taxonomy":"pwb-brand","embeddable":true,"href":"https:\/\/wavexia.com\/index.php?rest_route=%2Fwp%2Fv2%2Fpwb-brand&post=3761"},{"taxonomy":"product_brand","embeddable":true,"href":"https:\/\/wavexia.com\/index.php?rest_route=%2Fwp%2Fv2%2Fproduct_brand&post=3761"},{"taxonomy":"product_cat","embeddable":true,"href":"https:\/\/wavexia.com\/index.php?rest_route=%2Fwp%2Fv2%2Fproduct_cat&post=3761"},{"taxonomy":"product_tag","embeddable":true,"href":"https:\/\/wavexia.com\/index.php?rest_route=%2Fwp%2Fv2%2Fproduct_tag&post=3761"}],"curies":[{"name":"wp","href":"https:\/\/api.w.org\/{rel}","templated":true}]}}