{"id":3759,"date":"2025-10-19T08:56:46","date_gmt":"2025-10-19T08:56:46","guid":{"rendered":"https:\/\/wavexia.com\/product\/hiquin-creme-eclaircissante-hydroquinone-4-30g\/"},"modified":"2026-03-10T07:30:57","modified_gmt":"2026-03-10T07:30:57","slug":"hiquin-creme-eclaircissante-hydroquinone-4-30g","status":"publish","type":"product","link":"https:\/\/wavexia.com\/?product=hiquin-creme-eclaircissante-hydroquinone-4-30g","title":{"rendered":"HiQuin Cr\u00e8me Eclaircissante Hydroquinone 4% 30g"},"content":{"rendered":"<h2>Description<\/h2>\n<p>Le HiQuin 4% Pro-Whitening Cream (Hydroquinone) est une cr\u00e8me blanchissante topique utilis\u00e9e pour \u00e9claircir les zones qui se sont assombries (hyperpigmentation) \u00e0 cause des t\u00e2ches de rousseur, du m\u00e9lasma, des cicatrices d\u2019acn\u00e9 ou des taches de vieillesse. Sa formule \u00e0 4 % est con\u00e7ue pour fournir des r\u00e9sultats efficaces et rapides.<\/p>\n","protected":false},"excerpt":{"rendered":"<p>Description Le HiQuin 4% Pro-Whitening Cream (Hydroquinone) est une cr\u00e8me blanchissante topique utilis\u00e9e pour \u00e9claircir les zones qui se sont assombries (hyperpigmentation) \u00e0 cause des t\u00e2ches de rousseur, du m\u00e9lasma, des cicatrices d\u2019acn\u00e9 ou des taches de vieillesse. Sa formule \u00e0 4 % est con\u00e7ue pour fournir des r\u00e9sultats efficaces et rapides.<\/p>\n","protected":false},"featured_media":3758,"comment_status":"open","ping_status":"closed","template":"","meta":{"content-type":"","_uag_custom_page_level_css":""},"pwb-brand":[],"product_brand":[],"product_cat":[322,327,329],"product_tag":[],"class_list":{"0":"post-3759","1":"product","2":"type-product","3":"status-publish","4":"has-post-thumbnail","6":"product_cat-corps-bain","7":"product_cat-hmizat","8":"product_cat-produits-americains","10":"first","11":"instock","12":"sale","13":"shipping-taxable","14":"purchasable","15":"product-type-simple"},"aioseo_notices":[],"uagb_featured_image_src":{"full":["https:\/\/wavexia.com\/wp-content\/uploads\/2025\/10\/Hiquin-4_-Hydroquinone-Creme-Eclaircissante-pro-_-soin-visage-hiquin-Makushop-89015012.webp",500,500,false],"thumbnail":["https:\/\/wavexia.com\/wp-content\/uploads\/2025\/10\/Hiquin-4_-Hydroquinone-Creme-Eclaircissante-pro-_-soin-visage-hiquin-Makushop-89015012-150x150.webp",150,150,true],"medium":["https:\/\/wavexia.com\/wp-content\/uploads\/2025\/10\/Hiquin-4_-Hydroquinone-Creme-Eclaircissante-pro-_-soin-visage-hiquin-Makushop-89015012-300x300.webp",300,300,true],"medium_large":["https:\/\/wavexia.com\/wp-content\/uploads\/2025\/10\/Hiquin-4_-Hydroquinone-Creme-Eclaircissante-pro-_-soin-visage-hiquin-Makushop-89015012.webp",500,500,false],"large":["https:\/\/wavexia.com\/wp-content\/uploads\/2025\/10\/Hiquin-4_-Hydroquinone-Creme-Eclaircissante-pro-_-soin-visage-hiquin-Makushop-89015012.webp",500,500,false],"1536x1536":["https:\/\/wavexia.com\/wp-content\/uploads\/2025\/10\/Hiquin-4_-Hydroquinone-Creme-Eclaircissante-pro-_-soin-visage-hiquin-Makushop-89015012.webp",500,500,false],"2048x2048":["https:\/\/wavexia.com\/wp-content\/uploads\/2025\/10\/Hiquin-4_-Hydroquinone-Creme-Eclaircissante-pro-_-soin-visage-hiquin-Makushop-89015012.webp",500,500,false],"woocommerce_archive_thumbnail":["https:\/\/wavexia.com\/wp-content\/uploads\/2025\/10\/Hiquin-4_-Hydroquinone-Creme-Eclaircissante-pro-_-soin-visage-hiquin-Makushop-89015012-300x300.webp",300,300,true],"woocommerce_thumbnail":["https:\/\/wavexia.com\/wp-content\/uploads\/2025\/10\/Hiquin-4_-Hydroquinone-Creme-Eclaircissante-pro-_-soin-visage-hiquin-Makushop-89015012-300x300.webp",300,300,true],"woocommerce_single":["https:\/\/wavexia.com\/wp-content\/uploads\/2025\/10\/Hiquin-4_-Hydroquinone-Creme-Eclaircissante-pro-_-soin-visage-hiquin-Makushop-89015012.webp",500,500,false],"woocommerce_gallery_thumbnail":["https:\/\/wavexia.com\/wp-content\/uploads\/2025\/10\/Hiquin-4_-Hydroquinone-Creme-Eclaircissante-pro-_-soin-visage-hiquin-Makushop-89015012-100x100.webp",100,100,true]},"uagb_author_info":{"display_name":"zineddine.ayoub98@gmail.com","author_link":"https:\/\/wavexia.com\/?author=0"},"uagb_comment_info":0,"uagb_excerpt":"Description Le HiQuin 4% Pro-Whitening Cream (Hydroquinone) est une cr\u00e8me blanchissante topique utilis\u00e9e pour \u00e9claircir les zones qui se sont assombries (hyperpigmentation) \u00e0 cause des t\u00e2ches de rousseur, du m\u00e9lasma, des cicatrices d\u2019acn\u00e9 ou des taches de vieillesse. Sa formule \u00e0 4 % est con\u00e7ue pour fournir des r\u00e9sultats efficaces et rapides.","brands":[],"_links":{"self":[{"href":"https:\/\/wavexia.com\/index.php?rest_route=\/wp\/v2\/product\/3759","targetHints":{"allow":["GET"]}}],"collection":[{"href":"https:\/\/wavexia.com\/index.php?rest_route=\/wp\/v2\/product"}],"about":[{"href":"https:\/\/wavexia.com\/index.php?rest_route=\/wp\/v2\/types\/product"}],"replies":[{"embeddable":true,"href":"https:\/\/wavexia.com\/index.php?rest_route=%2Fwp%2Fv2%2Fcomments&post=3759"}],"wp:featuredmedia":[{"embeddable":true,"href":"https:\/\/wavexia.com\/index.php?rest_route=\/wp\/v2\/media\/3758"}],"wp:attachment":[{"href":"https:\/\/wavexia.com\/index.php?rest_route=%2Fwp%2Fv2%2Fmedia&parent=3759"}],"wp:term":[{"taxonomy":"pwb-brand","embeddable":true,"href":"https:\/\/wavexia.com\/index.php?rest_route=%2Fwp%2Fv2%2Fpwb-brand&post=3759"},{"taxonomy":"product_brand","embeddable":true,"href":"https:\/\/wavexia.com\/index.php?rest_route=%2Fwp%2Fv2%2Fproduct_brand&post=3759"},{"taxonomy":"product_cat","embeddable":true,"href":"https:\/\/wavexia.com\/index.php?rest_route=%2Fwp%2Fv2%2Fproduct_cat&post=3759"},{"taxonomy":"product_tag","embeddable":true,"href":"https:\/\/wavexia.com\/index.php?rest_route=%2Fwp%2Fv2%2Fproduct_tag&post=3759"}],"curies":[{"name":"wp","href":"https:\/\/api.w.org\/{rel}","templated":true}]}}