{"id":3755,"date":"2025-10-19T08:56:43","date_gmt":"2025-10-19T08:56:43","guid":{"rendered":"https:\/\/wavexia.com\/product\/abib-collagen-eye-patch-jericho-rose-jelly-60pcs\/"},"modified":"2026-03-10T07:30:57","modified_gmt":"2026-03-10T07:30:57","slug":"abib-collagen-eye-patch-jericho-rose-jelly-60pcs","status":"publish","type":"product","link":"https:\/\/wavexia.com\/?product=abib-collagen-eye-patch-jericho-rose-jelly-60pcs","title":{"rendered":"Abib Collagen Eye Patch Jericho Rose Jelly 60pcs"},"content":{"rendered":"<h2>Description<\/h2>\n<p>L\u2019Abib Collagen Eye Patch Jericho Rose Jelly est un incontournable contre les poches sous les yeux et les ridules. Formul\u00e9s avec le pouvoir de la rose de J\u00e9richo, ces patchs pour les yeux nourrissent et hydratent en profondeur, laissant \u00e0 vos yeux une apparence rajeunie et \u00e9nergis\u00e9e.<\/p>\n<p>Adapt\u00e9 \u00e0 tous les types de peau, m\u00eame les plus sensibles, ce cache-\u0153il contient des ingr\u00e9dients puissants comme la niacinamide, connue pour son efficacit\u00e9 contre le vieillissement cutan\u00e9 et la r\u00e9duction des ridules visibles. Le beurre de karit\u00e9 nourrit et r\u00e9g\u00e9n\u00e8re la peau, tandis que les c\u00e9ramides renforcent la barri\u00e8re cutan\u00e9e protectrice, am\u00e9liorent l\u2019hydratation et procurent une peau plus lisse et plus ferme avec moins de rides visibles.<\/p>\n<p><strong>Ces coussinets oculaires&nbsp;:<\/strong><\/p>\n<ul>\n<li>\u00e9limine les poches sous les yeux et les ridules<\/li>\n<li>enrichi \u00e0 la rose de J\u00e9richo<\/li>\n<li>nutrition et hydratation en profondeur<\/li>\n<li>pour une apparence jeune et \u00e9nergique<\/li>\n<li>convient \u00e0 tous les types de peau<\/li>\n<li>contient de la niacinamide<\/li>\n<li>renforce la barri\u00e8re cutan\u00e9e<\/li>\n<li>sans parfum<\/li>\n<li>sans cruaut\u00e9<\/li>\n<\/ul>\n<p><strong>Comment utiliser:<\/strong><\/p>\n<ul>\n<li>Assurer une peau propre et s\u00e8che.<\/li>\n<li>Placez les patchs sous les yeux.<\/li>\n<li>Laissez le patch reposer pendant environ 30 minutes.<\/li>\n<li>Retirez les patchs (ils ne sont pas r\u00e9utilisables) et massez le reste du produit sur la peau.<\/li>\n<\/ul>\n<p><strong>Ingr\u00e9dients:<\/strong><br \/>Water, Glycerin, Niacinamide, Chondrus Crispus Powder, Collagen Extract, 1,2-hexanediol, Betaine, Ceratonia Siliqua (Carob) Gum, Cyamopsis Tetragonoloba (Guar) Gum, Hydroxyacetophenone, Chondrus Crispus, Calcium Chloride, Allantoin, Butyrospermum Parkii (Shea) Butter, Propanediol, Polyglyceryl-10 Laurate, Polyglyceryl-3 Methylglucose Distearate, Potassium Chloride, Anastatica Hierochuntica Extract, Cellulose Gum, Ricinus Communis (Castor) Seed Oil, Trehalose, Sucrose, Caprylyl Glycol, Adenosine, Ethylhexylglycerin, Dipotassium Glycyrrhizate, Sodium Hyaluronate, Caffeine, Panthenol, Ceramide Np, Palmitoyl Tripeptide-5.<\/p>\n","protected":false},"excerpt":{"rendered":"<p>Description L\u2019Abib Collagen Eye Patch Jericho Rose Jelly est un incontournable contre les poches sous les yeux et les ridules. Formul\u00e9s avec le pouvoir de la rose de J\u00e9richo, ces patchs pour les yeux nourrissent et hydratent en profondeur, laissant \u00e0 vos yeux une apparence rajeunie et \u00e9nergis\u00e9e. Adapt\u00e9 \u00e0 tous les types de peau, [&hellip;]<\/p>\n","protected":false},"featured_media":3754,"comment_status":"open","ping_status":"closed","template":"","meta":{"content-type":"","_uag_custom_page_level_css":""},"pwb-brand":[],"product_brand":[],"product_cat":[402,352,328,334],"product_tag":[],"class_list":{"0":"post-3755","1":"product","2":"type-product","3":"status-publish","4":"has-post-thumbnail","6":"product_cat-abib","7":"product_cat-contour-des-yeux","8":"product_cat-nouveautes","9":"product_cat-produits-coreens","11":"first","12":"instock","13":"sale","14":"shipping-taxable","15":"purchasable","16":"product-type-simple"},"aioseo_notices":[],"uagb_featured_image_src":{"full":["https:\/\/wavexia.com\/wp-content\/uploads\/2025\/10\/51QvZBzQ-eL._SL1500_800x.webp",800,800,false],"thumbnail":["https:\/\/wavexia.com\/wp-content\/uploads\/2025\/10\/51QvZBzQ-eL._SL1500_800x-150x150.webp",150,150,true],"medium":["https:\/\/wavexia.com\/wp-content\/uploads\/2025\/10\/51QvZBzQ-eL._SL1500_800x-300x300.webp",300,300,true],"medium_large":["https:\/\/wavexia.com\/wp-content\/uploads\/2025\/10\/51QvZBzQ-eL._SL1500_800x-768x768.webp",768,768,true],"large":["https:\/\/wavexia.com\/wp-content\/uploads\/2025\/10\/51QvZBzQ-eL._SL1500_800x.webp",800,800,false],"1536x1536":["https:\/\/wavexia.com\/wp-content\/uploads\/2025\/10\/51QvZBzQ-eL._SL1500_800x.webp",800,800,false],"2048x2048":["https:\/\/wavexia.com\/wp-content\/uploads\/2025\/10\/51QvZBzQ-eL._SL1500_800x.webp",800,800,false],"woocommerce_archive_thumbnail":["https:\/\/wavexia.com\/wp-content\/uploads\/2025\/10\/51QvZBzQ-eL._SL1500_800x-300x300.webp",300,300,true],"woocommerce_thumbnail":["https:\/\/wavexia.com\/wp-content\/uploads\/2025\/10\/51QvZBzQ-eL._SL1500_800x-300x300.webp",300,300,true],"woocommerce_single":["https:\/\/wavexia.com\/wp-content\/uploads\/2025\/10\/51QvZBzQ-eL._SL1500_800x-600x600.webp",600,600,true],"woocommerce_gallery_thumbnail":["https:\/\/wavexia.com\/wp-content\/uploads\/2025\/10\/51QvZBzQ-eL._SL1500_800x-100x100.webp",100,100,true]},"uagb_author_info":{"display_name":"zineddine.ayoub98@gmail.com","author_link":"https:\/\/wavexia.com\/?author=0"},"uagb_comment_info":0,"uagb_excerpt":"Description L\u2019Abib Collagen Eye Patch Jericho Rose Jelly est un incontournable contre les poches sous les yeux et les ridules. Formul\u00e9s avec le pouvoir de la rose de J\u00e9richo, ces patchs pour les yeux nourrissent et hydratent en profondeur, laissant \u00e0 vos yeux une apparence rajeunie et \u00e9nergis\u00e9e. Adapt\u00e9 \u00e0 tous les types de peau,&hellip;","brands":[],"_links":{"self":[{"href":"https:\/\/wavexia.com\/index.php?rest_route=\/wp\/v2\/product\/3755","targetHints":{"allow":["GET"]}}],"collection":[{"href":"https:\/\/wavexia.com\/index.php?rest_route=\/wp\/v2\/product"}],"about":[{"href":"https:\/\/wavexia.com\/index.php?rest_route=\/wp\/v2\/types\/product"}],"replies":[{"embeddable":true,"href":"https:\/\/wavexia.com\/index.php?rest_route=%2Fwp%2Fv2%2Fcomments&post=3755"}],"wp:featuredmedia":[{"embeddable":true,"href":"https:\/\/wavexia.com\/index.php?rest_route=\/wp\/v2\/media\/3754"}],"wp:attachment":[{"href":"https:\/\/wavexia.com\/index.php?rest_route=%2Fwp%2Fv2%2Fmedia&parent=3755"}],"wp:term":[{"taxonomy":"pwb-brand","embeddable":true,"href":"https:\/\/wavexia.com\/index.php?rest_route=%2Fwp%2Fv2%2Fpwb-brand&post=3755"},{"taxonomy":"product_brand","embeddable":true,"href":"https:\/\/wavexia.com\/index.php?rest_route=%2Fwp%2Fv2%2Fproduct_brand&post=3755"},{"taxonomy":"product_cat","embeddable":true,"href":"https:\/\/wavexia.com\/index.php?rest_route=%2Fwp%2Fv2%2Fproduct_cat&post=3755"},{"taxonomy":"product_tag","embeddable":true,"href":"https:\/\/wavexia.com\/index.php?rest_route=%2Fwp%2Fv2%2Fproduct_tag&post=3755"}],"curies":[{"name":"wp","href":"https:\/\/api.w.org\/{rel}","templated":true}]}}