{"id":3749,"date":"2025-10-19T08:56:40","date_gmt":"2025-10-19T08:56:40","guid":{"rendered":"https:\/\/wavexia.com\/product\/schwarzkopf-got-2-b-glue-styling-spiking-glue-35g\/"},"modified":"2026-03-10T07:30:57","modified_gmt":"2026-03-10T07:30:57","slug":"schwarzkopf-got-2-b-glue-styling-spiking-glue-35g","status":"publish","type":"product","link":"https:\/\/wavexia.com\/?product=schwarzkopf-got-2-b-glue-styling-spiking-glue-35g","title":{"rendered":"Schwarzkopf GOT 2 B Glue Styling Spiking Glue 35g"},"content":{"rendered":"<h2>Description<\/h2>\n<p>Le Gel GLUED TUBE Got 2B SPIKING GLUE de la gamme GOT 2B de Schwarkopf permet de fixer vos coiffures pour une longue dur\u00e9e.<\/p>\n<p>Utiliser sur cheveux humides. Pressez une petite quantit\u00e9 dans les paumes, frottez les mains ensemble et r\u00e9partissez uniform\u00e9ment dans les cheveux. Pour les pointes exag\u00e9r\u00e9es, appliquez sur le bout des doigts et tirez dans les cheveux en tordant les pointes.<\/p>\n<p>Piquez-la, tordez-la ou cr\u00e9ez le style de votre choix, la colle coiffante coll\u00e9e Got2b est le moyen id\u00e9al pour que vos cheveux restent comme vous le souhaitez.<\/p>\n","protected":false},"excerpt":{"rendered":"<p>Description Le Gel GLUED TUBE Got 2B SPIKING GLUE de la gamme GOT 2B de Schwarkopf permet de fixer vos coiffures pour une longue dur\u00e9e. Utiliser sur cheveux humides. Pressez une petite quantit\u00e9 dans les paumes, frottez les mains ensemble et r\u00e9partissez uniform\u00e9ment dans les cheveux. Pour les pointes exag\u00e9r\u00e9es, appliquez sur le bout des [&hellip;]<\/p>\n","protected":false},"featured_media":3748,"comment_status":"open","ping_status":"closed","template":"","meta":{"content-type":"","_uag_custom_page_level_css":""},"pwb-brand":[],"product_brand":[],"product_cat":[377,327,328,329,417,407],"product_tag":[],"class_list":{"0":"post-3749","1":"product","2":"type-product","3":"status-publish","4":"has-post-thumbnail","6":"product_cat-cheveux","7":"product_cat-hmizat","8":"product_cat-nouveautes","9":"product_cat-produits-americains","10":"product_cat-schwarzkopf","11":"product_cat-soin-des-cils-et-sourcils","13":"first","14":"instock","15":"shipping-taxable","16":"purchasable","17":"product-type-simple"},"aioseo_notices":[],"uagb_featured_image_src":{"full":["https:\/\/wavexia.com\/wp-content\/uploads\/2025\/10\/61rmUEpI-L._AC_UF10001000_QL80_.jpg",1000,1000,false],"thumbnail":["https:\/\/wavexia.com\/wp-content\/uploads\/2025\/10\/61rmUEpI-L._AC_UF10001000_QL80_-150x150.jpg",150,150,true],"medium":["https:\/\/wavexia.com\/wp-content\/uploads\/2025\/10\/61rmUEpI-L._AC_UF10001000_QL80_-300x300.jpg",300,300,true],"medium_large":["https:\/\/wavexia.com\/wp-content\/uploads\/2025\/10\/61rmUEpI-L._AC_UF10001000_QL80_-768x768.jpg",768,768,true],"large":["https:\/\/wavexia.com\/wp-content\/uploads\/2025\/10\/61rmUEpI-L._AC_UF10001000_QL80_.jpg",1000,1000,false],"1536x1536":["https:\/\/wavexia.com\/wp-content\/uploads\/2025\/10\/61rmUEpI-L._AC_UF10001000_QL80_.jpg",1000,1000,false],"2048x2048":["https:\/\/wavexia.com\/wp-content\/uploads\/2025\/10\/61rmUEpI-L._AC_UF10001000_QL80_.jpg",1000,1000,false],"woocommerce_archive_thumbnail":["https:\/\/wavexia.com\/wp-content\/uploads\/2025\/10\/61rmUEpI-L._AC_UF10001000_QL80_-300x300.jpg",300,300,true],"woocommerce_thumbnail":["https:\/\/wavexia.com\/wp-content\/uploads\/2025\/10\/61rmUEpI-L._AC_UF10001000_QL80_-300x300.jpg",300,300,true],"woocommerce_single":["https:\/\/wavexia.com\/wp-content\/uploads\/2025\/10\/61rmUEpI-L._AC_UF10001000_QL80_-600x600.jpg",600,600,true],"woocommerce_gallery_thumbnail":["https:\/\/wavexia.com\/wp-content\/uploads\/2025\/10\/61rmUEpI-L._AC_UF10001000_QL80_-100x100.jpg",100,100,true]},"uagb_author_info":{"display_name":"zineddine.ayoub98@gmail.com","author_link":"https:\/\/wavexia.com\/?author=0"},"uagb_comment_info":0,"uagb_excerpt":"Description Le Gel GLUED TUBE Got 2B SPIKING GLUE de la gamme GOT 2B de Schwarkopf permet de fixer vos coiffures pour une longue dur\u00e9e. Utiliser sur cheveux humides. Pressez une petite quantit\u00e9 dans les paumes, frottez les mains ensemble et r\u00e9partissez uniform\u00e9ment dans les cheveux. Pour les pointes exag\u00e9r\u00e9es, appliquez sur le bout des&hellip;","brands":[],"_links":{"self":[{"href":"https:\/\/wavexia.com\/index.php?rest_route=\/wp\/v2\/product\/3749","targetHints":{"allow":["GET"]}}],"collection":[{"href":"https:\/\/wavexia.com\/index.php?rest_route=\/wp\/v2\/product"}],"about":[{"href":"https:\/\/wavexia.com\/index.php?rest_route=\/wp\/v2\/types\/product"}],"replies":[{"embeddable":true,"href":"https:\/\/wavexia.com\/index.php?rest_route=%2Fwp%2Fv2%2Fcomments&post=3749"}],"wp:featuredmedia":[{"embeddable":true,"href":"https:\/\/wavexia.com\/index.php?rest_route=\/wp\/v2\/media\/3748"}],"wp:attachment":[{"href":"https:\/\/wavexia.com\/index.php?rest_route=%2Fwp%2Fv2%2Fmedia&parent=3749"}],"wp:term":[{"taxonomy":"pwb-brand","embeddable":true,"href":"https:\/\/wavexia.com\/index.php?rest_route=%2Fwp%2Fv2%2Fpwb-brand&post=3749"},{"taxonomy":"product_brand","embeddable":true,"href":"https:\/\/wavexia.com\/index.php?rest_route=%2Fwp%2Fv2%2Fproduct_brand&post=3749"},{"taxonomy":"product_cat","embeddable":true,"href":"https:\/\/wavexia.com\/index.php?rest_route=%2Fwp%2Fv2%2Fproduct_cat&post=3749"},{"taxonomy":"product_tag","embeddable":true,"href":"https:\/\/wavexia.com\/index.php?rest_route=%2Fwp%2Fv2%2Fproduct_tag&post=3749"}],"curies":[{"name":"wp","href":"https:\/\/api.w.org\/{rel}","templated":true}]}}