{"id":3744,"date":"2025-10-19T08:56:37","date_gmt":"2025-10-19T08:56:37","guid":{"rendered":"https:\/\/wavexia.com\/product\/neocell-super-collagene-vitamine-c-et-biotine-180-comprimes\/"},"modified":"2026-03-10T07:30:57","modified_gmt":"2026-03-10T07:30:57","slug":"neocell-super-collagene-vitamine-c-et-biotine-180-comprimes","status":"publish","type":"product","link":"https:\/\/wavexia.com\/?product=neocell-super-collagene-vitamine-c-et-biotine-180-comprimes","title":{"rendered":"NeoCell, Super collag\u00e8ne + vitamine C et biotine, 180 comprim\u00e9s"},"content":{"rendered":"<h2>Description<\/h2>\n<p><strong>Anti-\u00e2ge avec le super collag\u00e8ne NeoCell\u00ae + vitamine&nbsp;C et biotine<\/strong><\/p>\n<p>Le collag\u00e8ne repr\u00e9sente 25&nbsp;% des prot\u00e9ines de votre corps. Il soutient non seulement votre peau et vos cheveux, mais aussi vos ongles et vos articulations. Cependant, votre corps en fabrique moins \u00e0 partir de 20&nbsp;ans. Le produit Super collag\u00e8ne + vitamine&nbsp;C et biotine de NeoCell donne \u00e0 votre corps un coup de pouce pour favoriser une peau, des cheveux et des ongles radieux et sains tout en vous aidant \u00e0 vous sentir au meilleur de votre forme \u00e0 tout \u00e2ge.<\/p>\n<p><strong>Super collag\u00e8ne + vitamine&nbsp;C et biotine de NeoCell&nbsp;:<\/strong><\/p>\n<ul>\n<li>3&nbsp;g de collag\u00e8ne hydrolys\u00e9 facile \u00e0 absorber<\/li>\n<li>Apport en vitamine&nbsp;C et en biotine<\/li>\n<li>La marque n\u00b0&nbsp;1 de comprim\u00e9s de collag\u00e8ne<sup>\u2227<\/sup><\/li>\n<li>Appuy\u00e9 par plus de 25&nbsp;ans d\u2019expertise dans le domaine du collag\u00e8ne<\/li>\n<\/ul>\n<p><strong>Conseils d\u2019utilisation:<\/strong><\/p>\n<p>Trois (3) comprim\u00e9s par jour.<\/p>\n<h5><strong>Avertissements<\/strong><\/h5>\n<p>\u00c0 conserver dans un endroit frais et sec.<\/p>\n<p>Tenir hors de port\u00e9e des enfants.<\/p>\n<p>Consultez votre m\u00e9decin avant utilisation en cas de grossesse, d\u2019allaitement, d\u2019affection m\u00e9dicale ou de traitement m\u00e9dicamenteux.<\/p>\n<p>Scell\u00e9&nbsp;: Ne pas utiliser si l\u2019opercule de protection est perc\u00e9 ou manquant.<\/p>\n<p>Avertissement&nbsp;: utiliser ce produit uniquement comme compl\u00e9ment alimentaire. Ne pas utiliser dans le cadre d\u2019une perte de poids.<\/p>\n","protected":false},"excerpt":{"rendered":"<p>Description Anti-\u00e2ge avec le super collag\u00e8ne NeoCell\u00ae + vitamine&nbsp;C et biotine Le collag\u00e8ne repr\u00e9sente 25&nbsp;% des prot\u00e9ines de votre corps. Il soutient non seulement votre peau et vos cheveux, mais aussi vos ongles et vos articulations. Cependant, votre corps en fabrique moins \u00e0 partir de 20&nbsp;ans. Le produit Super collag\u00e8ne + vitamine&nbsp;C et biotine de [&hellip;]<\/p>\n","protected":false},"featured_media":3743,"comment_status":"open","ping_status":"closed","template":"","meta":{"content-type":"","_uag_custom_page_level_css":""},"pwb-brand":[],"product_brand":[],"product_cat":[330,327],"product_tag":[],"class_list":{"0":"post-3744","1":"product","2":"type-product","3":"status-publish","4":"has-post-thumbnail","6":"product_cat-complements-alimentaires","7":"product_cat-hmizat","9":"first","10":"instock","11":"sale","12":"shipping-taxable","13":"purchasable","14":"product-type-simple"},"aioseo_notices":[],"uagb_featured_image_src":{"full":["https:\/\/wavexia.com\/wp-content\/uploads\/2025\/10\/pdt2_5_7_2_1_700x700_AAAAC34572_5.jpg",700,700,false],"thumbnail":["https:\/\/wavexia.com\/wp-content\/uploads\/2025\/10\/pdt2_5_7_2_1_700x700_AAAAC34572_5-150x150.jpg",150,150,true],"medium":["https:\/\/wavexia.com\/wp-content\/uploads\/2025\/10\/pdt2_5_7_2_1_700x700_AAAAC34572_5-300x300.jpg",300,300,true],"medium_large":["https:\/\/wavexia.com\/wp-content\/uploads\/2025\/10\/pdt2_5_7_2_1_700x700_AAAAC34572_5.jpg",700,700,false],"large":["https:\/\/wavexia.com\/wp-content\/uploads\/2025\/10\/pdt2_5_7_2_1_700x700_AAAAC34572_5.jpg",700,700,false],"1536x1536":["https:\/\/wavexia.com\/wp-content\/uploads\/2025\/10\/pdt2_5_7_2_1_700x700_AAAAC34572_5.jpg",700,700,false],"2048x2048":["https:\/\/wavexia.com\/wp-content\/uploads\/2025\/10\/pdt2_5_7_2_1_700x700_AAAAC34572_5.jpg",700,700,false],"woocommerce_archive_thumbnail":["https:\/\/wavexia.com\/wp-content\/uploads\/2025\/10\/pdt2_5_7_2_1_700x700_AAAAC34572_5-300x300.jpg",300,300,true],"woocommerce_thumbnail":["https:\/\/wavexia.com\/wp-content\/uploads\/2025\/10\/pdt2_5_7_2_1_700x700_AAAAC34572_5-300x300.jpg",300,300,true],"woocommerce_single":["https:\/\/wavexia.com\/wp-content\/uploads\/2025\/10\/pdt2_5_7_2_1_700x700_AAAAC34572_5-600x600.jpg",600,600,true],"woocommerce_gallery_thumbnail":["https:\/\/wavexia.com\/wp-content\/uploads\/2025\/10\/pdt2_5_7_2_1_700x700_AAAAC34572_5-100x100.jpg",100,100,true]},"uagb_author_info":{"display_name":"zineddine.ayoub98@gmail.com","author_link":"https:\/\/wavexia.com\/?author=0"},"uagb_comment_info":0,"uagb_excerpt":"Description Anti-\u00e2ge avec le super collag\u00e8ne NeoCell\u00ae + vitamine&nbsp;C et biotine Le collag\u00e8ne repr\u00e9sente 25&nbsp;% des prot\u00e9ines de votre corps. Il soutient non seulement votre peau et vos cheveux, mais aussi vos ongles et vos articulations. Cependant, votre corps en fabrique moins \u00e0 partir de 20&nbsp;ans. Le produit Super collag\u00e8ne + vitamine&nbsp;C et biotine de&hellip;","brands":[],"_links":{"self":[{"href":"https:\/\/wavexia.com\/index.php?rest_route=\/wp\/v2\/product\/3744","targetHints":{"allow":["GET"]}}],"collection":[{"href":"https:\/\/wavexia.com\/index.php?rest_route=\/wp\/v2\/product"}],"about":[{"href":"https:\/\/wavexia.com\/index.php?rest_route=\/wp\/v2\/types\/product"}],"replies":[{"embeddable":true,"href":"https:\/\/wavexia.com\/index.php?rest_route=%2Fwp%2Fv2%2Fcomments&post=3744"}],"wp:featuredmedia":[{"embeddable":true,"href":"https:\/\/wavexia.com\/index.php?rest_route=\/wp\/v2\/media\/3743"}],"wp:attachment":[{"href":"https:\/\/wavexia.com\/index.php?rest_route=%2Fwp%2Fv2%2Fmedia&parent=3744"}],"wp:term":[{"taxonomy":"pwb-brand","embeddable":true,"href":"https:\/\/wavexia.com\/index.php?rest_route=%2Fwp%2Fv2%2Fpwb-brand&post=3744"},{"taxonomy":"product_brand","embeddable":true,"href":"https:\/\/wavexia.com\/index.php?rest_route=%2Fwp%2Fv2%2Fproduct_brand&post=3744"},{"taxonomy":"product_cat","embeddable":true,"href":"https:\/\/wavexia.com\/index.php?rest_route=%2Fwp%2Fv2%2Fproduct_cat&post=3744"},{"taxonomy":"product_tag","embeddable":true,"href":"https:\/\/wavexia.com\/index.php?rest_route=%2Fwp%2Fv2%2Fproduct_tag&post=3744"}],"curies":[{"name":"wp","href":"https:\/\/api.w.org\/{rel}","templated":true}]}}