{"id":3737,"date":"2025-10-19T08:56:29","date_gmt":"2025-10-19T08:56:29","guid":{"rendered":"https:\/\/wavexia.com\/product\/purito-seoul-mighty-bamboo-panthenol-cream-100ml\/"},"modified":"2026-03-10T07:30:57","modified_gmt":"2026-03-10T07:30:57","slug":"purito-seoul-mighty-bamboo-panthenol-cream-100ml","status":"publish","type":"product","link":"https:\/\/wavexia.com\/?product=purito-seoul-mighty-bamboo-panthenol-cream-100ml","title":{"rendered":"Purito S\u00c9OUL \u2013 Mighty Bamboo Panthenol Cream 100ml"},"content":{"rendered":"<h2>Description<\/h2>\n<div class=\"body-content-wrapper\">\n<p>La cr\u00e8me Purito SEOUL Mighty Bamboo Panthenol est une cr\u00e8me hydratante puissante con\u00e7ue pour r\u00e9parer et renforcer la barri\u00e8re cutan\u00e9e tout en offrant un \u00e9clat radieux. Formul\u00e9e avec 10 % de panth\u00e9nol \u00e0 haute concentration, cette cr\u00e8me fortifie intens\u00e9ment les d\u00e9fenses naturelles de votre peau, ce qui en fait le compagnon id\u00e9al apr\u00e8s avoir utilis\u00e9 des ingr\u00e9dients actifs comme la vitamine C, le r\u00e9tinol ou les AHA\/BHA.<\/p>\n<p>Enrichi en extrait de bambou et en Centella Asiatica, il hydrate et apaise les peaux s\u00e8ches et sensibles, les laissant rafra\u00eechies et r\u00e9sistantes. Test\u00e9e par des dermatologues, cette cr\u00e8me est votre solution de pr\u00e9dilection pour obtenir une peau saine et \u00e9clatante.<\/p>\n<p><strong>Recommand\u00e9 pour :&nbsp;<\/strong>Peaux sensibles, s\u00e8ches, tous types de peaux.<\/p>\n<p><strong>Mode d\u2019emploi :<\/strong><\/p>\n<ul>\n<li>Apr\u00e8s avoir nettoy\u00e9 et tonifi\u00e9 la peau.<\/li>\n<li>Appliquez une quantit\u00e9 appropri\u00e9e de cr\u00e8me en \u00e9vitant le contour des yeux et de la bouche.<\/li>\n<li>Massez doucement sur la peau.<\/li>\n<\/ul>\n<p><strong>Ingr\u00e9dients:<\/strong><\/p>\n<p>Extrait de Centella Asiatica, Panth\u00e9nol, Squalane, Butyl\u00e8ne Glycol, Eau, 1,2-Hexanediol, Niacinamide, Esters de jojoba hydrolys\u00e9s, Acrylates\/C10-30 Alkyl Acrylate Crosspolymer, Ammonium Acryloyldimethyltaurate\/VP Copolymer, Hydroxyac\u00e9toph\u00e9none, Tromethamine, Glycyrrhizate dipotassique, Ethylhexylglyc\u00e9rine, EDTA disodique, Gomme xanthane, Hyaluronate de sodium, Madecassoside, Asiaticoside, Acide asiatique, Tripeptide-1 de cuivre, Acide mad\u00e9cassique<\/p>\n<div id=\"web-pixels-manager-sandbox-container\" tabindex=\"-1\" aria-hidden=\"true\" data-shopify-privacy=\"exclude\"><\/div>\n<div id=\"shopify-section-template--19900694888797__product-recommendations\" class=\"shopify-section halo-product-block-sections\">\n<div id=\"halo-recommendations-block-template--19900694888797__product-recommendations\" class=\"halo-block halo-product-block halo-recommendations-block section-block-template--19900694888797__product-recommendations\" data-limit=\"10\" data-layout=\"slider\" data-url=\"\/recommendations\/products?section_id=template--19900694888797__product-recommendations&amp;product_id=4641941880895&amp;limit=10\" data-image-ratio=\"\" data-swipe=\"false\" data-recommendations-block=\"\">\n<div class=\"wrapper-container container\">\n<div class=\"halo-block-header text-center block-title--style1\"><\/div>\n<\/div>\n<\/div>\n<\/div>\n<\/div>\n","protected":false},"excerpt":{"rendered":"<p>Description La cr\u00e8me Purito SEOUL Mighty Bamboo Panthenol est une cr\u00e8me hydratante puissante con\u00e7ue pour r\u00e9parer et renforcer la barri\u00e8re cutan\u00e9e tout en offrant un \u00e9clat radieux. Formul\u00e9e avec 10 % de panth\u00e9nol \u00e0 haute concentration, cette cr\u00e8me fortifie intens\u00e9ment les d\u00e9fenses naturelles de votre peau, ce qui en fait le compagnon id\u00e9al apr\u00e8s avoir [&hellip;]<\/p>\n","protected":false},"featured_media":3736,"comment_status":"open","ping_status":"closed","template":"","meta":{"content-type":"","_uag_custom_page_level_css":""},"pwb-brand":[],"product_brand":[],"product_cat":[324,334,405],"product_tag":[],"class_list":{"0":"post-3737","1":"product","2":"type-product","3":"status-publish","4":"has-post-thumbnail","6":"product_cat-creme","7":"product_cat-produits-coreens","8":"product_cat-purito-seoul","10":"first","11":"instock","12":"sale","13":"shipping-taxable","14":"purchasable","15":"product-type-simple"},"aioseo_notices":[],"uagb_featured_image_src":{"full":["https:\/\/wavexia.com\/wp-content\/uploads\/2025\/10\/Product-page-sizes_9372bbc3-6e4c-4762-af73-32142ac8b3b6.webp",800,800,false],"thumbnail":["https:\/\/wavexia.com\/wp-content\/uploads\/2025\/10\/Product-page-sizes_9372bbc3-6e4c-4762-af73-32142ac8b3b6-150x150.webp",150,150,true],"medium":["https:\/\/wavexia.com\/wp-content\/uploads\/2025\/10\/Product-page-sizes_9372bbc3-6e4c-4762-af73-32142ac8b3b6-300x300.webp",300,300,true],"medium_large":["https:\/\/wavexia.com\/wp-content\/uploads\/2025\/10\/Product-page-sizes_9372bbc3-6e4c-4762-af73-32142ac8b3b6-768x768.webp",768,768,true],"large":["https:\/\/wavexia.com\/wp-content\/uploads\/2025\/10\/Product-page-sizes_9372bbc3-6e4c-4762-af73-32142ac8b3b6.webp",800,800,false],"1536x1536":["https:\/\/wavexia.com\/wp-content\/uploads\/2025\/10\/Product-page-sizes_9372bbc3-6e4c-4762-af73-32142ac8b3b6.webp",800,800,false],"2048x2048":["https:\/\/wavexia.com\/wp-content\/uploads\/2025\/10\/Product-page-sizes_9372bbc3-6e4c-4762-af73-32142ac8b3b6.webp",800,800,false],"woocommerce_archive_thumbnail":["https:\/\/wavexia.com\/wp-content\/uploads\/2025\/10\/Product-page-sizes_9372bbc3-6e4c-4762-af73-32142ac8b3b6-300x300.webp",300,300,true],"woocommerce_thumbnail":["https:\/\/wavexia.com\/wp-content\/uploads\/2025\/10\/Product-page-sizes_9372bbc3-6e4c-4762-af73-32142ac8b3b6-300x300.webp",300,300,true],"woocommerce_single":["https:\/\/wavexia.com\/wp-content\/uploads\/2025\/10\/Product-page-sizes_9372bbc3-6e4c-4762-af73-32142ac8b3b6-600x600.webp",600,600,true],"woocommerce_gallery_thumbnail":["https:\/\/wavexia.com\/wp-content\/uploads\/2025\/10\/Product-page-sizes_9372bbc3-6e4c-4762-af73-32142ac8b3b6-100x100.webp",100,100,true]},"uagb_author_info":{"display_name":"zineddine.ayoub98@gmail.com","author_link":"https:\/\/wavexia.com\/?author=0"},"uagb_comment_info":0,"uagb_excerpt":"Description La cr\u00e8me Purito SEOUL Mighty Bamboo Panthenol est une cr\u00e8me hydratante puissante con\u00e7ue pour r\u00e9parer et renforcer la barri\u00e8re cutan\u00e9e tout en offrant un \u00e9clat radieux. Formul\u00e9e avec 10 % de panth\u00e9nol \u00e0 haute concentration, cette cr\u00e8me fortifie intens\u00e9ment les d\u00e9fenses naturelles de votre peau, ce qui en fait le compagnon id\u00e9al apr\u00e8s avoir&hellip;","brands":[],"_links":{"self":[{"href":"https:\/\/wavexia.com\/index.php?rest_route=\/wp\/v2\/product\/3737","targetHints":{"allow":["GET"]}}],"collection":[{"href":"https:\/\/wavexia.com\/index.php?rest_route=\/wp\/v2\/product"}],"about":[{"href":"https:\/\/wavexia.com\/index.php?rest_route=\/wp\/v2\/types\/product"}],"replies":[{"embeddable":true,"href":"https:\/\/wavexia.com\/index.php?rest_route=%2Fwp%2Fv2%2Fcomments&post=3737"}],"wp:featuredmedia":[{"embeddable":true,"href":"https:\/\/wavexia.com\/index.php?rest_route=\/wp\/v2\/media\/3736"}],"wp:attachment":[{"href":"https:\/\/wavexia.com\/index.php?rest_route=%2Fwp%2Fv2%2Fmedia&parent=3737"}],"wp:term":[{"taxonomy":"pwb-brand","embeddable":true,"href":"https:\/\/wavexia.com\/index.php?rest_route=%2Fwp%2Fv2%2Fpwb-brand&post=3737"},{"taxonomy":"product_brand","embeddable":true,"href":"https:\/\/wavexia.com\/index.php?rest_route=%2Fwp%2Fv2%2Fproduct_brand&post=3737"},{"taxonomy":"product_cat","embeddable":true,"href":"https:\/\/wavexia.com\/index.php?rest_route=%2Fwp%2Fv2%2Fproduct_cat&post=3737"},{"taxonomy":"product_tag","embeddable":true,"href":"https:\/\/wavexia.com\/index.php?rest_route=%2Fwp%2Fv2%2Fproduct_tag&post=3737"}],"curies":[{"name":"wp","href":"https:\/\/api.w.org\/{rel}","templated":true}]}}