{"id":3722,"date":"2025-10-19T08:56:19","date_gmt":"2025-10-19T08:56:19","guid":{"rendered":"https:\/\/wavexia.com\/product\/cosrx-the-vitamin-c-23-serum-20ml\/"},"modified":"2026-03-10T07:30:57","modified_gmt":"2026-03-10T07:30:57","slug":"cosrx-the-vitamin-c-23-serum-20ml","status":"publish","type":"product","link":"https:\/\/wavexia.com\/?product=cosrx-the-vitamin-c-23-serum-20ml","title":{"rendered":"Cosrx \u2013 The Vitamin C 23 Serum 20ml"},"content":{"rendered":"<h2>Description<\/h2>\n<p>Le s\u00e9rum COSRX The Vitamin C 23 est un s\u00e9rum hautement concentr\u00e9 en vitamine C avec 23% de vitamine C adapt\u00e9 \u00e0 tous les types de peau, sauf les peaux sensibles. Ce s\u00e9rum s\u2019attaque \u00e0 la peau terne, aux taches brunes, aux cicatrices d\u2019acn\u00e9, aux impuret\u00e9s, aux rides et ridules ! Parlez d\u2019un s\u00e9rum multifonctionnel! De plus, la vitamine C aide \u00e9galement \u00e0 prot\u00e9ger votre peau contre les rayons UV.<\/p>\n<p>L\u2019effet de la vitamine C est renforc\u00e9 et soutenu par la vitamine E. Le s\u00e9rum contient \u00e9galement de l\u2019acide hyaluronique pour hydrater votre peau et l\u2019hydrater. L\u2019allanto\u00efne apaise votre peau et r\u00e9duit les irritations. De plus, ce s\u00e9rum est \u00e9galement sans parfum !<\/p>\n<p>Pour une peau encore plus \u00e9clatante !<\/p>\n<p><strong>Ce s\u00e9rum :<\/strong><\/p>\n<ul>\n<li>convient \u00e0 tous les types de peau, sauf les peaux sensibles<\/li>\n<li>s\u2019attaque \u00e0 la peau terne, aux taches brunes et aux cicatrices d\u2019acn\u00e9<\/li>\n<li>unifie votre peau et r\u00e9duit les rides et ridules<\/li>\n<li>aide \u00e0 prot\u00e9ger contre les rayons UV<\/li>\n<li>La vitamine E renforce la formule<\/li>\n<li>l\u2019acide hyaluronique hydrate<\/li>\n<li>L\u2019allanto\u00efne se calme<\/li>\n<li>sans parfum<\/li>\n<li>sans cruaut\u00e9<\/li>\n<\/ul>\n<p><strong>Comment utiliser:<\/strong><\/p>\n<ul>\n<li>Appliquer sur une peau s\u00e8che et nettoy\u00e9e.<\/li>\n<li>Appliquer 2 \u00e0 3 gouttes de s\u00e9rum.<\/li>\n<li>Massez votre peau.<\/li>\n<li>Appliquez une cr\u00e8me hydratante maintenant et suivez le matin avec un&nbsp;<a title=\"spf\" href=\"https:\/\/www.boozyshop.nl\/skincare\/skincare-routine\/7-spf\/\">SPF<\/a>&nbsp;.<\/li>\n<li>Appliquer matin et\/ou soir.<\/li>\n<\/ul>\n<p>&nbsp;<\/p>\n","protected":false},"excerpt":{"rendered":"<p>Description Le s\u00e9rum COSRX The Vitamin C 23 est un s\u00e9rum hautement concentr\u00e9 en vitamine C avec 23% de vitamine C adapt\u00e9 \u00e0 tous les types de peau, sauf les peaux sensibles. Ce s\u00e9rum s\u2019attaque \u00e0 la peau terne, aux taches brunes, aux cicatrices d\u2019acn\u00e9, aux impuret\u00e9s, aux rides et ridules ! Parlez d\u2019un s\u00e9rum [&hellip;]<\/p>\n","protected":false},"featured_media":3721,"comment_status":"open","ping_status":"closed","template":"","meta":{"content-type":"","_uag_custom_page_level_css":""},"pwb-brand":[],"product_brand":[],"product_cat":[347,327,334,338,387],"product_tag":[],"class_list":{"0":"post-3722","1":"product","2":"type-product","3":"status-publish","4":"has-post-thumbnail","6":"product_cat-cosrx","7":"product_cat-hmizat","8":"product_cat-produits-coreens","9":"product_cat-serum-ampoule","10":"product_cat-vitamin-c","12":"first","13":"instock","14":"sale","15":"shipping-taxable","16":"purchasable","17":"product-type-simple"},"aioseo_notices":[],"uagb_featured_image_src":{"full":["https:\/\/wavexia.com\/wp-content\/uploads\/2025\/10\/Product-page-sizes_38a1dbb1-b350-41a4-ae1f-1eaa7527a23c.webp",800,800,false],"thumbnail":["https:\/\/wavexia.com\/wp-content\/uploads\/2025\/10\/Product-page-sizes_38a1dbb1-b350-41a4-ae1f-1eaa7527a23c-150x150.webp",150,150,true],"medium":["https:\/\/wavexia.com\/wp-content\/uploads\/2025\/10\/Product-page-sizes_38a1dbb1-b350-41a4-ae1f-1eaa7527a23c-300x300.webp",300,300,true],"medium_large":["https:\/\/wavexia.com\/wp-content\/uploads\/2025\/10\/Product-page-sizes_38a1dbb1-b350-41a4-ae1f-1eaa7527a23c-768x768.webp",768,768,true],"large":["https:\/\/wavexia.com\/wp-content\/uploads\/2025\/10\/Product-page-sizes_38a1dbb1-b350-41a4-ae1f-1eaa7527a23c.webp",800,800,false],"1536x1536":["https:\/\/wavexia.com\/wp-content\/uploads\/2025\/10\/Product-page-sizes_38a1dbb1-b350-41a4-ae1f-1eaa7527a23c.webp",800,800,false],"2048x2048":["https:\/\/wavexia.com\/wp-content\/uploads\/2025\/10\/Product-page-sizes_38a1dbb1-b350-41a4-ae1f-1eaa7527a23c.webp",800,800,false],"woocommerce_archive_thumbnail":["https:\/\/wavexia.com\/wp-content\/uploads\/2025\/10\/Product-page-sizes_38a1dbb1-b350-41a4-ae1f-1eaa7527a23c-300x300.webp",300,300,true],"woocommerce_thumbnail":["https:\/\/wavexia.com\/wp-content\/uploads\/2025\/10\/Product-page-sizes_38a1dbb1-b350-41a4-ae1f-1eaa7527a23c-300x300.webp",300,300,true],"woocommerce_single":["https:\/\/wavexia.com\/wp-content\/uploads\/2025\/10\/Product-page-sizes_38a1dbb1-b350-41a4-ae1f-1eaa7527a23c-600x600.webp",600,600,true],"woocommerce_gallery_thumbnail":["https:\/\/wavexia.com\/wp-content\/uploads\/2025\/10\/Product-page-sizes_38a1dbb1-b350-41a4-ae1f-1eaa7527a23c-100x100.webp",100,100,true]},"uagb_author_info":{"display_name":"zineddine.ayoub98@gmail.com","author_link":"https:\/\/wavexia.com\/?author=0"},"uagb_comment_info":0,"uagb_excerpt":"Description Le s\u00e9rum COSRX The Vitamin C 23 est un s\u00e9rum hautement concentr\u00e9 en vitamine C avec 23% de vitamine C adapt\u00e9 \u00e0 tous les types de peau, sauf les peaux sensibles. Ce s\u00e9rum s\u2019attaque \u00e0 la peau terne, aux taches brunes, aux cicatrices d\u2019acn\u00e9, aux impuret\u00e9s, aux rides et ridules ! Parlez d\u2019un s\u00e9rum&hellip;","brands":[],"_links":{"self":[{"href":"https:\/\/wavexia.com\/index.php?rest_route=\/wp\/v2\/product\/3722","targetHints":{"allow":["GET"]}}],"collection":[{"href":"https:\/\/wavexia.com\/index.php?rest_route=\/wp\/v2\/product"}],"about":[{"href":"https:\/\/wavexia.com\/index.php?rest_route=\/wp\/v2\/types\/product"}],"replies":[{"embeddable":true,"href":"https:\/\/wavexia.com\/index.php?rest_route=%2Fwp%2Fv2%2Fcomments&post=3722"}],"wp:featuredmedia":[{"embeddable":true,"href":"https:\/\/wavexia.com\/index.php?rest_route=\/wp\/v2\/media\/3721"}],"wp:attachment":[{"href":"https:\/\/wavexia.com\/index.php?rest_route=%2Fwp%2Fv2%2Fmedia&parent=3722"}],"wp:term":[{"taxonomy":"pwb-brand","embeddable":true,"href":"https:\/\/wavexia.com\/index.php?rest_route=%2Fwp%2Fv2%2Fpwb-brand&post=3722"},{"taxonomy":"product_brand","embeddable":true,"href":"https:\/\/wavexia.com\/index.php?rest_route=%2Fwp%2Fv2%2Fproduct_brand&post=3722"},{"taxonomy":"product_cat","embeddable":true,"href":"https:\/\/wavexia.com\/index.php?rest_route=%2Fwp%2Fv2%2Fproduct_cat&post=3722"},{"taxonomy":"product_tag","embeddable":true,"href":"https:\/\/wavexia.com\/index.php?rest_route=%2Fwp%2Fv2%2Fproduct_tag&post=3722"}],"curies":[{"name":"wp","href":"https:\/\/api.w.org\/{rel}","templated":true}]}}