{"id":3717,"date":"2025-10-19T08:56:16","date_gmt":"2025-10-19T08:56:16","guid":{"rendered":"https:\/\/wavexia.com\/product\/celimax-the-real-noni-energy-ampoule-mist-50ml\/"},"modified":"2026-03-10T07:30:57","modified_gmt":"2026-03-10T07:30:57","slug":"celimax-the-real-noni-energy-ampoule-mist-50ml","status":"publish","type":"product","link":"https:\/\/wavexia.com\/?product=celimax-the-real-noni-energy-ampoule-mist-50ml","title":{"rendered":"Celimax The Real Noni Energy Ampoule Mist 50ml"},"content":{"rendered":"<h2>Description<\/h2>\n<p>La Real Noni Energy Ampoule Mist Celimax est une ampoule fra\u00eeche et concentr\u00e9e qui diffuse la nutrition et l\u2019\u00e9nergie du noni au plus profond de la peau. Elle est enrichie de 81,67 % d\u2019extrait de noni qui offre plus de 200 sortes de nutriments b\u00e9n\u00e9fiques \u00e0 la peau. Cette brume ultra-hydratante repulpe la peau et aide \u00e0 r\u00e9duire les rides et les ridules. Elle p\u00e9n\u00e8tre rapidement dans la peau pour un fini l\u00e9ger afin d\u2019apporter une hydratation intense \u00e0 la peau. Sans parfums ni colorants artificiels.<\/p>\n<p><strong>Conseils d\u2019utilisation :<\/strong><\/p>\n<ul>\n<li>Vaporise une quantit\u00e9 appropri\u00e9e \u00e0 une distance de 10 \u00e0 15 cm, les yeux ferm\u00e9s.<\/li>\n<\/ul>\n<p><strong>Ingr\u00e9dients :<\/strong><\/p>\n<p>Extrait de Fruit de Morinda Citrifolia (71,77%), Butyl\u00e8ne Glycol, Propanediol, Glyc\u00e9rine, 1,2-Hexanediol, Succinate de Di\u00e9thoxy\u00e9thyle, Copolym\u00e8re Acrylate de Glyc\u00e9ryle\/Acide Acrylique, Huile de Graine de Morinda Citrifolia, C\u00e9ramide NP, Huile de Fruit d\u2019Olea Europaea (Olive), Beurre de Butyrospermum Parkii (Karit\u00e9), Squalane, Huile de Feuille de Rosmarinus Officinalis (Romarin), Extrait de Feuille de Melia Azadirachta, Extrait de Fleur de Melia Azadirachta, Extrait de Theobroma Cacao (Cacao), Dextrine, Phytosphingosine, Cholest\u00e9rol, Hyaluronate de Sodium, L\u00e9cithine Hydrog\u00e9n\u00e9e, C12-13 Pareth-9, Polyacryloyldim\u00e9thyl Taurate de Sodium, Triglyc\u00e9ride Caprylique\/Caprique, Eau, Allanto\u00efne, Ad\u00e9nosine, Disodium EDTA, Chlorph\u00e9n\u00e9sine.<\/p>\n","protected":false},"excerpt":{"rendered":"<p>Description La Real Noni Energy Ampoule Mist Celimax est une ampoule fra\u00eeche et concentr\u00e9e qui diffuse la nutrition et l\u2019\u00e9nergie du noni au plus profond de la peau. Elle est enrichie de 81,67 % d\u2019extrait de noni qui offre plus de 200 sortes de nutriments b\u00e9n\u00e9fiques \u00e0 la peau. Cette brume ultra-hydratante repulpe la peau [&hellip;]<\/p>\n","protected":false},"featured_media":3716,"comment_status":"open","ping_status":"closed","template":"","meta":{"content-type":"","_uag_custom_page_level_css":""},"pwb-brand":[],"product_brand":[],"product_cat":[333,328,334,338],"product_tag":[],"class_list":{"0":"post-3717","1":"product","2":"type-product","3":"status-publish","4":"has-post-thumbnail","6":"product_cat-celimax","7":"product_cat-nouveautes","8":"product_cat-produits-coreens","9":"product_cat-serum-ampoule","11":"first","12":"instock","13":"sale","14":"shipping-taxable","15":"purchasable","16":"product-type-simple"},"aioseo_notices":[],"uagb_featured_image_src":{"full":["https:\/\/wavexia.com\/wp-content\/uploads\/2025\/10\/image-2.webp",1370,1370,false],"thumbnail":["https:\/\/wavexia.com\/wp-content\/uploads\/2025\/10\/image-2-150x150.webp",150,150,true],"medium":["https:\/\/wavexia.com\/wp-content\/uploads\/2025\/10\/image-2-300x300.webp",300,300,true],"medium_large":["https:\/\/wavexia.com\/wp-content\/uploads\/2025\/10\/image-2-768x768.webp",768,768,true],"large":["https:\/\/wavexia.com\/wp-content\/uploads\/2025\/10\/image-2-1024x1024.webp",1024,1024,true],"1536x1536":["https:\/\/wavexia.com\/wp-content\/uploads\/2025\/10\/image-2.webp",1370,1370,false],"2048x2048":["https:\/\/wavexia.com\/wp-content\/uploads\/2025\/10\/image-2.webp",1370,1370,false],"woocommerce_archive_thumbnail":["https:\/\/wavexia.com\/wp-content\/uploads\/2025\/10\/image-2-300x300.webp",300,300,true],"woocommerce_thumbnail":["https:\/\/wavexia.com\/wp-content\/uploads\/2025\/10\/image-2-300x300.webp",300,300,true],"woocommerce_single":["https:\/\/wavexia.com\/wp-content\/uploads\/2025\/10\/image-2-600x600.webp",600,600,true],"woocommerce_gallery_thumbnail":["https:\/\/wavexia.com\/wp-content\/uploads\/2025\/10\/image-2-100x100.webp",100,100,true]},"uagb_author_info":{"display_name":"zineddine.ayoub98@gmail.com","author_link":"https:\/\/wavexia.com\/?author=0"},"uagb_comment_info":0,"uagb_excerpt":"Description La Real Noni Energy Ampoule Mist Celimax est une ampoule fra\u00eeche et concentr\u00e9e qui diffuse la nutrition et l\u2019\u00e9nergie du noni au plus profond de la peau. Elle est enrichie de 81,67 % d\u2019extrait de noni qui offre plus de 200 sortes de nutriments b\u00e9n\u00e9fiques \u00e0 la peau. Cette brume ultra-hydratante repulpe la peau&hellip;","brands":[],"_links":{"self":[{"href":"https:\/\/wavexia.com\/index.php?rest_route=\/wp\/v2\/product\/3717","targetHints":{"allow":["GET"]}}],"collection":[{"href":"https:\/\/wavexia.com\/index.php?rest_route=\/wp\/v2\/product"}],"about":[{"href":"https:\/\/wavexia.com\/index.php?rest_route=\/wp\/v2\/types\/product"}],"replies":[{"embeddable":true,"href":"https:\/\/wavexia.com\/index.php?rest_route=%2Fwp%2Fv2%2Fcomments&post=3717"}],"wp:featuredmedia":[{"embeddable":true,"href":"https:\/\/wavexia.com\/index.php?rest_route=\/wp\/v2\/media\/3716"}],"wp:attachment":[{"href":"https:\/\/wavexia.com\/index.php?rest_route=%2Fwp%2Fv2%2Fmedia&parent=3717"}],"wp:term":[{"taxonomy":"pwb-brand","embeddable":true,"href":"https:\/\/wavexia.com\/index.php?rest_route=%2Fwp%2Fv2%2Fpwb-brand&post=3717"},{"taxonomy":"product_brand","embeddable":true,"href":"https:\/\/wavexia.com\/index.php?rest_route=%2Fwp%2Fv2%2Fproduct_brand&post=3717"},{"taxonomy":"product_cat","embeddable":true,"href":"https:\/\/wavexia.com\/index.php?rest_route=%2Fwp%2Fv2%2Fproduct_cat&post=3717"},{"taxonomy":"product_tag","embeddable":true,"href":"https:\/\/wavexia.com\/index.php?rest_route=%2Fwp%2Fv2%2Fproduct_tag&post=3717"}],"curies":[{"name":"wp","href":"https:\/\/api.w.org\/{rel}","templated":true}]}}