{"id":3711,"date":"2025-10-19T08:56:12","date_gmt":"2025-10-19T08:56:12","guid":{"rendered":"https:\/\/wavexia.com\/product\/numbuzin-no-1-pantothenic-b5-hyaluronic-active-clear-mask\/"},"modified":"2026-03-10T07:30:57","modified_gmt":"2026-03-10T07:30:57","slug":"numbuzin-no-1-pantothenic-b5-hyaluronic-active-clear-mask","status":"publish","type":"product","link":"https:\/\/wavexia.com\/?product=numbuzin-no-1-pantothenic-b5-hyaluronic-active-clear-mask","title":{"rendered":"numbuzin No. 1 Pantothenic B5 Hyaluronic Active Clear Mask"},"content":{"rendered":"<h2>Description<\/h2>\n<div id=\"prdDetailContent\">\n<div id=\"jolseProduct\">\n<p>&nbsp;<\/p>\n<p><span>Le NUMBUZIN No.1 Pantothenic B5 Hyaluronic Active Clear Mask est un masque en tissu apaisant qui&nbsp;<\/span><span>Aide \u00e0 r\u00e9duire l\u2019acn\u00e9, les rougeurs et l\u2019inflammation et \u00e0 contr\u00f4ler l\u2019exc\u00e8s de s\u00e9bum pour une peau claire, \u00e9clatante et d\u2019apparence saine. Formul\u00e9 avec de l\u2019acide pantoth\u00e9nique, un suppl\u00e9ment bien connu pour r\u00e9duire l\u2019acn\u00e9 et l\u2019inflammation en contr\u00f4lant l\u2019exc\u00e8s de s\u00e9bum qui peut entra\u00eener l\u2019obstruction des pores. Il comprend \u00e9galement 4 types d\u2019acide hyaluronique, qui agissent ensemble pour apaiser et hydrater les peaux sensibles et s\u00e8ches. La niacinamide r\u00e9duit efficacement les marques post-acn\u00e9iques, tandis que le panth\u00e9nol aide \u00e0 restaurer la barri\u00e8re naturelle de la peau et la sant\u00e9 globale de la peau.<\/span><\/p>\n<p>Convient \u00e0 tous les types de peau, particuli\u00e8rement efficace pour l\u2019acn\u00e9, les \u00e9ruptions cutan\u00e9es, les imperfections et les peaux grasses ou d\u00e9shydrat\u00e9es.<\/p>\n<h5>Ingr\u00e9dients:<\/h5>\n<ul class=\"jolse_product_list\">\n<li>Eau,M\u00e9thylpropanediol,Niacinamide,Glyc\u00e9rine,1,2-Hexanediol,Butyl\u00e8ne glycol,B\u00e9ta\u00efne,Panth\u00e9nol,Allanto\u00efne,Extrait de racine de Sophora Angustifolia,Carbom\u00e8re,Tr\u00e9halose,Tromethamine,Ethylhexylglyc\u00e9rine,Gomme xanthane,Glycyrrhizate dipotassique,Phytate de sodium,Extrait de feuille de Melia Azadirachta,Extrait de fleur de Melia Azadirachta,Extrait de Centella Asiatica,Hyaluronate de sodium,Extrait de fruit de Coccinia Indica,Extrait de fruit de Solanum Melongena (aubergine),Acide hyaluronique hydrolys\u00e9,Propanediol,Ocimum Extrait de feuille de sanctum,Extrait de racine de Glycyrrhiza Uralensis (r\u00e9glisse),Acide pantoth\u00e9nique,Extrait de racine de Curcuma Longa (curcuma),Extrait de Corallina Officinalis,Extrait de Houttuynia Cordata,Ol\u00e9ate de glyc\u00e9ryle,Hyaluronate ac\u00e9tyl\u00e9 de sodium,L\u00e9cithine hydrog\u00e9n\u00e9e,Lauryl Glucoside,Myristyl Glucoside, Polyglyceryl-6 Laurate, B\u00eata-Glucane,Tocoph\u00e9rol,D\u00e9cyl Glucoside,Alpha-Arbutine, Acide hyaluronique,Zinc PCA,Acide citrique,Huile de graines de Simmondsia Chinensis (jojoba),Extrait de feuille de Camellia Sinensis,Centella Asiatica Extrait de feuille,Extrait de Cladosiphon Okamuranus, Extrait d\u2019\u00e9corce de saule blanc,Extrait de graine de Coffea Arabica (caf\u00e9),B\u00eata-sitost\u00e9rol, St\u00e9arate de polyglyc\u00e9ryl-10,Asiaticoside,Madecassoside,Acide asiatique,Acide mad\u00e9cassique,Extrait de feuille de Citrus Aurantium Bergamia (Bergamote), Extrait de feuille de Pinus Densiflora<\/li>\n<\/ul>\n<\/div>\n<\/div>\n","protected":false},"excerpt":{"rendered":"<p>Description &nbsp; Le NUMBUZIN No.1 Pantothenic B5 Hyaluronic Active Clear Mask est un masque en tissu apaisant qui&nbsp;Aide \u00e0 r\u00e9duire l\u2019acn\u00e9, les rougeurs et l\u2019inflammation et \u00e0 contr\u00f4ler l\u2019exc\u00e8s de s\u00e9bum pour une peau claire, \u00e9clatante et d\u2019apparence saine. Formul\u00e9 avec de l\u2019acide pantoth\u00e9nique, un suppl\u00e9ment bien connu pour r\u00e9duire l\u2019acn\u00e9 et l\u2019inflammation en contr\u00f4lant [&hellip;]<\/p>\n","protected":false},"featured_media":3710,"comment_status":"open","ping_status":"closed","template":"","meta":{"content-type":"","_uag_custom_page_level_css":""},"pwb-brand":[],"product_brand":[],"product_cat":[327,343,328,346,334],"product_tag":[],"class_list":{"0":"post-3711","1":"product","2":"type-product","3":"status-publish","4":"has-post-thumbnail","6":"product_cat-hmizat","7":"product_cat-masque","8":"product_cat-nouveautes","9":"product_cat-numbuzin","10":"product_cat-produits-coreens","12":"first","13":"instock","14":"sale","15":"shipping-taxable","16":"purchasable","17":"product-type-simple"},"aioseo_notices":[],"uagb_featured_image_src":{"full":["https:\/\/wavexia.com\/wp-content\/uploads\/2025\/10\/NUMBUZIN-No.1-Pantothenic-B5-Hyaluronic-Active-Clear-Mask-Nudie-Glow-Australia_700x.webp",700,700,false],"thumbnail":["https:\/\/wavexia.com\/wp-content\/uploads\/2025\/10\/NUMBUZIN-No.1-Pantothenic-B5-Hyaluronic-Active-Clear-Mask-Nudie-Glow-Australia_700x-150x150.webp",150,150,true],"medium":["https:\/\/wavexia.com\/wp-content\/uploads\/2025\/10\/NUMBUZIN-No.1-Pantothenic-B5-Hyaluronic-Active-Clear-Mask-Nudie-Glow-Australia_700x-300x300.webp",300,300,true],"medium_large":["https:\/\/wavexia.com\/wp-content\/uploads\/2025\/10\/NUMBUZIN-No.1-Pantothenic-B5-Hyaluronic-Active-Clear-Mask-Nudie-Glow-Australia_700x.webp",700,700,false],"large":["https:\/\/wavexia.com\/wp-content\/uploads\/2025\/10\/NUMBUZIN-No.1-Pantothenic-B5-Hyaluronic-Active-Clear-Mask-Nudie-Glow-Australia_700x.webp",700,700,false],"1536x1536":["https:\/\/wavexia.com\/wp-content\/uploads\/2025\/10\/NUMBUZIN-No.1-Pantothenic-B5-Hyaluronic-Active-Clear-Mask-Nudie-Glow-Australia_700x.webp",700,700,false],"2048x2048":["https:\/\/wavexia.com\/wp-content\/uploads\/2025\/10\/NUMBUZIN-No.1-Pantothenic-B5-Hyaluronic-Active-Clear-Mask-Nudie-Glow-Australia_700x.webp",700,700,false],"woocommerce_archive_thumbnail":["https:\/\/wavexia.com\/wp-content\/uploads\/2025\/10\/NUMBUZIN-No.1-Pantothenic-B5-Hyaluronic-Active-Clear-Mask-Nudie-Glow-Australia_700x-300x300.webp",300,300,true],"woocommerce_thumbnail":["https:\/\/wavexia.com\/wp-content\/uploads\/2025\/10\/NUMBUZIN-No.1-Pantothenic-B5-Hyaluronic-Active-Clear-Mask-Nudie-Glow-Australia_700x-300x300.webp",300,300,true],"woocommerce_single":["https:\/\/wavexia.com\/wp-content\/uploads\/2025\/10\/NUMBUZIN-No.1-Pantothenic-B5-Hyaluronic-Active-Clear-Mask-Nudie-Glow-Australia_700x-600x600.webp",600,600,true],"woocommerce_gallery_thumbnail":["https:\/\/wavexia.com\/wp-content\/uploads\/2025\/10\/NUMBUZIN-No.1-Pantothenic-B5-Hyaluronic-Active-Clear-Mask-Nudie-Glow-Australia_700x-100x100.webp",100,100,true]},"uagb_author_info":{"display_name":"zineddine.ayoub98@gmail.com","author_link":"https:\/\/wavexia.com\/?author=0"},"uagb_comment_info":0,"uagb_excerpt":"Description &nbsp; Le NUMBUZIN No.1 Pantothenic B5 Hyaluronic Active Clear Mask est un masque en tissu apaisant qui&nbsp;Aide \u00e0 r\u00e9duire l\u2019acn\u00e9, les rougeurs et l\u2019inflammation et \u00e0 contr\u00f4ler l\u2019exc\u00e8s de s\u00e9bum pour une peau claire, \u00e9clatante et d\u2019apparence saine. Formul\u00e9 avec de l\u2019acide pantoth\u00e9nique, un suppl\u00e9ment bien connu pour r\u00e9duire l\u2019acn\u00e9 et l\u2019inflammation en contr\u00f4lant&hellip;","brands":[],"_links":{"self":[{"href":"https:\/\/wavexia.com\/index.php?rest_route=\/wp\/v2\/product\/3711","targetHints":{"allow":["GET"]}}],"collection":[{"href":"https:\/\/wavexia.com\/index.php?rest_route=\/wp\/v2\/product"}],"about":[{"href":"https:\/\/wavexia.com\/index.php?rest_route=\/wp\/v2\/types\/product"}],"replies":[{"embeddable":true,"href":"https:\/\/wavexia.com\/index.php?rest_route=%2Fwp%2Fv2%2Fcomments&post=3711"}],"wp:featuredmedia":[{"embeddable":true,"href":"https:\/\/wavexia.com\/index.php?rest_route=\/wp\/v2\/media\/3710"}],"wp:attachment":[{"href":"https:\/\/wavexia.com\/index.php?rest_route=%2Fwp%2Fv2%2Fmedia&parent=3711"}],"wp:term":[{"taxonomy":"pwb-brand","embeddable":true,"href":"https:\/\/wavexia.com\/index.php?rest_route=%2Fwp%2Fv2%2Fpwb-brand&post=3711"},{"taxonomy":"product_brand","embeddable":true,"href":"https:\/\/wavexia.com\/index.php?rest_route=%2Fwp%2Fv2%2Fproduct_brand&post=3711"},{"taxonomy":"product_cat","embeddable":true,"href":"https:\/\/wavexia.com\/index.php?rest_route=%2Fwp%2Fv2%2Fproduct_cat&post=3711"},{"taxonomy":"product_tag","embeddable":true,"href":"https:\/\/wavexia.com\/index.php?rest_route=%2Fwp%2Fv2%2Fproduct_tag&post=3711"}],"curies":[{"name":"wp","href":"https:\/\/api.w.org\/{rel}","templated":true}]}}