{"id":3699,"date":"2025-10-19T08:56:03","date_gmt":"2025-10-19T08:56:03","guid":{"rendered":"https:\/\/wavexia.com\/product\/skin1004-madagascar-centella-probio-cica-bakuchiol-eye-cream-20ml\/"},"modified":"2026-03-10T07:30:57","modified_gmt":"2026-03-10T07:30:57","slug":"skin1004-madagascar-centella-probio-cica-bakuchiol-eye-cream-20ml","status":"publish","type":"product","link":"https:\/\/wavexia.com\/?product=skin1004-madagascar-centella-probio-cica-bakuchiol-eye-cream-20ml","title":{"rendered":"SKIN1004 Madagascar Centella Probio-Cica Bakuchiol Eye Cream 20ml"},"content":{"rendered":"<h2>Description<\/h2>\n<p>La SKIN1004 Madagascar Centella Probio-Cica Bakuchiol Eye Cream est un incontournable pour un beau regard. Infus\u00e9e de l\u2019essence apaisante de Centella Asiatica, cette cr\u00e8me pour les yeux est connue pour ses propri\u00e9t\u00e9s respectueuses de la peau et agit harmonieusement pour r\u00e9duire l\u2019apparence des ridules, des rides et des gonflements.<\/p>\n<p>Les probiotiques aident \u00e0 maintenir une barri\u00e8re cutan\u00e9e saine, tandis que le Bakuchiol, une alternative naturelle au r\u00e9tinol, renouvelle la peau pour un contour des yeux plus lisse et plus ferme. La texture l\u00e9g\u00e8re et \u00e0 absorption rapide de cette cr\u00e8me pour les yeux en fait un compl\u00e9ment id\u00e9al \u00e0 votre rituel quotidien de soins de la peau. Tapotez doucement la cr\u00e8me autour du contour des yeux du bout des doigts et sentez le m\u00e9lange nourrissant d\u2019ingr\u00e9dients hydrater votre peau.<\/p>\n<p>Dorlotez votre zone sensible des yeux avec cette cr\u00e8me nourrissante pour les yeux et laissez vos yeux briller avec une apparence jeune et saine. Ajoutez la cr\u00e8me pour les yeux SKIN1004 Madagascar Centella Probio-Cica Bakuchiol \u00e0 votre routine quotidienne et donnez \u00e0 vos yeux l\u2019attention qu\u2019ils m\u00e9ritent !<\/p>\n<p><strong>Cette cr\u00e8me pour les yeux :<\/strong><\/p>\n<ul>\n<li>contient de la Centella Asiatica<\/li>\n<li>apaise et hydrate<\/li>\n<li>r\u00e9duit les ridules, les rides et les gonflements<\/li>\n<li>maintient une barri\u00e8re cutan\u00e9e saine<\/li>\n<li>donne un contour des yeux lisse et ferme<\/li>\n<li>facile \u00e0 utiliser<\/li>\n<li>doit avoir<\/li>\n<li>sans parfum<\/li>\n<li>sans cruaut\u00e9<\/li>\n<\/ul>\n<p><strong>Comment utiliser:<\/strong><\/p>\n<ul>\n<li>Appliquer la cr\u00e8me sur une peau s\u00e8che et propre.<\/li>\n<li>Pour un effet optimal, utilisez cette cr\u00e8me sous et au-dessus de vos yeux.<\/li>\n<\/ul>\n<p><strong>Ingr\u00e9dients:<br \/><\/strong>Centella Asiatica Extract, Glycerin, Butylene Glycol, Dipentaerythrityl Hexa C5-9 Acid Esters, 1,2-hexanediol, Niacinamide, Squalane, Water, Polyglyceryl-3 Distearate, Cetearyl Alcohol, Caprylic\/capric Triglyceride, Betaine, Butyrospermum Parkii (Shea) Butter , Heptyl Undecylenate, Lactobacillus\/centella Asiatica Extract Ferment Filtrate, Glyceryl Stearate, Bakuchiol, Panthenol, Acrylates\/c10-30 Alkyl Acrylate Crosspolymer, Palmitic Acid, Tromethamine, Stearic Acid, Glyceryl Stearate Citrate, Carbomer, Ethylhexylglycerin, Adenosine, Macadamia Ternifolia Seed Oil , Sodium Phytate, Sodium Hyaluronate, Hydrogenated Lecithin, Ceramide Np, Glyceryl Acrylate\/acrylic Acid Copolymer, Dextrin, Theobroma Cacao (Cocoa) Extract, Polyglyceryl-10 Myristate, Phytosphingosine, Madecassic Acid, Asiaticoside, Hydrolyzed Extensin, Sucrose Distearate, Asiatic Acid, Lauric Acid, Phytosterols, Hydrolyzed Hyaluronic Acid, Caprylyl Glycol, Acetyl Hexapeptide-8.<\/p>\n<p><strong>Contenu :<\/strong>&nbsp;20 ml.<\/p>\n","protected":false},"excerpt":{"rendered":"<p>Description La SKIN1004 Madagascar Centella Probio-Cica Bakuchiol Eye Cream est un incontournable pour un beau regard. Infus\u00e9e de l\u2019essence apaisante de Centella Asiatica, cette cr\u00e8me pour les yeux est connue pour ses propri\u00e9t\u00e9s respectueuses de la peau et agit harmonieusement pour r\u00e9duire l\u2019apparence des ridules, des rides et des gonflements. Les probiotiques aident \u00e0 maintenir [&hellip;]<\/p>\n","protected":false},"featured_media":3698,"comment_status":"open","ping_status":"closed","template":"","meta":{"content-type":"","_uag_custom_page_level_css":""},"pwb-brand":[],"product_brand":[],"product_cat":[352,327,334,350],"product_tag":[],"class_list":{"0":"post-3699","1":"product","2":"type-product","3":"status-publish","4":"has-post-thumbnail","6":"product_cat-contour-des-yeux","7":"product_cat-hmizat","8":"product_cat-produits-coreens","9":"product_cat-skin1004","11":"first","12":"instock","13":"sale","14":"shipping-taxable","15":"purchasable","16":"product-type-simple"},"aioseo_notices":[],"uagb_featured_image_src":{"full":["https:\/\/wavexia.com\/wp-content\/uploads\/2025\/10\/Product-page-sizes_d1cca078-1911-415a-bdac-b452eea94d1a.webp",800,800,false],"thumbnail":["https:\/\/wavexia.com\/wp-content\/uploads\/2025\/10\/Product-page-sizes_d1cca078-1911-415a-bdac-b452eea94d1a-150x150.webp",150,150,true],"medium":["https:\/\/wavexia.com\/wp-content\/uploads\/2025\/10\/Product-page-sizes_d1cca078-1911-415a-bdac-b452eea94d1a-300x300.webp",300,300,true],"medium_large":["https:\/\/wavexia.com\/wp-content\/uploads\/2025\/10\/Product-page-sizes_d1cca078-1911-415a-bdac-b452eea94d1a-768x768.webp",768,768,true],"large":["https:\/\/wavexia.com\/wp-content\/uploads\/2025\/10\/Product-page-sizes_d1cca078-1911-415a-bdac-b452eea94d1a.webp",800,800,false],"1536x1536":["https:\/\/wavexia.com\/wp-content\/uploads\/2025\/10\/Product-page-sizes_d1cca078-1911-415a-bdac-b452eea94d1a.webp",800,800,false],"2048x2048":["https:\/\/wavexia.com\/wp-content\/uploads\/2025\/10\/Product-page-sizes_d1cca078-1911-415a-bdac-b452eea94d1a.webp",800,800,false],"woocommerce_archive_thumbnail":["https:\/\/wavexia.com\/wp-content\/uploads\/2025\/10\/Product-page-sizes_d1cca078-1911-415a-bdac-b452eea94d1a-300x300.webp",300,300,true],"woocommerce_thumbnail":["https:\/\/wavexia.com\/wp-content\/uploads\/2025\/10\/Product-page-sizes_d1cca078-1911-415a-bdac-b452eea94d1a-300x300.webp",300,300,true],"woocommerce_single":["https:\/\/wavexia.com\/wp-content\/uploads\/2025\/10\/Product-page-sizes_d1cca078-1911-415a-bdac-b452eea94d1a-600x600.webp",600,600,true],"woocommerce_gallery_thumbnail":["https:\/\/wavexia.com\/wp-content\/uploads\/2025\/10\/Product-page-sizes_d1cca078-1911-415a-bdac-b452eea94d1a-100x100.webp",100,100,true]},"uagb_author_info":{"display_name":"zineddine.ayoub98@gmail.com","author_link":"https:\/\/wavexia.com\/?author=0"},"uagb_comment_info":0,"uagb_excerpt":"Description La SKIN1004 Madagascar Centella Probio-Cica Bakuchiol Eye Cream est un incontournable pour un beau regard. Infus\u00e9e de l\u2019essence apaisante de Centella Asiatica, cette cr\u00e8me pour les yeux est connue pour ses propri\u00e9t\u00e9s respectueuses de la peau et agit harmonieusement pour r\u00e9duire l\u2019apparence des ridules, des rides et des gonflements. Les probiotiques aident \u00e0 maintenir&hellip;","brands":[],"_links":{"self":[{"href":"https:\/\/wavexia.com\/index.php?rest_route=\/wp\/v2\/product\/3699","targetHints":{"allow":["GET"]}}],"collection":[{"href":"https:\/\/wavexia.com\/index.php?rest_route=\/wp\/v2\/product"}],"about":[{"href":"https:\/\/wavexia.com\/index.php?rest_route=\/wp\/v2\/types\/product"}],"replies":[{"embeddable":true,"href":"https:\/\/wavexia.com\/index.php?rest_route=%2Fwp%2Fv2%2Fcomments&post=3699"}],"wp:featuredmedia":[{"embeddable":true,"href":"https:\/\/wavexia.com\/index.php?rest_route=\/wp\/v2\/media\/3698"}],"wp:attachment":[{"href":"https:\/\/wavexia.com\/index.php?rest_route=%2Fwp%2Fv2%2Fmedia&parent=3699"}],"wp:term":[{"taxonomy":"pwb-brand","embeddable":true,"href":"https:\/\/wavexia.com\/index.php?rest_route=%2Fwp%2Fv2%2Fpwb-brand&post=3699"},{"taxonomy":"product_brand","embeddable":true,"href":"https:\/\/wavexia.com\/index.php?rest_route=%2Fwp%2Fv2%2Fproduct_brand&post=3699"},{"taxonomy":"product_cat","embeddable":true,"href":"https:\/\/wavexia.com\/index.php?rest_route=%2Fwp%2Fv2%2Fproduct_cat&post=3699"},{"taxonomy":"product_tag","embeddable":true,"href":"https:\/\/wavexia.com\/index.php?rest_route=%2Fwp%2Fv2%2Fproduct_tag&post=3699"}],"curies":[{"name":"wp","href":"https:\/\/api.w.org\/{rel}","templated":true}]}}