{"id":3694,"date":"2025-10-19T08:56:00","date_gmt":"2025-10-19T08:56:00","guid":{"rendered":"https:\/\/wavexia.com\/product\/biodance-hydro-cera-nol-real-deep-1-mask\/"},"modified":"2026-03-10T07:30:57","modified_gmt":"2026-03-10T07:30:57","slug":"biodance-hydro-cera-nol-real-deep-1-mask","status":"publish","type":"product","link":"https:\/\/wavexia.com\/?product=biodance-hydro-cera-nol-real-deep-1-mask","title":{"rendered":"Biodance Hydro Cera-nol Real Deep 1 Mask"},"content":{"rendered":"<h2>Description<\/h2>\n<p>Le masque Hydro Cera-nol Real Deep est votre booster d\u2019hydratation ultime ! En un rien de temps, vous aurez \u00e0 nouveau une peau hydrat\u00e9e et \u00e9clatante. Le masque s\u2019adapte parfaitement \u00e0 votre visage, de sorte que tous les ingr\u00e9dients actifs sont absorb\u00e9s de mani\u00e8re optimale et que votre peau est imm\u00e9diatement plus douce et plus volumineuse.<\/p>\n<p>Ce luxueux masque en feuille est infus\u00e9 de puissants c\u00e9ramides et d\u2019acide hyaluronique, qui p\u00e9n\u00e8trent profond\u00e9ment dans votre peau pour fournir une hydratation intense et renforcer votre barri\u00e8re cutan\u00e9e.<\/p>\n<p>Apr\u00e8s utilisation, vous remarquerez imm\u00e9diatement que votre peau est plus lisse, plus ferme et visiblement hydrat\u00e9e. Ce masque est id\u00e9al pour les peaux s\u00e8ches ou d\u00e9shydrat\u00e9es qui auraient besoin d\u2019un peu plus d\u2019amour. Le masque Hydro Cera-nol Real Deep vous donne un teint radieux et sain \u2013 parfait lorsque votre peau a besoin d\u2019un coup de pouce ou si vous souhaitez vous offrir un moment de spa luxueux \u00e0 la maison !<\/p>\n<p><strong>Ce masque :<\/strong><\/p>\n<ul>\n<li>Enrichi en c\u00e9ramides et en acide hyaluronique pour une hydratation intense<\/li>\n<li>renforce votre barri\u00e8re cutan\u00e9e<\/li>\n<li>Emp\u00eache la perte d\u2019humidit\u00e9<\/li>\n<li>s\u2019adapte parfaitement \u00e0 votre visage<\/li>\n<li>Pour une peau plus lisse, plus ferme et hydrat\u00e9e<\/li>\n<li>Id\u00e9al pour les peaux s\u00e8ches et d\u00e9shydrat\u00e9es<\/li>\n<li>sans cruaut\u00e9<\/li>\n<\/ul>\n<p><strong>Mode d\u2019emploi :<\/strong><\/p>\n<ul>\n<li>Appliquez le masque sur votre visage, en vous assurant qu\u2019il est bien ajust\u00e9, en particulier autour des yeux, du nez et de la bouche.<\/li>\n<li>Laissez agir pendant 3 \u00e0 4 heures.<\/li>\n<li>Retirez le masque et massez doucement le s\u00e9rum restant sur votre peau jusqu\u2019\u00e0 ce qu\u2019il soit compl\u00e8tement absorb\u00e9.<\/li>\n<\/ul>\n<p><strong>Ingr\u00e9dients :<\/strong><br \/>Eau, extrait de collag\u00e8ne, filtrat de ferment de galactomyces, glyc\u00e9rine, copolym\u00e8re d\u2019acrylates, niacinamide, gomme de ceratonia siliqua (caroube), extrait de chondrus crispus, b\u00e9ta\u00efne, alg\u00e8ne, dipropyl\u00e8ne glycol, agar, hydroxyac\u00e9toph\u00e9none, 1,2-hexanediol, chlorure de potassium, polyglyc\u00e9ryl-10 laurate, caprylyl glycol, saccharose, butyl\u00e8ne glycol, allanto\u00efne, \u00e9thylhexylglyc\u00e9rine, acide hyaluronique hydrolys\u00e9, ad\u00e9nosine, edta disodique, extrait de fruit de pyrus communis (poire), rosa damascena Eau florale, extrait de racine d\u2019Iris florentina, extrait de fruit de Cucumis melo (melon), extrait de feuille\/tige d\u2019Hedera Helix (lierre), glycyrrhizate dipotassique, filtrat de ferment de bifida, tocoph\u00e9rol, ferment de lactobacille, lysat de ferment de lactobacille.<\/p>\n","protected":false},"excerpt":{"rendered":"<p>Description Le masque Hydro Cera-nol Real Deep est votre booster d\u2019hydratation ultime ! En un rien de temps, vous aurez \u00e0 nouveau une peau hydrat\u00e9e et \u00e9clatante. Le masque s\u2019adapte parfaitement \u00e0 votre visage, de sorte que tous les ingr\u00e9dients actifs sont absorb\u00e9s de mani\u00e8re optimale et que votre peau est imm\u00e9diatement plus douce et [&hellip;]<\/p>\n","protected":false},"featured_media":3693,"comment_status":"open","ping_status":"closed","template":"","meta":{"content-type":"","_uag_custom_page_level_css":""},"pwb-brand":[],"product_brand":[],"product_cat":[342,343,328,334],"product_tag":[],"class_list":{"0":"post-3694","1":"product","2":"type-product","3":"status-publish","4":"has-post-thumbnail","6":"product_cat-biodance","7":"product_cat-masque","8":"product_cat-nouveautes","9":"product_cat-produits-coreens","11":"first","12":"instock","13":"sale","14":"shipping-taxable","15":"purchasable","16":"product-type-simple"},"aioseo_notices":[],"uagb_featured_image_src":{"full":["https:\/\/wavexia.com\/wp-content\/uploads\/2025\/10\/57f5be014e26882dc08d136a5107fa6b1d57b33d_original.jpeg",746,730,false],"thumbnail":["https:\/\/wavexia.com\/wp-content\/uploads\/2025\/10\/57f5be014e26882dc08d136a5107fa6b1d57b33d_original-150x150.jpeg",150,150,true],"medium":["https:\/\/wavexia.com\/wp-content\/uploads\/2025\/10\/57f5be014e26882dc08d136a5107fa6b1d57b33d_original-300x294.jpeg",300,294,true],"medium_large":["https:\/\/wavexia.com\/wp-content\/uploads\/2025\/10\/57f5be014e26882dc08d136a5107fa6b1d57b33d_original.jpeg",746,730,false],"large":["https:\/\/wavexia.com\/wp-content\/uploads\/2025\/10\/57f5be014e26882dc08d136a5107fa6b1d57b33d_original.jpeg",746,730,false],"1536x1536":["https:\/\/wavexia.com\/wp-content\/uploads\/2025\/10\/57f5be014e26882dc08d136a5107fa6b1d57b33d_original.jpeg",746,730,false],"2048x2048":["https:\/\/wavexia.com\/wp-content\/uploads\/2025\/10\/57f5be014e26882dc08d136a5107fa6b1d57b33d_original.jpeg",746,730,false],"woocommerce_archive_thumbnail":["https:\/\/wavexia.com\/wp-content\/uploads\/2025\/10\/57f5be014e26882dc08d136a5107fa6b1d57b33d_original-300x294.jpeg",300,294,true],"woocommerce_thumbnail":["https:\/\/wavexia.com\/wp-content\/uploads\/2025\/10\/57f5be014e26882dc08d136a5107fa6b1d57b33d_original-300x300.jpeg",300,300,true],"woocommerce_single":["https:\/\/wavexia.com\/wp-content\/uploads\/2025\/10\/57f5be014e26882dc08d136a5107fa6b1d57b33d_original-600x587.jpeg",600,587,true],"woocommerce_gallery_thumbnail":["https:\/\/wavexia.com\/wp-content\/uploads\/2025\/10\/57f5be014e26882dc08d136a5107fa6b1d57b33d_original-100x100.jpeg",100,100,true]},"uagb_author_info":{"display_name":"zineddine.ayoub98@gmail.com","author_link":"https:\/\/wavexia.com\/?author=0"},"uagb_comment_info":0,"uagb_excerpt":"Description Le masque Hydro Cera-nol Real Deep est votre booster d\u2019hydratation ultime ! En un rien de temps, vous aurez \u00e0 nouveau une peau hydrat\u00e9e et \u00e9clatante. Le masque s\u2019adapte parfaitement \u00e0 votre visage, de sorte que tous les ingr\u00e9dients actifs sont absorb\u00e9s de mani\u00e8re optimale et que votre peau est imm\u00e9diatement plus douce et&hellip;","brands":[],"_links":{"self":[{"href":"https:\/\/wavexia.com\/index.php?rest_route=\/wp\/v2\/product\/3694","targetHints":{"allow":["GET"]}}],"collection":[{"href":"https:\/\/wavexia.com\/index.php?rest_route=\/wp\/v2\/product"}],"about":[{"href":"https:\/\/wavexia.com\/index.php?rest_route=\/wp\/v2\/types\/product"}],"replies":[{"embeddable":true,"href":"https:\/\/wavexia.com\/index.php?rest_route=%2Fwp%2Fv2%2Fcomments&post=3694"}],"wp:featuredmedia":[{"embeddable":true,"href":"https:\/\/wavexia.com\/index.php?rest_route=\/wp\/v2\/media\/3693"}],"wp:attachment":[{"href":"https:\/\/wavexia.com\/index.php?rest_route=%2Fwp%2Fv2%2Fmedia&parent=3694"}],"wp:term":[{"taxonomy":"pwb-brand","embeddable":true,"href":"https:\/\/wavexia.com\/index.php?rest_route=%2Fwp%2Fv2%2Fpwb-brand&post=3694"},{"taxonomy":"product_brand","embeddable":true,"href":"https:\/\/wavexia.com\/index.php?rest_route=%2Fwp%2Fv2%2Fproduct_brand&post=3694"},{"taxonomy":"product_cat","embeddable":true,"href":"https:\/\/wavexia.com\/index.php?rest_route=%2Fwp%2Fv2%2Fproduct_cat&post=3694"},{"taxonomy":"product_tag","embeddable":true,"href":"https:\/\/wavexia.com\/index.php?rest_route=%2Fwp%2Fv2%2Fproduct_tag&post=3694"}],"curies":[{"name":"wp","href":"https:\/\/api.w.org\/{rel}","templated":true}]}}