{"id":3689,"date":"2025-10-19T08:55:57","date_gmt":"2025-10-19T08:55:57","guid":{"rendered":"https:\/\/wavexia.com\/product\/medicube-txa-niacinamide-15-serum-30ml\/"},"modified":"2026-03-10T07:30:57","modified_gmt":"2026-03-10T07:30:57","slug":"medicube-txa-niacinamide-15-serum-30ml","status":"publish","type":"product","link":"https:\/\/wavexia.com\/?product=medicube-txa-niacinamide-15-serum-30ml","title":{"rendered":"MEDICUBE TXA Niacinamide 15% Serum 30ml"},"content":{"rendered":"<h2>Description<\/h2>\n<div class=\"pro_infor_content_style\">Tous types de peau, surtout ternes, sujettes aux taches pigmentaires, irr\u00e9gularit\u00e9s de teint ou teint fatigu\u00e9.<\/p>\n<div>\n<p class=\"\" data-start=\"271\" data-end=\"703\">Le&nbsp;<strong data-start=\"274\" data-end=\"303\">TXA Niacinamide 15% Serum<\/strong>&nbsp;de Medicube est un soin intensif formul\u00e9 avec 10 % de niacinamide et 5 % d\u2019acide tranexamique pour corriger efficacement les taches, l\u2019hyperpigmentation et unifier le teint.<br data-start=\"477\" data-end=\"480\">Il associe \u00e9galement de puissants antioxydants comme l\u2019arbutine, la glutathione et l\u2019acide f\u00e9rulique pour booster l\u2019\u00e9clat de la peau tout en apaisant et hydratant gr\u00e2ce \u00e0 une synergie d\u2019acide hyaluronique multi-mol\u00e9culaire.<\/p>\n<p class=\"\" data-start=\"705\" data-end=\"723\">\ud83e\uddfc&nbsp;<strong data-start=\"708\" data-end=\"723\">Utilisation<\/strong><\/p>\n<ol data-start=\"725\" data-end=\"950\">\n<li class=\"\" data-start=\"725\" data-end=\"788\">\n<p class=\"\" data-start=\"728\" data-end=\"788\">Appliquer quelques gouttes sur peau propre apr\u00e8s le toner.<\/p>\n<\/li>\n<li class=\"\" data-start=\"789\" data-end=\"828\">\n<p class=\"\" data-start=\"792\" data-end=\"828\">\u00c9taler uniform\u00e9ment sur le visage.<\/p>\n<\/li>\n<li class=\"\" data-start=\"829\" data-end=\"880\">\n<p class=\"\" data-start=\"832\" data-end=\"880\">Tapoter doucement jusqu\u2019\u00e0 absorption compl\u00e8te.<\/p>\n<\/li>\n<li class=\"\" data-start=\"881\" data-end=\"950\">\n<p class=\"\" data-start=\"884\" data-end=\"950\">Utiliser matin et soir. Appliquer une protection solaire le matin.<\/p>\n<\/li>\n<\/ol>\n<p class=\"\" data-start=\"952\" data-end=\"992\">\ud83e\uddd6\u200d\u2640\ufe0f&nbsp;<strong data-start=\"958\" data-end=\"992\">\u00c9tape dans la routine skincare<\/strong><\/p>\n<p class=\"\" data-start=\"994\" data-end=\"1088\">Nettoyant \u2192 Toner \u2192&nbsp;<strong data-start=\"1014\" data-end=\"1052\">Medicube TXA Niacinamide 15% Serum<\/strong>&nbsp;\u2192 Cr\u00e8me hydratante \u2192 SPF (le matin)<\/p>\n<p class=\"\" data-start=\"1090\" data-end=\"1114\">\ud83c\udf1f&nbsp;<strong data-start=\"1093\" data-end=\"1114\">Ingr\u00e9dients stars<\/strong><\/p>\n<p class=\"\" data-start=\"1116\" data-end=\"1356\">\u2022 Niacinamide (10 %) : Illumine et unifie le teint<br data-start=\"1166\" data-end=\"1169\">\u2022 Acide tranexamique (5 %) : Cible les taches pigmentaires<br data-start=\"1227\" data-end=\"1230\">\u2022 Arbutine &amp; glutathione : Puissants antioxydants \u00e9claircissants<br data-start=\"1294\" data-end=\"1297\">\u2022 Acide hyaluronique (multi-formes) : Hydrate en profondeur<\/p>\n<p class=\"\" data-start=\"1358\" data-end=\"1386\">\ud83d\udc96&nbsp;<strong data-start=\"1361\" data-end=\"1386\">Pourquoi on l\u2019adore ?<\/strong><\/p>\n<p class=\"\" data-start=\"1388\" data-end=\"1593\">\u2714\ufe0f Cible efficacement les taches brunes et le teint irr\u00e9gulier<br data-start=\"1450\" data-end=\"1453\">\u2714\ufe0f Texture fluide et l\u00e9g\u00e8re, non grasse<br data-start=\"1492\" data-end=\"1495\">\u2714\ufe0f Convient aux peaux sensibles, sans parfum<br data-start=\"1539\" data-end=\"1542\">\u2714\ufe0f Action visible sur l\u2019\u00e9clat d\u00e8s quelques semaines<\/p>\n<p class=\"\" data-start=\"1595\" data-end=\"1614\">\u2728&nbsp;<strong data-start=\"1597\" data-end=\"1614\">Le petit plus<\/strong><\/p>\n<p class=\"\" data-start=\"1616\" data-end=\"1711\">Un des s\u00e9rums les plus puissants du march\u00e9 pour lutter contre l\u2019hyperpigmentation sans irriter.<\/p>\n<\/div>\n<div><\/div>\n<div>\n<div class=\"panel-heading\">\n<p class=\"stylevana-h4 panel-title\" data-target=\"#product-view-ingredients\" data-toggle=\"collapse\" data-parent=\"#product-view-accordion\" aria-expanded=\"true\"><span>INGR\u00c9DIENTS<\/span><\/p>\n<\/div>\n<div id=\"product-view-ingredients\" class=\"panel-collapse collapse in\" aria-expanded=\"true\">\n<div class=\"panel-body\"><span>Eau purifi\u00e9e, niacinamide (100 000 ppm), glyc\u00e9rine, butyl\u00e8ne glycol, acide tranexamique (50 000 ppm), arbutine, succinate de di\u00e9thoxy\u00e9thyle, chlorph\u00e9n\u00e9sine, alkyle en C12-14-12, \u00e9thylhexylglyc\u00e9rine, gomme xanthane, carbom\u00e8re, ad\u00e9nosine, EDTA disodique, extrait de feuille de goyave, extrait de fleur de goyave, 1,2-hexanediol, panth\u00e9nol, cyanocobalamine, b\u00e9ta\u00efne, extrait de fruit de courge lierre, huile de fleur de rose de Provence, acide f\u00e9rulique, extrait de corail, pentyl\u00e8ne glycol, glutathion, acide hyaluronique hydrolys\u00e9, hyaluronate de sodium hydrolys\u00e9, hyaluronate de dim\u00e9thylsilanol, acide hyaluronique, hyaluronate de potassium, hyaluronate de sodium, hyaluronate d\u2019hydroxypropyltrimonium, polym\u00e8re crois\u00e9 d\u2019hyaluronate de sodium, sodium Hyaluronate de dim\u00e9thylsilanol, hyaluronate de sodium ac\u00e9tyl\u00e9, ac\u00e9tyl t\u00e9trapeptide-5, hexapeptide-9, palmitoyl tripeptide-5<\/span><\/p>\n<p>&nbsp;<\/p>\n<\/div>\n<\/div>\n<\/div>\n<\/div>\n","protected":false},"excerpt":{"rendered":"<p>Description Tous types de peau, surtout ternes, sujettes aux taches pigmentaires, irr\u00e9gularit\u00e9s de teint ou teint fatigu\u00e9. Le&nbsp;TXA Niacinamide 15% Serum&nbsp;de Medicube est un soin intensif formul\u00e9 avec 10 % de niacinamide et 5 % d\u2019acide tranexamique pour corriger efficacement les taches, l\u2019hyperpigmentation et unifier le teint.Il associe \u00e9galement de puissants antioxydants comme l\u2019arbutine, la [&hellip;]<\/p>\n","protected":false},"featured_media":3688,"comment_status":"open","ping_status":"closed","template":"","meta":{"content-type":"","_uag_custom_page_level_css":""},"pwb-brand":[],"product_brand":[],"product_cat":[327,349,328,334,338,323],"product_tag":[],"class_list":{"0":"post-3689","1":"product","2":"type-product","3":"status-publish","4":"has-post-thumbnail","6":"product_cat-hmizat","7":"product_cat-medicube","8":"product_cat-nouveautes","9":"product_cat-produits-coreens","10":"product_cat-serum-ampoule","11":"product_cat-skincare","13":"first","14":"instock","15":"sale","16":"shipping-taxable","17":"purchasable","18":"product-type-simple"},"aioseo_notices":[],"uagb_featured_image_src":{"full":["https:\/\/wavexia.com\/wp-content\/uploads\/2025\/10\/s-l1200-3.jpg",1028,1028,false],"thumbnail":["https:\/\/wavexia.com\/wp-content\/uploads\/2025\/10\/s-l1200-3-150x150.jpg",150,150,true],"medium":["https:\/\/wavexia.com\/wp-content\/uploads\/2025\/10\/s-l1200-3-300x300.jpg",300,300,true],"medium_large":["https:\/\/wavexia.com\/wp-content\/uploads\/2025\/10\/s-l1200-3-768x768.jpg",768,768,true],"large":["https:\/\/wavexia.com\/wp-content\/uploads\/2025\/10\/s-l1200-3-1024x1024.jpg",1024,1024,true],"1536x1536":["https:\/\/wavexia.com\/wp-content\/uploads\/2025\/10\/s-l1200-3.jpg",1028,1028,false],"2048x2048":["https:\/\/wavexia.com\/wp-content\/uploads\/2025\/10\/s-l1200-3.jpg",1028,1028,false],"woocommerce_archive_thumbnail":["https:\/\/wavexia.com\/wp-content\/uploads\/2025\/10\/s-l1200-3-300x300.jpg",300,300,true],"woocommerce_thumbnail":["https:\/\/wavexia.com\/wp-content\/uploads\/2025\/10\/s-l1200-3-300x300.jpg",300,300,true],"woocommerce_single":["https:\/\/wavexia.com\/wp-content\/uploads\/2025\/10\/s-l1200-3-600x600.jpg",600,600,true],"woocommerce_gallery_thumbnail":["https:\/\/wavexia.com\/wp-content\/uploads\/2025\/10\/s-l1200-3-100x100.jpg",100,100,true]},"uagb_author_info":{"display_name":"zineddine.ayoub98@gmail.com","author_link":"https:\/\/wavexia.com\/?author=0"},"uagb_comment_info":0,"uagb_excerpt":"Description Tous types de peau, surtout ternes, sujettes aux taches pigmentaires, irr\u00e9gularit\u00e9s de teint ou teint fatigu\u00e9. Le&nbsp;TXA Niacinamide 15% Serum&nbsp;de Medicube est un soin intensif formul\u00e9 avec 10 % de niacinamide et 5 % d\u2019acide tranexamique pour corriger efficacement les taches, l\u2019hyperpigmentation et unifier le teint.Il associe \u00e9galement de puissants antioxydants comme l\u2019arbutine, la&hellip;","brands":[],"_links":{"self":[{"href":"https:\/\/wavexia.com\/index.php?rest_route=\/wp\/v2\/product\/3689","targetHints":{"allow":["GET"]}}],"collection":[{"href":"https:\/\/wavexia.com\/index.php?rest_route=\/wp\/v2\/product"}],"about":[{"href":"https:\/\/wavexia.com\/index.php?rest_route=\/wp\/v2\/types\/product"}],"replies":[{"embeddable":true,"href":"https:\/\/wavexia.com\/index.php?rest_route=%2Fwp%2Fv2%2Fcomments&post=3689"}],"wp:featuredmedia":[{"embeddable":true,"href":"https:\/\/wavexia.com\/index.php?rest_route=\/wp\/v2\/media\/3688"}],"wp:attachment":[{"href":"https:\/\/wavexia.com\/index.php?rest_route=%2Fwp%2Fv2%2Fmedia&parent=3689"}],"wp:term":[{"taxonomy":"pwb-brand","embeddable":true,"href":"https:\/\/wavexia.com\/index.php?rest_route=%2Fwp%2Fv2%2Fpwb-brand&post=3689"},{"taxonomy":"product_brand","embeddable":true,"href":"https:\/\/wavexia.com\/index.php?rest_route=%2Fwp%2Fv2%2Fproduct_brand&post=3689"},{"taxonomy":"product_cat","embeddable":true,"href":"https:\/\/wavexia.com\/index.php?rest_route=%2Fwp%2Fv2%2Fproduct_cat&post=3689"},{"taxonomy":"product_tag","embeddable":true,"href":"https:\/\/wavexia.com\/index.php?rest_route=%2Fwp%2Fv2%2Fproduct_tag&post=3689"}],"curies":[{"name":"wp","href":"https:\/\/api.w.org\/{rel}","templated":true}]}}