{"id":3668,"date":"2025-10-19T08:55:41","date_gmt":"2025-10-19T08:55:41","guid":{"rendered":"https:\/\/wavexia.com\/product\/im-from-rice-cream-50gr\/"},"modified":"2026-03-10T07:30:56","modified_gmt":"2026-03-10T07:30:56","slug":"im-from-rice-cream-50gr","status":"publish","type":"product","link":"https:\/\/wavexia.com\/?product=im-from-rice-cream-50gr","title":{"rendered":"I\u2019m From Rice Cream 50gr"},"content":{"rendered":"<h2>Description<\/h2>\n<p>La I\u2019m From Rice Cream est une belle cr\u00e8me hydratante infus\u00e9e du puissant extrait de son de riz et enrichie en c\u00e9ramides. Laissez votre peau profiter des bienfaits de cette formule riche, con\u00e7ue pour renforcer et prot\u00e9ger la barri\u00e8re cutan\u00e9e.<\/p>\n<p>Cette cr\u00e8me fournit plus de 100 antioxydants, dont de la vitamine E, des acides gras om\u00e9ga et divers micronutriments. Une vraie f\u00eate pour votre peau ! Cette cr\u00e8me hydratante contient \u00e9galement de l\u2019ad\u00e9nosine, un ingr\u00e9dient qui va au-del\u00e0 de la simple hydratation. Il contribue \u00e0 renforcer la barri\u00e8re cutan\u00e9e, poss\u00e8de des propri\u00e9t\u00e9s anti-inflammatoires et procure un effet raffermissant.<\/p>\n<p>Les c\u00e9ramides, h\u00e9ros de cette cr\u00e8me, jouent un r\u00f4le crucial pour am\u00e9liorer l\u2019hydratation de la peau et renforcer sa barri\u00e8re protectrice. R\u00e9sultat? Une peau plus lisse et plus ferme avec moins de rides visibles.<\/p>\n<p>Offrez-vous le luxe de la cr\u00e8me I\u2019m From Rice et profitez de la peau radieuse et saine que vous m\u00e9ritez.<\/p>\n<p><strong>Cette cr\u00e8me hydratante :<\/strong><\/p>\n<ul>\n<li>enrichi en c\u00e9ramides<\/li>\n<li>formule riche<\/li>\n<li>renforce et prot\u00e8ge la barri\u00e8re cutan\u00e9e<\/li>\n<li>propri\u00e9t\u00e9s anti-inflammatoires<\/li>\n<li>effet raffermissant<\/li>\n<li>r\u00e9duit la visibilit\u00e9 des rides<\/li>\n<li>pour une peau \u00e9clatante et ferme<\/li>\n<li>sans parfum<\/li>\n<li>sans cruaut\u00e9<\/li>\n<li>v\u00e9g\u00e9talien<\/li>\n<\/ul>\n<p><strong>Comment utiliser:<\/strong><\/p>\n<ul>\n<li>Appliquez cette cr\u00e8me hydratante comme derni\u00e8re \u00e9tape de votre routine de soins de la peau.<\/li>\n<li>\u00c9talez la cr\u00e8me sur votre peau en mouvements circulaires et laissez-la absorber pendant un moment.<\/li>\n<\/ul>\n<p><strong>Ingr\u00e9dients:<br \/><\/strong>Oryza Sativa Bran Water, Aqua, Glycerin, Butylene Glycol, Cetyl Ethylhexanoate, Pentaerythrityl Tetraethylhexanoate, Hydrogenated Polyisobutene, Synthetic Beeswax, Butyrospermum Parkii Butter, Polyglyceryl-3 Methylglucose Distearate, Vinyl Dimethicone, Pentylene Glycol, 1,2-hexanediol, Behenyl Alcohol, Adenosine , Ammonium Acryloyldimethyltaurate\/\u200bvp Vegan Copolymer, Bisabolol, Caprylic\/\u200bcapric Triglyceride, Caprylyl Glycol, Ceramide Np, Cetearyl Olivate, Ethylhexylglycerin, Glyceryl Stearate, Hyaluronic Acid, Hydrogenated Lecithin, Oryza Sativa Bran Oil, Panthenol, Phytosphingosine, Sodium Hyaluronate, Sorbitan Olivate, Tocopherol, Trisodium Ethylenediamine Disuccinate, Xanthan Gum<\/p>\n<p><strong>Contenu :<\/strong>&nbsp;50 gr.<\/p>\n","protected":false},"excerpt":{"rendered":"<p>Description La I\u2019m From Rice Cream est une belle cr\u00e8me hydratante infus\u00e9e du puissant extrait de son de riz et enrichie en c\u00e9ramides. Laissez votre peau profiter des bienfaits de cette formule riche, con\u00e7ue pour renforcer et prot\u00e9ger la barri\u00e8re cutan\u00e9e. Cette cr\u00e8me fournit plus de 100 antioxydants, dont de la vitamine E, des acides [&hellip;]<\/p>\n","protected":false},"featured_media":3667,"comment_status":"open","ping_status":"closed","template":"","meta":{"content-type":"","_uag_custom_page_level_css":""},"pwb-brand":[],"product_brand":[],"product_cat":[324,327,381,334],"product_tag":[],"class_list":{"0":"post-3668","1":"product","2":"type-product","3":"status-publish","4":"has-post-thumbnail","6":"product_cat-creme","7":"product_cat-hmizat","8":"product_cat-im-from","9":"product_cat-produits-coreens","11":"first","12":"instock","13":"sale","14":"shipping-taxable","15":"purchasable","16":"product-type-simple"},"aioseo_notices":[],"uagb_featured_image_src":{"full":["https:\/\/wavexia.com\/wp-content\/uploads\/2025\/10\/Product-page-sizes_2ede1ef3-e3dd-455c-b6fc-2e19d28f9003.webp",800,800,false],"thumbnail":["https:\/\/wavexia.com\/wp-content\/uploads\/2025\/10\/Product-page-sizes_2ede1ef3-e3dd-455c-b6fc-2e19d28f9003-150x150.webp",150,150,true],"medium":["https:\/\/wavexia.com\/wp-content\/uploads\/2025\/10\/Product-page-sizes_2ede1ef3-e3dd-455c-b6fc-2e19d28f9003-300x300.webp",300,300,true],"medium_large":["https:\/\/wavexia.com\/wp-content\/uploads\/2025\/10\/Product-page-sizes_2ede1ef3-e3dd-455c-b6fc-2e19d28f9003-768x768.webp",768,768,true],"large":["https:\/\/wavexia.com\/wp-content\/uploads\/2025\/10\/Product-page-sizes_2ede1ef3-e3dd-455c-b6fc-2e19d28f9003.webp",800,800,false],"1536x1536":["https:\/\/wavexia.com\/wp-content\/uploads\/2025\/10\/Product-page-sizes_2ede1ef3-e3dd-455c-b6fc-2e19d28f9003.webp",800,800,false],"2048x2048":["https:\/\/wavexia.com\/wp-content\/uploads\/2025\/10\/Product-page-sizes_2ede1ef3-e3dd-455c-b6fc-2e19d28f9003.webp",800,800,false],"woocommerce_archive_thumbnail":["https:\/\/wavexia.com\/wp-content\/uploads\/2025\/10\/Product-page-sizes_2ede1ef3-e3dd-455c-b6fc-2e19d28f9003-300x300.webp",300,300,true],"woocommerce_thumbnail":["https:\/\/wavexia.com\/wp-content\/uploads\/2025\/10\/Product-page-sizes_2ede1ef3-e3dd-455c-b6fc-2e19d28f9003-300x300.webp",300,300,true],"woocommerce_single":["https:\/\/wavexia.com\/wp-content\/uploads\/2025\/10\/Product-page-sizes_2ede1ef3-e3dd-455c-b6fc-2e19d28f9003-600x600.webp",600,600,true],"woocommerce_gallery_thumbnail":["https:\/\/wavexia.com\/wp-content\/uploads\/2025\/10\/Product-page-sizes_2ede1ef3-e3dd-455c-b6fc-2e19d28f9003-100x100.webp",100,100,true]},"uagb_author_info":{"display_name":"zineddine.ayoub98@gmail.com","author_link":"https:\/\/wavexia.com\/?author=0"},"uagb_comment_info":0,"uagb_excerpt":"Description La I\u2019m From Rice Cream est une belle cr\u00e8me hydratante infus\u00e9e du puissant extrait de son de riz et enrichie en c\u00e9ramides. Laissez votre peau profiter des bienfaits de cette formule riche, con\u00e7ue pour renforcer et prot\u00e9ger la barri\u00e8re cutan\u00e9e. Cette cr\u00e8me fournit plus de 100 antioxydants, dont de la vitamine E, des acides&hellip;","brands":[],"_links":{"self":[{"href":"https:\/\/wavexia.com\/index.php?rest_route=\/wp\/v2\/product\/3668","targetHints":{"allow":["GET"]}}],"collection":[{"href":"https:\/\/wavexia.com\/index.php?rest_route=\/wp\/v2\/product"}],"about":[{"href":"https:\/\/wavexia.com\/index.php?rest_route=\/wp\/v2\/types\/product"}],"replies":[{"embeddable":true,"href":"https:\/\/wavexia.com\/index.php?rest_route=%2Fwp%2Fv2%2Fcomments&post=3668"}],"wp:featuredmedia":[{"embeddable":true,"href":"https:\/\/wavexia.com\/index.php?rest_route=\/wp\/v2\/media\/3667"}],"wp:attachment":[{"href":"https:\/\/wavexia.com\/index.php?rest_route=%2Fwp%2Fv2%2Fmedia&parent=3668"}],"wp:term":[{"taxonomy":"pwb-brand","embeddable":true,"href":"https:\/\/wavexia.com\/index.php?rest_route=%2Fwp%2Fv2%2Fpwb-brand&post=3668"},{"taxonomy":"product_brand","embeddable":true,"href":"https:\/\/wavexia.com\/index.php?rest_route=%2Fwp%2Fv2%2Fproduct_brand&post=3668"},{"taxonomy":"product_cat","embeddable":true,"href":"https:\/\/wavexia.com\/index.php?rest_route=%2Fwp%2Fv2%2Fproduct_cat&post=3668"},{"taxonomy":"product_tag","embeddable":true,"href":"https:\/\/wavexia.com\/index.php?rest_route=%2Fwp%2Fv2%2Fproduct_tag&post=3668"}],"curies":[{"name":"wp","href":"https:\/\/api.w.org\/{rel}","templated":true}]}}