{"id":3666,"date":"2025-10-19T08:55:40","date_gmt":"2025-10-19T08:55:40","guid":{"rendered":"https:\/\/wavexia.com\/product\/hairtamin-advanced-formula-30-capsules\/"},"modified":"2026-03-10T07:30:56","modified_gmt":"2026-03-10T07:30:56","slug":"hairtamin-advanced-formula-30-capsules","status":"publish","type":"product","link":"https:\/\/wavexia.com\/?product=hairtamin-advanced-formula-30-capsules","title":{"rendered":"HAIRtamin Advanced Formula 30 capsules"},"content":{"rendered":"<h2>Description<\/h2>\n<p>EFFICACE POUR TOUS LES TYPES DE CHEVEUX: Fonctionne pour les femmes et les hommes. Que ce soit en raison de l\u2019\u00e2ge, de changements hormonaux, du regime, du stress ou de facteurs environnementaux, les cheveux peuvent \u00eatre endommag\u00e9s et avoir tendance \u00e0 perdre du poids. Plus souvent qu\u2019autrement, nous voyons la cause premi\u00e8re de la perte de cheveux est un r\u00e9gime alimentaire d\u00e9pourvu de nutriments essentiels.<\/p>\n<p><strong>Conseils d\u2019utilisation:<\/strong><\/p>\n<p>1 Capsule par jour<\/p>\n","protected":false},"excerpt":{"rendered":"<p>Description EFFICACE POUR TOUS LES TYPES DE CHEVEUX: Fonctionne pour les femmes et les hommes. Que ce soit en raison de l\u2019\u00e2ge, de changements hormonaux, du regime, du stress ou de facteurs environnementaux, les cheveux peuvent \u00eatre endommag\u00e9s et avoir tendance \u00e0 perdre du poids. Plus souvent qu\u2019autrement, nous voyons la cause premi\u00e8re de la [&hellip;]<\/p>\n","protected":false},"featured_media":3665,"comment_status":"open","ping_status":"closed","template":"","meta":{"content-type":"","_uag_custom_page_level_css":""},"pwb-brand":[],"product_brand":[],"product_cat":[330,327],"product_tag":[],"class_list":{"0":"post-3666","1":"product","2":"type-product","3":"status-publish","4":"has-post-thumbnail","6":"product_cat-complements-alimentaires","7":"product_cat-hmizat","9":"first","10":"instock","11":"sale","12":"shipping-taxable","13":"purchasable","14":"product-type-simple"},"aioseo_notices":[],"uagb_featured_image_src":{"full":["https:\/\/wavexia.com\/wp-content\/uploads\/2025\/10\/7501.jpg",1000,1000,false],"thumbnail":["https:\/\/wavexia.com\/wp-content\/uploads\/2025\/10\/7501-150x150.jpg",150,150,true],"medium":["https:\/\/wavexia.com\/wp-content\/uploads\/2025\/10\/7501-300x300.jpg",300,300,true],"medium_large":["https:\/\/wavexia.com\/wp-content\/uploads\/2025\/10\/7501-768x768.jpg",768,768,true],"large":["https:\/\/wavexia.com\/wp-content\/uploads\/2025\/10\/7501.jpg",1000,1000,false],"1536x1536":["https:\/\/wavexia.com\/wp-content\/uploads\/2025\/10\/7501.jpg",1000,1000,false],"2048x2048":["https:\/\/wavexia.com\/wp-content\/uploads\/2025\/10\/7501.jpg",1000,1000,false],"woocommerce_archive_thumbnail":["https:\/\/wavexia.com\/wp-content\/uploads\/2025\/10\/7501-300x300.jpg",300,300,true],"woocommerce_thumbnail":["https:\/\/wavexia.com\/wp-content\/uploads\/2025\/10\/7501-300x300.jpg",300,300,true],"woocommerce_single":["https:\/\/wavexia.com\/wp-content\/uploads\/2025\/10\/7501-600x600.jpg",600,600,true],"woocommerce_gallery_thumbnail":["https:\/\/wavexia.com\/wp-content\/uploads\/2025\/10\/7501-100x100.jpg",100,100,true]},"uagb_author_info":{"display_name":"zineddine.ayoub98@gmail.com","author_link":"https:\/\/wavexia.com\/?author=0"},"uagb_comment_info":0,"uagb_excerpt":"Description EFFICACE POUR TOUS LES TYPES DE CHEVEUX: Fonctionne pour les femmes et les hommes. Que ce soit en raison de l\u2019\u00e2ge, de changements hormonaux, du regime, du stress ou de facteurs environnementaux, les cheveux peuvent \u00eatre endommag\u00e9s et avoir tendance \u00e0 perdre du poids. Plus souvent qu\u2019autrement, nous voyons la cause premi\u00e8re de la&hellip;","brands":[],"_links":{"self":[{"href":"https:\/\/wavexia.com\/index.php?rest_route=\/wp\/v2\/product\/3666","targetHints":{"allow":["GET"]}}],"collection":[{"href":"https:\/\/wavexia.com\/index.php?rest_route=\/wp\/v2\/product"}],"about":[{"href":"https:\/\/wavexia.com\/index.php?rest_route=\/wp\/v2\/types\/product"}],"replies":[{"embeddable":true,"href":"https:\/\/wavexia.com\/index.php?rest_route=%2Fwp%2Fv2%2Fcomments&post=3666"}],"wp:featuredmedia":[{"embeddable":true,"href":"https:\/\/wavexia.com\/index.php?rest_route=\/wp\/v2\/media\/3665"}],"wp:attachment":[{"href":"https:\/\/wavexia.com\/index.php?rest_route=%2Fwp%2Fv2%2Fmedia&parent=3666"}],"wp:term":[{"taxonomy":"pwb-brand","embeddable":true,"href":"https:\/\/wavexia.com\/index.php?rest_route=%2Fwp%2Fv2%2Fpwb-brand&post=3666"},{"taxonomy":"product_brand","embeddable":true,"href":"https:\/\/wavexia.com\/index.php?rest_route=%2Fwp%2Fv2%2Fproduct_brand&post=3666"},{"taxonomy":"product_cat","embeddable":true,"href":"https:\/\/wavexia.com\/index.php?rest_route=%2Fwp%2Fv2%2Fproduct_cat&post=3666"},{"taxonomy":"product_tag","embeddable":true,"href":"https:\/\/wavexia.com\/index.php?rest_route=%2Fwp%2Fv2%2Fproduct_tag&post=3666"}],"curies":[{"name":"wp","href":"https:\/\/api.w.org\/{rel}","templated":true}]}}