{"id":3664,"date":"2025-10-19T08:55:39","date_gmt":"2025-10-19T08:55:39","guid":{"rendered":"https:\/\/wavexia.com\/product\/crest-3d-whitestrips-professional-transformation-20-treatments-45min\/"},"modified":"2026-03-10T07:30:56","modified_gmt":"2026-03-10T07:30:56","slug":"crest-3d-whitestrips-professional-transformation-20-treatments-45min","status":"publish","type":"product","link":"https:\/\/wavexia.com\/?product=crest-3d-whitestrips-professional-transformation-20-treatments-45min","title":{"rendered":"CREST 3D WHITESTRIPS PROFESSIONAL TRANSFORMATION 20 TREATMENTS (45MIN)"},"content":{"rendered":"<h2>Description<\/h2>\n<div class=\"row row-wrapper\">\n<div id=\"content-wrapper\" class=\"js-content-wrapper col-xs-12\">\n<section id=\"main\">\n<div class=\"row product-container product-layout1\">\n<div class=\"col-md-12\">\n<div class=\"tabs \">\n<div id=\"tab-content\" class=\"tab-content\">\n<div id=\"description\" class=\"tab-pane fade js-product-tab-active active in\" role=\"tabpanel\" aria-expanded=\"true\">\n<div class=\"product-description\">\n<div class=\"woocommerce-product-details__short-description\">\n<p>Le&nbsp;<strong>CREST 3D WHITESTRIPS PROFESSIONAL TRANSFORMATION <\/strong>est une r\u00e9volution pour votre sourire ! Imaginez des dents d\u2019une blancheur \u00e9clatante, transform\u00e9es en profondeur pour un sourire professionnellement lumineux, le tout depuis le confort de votre foyer. Ce kit puissant est con\u00e7u pour vous offrir des r\u00e9sultats de blanchiment spectaculaires et durables, \u00e9quivalents \u00e0 ceux obtenus chez le dentiste.<\/p>\n<form class=\"variations_form cart wd-price-outside wd-reset-side-lg wd-reset-bottom-md wd-label-top-md wvs-loaded\" style=\"box-sizing: border-box; padding: 0px; border: 0px; vertical-align: baseline; font-style: normal; font-variant-ligatures: normal; font-variant-caps: normal; font-variant-numeric: inherit; font-variant-east-asian: inherit; font-variant-alternates: inherit; font-variant-position: inherit; font-variant-emoji: inherit; font-weight: 400; font-stretch: inherit; line-height: inherit; font-family: Lato, Arial, Helvetica, sans-serif; font-optical-sizing: inherit; font-size-adjust: inherit; font-kerning: inherit; font-feature-settings: inherit; font-variation-settings: inherit; font-size: 14px; display: flex; flex-wrap: wrap; gap: 0px; justify-content: var(--content-align); --wd-var-table-mb: 20px; color: #777777; letter-spacing: normal; orphans: 2; text-align: left; text-indent: 0px; text-transform: none; widows: 2; word-spacing: 0px; -webkit-text-stroke-width: 0px; white-space: normal; background-color: #ffffff; text-decoration-thickness: initial; text-decoration-style: initial; text-decoration-color: initial; margin: 0px 0px var(--margin-bottom) 0px;\" action=\"https:\/\/paralagloire.ma\/produit\/crest-3d-white-whitestrips-professional-effects\/\" enctype=\"multipart\/form-data\" method=\"post\" data-product_id=\"18453\" data-product_variations=\"[{&quot;attributes&quot;:{&quot;attribute_pa_size&quot;:&quot;2-bandes&quot;},&quot;availability_html&quot;:&quot;&quot;,&quot;backorders_allowed&quot;:false,&quot;dimensions&quot;:{&quot;length&quot;:&quot;&quot;,&quot;width&quot;:&quot;&quot;,&quot;height&quot;:&quot;&quot;},&quot;dimensions_html&quot;:&quot;ND&quot;,&quot;display_price&quot;:40,&quot;display_regular_price&quot;:40,&quot;image&quot;:{&quot;title&quot;:&quot;crest-bandes&quot;,&quot;caption&quot;:&quot;&quot;,&quot;url&quot;:&quot;https:\/\/paralagloire.ma\/wp-content\/uploads\/2024\/03\/crest-bandes.png&quot;,&quot;alt&quot;:&quot;crest-bandes&quot;,&quot;src&quot;:&quot;https:\/\/paralagloire.ma\/wp-content\/uploads\/2024\/03\/crest-bandes.png&quot;,&quot;srcset&quot;:false,&quot;sizes&quot;:&quot;(max-width: 600px) 100vw, 600px&quot;,&quot;full_src&quot;:&quot;https:\/\/paralagloire.ma\/wp-content\/uploads\/2024\/03\/crest-bandes.png&quot;,&quot;full_src_w&quot;:600,&quot;full_src_h&quot;:600,&quot;gallery_thumbnail_src&quot;:&quot;https:\/\/paralagloire.ma\/wp-content\/uploads\/2024\/03\/crest-bandes.png&quot;,&quot;gallery_thumbnail_src_w&quot;:150,&quot;gallery_thumbnail_src_h&quot;:150,&quot;thumb_src&quot;:&quot;https:\/\/paralagloire.ma\/wp-content\/uploads\/2024\/03\/crest-bandes.png&quot;,&quot;thumb_src_w&quot;:600,&quot;thumb_src_h&quot;:600,&quot;src_w&quot;:600,&quot;src_h&quot;:600},&quot;image_id&quot;:24607,&quot;is_downloadable&quot;:false,&quot;is_in_stock&quot;:true,&quot;is_purchasable&quot;:true,&quot;is_sold_individually&quot;:&quot;no&quot;,&quot;is_virtual&quot;:false,&quot;max_qty&quot;:&quot;&quot;,&quot;min_qty&quot;:1,&quot;price_html&quot;:&quot;&lt;span class=&quot;price&quot;&gt;&lt;span class=&quot;woocommerce-Price-amount amount&quot;&gt;&lt;bdi&gt;40,00&amp;nbsp;&lt;span class=&quot;woocommerce-Price-currencySymbol&quot;&gt;Dhs&lt;\/span&gt;&lt;\/bdi&gt;&lt;\/span&gt;&lt;\/span&gt;&quot;,&quot;sku&quot;:&quot;6100000019379&quot;,&quot;variation_description&quot;:&quot;&quot;,&quot;variation_id&quot;:24604,&quot;variation_is_active&quot;:true,&quot;variation_is_visible&quot;:true,&quot;weight&quot;:&quot;&quot;,&quot;weight_html&quot;:&quot;ND&quot;,&quot;additional_variation_images&quot;:[{&quot;width&quot;:600,&quot;height&quot;:600,&quot;src&quot;:&quot;https:\/\/paralagloire.ma\/wp-content\/uploads\/2024\/03\/crest-bandes.png&quot;,&quot;full_src&quot;:&quot;https:\/\/paralagloire.ma\/wp-content\/uploads\/2024\/03\/crest-bandes.png&quot;,&quot;thumbnail_src&quot;:&quot;https:\/\/paralagloire.ma\/wp-content\/uploads\/2024\/03\/crest-bandes.png&quot;,&quot;class&quot;:&quot;wp-post-image&quot;,&quot;alt&quot;:&quot;&quot;,&quot;title&quot;:&quot;crest-bandes&quot;,&quot;data_caption&quot;:&quot;&quot;,&quot;data_src&quot;:&quot;https:\/\/paralagloire.ma\/wp-content\/uploads\/2024\/03\/crest-bandes.png&quot;,&quot;data_large_image&quot;:&quot;https:\/\/paralagloire.ma\/wp-content\/uploads\/2024\/03\/crest-bandes.png&quot;,&quot;data_large_image_width&quot;:&quot;600&quot;,&quot;data_large_image_height&quot;:&quot;600&quot;}],&quot;additional_variation_images_default&quot;:[{&quot;width&quot;:700,&quot;height&quot;:700,&quot;src&quot;:&quot;https:\/\/paralagloire.ma\/wp-content\/uploads\/2023\/02\/CREST-3D-WHITE-WHITESTRIPS.jpg&quot;,&quot;full_src&quot;:&quot;https:\/\/paralagloire.ma\/wp-content\/uploads\/2023\/02\/CREST-3D-WHITE-WHITESTRIPS.jpg&quot;,&quot;thumbnail_src&quot;:&quot;https:\/\/paralagloire.ma\/wp-content\/uploads\/2023\/02\/CREST-3D-WHITE-WHITESTRIPS.jpg&quot;,&quot;class&quot;:&quot;wp-post-image&quot;,&quot;alt&quot;:&quot;CREST 3D WHITE WHITESTRIPS&quot;,&quot;title&quot;:&quot;CREST-3D-WHITE-WHITESTRIPS&quot;,&quot;data_caption&quot;:&quot;&quot;,&quot;data_src&quot;:&quot;https:\/\/paralagloire.ma\/wp-content\/uploads\/2023\/02\/CREST-3D-WHITE-WHITESTRIPS.jpg&quot;,&quot;data_large_image&quot;:&quot;https:\/\/paralagloire.ma\/wp-content\/uploads\/2023\/02\/CREST-3D-WHITE-WHITESTRIPS.jpg&quot;,&quot;data_large_image_width&quot;:&quot;1000&quot;,&quot;data_large_image_height&quot;:&quot;1000&quot;},{&quot;width&quot;:700,&quot;height&quot;:700,&quot;src&quot;:&quot;https:\/\/paralagloire.ma\/wp-content\/uploads\/2023\/02\/crest-application.jpg&quot;,&quot;full_src&quot;:&quot;https:\/\/paralagloire.ma\/wp-content\/uploads\/2023\/02\/crest-application.jpg&quot;,&quot;thumbnail_src&quot;:&quot;https:\/\/paralagloire.ma\/wp-content\/uploads\/2023\/02\/crest-application.jpg&quot;,&quot;class&quot;:&quot;&quot;,&quot;alt&quot;:&quot;&quot;,&quot;title&quot;:&quot;crest-application&quot;,&quot;data_caption&quot;:&quot;&quot;,&quot;data_src&quot;:&quot;https:\/\/paralagloire.ma\/wp-content\/uploads\/2023\/02\/crest-application.jpg&quot;,&quot;data_large_image&quot;:&quot;https:\/\/paralagloire.ma\/wp-content\/uploads\/2023\/02\/crest-application.jpg&quot;,&quot;data_large_image_width&quot;:&quot;1600&quot;,&quot;data_large_image_height&quot;:&quot;1600&quot;}]},{&quot;attributes&quot;:{&quot;attribute_pa_size&quot;:&quot;20-bandes&quot;},&quot;availability_html&quot;:&quot;&quot;,&quot;backorders_allowed&quot;:false,&quot;dimensions&quot;:{&quot;length&quot;:&quot;&quot;,&quot;width&quot;:&quot;&quot;,&quot;height&quot;:&quot;&quot;},&quot;dimensions_html&quot;:&quot;ND&quot;,&quot;display_price&quot;:380,&quot;display_regular_price&quot;:400,&quot;image&quot;:{&quot;title&quot;:&quot;crest-level-12-whitestrips2&quot;,&quot;caption&quot;:&quot;&quot;,&quot;url&quot;:&quot;https:\/\/paralagloire.ma\/wp-content\/uploads\/2024\/03\/crest-level-12-whitestrips2.jpeg&quot;,&quot;alt&quot;:&quot;crest-level-12-whitestrips2&quot;,&quot;src&quot;:&quot;https:\/\/paralagloire.ma\/wp-content\/uploads\/2024\/03\/crest-level-12-whitestrips2.jpeg&quot;,&quot;srcset&quot;:false,&quot;sizes&quot;:&quot;(max-width: 700px) 100vw, 700px&quot;,&quot;full_src&quot;:&quot;https:\/\/paralagloire.ma\/wp-content\/uploads\/2024\/03\/crest-level-12-whitestrips2.jpeg&quot;,&quot;full_src_w&quot;:1920,&quot;full_src_h&quot;:1920,&quot;gallery_thumbnail_src&quot;:&quot;https:\/\/paralagloire.ma\/wp-content\/uploads\/2024\/03\/crest-level-12-whitestrips2.jpeg&quot;,&quot;gallery_thumbnail_src_w&quot;:150,&quot;gallery_thumbnail_src_h&quot;:150,&quot;thumb_src&quot;:&quot;https:\/\/paralagloire.ma\/wp-content\/uploads\/2024\/03\/crest-level-12-whitestrips2.jpeg&quot;,&quot;thumb_src_w&quot;:1920,&quot;thumb_src_h&quot;:1920,&quot;src_w&quot;:700,&quot;src_h&quot;:700},&quot;image_id&quot;:24612,&quot;is_downloadable&quot;:false,&quot;is_in_stock&quot;:true,&quot;is_purchasable&quot;:true,&quot;is_sold_individually&quot;:&quot;no&quot;,&quot;is_virtual&quot;:false,&quot;max_qty&quot;:&quot;&quot;,&quot;min_qty&quot;:1,&quot;price_html&quot;:&quot;&lt;span class=&quot;price&quot;&gt;&lt;del aria-hidden=&quot;true&quot;&gt;&lt;span class=&quot;woocommerce-Price-amount amount&quot;&gt;&lt;bdi&gt;400,00&amp;nbsp;&lt;span class=&quot;woocommerce-Price-currencySymbol&quot;&gt;Dhs&lt;\/span&gt;&lt;\/bdi&gt;&lt;\/span&gt;&lt;\/del&gt; &lt;span class=&quot;screen-reader-text&quot;&gt;Le prix initial u00e9taitu00a0: 400,00&amp;nbsp;Dhs.&lt;\/span&gt;&lt;ins aria-hidden=&quot;true&quot;&gt;&lt;span class=&quot;woocommerce-Price-amount amount&quot;&gt;&lt;bdi&gt;380,00&amp;nbsp;&lt;span class=&quot;woocommerce-Price-currencySymbol&quot;&gt;Dhs&lt;\/span&gt;&lt;\/bdi&gt;&lt;\/span&gt;&lt;\/ins&gt;&lt;span class=&quot;screen-reader-text&quot;&gt;Le prix actuel estu00a0: 380,00&amp;nbsp;Dhs.&lt;\/span&gt;&lt;\/span&gt;&quot;,&quot;sku&quot;:&quot;6100000019379&quot;,&quot;variation_description&quot;:&quot;&quot;,&quot;variation_id&quot;:24605,&quot;variation_is_active&quot;:true,&quot;variation_is_visible&quot;:true,&quot;weight&quot;:&quot;&quot;,&quot;weight_html&quot;:&quot;ND&quot;,&quot;additional_variation_images&quot;:[{&quot;width&quot;:700,&quot;height&quot;:700,&quot;src&quot;:&quot;https:\/\/paralagloire.ma\/wp-content\/uploads\/2024\/03\/crest-level-12-whitestrips2.jpeg&quot;,&quot;full_src&quot;:&quot;https:\/\/paralagloire.ma\/wp-content\/uploads\/2024\/03\/crest-level-12-whitestrips2.jpeg&quot;,&quot;thumbnail_src&quot;:&quot;https:\/\/paralagloire.ma\/wp-content\/uploads\/2024\/03\/crest-level-12-whitestrips2.jpeg&quot;,&quot;class&quot;:&quot;wp-post-image&quot;,&quot;alt&quot;:&quot;&quot;,&quot;title&quot;:&quot;crest-level-12-whitestrips2&quot;,&quot;data_caption&quot;:&quot;&quot;,&quot;data_src&quot;:&quot;https:\/\/paralagloire.ma\/wp-content\/uploads\/2024\/03\/crest-level-12-whitestrips2.jpeg&quot;,&quot;data_large_image&quot;:&quot;https:\/\/paralagloire.ma\/wp-content\/uploads\/2024\/03\/crest-level-12-whitestrips2.jpeg&quot;,&quot;data_large_image_width&quot;:&quot;1920&quot;,&quot;data_large_image_height&quot;:&quot;1920&quot;}],&quot;additional_variation_images_default&quot;:[{&quot;width&quot;:700,&quot;height&quot;:700,&quot;src&quot;:&quot;https:\/\/paralagloire.ma\/wp-content\/uploads\/2023\/02\/CREST-3D-WHITE-WHITESTRIPS.jpg&quot;,&quot;full_src&quot;:&quot;https:\/\/paralagloire.ma\/wp-content\/uploads\/2023\/02\/CREST-3D-WHITE-WHITESTRIPS.jpg&quot;,&quot;thumbnail_src&quot;:&quot;https:\/\/paralagloire.ma\/wp-content\/uploads\/2023\/02\/CREST-3D-WHITE-WHITESTRIPS.jpg&quot;,&quot;class&quot;:&quot;wp-post-image&quot;,&quot;alt&quot;:&quot;CREST 3D WHITE WHITESTRIPS&quot;,&quot;title&quot;:&quot;CREST-3D-WHITE-WHITESTRIPS&quot;,&quot;data_caption&quot;:&quot;&quot;,&quot;data_src&quot;:&quot;https:\/\/paralagloire.ma\/wp-content\/uploads\/2023\/02\/CREST-3D-WHITE-WHITESTRIPS.jpg&quot;,&quot;data_large_image&quot;:&quot;https:\/\/paralagloire.ma\/wp-content\/uploads\/2023\/02\/CREST-3D-WHITE-WHITESTRIPS.jpg&quot;,&quot;data_large_image_width&quot;:&quot;1000&quot;,&quot;data_large_image_height&quot;:&quot;1000&quot;},{&quot;width&quot;:700,&quot;height&quot;:700,&quot;src&quot;:&quot;https:\/\/paralagloire.ma\/wp-content\/uploads\/2023\/02\/crest-application.jpg&quot;,&quot;full_src&quot;:&quot;https:\/\/paralagloire.ma\/wp-content\/uploads\/2023\/02\/crest-application.jpg&quot;,&quot;thumbnail_src&quot;:&quot;https:\/\/paralagloire.ma\/wp-content\/uploads\/2023\/02\/crest-application.jpg&quot;,&quot;class&quot;:&quot;&quot;,&quot;alt&quot;:&quot;&quot;,&quot;title&quot;:&quot;crest-application&quot;,&quot;data_caption&quot;:&quot;&quot;,&quot;data_src&quot;:&quot;https:\/\/paralagloire.ma\/wp-content\/uploads\/2023\/02\/crest-application.jpg&quot;,&quot;data_large_image&quot;:&quot;https:\/\/paralagloire.ma\/wp-content\/uploads\/2023\/02\/crest-application.jpg&quot;,&quot;data_large_image_width&quot;:&quot;1600&quot;,&quot;data_large_image_height&quot;:&quot;1600&quot;}]},{&quot;attributes&quot;:{&quot;attribute_pa_size&quot;:&quot;40-bandes&quot;},&quot;availability_html&quot;:&quot;&quot;,&quot;backorders_allowed&quot;:false,&quot;dimensions&quot;:{&quot;length&quot;:&quot;&quot;,&quot;width&quot;:&quot;&quot;,&quot;height&quot;:&quot;&quot;},&quot;dimensions_html&quot;:&quot;ND&quot;,&quot;display_price&quot;:690,&quot;display_regular_price&quot;:800,&quot;image&quot;:{&quot;title&quot;:&quot;crest-niveau18&quot;,&quot;caption&quot;:&quot;&quot;,&quot;url&quot;:&quot;https:\/\/paralagloire.ma\/wp-content\/uploads\/2024\/03\/crest-niveau18.jpg&quot;,&quot;alt&quot;:&quot;crest-niveau18&quot;,&quot;src&quot;:&quot;https:\/\/paralagloire.ma\/wp-content\/uploads\/2024\/03\/crest-niveau18.jpg&quot;,&quot;srcset&quot;:false,&quot;sizes&quot;:&quot;(max-width: 700px) 100vw, 700px&quot;,&quot;full_src&quot;:&quot;https:\/\/paralagloire.ma\/wp-content\/uploads\/2024\/03\/crest-niveau18.jpg&quot;,&quot;full_src_w&quot;:828,&quot;full_src_h&quot;:1029,&quot;gallery_thumbnail_src&quot;:&quot;https:\/\/paralagloire.ma\/wp-content\/uploads\/2024\/03\/crest-niveau18.jpg&quot;,&quot;gallery_thumbnail_src_w&quot;:150,&quot;gallery_thumbnail_src_h&quot;:186,&quot;thumb_src&quot;:&quot;https:\/\/paralagloire.ma\/wp-content\/uploads\/2024\/03\/crest-niveau18.jpg&quot;,&quot;thumb_src_w&quot;:828,&quot;thumb_src_h&quot;:1029,&quot;src_w&quot;:700,&quot;src_h&quot;:870},&quot;image_id&quot;:24609,&quot;is_downloadable&quot;:false,&quot;is_in_stock&quot;:true,&quot;is_purchasable&quot;:true,&quot;is_sold_individually&quot;:&quot;no&quot;,&quot;is_virtual&quot;:false,&quot;max_qty&quot;:&quot;&quot;,&quot;min_qty&quot;:1,&quot;price_html&quot;:&quot;&lt;span class=&quot;price&quot;&gt;&lt;del aria-hidden=&quot;true&quot;&gt;&lt;span class=&quot;woocommerce-Price-amount amount&quot;&gt;&lt;bdi&gt;800,00&amp;nbsp;&lt;span class=&quot;woocommerce-Price-currencySymbol&quot;&gt;Dhs&lt;\/span&gt;&lt;\/bdi&gt;&lt;\/span&gt;&lt;\/del&gt; &lt;span class=&quot;screen-reader-text&quot;&gt;Le prix initial u00e9taitu00a0: 800,00&amp;nbsp;Dhs.&lt;\/span&gt;&lt;ins aria-hidden=&quot;true&quot;&gt;&lt;span class=&quot;woocommerce-Price-amount amount&quot;&gt;&lt;bdi&gt;690,00&amp;nbsp;&lt;span class=&quot;woocommerce-Price-currencySymbol&quot;&gt;Dhs&lt;\/span&gt;&lt;\/bdi&gt;&lt;\/span&gt;&lt;\/ins&gt;&lt;span class=&quot;screen-reader-text&quot;&gt;Le prix actuel estu00a0: 690,00&amp;nbsp;Dhs.&lt;\/span&gt;&lt;\/span&gt;&quot;,&quot;sku&quot;:&quot;6100000019379&quot;,&quot;variation_description&quot;:&quot;&quot;,&quot;variation_id&quot;:24606,&quot;variation_is_active&quot;:true,&quot;variation_is_visible&quot;:true,&quot;weight&quot;:&quot;&quot;,&quot;weight_html&quot;:&quot;ND&quot;,&quot;additional_variation_images&quot;:[{&quot;width&quot;:700,&quot;height&quot;:870,&quot;src&quot;:&quot;https:\/\/paralagloire.ma\/wp-content\/uploads\/2024\/03\/crest-niveau18.jpg&quot;,&quot;full_src&quot;:&quot;https:\/\/paralagloire.ma\/wp-content\/uploads\/2024\/03\/crest-niveau18.jpg&quot;,&quot;thumbnail_src&quot;:&quot;https:\/\/paralagloire.ma\/wp-content\/uploads\/2024\/03\/crest-niveau18.jpg&quot;,&quot;class&quot;:&quot;wp-post-image&quot;,&quot;alt&quot;:&quot;&quot;,&quot;title&quot;:&quot;crest-niveau18&quot;,&quot;data_caption&quot;:&quot;&quot;,&quot;data_src&quot;:&quot;https:\/\/paralagloire.ma\/wp-content\/uploads\/2024\/03\/crest-niveau18.jpg&quot;,&quot;data_large_image&quot;:&quot;https:\/\/paralagloire.ma\/wp-content\/uploads\/2024\/03\/crest-niveau18.jpg&quot;,&quot;data_large_image_width&quot;:&quot;828&quot;,&quot;data_large_image_height&quot;:&quot;1029&quot;}],&quot;additional_variation_images_default&quot;:[{&quot;width&quot;:700,&quot;height&quot;:700,&quot;src&quot;:&quot;https:\/\/paralagloire.ma\/wp-content\/uploads\/2023\/02\/CREST-3D-WHITE-WHITESTRIPS.jpg&quot;,&quot;full_src&quot;:&quot;https:\/\/paralagloire.ma\/wp-content\/uploads\/2023\/02\/CREST-3D-WHITE-WHITESTRIPS.jpg&quot;,&quot;thumbnail_src&quot;:&quot;https:\/\/paralagloire.ma\/wp-content\/uploads\/2023\/02\/CREST-3D-WHITE-WHITESTRIPS.jpg&quot;,&quot;class&quot;:&quot;wp-post-image&quot;,&quot;alt&quot;:&quot;CREST 3D WHITE WHITESTRIPS&quot;,&quot;title&quot;:&quot;CREST-3D-WHITE-WHITESTRIPS&quot;,&quot;data_caption&quot;:&quot;&quot;,&quot;data_src&quot;:&quot;https:\/\/paralagloire.ma\/wp-content\/uploads\/2023\/02\/CREST-3D-WHITE-WHITESTRIPS.jpg&quot;,&quot;data_large_image&quot;:&quot;https:\/\/paralagloire.ma\/wp-content\/uploads\/2023\/02\/CREST-3D-WHITE-WHITESTRIPS.jpg&quot;,&quot;data_large_image_width&quot;:&quot;1000&quot;,&quot;data_large_image_height&quot;:&quot;1000&quot;},{&quot;width&quot;:700,&quot;height&quot;:700,&quot;src&quot;:&quot;https:\/\/paralagloire.ma\/wp-content\/uploads\/2023\/02\/crest-application.jpg&quot;,&quot;full_src&quot;:&quot;https:\/\/paralagloire.ma\/wp-content\/uploads\/2023\/02\/crest-application.jpg&quot;,&quot;thumbnail_src&quot;:&quot;https:\/\/paralagloire.ma\/wp-content\/uploads\/2023\/02\/crest-application.jpg&quot;,&quot;class&quot;:&quot;&quot;,&quot;alt&quot;:&quot;&quot;,&quot;title&quot;:&quot;crest-application&quot;,&quot;data_caption&quot;:&quot;&quot;,&quot;data_src&quot;:&quot;https:\/\/paralagloire.ma\/wp-content\/uploads\/2023\/02\/crest-application.jpg&quot;,&quot;data_large_image&quot;:&quot;https:\/\/paralagloire.ma\/wp-content\/uploads\/2023\/02\/crest-application.jpg&quot;,&quot;data_large_image_width&quot;:&quot;1600&quot;,&quot;data_large_image_height&quot;:&quot;1600&quot;}]}]\">\n<div data-product_id=\"18453\" data-threshold_min=\"30\" data-threshold_max=\"100\" data-total=\"3\"><\/div>\n<\/form>\n<\/div>\n<\/div>\n<\/div>\n<\/div>\n<\/div>\n<\/div>\n<footer class=\"page-footer\"><\/footer>\n<\/section>\n<\/div>\n<\/div>\n<section class=\"categoryproducts section-top slider-arrows-top clearfix\">\n<div class=\"pos_title\"><\/div>\n<\/section>\n<\/div>\n","protected":false},"excerpt":{"rendered":"<p>Description Le&nbsp;CREST 3D WHITESTRIPS PROFESSIONAL TRANSFORMATION est une r\u00e9volution pour votre sourire ! Imaginez des dents d\u2019une blancheur \u00e9clatante, transform\u00e9es en profondeur pour un sourire professionnellement lumineux, le tout depuis le confort de votre foyer. Ce kit puissant est con\u00e7u pour vous offrir des r\u00e9sultats de blanchiment spectaculaires et durables, \u00e9quivalents \u00e0 ceux obtenus chez [&hellip;]<\/p>\n","protected":false},"featured_media":3663,"comment_status":"open","ping_status":"closed","template":"","meta":{"content-type":"","_uag_custom_page_level_css":""},"pwb-brand":[],"product_brand":[],"product_cat":[373,327,329,374],"product_tag":[],"class_list":{"0":"post-3664","1":"product","2":"type-product","3":"status-publish","4":"has-post-thumbnail","6":"product_cat-crest","7":"product_cat-hmizat","8":"product_cat-produits-americains","9":"product_cat-soins-dentaires","11":"first","12":"instock","13":"sale","14":"shipping-taxable","15":"purchasable","16":"product-type-simple"},"aioseo_notices":[],"uagb_featured_image_src":{"full":["https:\/\/wavexia.com\/wp-content\/uploads\/2025\/10\/crest-crest-3d-whitestrips-professional-transformation-20-treatments-dentaire-1.jpg",700,700,false],"thumbnail":["https:\/\/wavexia.com\/wp-content\/uploads\/2025\/10\/crest-crest-3d-whitestrips-professional-transformation-20-treatments-dentaire-1-150x150.jpg",150,150,true],"medium":["https:\/\/wavexia.com\/wp-content\/uploads\/2025\/10\/crest-crest-3d-whitestrips-professional-transformation-20-treatments-dentaire-1-300x300.jpg",300,300,true],"medium_large":["https:\/\/wavexia.com\/wp-content\/uploads\/2025\/10\/crest-crest-3d-whitestrips-professional-transformation-20-treatments-dentaire-1.jpg",700,700,false],"large":["https:\/\/wavexia.com\/wp-content\/uploads\/2025\/10\/crest-crest-3d-whitestrips-professional-transformation-20-treatments-dentaire-1.jpg",700,700,false],"1536x1536":["https:\/\/wavexia.com\/wp-content\/uploads\/2025\/10\/crest-crest-3d-whitestrips-professional-transformation-20-treatments-dentaire-1.jpg",700,700,false],"2048x2048":["https:\/\/wavexia.com\/wp-content\/uploads\/2025\/10\/crest-crest-3d-whitestrips-professional-transformation-20-treatments-dentaire-1.jpg",700,700,false],"woocommerce_archive_thumbnail":["https:\/\/wavexia.com\/wp-content\/uploads\/2025\/10\/crest-crest-3d-whitestrips-professional-transformation-20-treatments-dentaire-1-300x300.jpg",300,300,true],"woocommerce_thumbnail":["https:\/\/wavexia.com\/wp-content\/uploads\/2025\/10\/crest-crest-3d-whitestrips-professional-transformation-20-treatments-dentaire-1-300x300.jpg",300,300,true],"woocommerce_single":["https:\/\/wavexia.com\/wp-content\/uploads\/2025\/10\/crest-crest-3d-whitestrips-professional-transformation-20-treatments-dentaire-1-600x600.jpg",600,600,true],"woocommerce_gallery_thumbnail":["https:\/\/wavexia.com\/wp-content\/uploads\/2025\/10\/crest-crest-3d-whitestrips-professional-transformation-20-treatments-dentaire-1-100x100.jpg",100,100,true]},"uagb_author_info":{"display_name":"zineddine.ayoub98@gmail.com","author_link":"https:\/\/wavexia.com\/?author=0"},"uagb_comment_info":0,"uagb_excerpt":"Description Le&nbsp;CREST 3D WHITESTRIPS PROFESSIONAL TRANSFORMATION est une r\u00e9volution pour votre sourire ! Imaginez des dents d\u2019une blancheur \u00e9clatante, transform\u00e9es en profondeur pour un sourire professionnellement lumineux, le tout depuis le confort de votre foyer. Ce kit puissant est con\u00e7u pour vous offrir des r\u00e9sultats de blanchiment spectaculaires et durables, \u00e9quivalents \u00e0 ceux obtenus chez&hellip;","brands":[],"_links":{"self":[{"href":"https:\/\/wavexia.com\/index.php?rest_route=\/wp\/v2\/product\/3664","targetHints":{"allow":["GET"]}}],"collection":[{"href":"https:\/\/wavexia.com\/index.php?rest_route=\/wp\/v2\/product"}],"about":[{"href":"https:\/\/wavexia.com\/index.php?rest_route=\/wp\/v2\/types\/product"}],"replies":[{"embeddable":true,"href":"https:\/\/wavexia.com\/index.php?rest_route=%2Fwp%2Fv2%2Fcomments&post=3664"}],"wp:featuredmedia":[{"embeddable":true,"href":"https:\/\/wavexia.com\/index.php?rest_route=\/wp\/v2\/media\/3663"}],"wp:attachment":[{"href":"https:\/\/wavexia.com\/index.php?rest_route=%2Fwp%2Fv2%2Fmedia&parent=3664"}],"wp:term":[{"taxonomy":"pwb-brand","embeddable":true,"href":"https:\/\/wavexia.com\/index.php?rest_route=%2Fwp%2Fv2%2Fpwb-brand&post=3664"},{"taxonomy":"product_brand","embeddable":true,"href":"https:\/\/wavexia.com\/index.php?rest_route=%2Fwp%2Fv2%2Fproduct_brand&post=3664"},{"taxonomy":"product_cat","embeddable":true,"href":"https:\/\/wavexia.com\/index.php?rest_route=%2Fwp%2Fv2%2Fproduct_cat&post=3664"},{"taxonomy":"product_tag","embeddable":true,"href":"https:\/\/wavexia.com\/index.php?rest_route=%2Fwp%2Fv2%2Fproduct_tag&post=3664"}],"curies":[{"name":"wp","href":"https:\/\/api.w.org\/{rel}","templated":true}]}}