{"id":3661,"date":"2025-10-19T08:55:37","date_gmt":"2025-10-19T08:55:37","guid":{"rendered":"https:\/\/wavexia.com\/product\/rituals-the-ritual-of-ayurveda-coffret-s\/"},"modified":"2026-03-10T07:30:56","modified_gmt":"2026-03-10T07:30:56","slug":"rituals-the-ritual-of-ayurveda-coffret-s","status":"publish","type":"product","link":"https:\/\/wavexia.com\/?product=rituals-the-ritual-of-ayurveda-coffret-s","title":{"rendered":"RITUALS The Ritual Of Ayurveda Coffret S"},"content":{"rendered":"<h2>Description<\/h2>\n<p>Ce magnifique coffret cadeau est le cadeau parfait pour un ami, un membre de la famille ou pour se faire plaisir.<\/p>\n<p>Contient:<\/p>\n<ul>\n<li>une mousse de douche<\/li>\n<li>une huile de douche<\/li>\n<li>Une brume pour le corps et les cheveux<\/li>\n<li>une cr\u00e8me pour le corps.<\/li>\n<\/ul>\n<p>Atteignez l\u2019harmonie int\u00e9rieure avec ces&nbsp;produits aromatiques et apaisants \u00e0 base d\u2019huile de rose d\u2019Inde et d\u2019amande douce.<\/p>\n<p>Le design de l\u2019origami s\u2019inspire de l\u2019art japonais du cadeau. Dans la culture japonaise, l\u2019emballage peut \u00eatre tout aussi important que le cadeau lui-m\u00eame, car il s\u2019agit d\u2019une forme de communication entre le donneur et le destinataire.<\/p>\n<p>Vous pouvez donner une seconde vie \u00e0 la bo\u00eete cadeau r\u00e9utilisable en gardant des photos, des lettres ou d\u2019autres objets \u00e0 l\u2019int\u00e9rieur.<\/p>\n","protected":false},"excerpt":{"rendered":"<p>Description Ce magnifique coffret cadeau est le cadeau parfait pour un ami, un membre de la famille ou pour se faire plaisir. Contient: une mousse de douche une huile de douche Une brume pour le corps et les cheveux une cr\u00e8me pour le corps. Atteignez l\u2019harmonie int\u00e9rieure avec ces&nbsp;produits aromatiques et apaisants \u00e0 base d\u2019huile [&hellip;]<\/p>\n","protected":false},"featured_media":3660,"comment_status":"open","ping_status":"closed","template":"","meta":{"content-type":"","_uag_custom_page_level_css":""},"pwb-brand":[],"product_brand":[],"product_cat":[322,327,331,339,332],"product_tag":[],"class_list":{"0":"post-3661","1":"product","2":"type-product","3":"status-publish","4":"has-post-thumbnail","6":"product_cat-corps-bain","7":"product_cat-hmizat","8":"product_cat-idees-cadeaux","9":"product_cat-meilleures-ventes","10":"product_cat-rituals","12":"first","13":"instock","14":"sale","15":"shipping-taxable","16":"purchasable","17":"product-type-simple"},"aioseo_notices":[],"uagb_featured_image_src":{"full":["https:\/\/wavexia.com\/wp-content\/uploads\/2025\/10\/200431.jpg",1000,1000,false],"thumbnail":["https:\/\/wavexia.com\/wp-content\/uploads\/2025\/10\/200431-150x150.jpg",150,150,true],"medium":["https:\/\/wavexia.com\/wp-content\/uploads\/2025\/10\/200431-300x300.jpg",300,300,true],"medium_large":["https:\/\/wavexia.com\/wp-content\/uploads\/2025\/10\/200431-768x768.jpg",768,768,true],"large":["https:\/\/wavexia.com\/wp-content\/uploads\/2025\/10\/200431.jpg",1000,1000,false],"1536x1536":["https:\/\/wavexia.com\/wp-content\/uploads\/2025\/10\/200431.jpg",1000,1000,false],"2048x2048":["https:\/\/wavexia.com\/wp-content\/uploads\/2025\/10\/200431.jpg",1000,1000,false],"woocommerce_archive_thumbnail":["https:\/\/wavexia.com\/wp-content\/uploads\/2025\/10\/200431-300x300.jpg",300,300,true],"woocommerce_thumbnail":["https:\/\/wavexia.com\/wp-content\/uploads\/2025\/10\/200431-300x300.jpg",300,300,true],"woocommerce_single":["https:\/\/wavexia.com\/wp-content\/uploads\/2025\/10\/200431-600x600.jpg",600,600,true],"woocommerce_gallery_thumbnail":["https:\/\/wavexia.com\/wp-content\/uploads\/2025\/10\/200431-100x100.jpg",100,100,true]},"uagb_author_info":{"display_name":"zineddine.ayoub98@gmail.com","author_link":"https:\/\/wavexia.com\/?author=0"},"uagb_comment_info":0,"uagb_excerpt":"Description Ce magnifique coffret cadeau est le cadeau parfait pour un ami, un membre de la famille ou pour se faire plaisir. Contient: une mousse de douche une huile de douche Une brume pour le corps et les cheveux une cr\u00e8me pour le corps. Atteignez l\u2019harmonie int\u00e9rieure avec ces&nbsp;produits aromatiques et apaisants \u00e0 base d\u2019huile&hellip;","brands":[],"_links":{"self":[{"href":"https:\/\/wavexia.com\/index.php?rest_route=\/wp\/v2\/product\/3661","targetHints":{"allow":["GET"]}}],"collection":[{"href":"https:\/\/wavexia.com\/index.php?rest_route=\/wp\/v2\/product"}],"about":[{"href":"https:\/\/wavexia.com\/index.php?rest_route=\/wp\/v2\/types\/product"}],"replies":[{"embeddable":true,"href":"https:\/\/wavexia.com\/index.php?rest_route=%2Fwp%2Fv2%2Fcomments&post=3661"}],"wp:featuredmedia":[{"embeddable":true,"href":"https:\/\/wavexia.com\/index.php?rest_route=\/wp\/v2\/media\/3660"}],"wp:attachment":[{"href":"https:\/\/wavexia.com\/index.php?rest_route=%2Fwp%2Fv2%2Fmedia&parent=3661"}],"wp:term":[{"taxonomy":"pwb-brand","embeddable":true,"href":"https:\/\/wavexia.com\/index.php?rest_route=%2Fwp%2Fv2%2Fpwb-brand&post=3661"},{"taxonomy":"product_brand","embeddable":true,"href":"https:\/\/wavexia.com\/index.php?rest_route=%2Fwp%2Fv2%2Fproduct_brand&post=3661"},{"taxonomy":"product_cat","embeddable":true,"href":"https:\/\/wavexia.com\/index.php?rest_route=%2Fwp%2Fv2%2Fproduct_cat&post=3661"},{"taxonomy":"product_tag","embeddable":true,"href":"https:\/\/wavexia.com\/index.php?rest_route=%2Fwp%2Fv2%2Fproduct_tag&post=3661"}],"curies":[{"name":"wp","href":"https:\/\/api.w.org\/{rel}","templated":true}]}}