{"id":3650,"date":"2025-10-19T08:55:29","date_gmt":"2025-10-19T08:55:29","guid":{"rendered":"https:\/\/wavexia.com\/product\/vicrea-honey-deep-moist-hair-pack-1-5\/"},"modified":"2026-03-10T07:30:56","modified_gmt":"2026-03-10T07:30:56","slug":"vicrea-honey-deep-moist-hair-pack-1-5","status":"publish","type":"product","link":"https:\/\/wavexia.com\/?product=vicrea-honey-deep-moist-hair-pack-1-5","title":{"rendered":"ViCREA &#038;HONEY | DEEP MOIST HAIR PACK 1.5"},"content":{"rendered":"<h2>Description<\/h2>\n<p>L\u2019accent a \u00e9t\u00e9 mis sur les cheveux avec un taux d\u2019humidit\u00e9 de 14 %.<br \/>R\u00e9tention d\u2019eau beaut\u00e9 organique.<br \/>Pack capillaire booster de r\u00e9tention d\u2019eau hydratante.<br \/>Combinaison d\u2019ingr\u00e9dients de soin hydratant sur les cheveux \/ les jours de pluie.<br \/>Plus de 90&nbsp;% des produits sont des ingr\u00e9dients hydratants et protecteurs.<br \/>Utilisation d\u2019huile biologique 100&nbsp;% marocaine.<\/p>\n<h5>Mode d\u2019emploi<\/h5>\n<p>Apr\u00e8s le shampooing, \u00e9gouttez l\u00e9g\u00e8rement l\u2019eau, appliquez une quantit\u00e9 appropri\u00e9e sur la pointe des cheveux.<br \/>Appliquez-le \u00e0 la main, puis rincez.<br \/>Si vous souhaitez continuer \u00e0 utiliser le traitement, vous pouvez l\u2019utiliser sans suie.<\/p>\n","protected":false},"excerpt":{"rendered":"<p>Description L\u2019accent a \u00e9t\u00e9 mis sur les cheveux avec un taux d\u2019humidit\u00e9 de 14 %.R\u00e9tention d\u2019eau beaut\u00e9 organique.Pack capillaire booster de r\u00e9tention d\u2019eau hydratante.Combinaison d\u2019ingr\u00e9dients de soin hydratant sur les cheveux \/ les jours de pluie.Plus de 90&nbsp;% des produits sont des ingr\u00e9dients hydratants et protecteurs.Utilisation d\u2019huile biologique 100&nbsp;% marocaine. Mode d\u2019emploi Apr\u00e8s le shampooing, [&hellip;]<\/p>\n","protected":false},"featured_media":3649,"comment_status":"open","ping_status":"closed","template":"","meta":{"content-type":"","_uag_custom_page_level_css":""},"pwb-brand":[],"product_brand":[],"product_cat":[377,328,334,414],"product_tag":[],"class_list":{"0":"post-3650","1":"product","2":"type-product","3":"status-publish","4":"has-post-thumbnail","6":"product_cat-cheveux","7":"product_cat-nouveautes","8":"product_cat-produits-coreens","9":"product_cat-vicrea","11":"first","12":"instock","13":"sale","14":"shipping-taxable","15":"purchasable","16":"product-type-simple"},"aioseo_notices":[],"uagb_featured_image_src":{"full":["https:\/\/wavexia.com\/wp-content\/uploads\/2025\/10\/andhoney-Deep-Moist-Hair-Pack-1-5-_Japanese-Honey-Hair-Mask_-130g-1-2023-10-18T04_11_15.webp",1000,1000,false],"thumbnail":["https:\/\/wavexia.com\/wp-content\/uploads\/2025\/10\/andhoney-Deep-Moist-Hair-Pack-1-5-_Japanese-Honey-Hair-Mask_-130g-1-2023-10-18T04_11_15-150x150.webp",150,150,true],"medium":["https:\/\/wavexia.com\/wp-content\/uploads\/2025\/10\/andhoney-Deep-Moist-Hair-Pack-1-5-_Japanese-Honey-Hair-Mask_-130g-1-2023-10-18T04_11_15-300x300.webp",300,300,true],"medium_large":["https:\/\/wavexia.com\/wp-content\/uploads\/2025\/10\/andhoney-Deep-Moist-Hair-Pack-1-5-_Japanese-Honey-Hair-Mask_-130g-1-2023-10-18T04_11_15-768x768.webp",768,768,true],"large":["https:\/\/wavexia.com\/wp-content\/uploads\/2025\/10\/andhoney-Deep-Moist-Hair-Pack-1-5-_Japanese-Honey-Hair-Mask_-130g-1-2023-10-18T04_11_15.webp",1000,1000,false],"1536x1536":["https:\/\/wavexia.com\/wp-content\/uploads\/2025\/10\/andhoney-Deep-Moist-Hair-Pack-1-5-_Japanese-Honey-Hair-Mask_-130g-1-2023-10-18T04_11_15.webp",1000,1000,false],"2048x2048":["https:\/\/wavexia.com\/wp-content\/uploads\/2025\/10\/andhoney-Deep-Moist-Hair-Pack-1-5-_Japanese-Honey-Hair-Mask_-130g-1-2023-10-18T04_11_15.webp",1000,1000,false],"woocommerce_archive_thumbnail":["https:\/\/wavexia.com\/wp-content\/uploads\/2025\/10\/andhoney-Deep-Moist-Hair-Pack-1-5-_Japanese-Honey-Hair-Mask_-130g-1-2023-10-18T04_11_15-300x300.webp",300,300,true],"woocommerce_thumbnail":["https:\/\/wavexia.com\/wp-content\/uploads\/2025\/10\/andhoney-Deep-Moist-Hair-Pack-1-5-_Japanese-Honey-Hair-Mask_-130g-1-2023-10-18T04_11_15-300x300.webp",300,300,true],"woocommerce_single":["https:\/\/wavexia.com\/wp-content\/uploads\/2025\/10\/andhoney-Deep-Moist-Hair-Pack-1-5-_Japanese-Honey-Hair-Mask_-130g-1-2023-10-18T04_11_15-600x600.webp",600,600,true],"woocommerce_gallery_thumbnail":["https:\/\/wavexia.com\/wp-content\/uploads\/2025\/10\/andhoney-Deep-Moist-Hair-Pack-1-5-_Japanese-Honey-Hair-Mask_-130g-1-2023-10-18T04_11_15-100x100.webp",100,100,true]},"uagb_author_info":{"display_name":"zineddine.ayoub98@gmail.com","author_link":"https:\/\/wavexia.com\/?author=0"},"uagb_comment_info":0,"uagb_excerpt":"Description L\u2019accent a \u00e9t\u00e9 mis sur les cheveux avec un taux d\u2019humidit\u00e9 de 14 %.R\u00e9tention d\u2019eau beaut\u00e9 organique.Pack capillaire booster de r\u00e9tention d\u2019eau hydratante.Combinaison d\u2019ingr\u00e9dients de soin hydratant sur les cheveux \/ les jours de pluie.Plus de 90&nbsp;% des produits sont des ingr\u00e9dients hydratants et protecteurs.Utilisation d\u2019huile biologique 100&nbsp;% marocaine. Mode d\u2019emploi Apr\u00e8s le shampooing,&hellip;","brands":[],"_links":{"self":[{"href":"https:\/\/wavexia.com\/index.php?rest_route=\/wp\/v2\/product\/3650","targetHints":{"allow":["GET"]}}],"collection":[{"href":"https:\/\/wavexia.com\/index.php?rest_route=\/wp\/v2\/product"}],"about":[{"href":"https:\/\/wavexia.com\/index.php?rest_route=\/wp\/v2\/types\/product"}],"replies":[{"embeddable":true,"href":"https:\/\/wavexia.com\/index.php?rest_route=%2Fwp%2Fv2%2Fcomments&post=3650"}],"wp:featuredmedia":[{"embeddable":true,"href":"https:\/\/wavexia.com\/index.php?rest_route=\/wp\/v2\/media\/3649"}],"wp:attachment":[{"href":"https:\/\/wavexia.com\/index.php?rest_route=%2Fwp%2Fv2%2Fmedia&parent=3650"}],"wp:term":[{"taxonomy":"pwb-brand","embeddable":true,"href":"https:\/\/wavexia.com\/index.php?rest_route=%2Fwp%2Fv2%2Fpwb-brand&post=3650"},{"taxonomy":"product_brand","embeddable":true,"href":"https:\/\/wavexia.com\/index.php?rest_route=%2Fwp%2Fv2%2Fproduct_brand&post=3650"},{"taxonomy":"product_cat","embeddable":true,"href":"https:\/\/wavexia.com\/index.php?rest_route=%2Fwp%2Fv2%2Fproduct_cat&post=3650"},{"taxonomy":"product_tag","embeddable":true,"href":"https:\/\/wavexia.com\/index.php?rest_route=%2Fwp%2Fv2%2Fproduct_tag&post=3650"}],"curies":[{"name":"wp","href":"https:\/\/api.w.org\/{rel}","templated":true}]}}