{"id":3647,"date":"2025-10-19T08:55:27","date_gmt":"2025-10-19T08:55:27","guid":{"rendered":"https:\/\/wavexia.com\/product\/beauty-of-joseon-green-plum-refreshing-cleanser-100ml\/"},"modified":"2026-03-10T07:30:56","modified_gmt":"2026-03-10T07:30:56","slug":"beauty-of-joseon-green-plum-refreshing-cleanser-100ml","status":"publish","type":"product","link":"https:\/\/wavexia.com\/?product=beauty-of-joseon-green-plum-refreshing-cleanser-100ml","title":{"rendered":"Beauty of Joseon \u2013 Green plum Refreshing Cleanser 100ml"},"content":{"rendered":"<h2>Description<\/h2>\n<p>Le Beauty of Joseon Green Plum Refreshing Cleanser est un nettoyant fin \u00e0 faible PH, qui aide \u00e0 \u00e9liminer les cellules mortes de la peau et l\u2019exc\u00e8s de s\u00e9bum de mani\u00e8re douce mais efficace.<\/p>\n<p>La formule gel ne dess\u00e8che pas la peau et est hypoallerg\u00e9nique. Votre peau sera soyeuse et rafra\u00eechie avec ce nettoyant indispensable&nbsp;!<\/p>\n<p><strong>Ce nettoyant :<\/strong><\/p>\n<ul>\n<li>faible valeur de PH<\/li>\n<li>\u00e9limine les cellules mortes de la peau et le s\u00e9bum<\/li>\n<li>doux mais efficace<\/li>\n<li>formule de gel<\/li>\n<li>ne dess\u00e8che pas la peau<\/li>\n<li>hypoallerg\u00e9nique<\/li>\n<li>la peau est soyeuse et rafra\u00eechie<\/li>\n<li>sans parfum<\/li>\n<li>sans cruaut\u00e9<\/li>\n<li>v\u00e9g\u00e9talien<\/li>\n<\/ul>\n<p><strong>Comment utiliser:<\/strong><\/p>\n<ul>\n<li>Humidifiez votre visage et massez le gel sur votre peau.<\/li>\n<li>Bien rincer \u00e0 l\u2019eau ti\u00e8de.<\/li>\n<\/ul>\n<p><strong>Ingr\u00e9dients:<\/strong><br \/>Eau, eau de fruit de Prunus Mume, cocamidopropyl hydroxysultaine, extrait de graines de Phaseolus Radiatus, is\u00e9thionate de cocoyle de sodium, glyc\u00e9rine, chlorure de sodium, extrait de feuille de Camellia Sinensis, extrait de Houttuynia Cordata, extrait de fleur de Nelumbo Nucifera, extrait d\u2019Oryza Sativa (riz), extrait de fruit de Prunus Mume, Extrait de fruit de Vaccinium Angustifolium (myrtille), chlorure d\u2019hydroxypropyltrimonium de guar, acide de noix de coco, \u00e9thylhexylglyc\u00e9rine, caprylyl glycol, is\u00e9thionate de sodium, acide citrique, butyl\u00e8ne glycol, 1,2-hexanediol, extrait de Punica Granatum, extrait de fleur de Clitoria Ternatea, extrait d\u2019\u00e9corce de Garcinia Mangostana, propyl\u00e8ne Laurate de glycol, citrate de sodium, edta disodique<\/p>\n","protected":false},"excerpt":{"rendered":"<p>Description Le Beauty of Joseon Green Plum Refreshing Cleanser est un nettoyant fin \u00e0 faible PH, qui aide \u00e0 \u00e9liminer les cellules mortes de la peau et l\u2019exc\u00e8s de s\u00e9bum de mani\u00e8re douce mais efficace. La formule gel ne dess\u00e8che pas la peau et est hypoallerg\u00e9nique. Votre peau sera soyeuse et rafra\u00eechie avec ce nettoyant [&hellip;]<\/p>\n","protected":false},"featured_media":3646,"comment_status":"open","ping_status":"closed","template":"","meta":{"content-type":"","_uag_custom_page_level_css":""},"pwb-brand":[],"product_brand":[],"product_cat":[354,336,334],"product_tag":[],"class_list":{"0":"post-3647","1":"product","2":"type-product","3":"status-publish","4":"has-post-thumbnail","6":"product_cat-beauty-of-joseon","7":"product_cat-nettoyant","8":"product_cat-produits-coreens","10":"first","11":"instock","12":"sale","13":"shipping-taxable","14":"purchasable","15":"product-type-simple"},"aioseo_notices":[],"uagb_featured_image_src":{"full":["https:\/\/wavexia.com\/wp-content\/uploads\/2025\/10\/800_c9eec134-4835-4a89-865d-c016e10b437b.webp",800,800,false],"thumbnail":["https:\/\/wavexia.com\/wp-content\/uploads\/2025\/10\/800_c9eec134-4835-4a89-865d-c016e10b437b-150x150.webp",150,150,true],"medium":["https:\/\/wavexia.com\/wp-content\/uploads\/2025\/10\/800_c9eec134-4835-4a89-865d-c016e10b437b-300x300.webp",300,300,true],"medium_large":["https:\/\/wavexia.com\/wp-content\/uploads\/2025\/10\/800_c9eec134-4835-4a89-865d-c016e10b437b-768x768.webp",768,768,true],"large":["https:\/\/wavexia.com\/wp-content\/uploads\/2025\/10\/800_c9eec134-4835-4a89-865d-c016e10b437b.webp",800,800,false],"1536x1536":["https:\/\/wavexia.com\/wp-content\/uploads\/2025\/10\/800_c9eec134-4835-4a89-865d-c016e10b437b.webp",800,800,false],"2048x2048":["https:\/\/wavexia.com\/wp-content\/uploads\/2025\/10\/800_c9eec134-4835-4a89-865d-c016e10b437b.webp",800,800,false],"woocommerce_archive_thumbnail":["https:\/\/wavexia.com\/wp-content\/uploads\/2025\/10\/800_c9eec134-4835-4a89-865d-c016e10b437b-300x300.webp",300,300,true],"woocommerce_thumbnail":["https:\/\/wavexia.com\/wp-content\/uploads\/2025\/10\/800_c9eec134-4835-4a89-865d-c016e10b437b-300x300.webp",300,300,true],"woocommerce_single":["https:\/\/wavexia.com\/wp-content\/uploads\/2025\/10\/800_c9eec134-4835-4a89-865d-c016e10b437b-600x600.webp",600,600,true],"woocommerce_gallery_thumbnail":["https:\/\/wavexia.com\/wp-content\/uploads\/2025\/10\/800_c9eec134-4835-4a89-865d-c016e10b437b-100x100.webp",100,100,true]},"uagb_author_info":{"display_name":"zineddine.ayoub98@gmail.com","author_link":"https:\/\/wavexia.com\/?author=0"},"uagb_comment_info":0,"uagb_excerpt":"Description Le Beauty of Joseon Green Plum Refreshing Cleanser est un nettoyant fin \u00e0 faible PH, qui aide \u00e0 \u00e9liminer les cellules mortes de la peau et l\u2019exc\u00e8s de s\u00e9bum de mani\u00e8re douce mais efficace. La formule gel ne dess\u00e8che pas la peau et est hypoallerg\u00e9nique. Votre peau sera soyeuse et rafra\u00eechie avec ce nettoyant&hellip;","brands":[],"_links":{"self":[{"href":"https:\/\/wavexia.com\/index.php?rest_route=\/wp\/v2\/product\/3647","targetHints":{"allow":["GET"]}}],"collection":[{"href":"https:\/\/wavexia.com\/index.php?rest_route=\/wp\/v2\/product"}],"about":[{"href":"https:\/\/wavexia.com\/index.php?rest_route=\/wp\/v2\/types\/product"}],"replies":[{"embeddable":true,"href":"https:\/\/wavexia.com\/index.php?rest_route=%2Fwp%2Fv2%2Fcomments&post=3647"}],"wp:featuredmedia":[{"embeddable":true,"href":"https:\/\/wavexia.com\/index.php?rest_route=\/wp\/v2\/media\/3646"}],"wp:attachment":[{"href":"https:\/\/wavexia.com\/index.php?rest_route=%2Fwp%2Fv2%2Fmedia&parent=3647"}],"wp:term":[{"taxonomy":"pwb-brand","embeddable":true,"href":"https:\/\/wavexia.com\/index.php?rest_route=%2Fwp%2Fv2%2Fpwb-brand&post=3647"},{"taxonomy":"product_brand","embeddable":true,"href":"https:\/\/wavexia.com\/index.php?rest_route=%2Fwp%2Fv2%2Fproduct_brand&post=3647"},{"taxonomy":"product_cat","embeddable":true,"href":"https:\/\/wavexia.com\/index.php?rest_route=%2Fwp%2Fv2%2Fproduct_cat&post=3647"},{"taxonomy":"product_tag","embeddable":true,"href":"https:\/\/wavexia.com\/index.php?rest_route=%2Fwp%2Fv2%2Fproduct_tag&post=3647"}],"curies":[{"name":"wp","href":"https:\/\/api.w.org\/{rel}","templated":true}]}}