{"id":3638,"date":"2025-10-19T08:55:18","date_gmt":"2025-10-19T08:55:18","guid":{"rendered":"https:\/\/wavexia.com\/product\/now-milk-thistle-300mg-50-veg-capsules\/"},"modified":"2026-03-10T07:30:56","modified_gmt":"2026-03-10T07:30:56","slug":"now-milk-thistle-300mg-50-veg-capsules","status":"publish","type":"product","link":"https:\/\/wavexia.com\/?product=now-milk-thistle-300mg-50-veg-capsules","title":{"rendered":"NOW MILK THISTLE 300mg 50 veg capsules"},"content":{"rendered":"<h2>Description<\/h2>\n<p>Le chardon-Marie est utilis\u00e9 par les herboristes traditionnels depuis des si\u00e8cles. Des \u00e9tudes scientifiques ont indiqu\u00e9 que les constituants du chardon-Marie peuvent aider \u00e0 soutenir une fonction h\u00e9patique saine. Cette formule v\u00e9g\u00e9tarienne comprend \u00e9galement de l\u2019artichaut et du pissenlit pour un soutien suppl\u00e9mentaire.<\/p>\n<h5>Caract\u00e9ristiques de l\u2019extrait de chardon-Marie Now<\/h5>\n<ul>\n<li>Favorise une fonction h\u00e9patique saine<\/li>\n<li>Soutient la r\u00e9ponse immunitaire<\/li>\n<li>Soutenir la d\u00e9toxification<\/li>\n<li>Favorise la digestion et la production de bile<\/li>\n<li>Protection et r\u00e9g\u00e9n\u00e9ration des cellules h\u00e9patiques.<\/li>\n<\/ul>\n","protected":false},"excerpt":{"rendered":"<p>Description Le chardon-Marie est utilis\u00e9 par les herboristes traditionnels depuis des si\u00e8cles. Des \u00e9tudes scientifiques ont indiqu\u00e9 que les constituants du chardon-Marie peuvent aider \u00e0 soutenir une fonction h\u00e9patique saine. Cette formule v\u00e9g\u00e9tarienne comprend \u00e9galement de l\u2019artichaut et du pissenlit pour un soutien suppl\u00e9mentaire. Caract\u00e9ristiques de l\u2019extrait de chardon-Marie Now Favorise une fonction h\u00e9patique saine [&hellip;]<\/p>\n","protected":false},"featured_media":3637,"comment_status":"open","ping_status":"closed","template":"","meta":{"content-type":"","_uag_custom_page_level_css":""},"pwb-brand":[],"product_brand":[],"product_cat":[330],"product_tag":[],"class_list":{"0":"post-3638","1":"product","2":"type-product","3":"status-publish","4":"has-post-thumbnail","6":"product_cat-complements-alimentaires","8":"first","9":"instock","10":"shipping-taxable","11":"purchasable","12":"product-type-simple"},"aioseo_notices":[],"uagb_featured_image_src":{"full":["https:\/\/wavexia.com\/wp-content\/uploads\/2025\/10\/41-1000x1000-1.png",1000,1000,false],"thumbnail":["https:\/\/wavexia.com\/wp-content\/uploads\/2025\/10\/41-1000x1000-1-150x150.png",150,150,true],"medium":["https:\/\/wavexia.com\/wp-content\/uploads\/2025\/10\/41-1000x1000-1-300x300.png",300,300,true],"medium_large":["https:\/\/wavexia.com\/wp-content\/uploads\/2025\/10\/41-1000x1000-1-768x768.png",768,768,true],"large":["https:\/\/wavexia.com\/wp-content\/uploads\/2025\/10\/41-1000x1000-1.png",1000,1000,false],"1536x1536":["https:\/\/wavexia.com\/wp-content\/uploads\/2025\/10\/41-1000x1000-1.png",1000,1000,false],"2048x2048":["https:\/\/wavexia.com\/wp-content\/uploads\/2025\/10\/41-1000x1000-1.png",1000,1000,false],"woocommerce_archive_thumbnail":["https:\/\/wavexia.com\/wp-content\/uploads\/2025\/10\/41-1000x1000-1-300x300.png",300,300,true],"woocommerce_thumbnail":["https:\/\/wavexia.com\/wp-content\/uploads\/2025\/10\/41-1000x1000-1-300x300.png",300,300,true],"woocommerce_single":["https:\/\/wavexia.com\/wp-content\/uploads\/2025\/10\/41-1000x1000-1-600x600.png",600,600,true],"woocommerce_gallery_thumbnail":["https:\/\/wavexia.com\/wp-content\/uploads\/2025\/10\/41-1000x1000-1-100x100.png",100,100,true]},"uagb_author_info":{"display_name":"zineddine.ayoub98@gmail.com","author_link":"https:\/\/wavexia.com\/?author=0"},"uagb_comment_info":0,"uagb_excerpt":"Description Le chardon-Marie est utilis\u00e9 par les herboristes traditionnels depuis des si\u00e8cles. Des \u00e9tudes scientifiques ont indiqu\u00e9 que les constituants du chardon-Marie peuvent aider \u00e0 soutenir une fonction h\u00e9patique saine. Cette formule v\u00e9g\u00e9tarienne comprend \u00e9galement de l\u2019artichaut et du pissenlit pour un soutien suppl\u00e9mentaire. Caract\u00e9ristiques de l\u2019extrait de chardon-Marie Now Favorise une fonction h\u00e9patique saine&hellip;","brands":[],"_links":{"self":[{"href":"https:\/\/wavexia.com\/index.php?rest_route=\/wp\/v2\/product\/3638","targetHints":{"allow":["GET"]}}],"collection":[{"href":"https:\/\/wavexia.com\/index.php?rest_route=\/wp\/v2\/product"}],"about":[{"href":"https:\/\/wavexia.com\/index.php?rest_route=\/wp\/v2\/types\/product"}],"replies":[{"embeddable":true,"href":"https:\/\/wavexia.com\/index.php?rest_route=%2Fwp%2Fv2%2Fcomments&post=3638"}],"wp:featuredmedia":[{"embeddable":true,"href":"https:\/\/wavexia.com\/index.php?rest_route=\/wp\/v2\/media\/3637"}],"wp:attachment":[{"href":"https:\/\/wavexia.com\/index.php?rest_route=%2Fwp%2Fv2%2Fmedia&parent=3638"}],"wp:term":[{"taxonomy":"pwb-brand","embeddable":true,"href":"https:\/\/wavexia.com\/index.php?rest_route=%2Fwp%2Fv2%2Fpwb-brand&post=3638"},{"taxonomy":"product_brand","embeddable":true,"href":"https:\/\/wavexia.com\/index.php?rest_route=%2Fwp%2Fv2%2Fproduct_brand&post=3638"},{"taxonomy":"product_cat","embeddable":true,"href":"https:\/\/wavexia.com\/index.php?rest_route=%2Fwp%2Fv2%2Fproduct_cat&post=3638"},{"taxonomy":"product_tag","embeddable":true,"href":"https:\/\/wavexia.com\/index.php?rest_route=%2Fwp%2Fv2%2Fproduct_tag&post=3638"}],"curies":[{"name":"wp","href":"https:\/\/api.w.org\/{rel}","templated":true}]}}