{"id":3636,"date":"2025-10-19T08:55:06","date_gmt":"2025-10-19T08:55:06","guid":{"rendered":"https:\/\/wavexia.com\/product\/now-foods-spirulina-500mg-100-tablets\/"},"modified":"2026-03-10T07:30:56","modified_gmt":"2026-03-10T07:30:56","slug":"now-foods-spirulina-500mg-100-tablets","status":"publish","type":"product","link":"https:\/\/wavexia.com\/?product=now-foods-spirulina-500mg-100-tablets","title":{"rendered":"Now Foods Spirulina 500mg 100 tablets"},"content":{"rendered":"<h2>Description<\/h2>\n<div class=\"simple-description js-description-html\">\n<p>Compl\u00e9ment alimentaire \u00e0 base de&nbsp;<strong>spiruline biologique<\/strong>&nbsp;qui offre le profil nutritionnel naturel que l\u2019on trouve dans les aliments entiers authentiques.<\/p>\n<div class=\"rich-components\">\n<section class=\"one-column\">\n<h5>Avantages:<\/h5>\n<div class=\"body-text\">\n<ul>\n<li><strong>La spiruline<\/strong>&nbsp;est une microalgue bleu-vert qui contient des prot\u00e9ines naturelles, ainsi que d\u2019autres nutriments tels que des vitamines, des min\u00e9raux et de l\u2019AGL (acide gamma-linol\u00e9nique).<\/li>\n<li><strong>Les comprim\u00e9s de spiruline certifi\u00e9e biologique NOW<\/strong>&nbsp;sont purs et ne contiennent ni excipients, ni liants, ni additifs.<\/li>\n<\/ul>\n<h5>utilisation:<\/h5>\n<p>Prendre 6 comprim\u00e9s par jour.<\/p>\n<\/div>\n<\/section>\n<\/div>\n<\/div>\n","protected":false},"excerpt":{"rendered":"<p>Description Compl\u00e9ment alimentaire \u00e0 base de&nbsp;spiruline biologique&nbsp;qui offre le profil nutritionnel naturel que l\u2019on trouve dans les aliments entiers authentiques. Avantages: La spiruline&nbsp;est une microalgue bleu-vert qui contient des prot\u00e9ines naturelles, ainsi que d\u2019autres nutriments tels que des vitamines, des min\u00e9raux et de l\u2019AGL (acide gamma-linol\u00e9nique). Les comprim\u00e9s de spiruline certifi\u00e9e biologique NOW&nbsp;sont purs et [&hellip;]<\/p>\n","protected":false},"featured_media":3635,"comment_status":"open","ping_status":"closed","template":"","meta":{"content-type":"","_uag_custom_page_level_css":""},"pwb-brand":[],"product_brand":[],"product_cat":[330],"product_tag":[],"class_list":{"0":"post-3636","1":"product","2":"type-product","3":"status-publish","4":"has-post-thumbnail","6":"product_cat-complements-alimentaires","8":"first","9":"instock","10":"sale","11":"shipping-taxable","12":"purchasable","13":"product-type-simple"},"aioseo_notices":[],"uagb_featured_image_src":{"full":["https:\/\/wavexia.com\/wp-content\/uploads\/2025\/10\/1-1.jpg",300,300,false],"thumbnail":["https:\/\/wavexia.com\/wp-content\/uploads\/2025\/10\/1-1-150x150.jpg",150,150,true],"medium":["https:\/\/wavexia.com\/wp-content\/uploads\/2025\/10\/1-1.jpg",300,300,false],"medium_large":["https:\/\/wavexia.com\/wp-content\/uploads\/2025\/10\/1-1.jpg",300,300,false],"large":["https:\/\/wavexia.com\/wp-content\/uploads\/2025\/10\/1-1.jpg",300,300,false],"1536x1536":["https:\/\/wavexia.com\/wp-content\/uploads\/2025\/10\/1-1.jpg",300,300,false],"2048x2048":["https:\/\/wavexia.com\/wp-content\/uploads\/2025\/10\/1-1.jpg",300,300,false],"woocommerce_archive_thumbnail":["https:\/\/wavexia.com\/wp-content\/uploads\/2025\/10\/1-1.jpg",300,300,false],"woocommerce_thumbnail":["https:\/\/wavexia.com\/wp-content\/uploads\/2025\/10\/1-1.jpg",300,300,false],"woocommerce_single":["https:\/\/wavexia.com\/wp-content\/uploads\/2025\/10\/1-1.jpg",300,300,false],"woocommerce_gallery_thumbnail":["https:\/\/wavexia.com\/wp-content\/uploads\/2025\/10\/1-1-100x100.jpg",100,100,true]},"uagb_author_info":{"display_name":"zineddine.ayoub98@gmail.com","author_link":"https:\/\/wavexia.com\/?author=0"},"uagb_comment_info":0,"uagb_excerpt":"Description Compl\u00e9ment alimentaire \u00e0 base de&nbsp;spiruline biologique&nbsp;qui offre le profil nutritionnel naturel que l\u2019on trouve dans les aliments entiers authentiques. Avantages: La spiruline&nbsp;est une microalgue bleu-vert qui contient des prot\u00e9ines naturelles, ainsi que d\u2019autres nutriments tels que des vitamines, des min\u00e9raux et de l\u2019AGL (acide gamma-linol\u00e9nique). Les comprim\u00e9s de spiruline certifi\u00e9e biologique NOW&nbsp;sont purs et&hellip;","brands":[],"_links":{"self":[{"href":"https:\/\/wavexia.com\/index.php?rest_route=\/wp\/v2\/product\/3636","targetHints":{"allow":["GET"]}}],"collection":[{"href":"https:\/\/wavexia.com\/index.php?rest_route=\/wp\/v2\/product"}],"about":[{"href":"https:\/\/wavexia.com\/index.php?rest_route=\/wp\/v2\/types\/product"}],"replies":[{"embeddable":true,"href":"https:\/\/wavexia.com\/index.php?rest_route=%2Fwp%2Fv2%2Fcomments&post=3636"}],"wp:featuredmedia":[{"embeddable":true,"href":"https:\/\/wavexia.com\/index.php?rest_route=\/wp\/v2\/media\/3635"}],"wp:attachment":[{"href":"https:\/\/wavexia.com\/index.php?rest_route=%2Fwp%2Fv2%2Fmedia&parent=3636"}],"wp:term":[{"taxonomy":"pwb-brand","embeddable":true,"href":"https:\/\/wavexia.com\/index.php?rest_route=%2Fwp%2Fv2%2Fpwb-brand&post=3636"},{"taxonomy":"product_brand","embeddable":true,"href":"https:\/\/wavexia.com\/index.php?rest_route=%2Fwp%2Fv2%2Fproduct_brand&post=3636"},{"taxonomy":"product_cat","embeddable":true,"href":"https:\/\/wavexia.com\/index.php?rest_route=%2Fwp%2Fv2%2Fproduct_cat&post=3636"},{"taxonomy":"product_tag","embeddable":true,"href":"https:\/\/wavexia.com\/index.php?rest_route=%2Fwp%2Fv2%2Fproduct_tag&post=3636"}],"curies":[{"name":"wp","href":"https:\/\/api.w.org\/{rel}","templated":true}]}}