{"id":3630,"date":"2025-10-19T08:55:02","date_gmt":"2025-10-19T08:55:02","guid":{"rendered":"https:\/\/wavexia.com\/product\/now-foods-ashwagandha-extrait-standardise-450-mg-90-capsules\/"},"modified":"2026-03-10T07:30:56","modified_gmt":"2026-03-10T07:30:56","slug":"now-foods-ashwagandha-extrait-standardise-450-mg-90-capsules","status":"publish","type":"product","link":"https:\/\/wavexia.com\/?product=now-foods-ashwagandha-extrait-standardise-450-mg-90-capsules","title":{"rendered":"NOW Foods, Ashwagandha, Extrait standardis\u00e9, 450 mg, 90 capsules"},"content":{"rendered":"<h2>Description<\/h2>\n<p>L\u2019ashwagandha est une plante couramment utilis\u00e9e dans la m\u00e9decine ayurv\u00e9dique pratiqu\u00e9e en Inde, qui repose sur une utilisation traditionnelle des plantes. L\u2019ashwagandha est utilis\u00e9e comme tonique traditionnel et \u201cadaptog\u00e8ne\u201d, aidant l\u2019organisme \u00e0 s\u2019adapter \u00e0 un niveau normal de stress occasionnel. De plus, des donn\u00e9es pr\u00e9liminaires sugg\u00e8rent que l\u2019ashwagandha favorise la bonne sant\u00e9 du syst\u00e8me immunitaire.<\/p>\n<p><strong>Conseils d\u2019utilisation:<\/strong><\/p>\n<p>Prenez 1&nbsp;capsule 2 \u00e0 3&nbsp;fois par jour.<\/p>\n<h5><strong>Avertissements<\/strong><\/h5>\n<p>R\u00e9serv\u00e9 aux adultes. D\u00e9conseill\u00e9 aux femmes enceintes \/ allaitantes. Consultez un m\u00e9decin si vous prenez des m\u00e9dicaments (en particulier des hormones thyro\u00efdiennes) ou pr\u00e9sentez une affection m\u00e9dicale (en particulier des troubles de la thyro\u00efde et affections gastro-intestinales, notamment des ulc\u00e8res). Ce produit peut provoquer des troubles digestifs chez certaines personnes sensibles. Si vous ressentez un inconfort gastro-intestinal apr\u00e8s avoir utilis\u00e9 ce produit, cessez l\u2019utilisation. Tenir hors de port\u00e9e des enfants.<\/p>\n<p>Une variation naturelle de couleur peut se produire.<\/p>\n<p>Conserver dans un endroit frais et sec apr\u00e8s ouverture.<\/p>\n","protected":false},"excerpt":{"rendered":"<p>Description L\u2019ashwagandha est une plante couramment utilis\u00e9e dans la m\u00e9decine ayurv\u00e9dique pratiqu\u00e9e en Inde, qui repose sur une utilisation traditionnelle des plantes. L\u2019ashwagandha est utilis\u00e9e comme tonique traditionnel et \u201cadaptog\u00e8ne\u201d, aidant l\u2019organisme \u00e0 s\u2019adapter \u00e0 un niveau normal de stress occasionnel. De plus, des donn\u00e9es pr\u00e9liminaires sugg\u00e8rent que l\u2019ashwagandha favorise la bonne sant\u00e9 du syst\u00e8me [&hellip;]<\/p>\n","protected":false},"featured_media":3629,"comment_status":"open","ping_status":"closed","template":"","meta":{"content-type":"","_uag_custom_page_level_css":""},"pwb-brand":[],"product_brand":[],"product_cat":[330],"product_tag":[],"class_list":{"0":"post-3630","1":"product","2":"type-product","3":"status-publish","4":"has-post-thumbnail","6":"product_cat-complements-alimentaires","8":"first","9":"instock","10":"sale","11":"shipping-taxable","12":"purchasable","13":"product-type-simple"},"aioseo_notices":[],"uagb_featured_image_src":{"full":["https:\/\/wavexia.com\/wp-content\/uploads\/2025\/10\/1-14.jpg",680,680,false],"thumbnail":["https:\/\/wavexia.com\/wp-content\/uploads\/2025\/10\/1-14-150x150.jpg",150,150,true],"medium":["https:\/\/wavexia.com\/wp-content\/uploads\/2025\/10\/1-14-300x300.jpg",300,300,true],"medium_large":["https:\/\/wavexia.com\/wp-content\/uploads\/2025\/10\/1-14.jpg",680,680,false],"large":["https:\/\/wavexia.com\/wp-content\/uploads\/2025\/10\/1-14.jpg",680,680,false],"1536x1536":["https:\/\/wavexia.com\/wp-content\/uploads\/2025\/10\/1-14.jpg",680,680,false],"2048x2048":["https:\/\/wavexia.com\/wp-content\/uploads\/2025\/10\/1-14.jpg",680,680,false],"woocommerce_archive_thumbnail":["https:\/\/wavexia.com\/wp-content\/uploads\/2025\/10\/1-14-300x300.jpg",300,300,true],"woocommerce_thumbnail":["https:\/\/wavexia.com\/wp-content\/uploads\/2025\/10\/1-14-300x300.jpg",300,300,true],"woocommerce_single":["https:\/\/wavexia.com\/wp-content\/uploads\/2025\/10\/1-14-600x600.jpg",600,600,true],"woocommerce_gallery_thumbnail":["https:\/\/wavexia.com\/wp-content\/uploads\/2025\/10\/1-14-100x100.jpg",100,100,true]},"uagb_author_info":{"display_name":"zineddine.ayoub98@gmail.com","author_link":"https:\/\/wavexia.com\/?author=0"},"uagb_comment_info":0,"uagb_excerpt":"Description L\u2019ashwagandha est une plante couramment utilis\u00e9e dans la m\u00e9decine ayurv\u00e9dique pratiqu\u00e9e en Inde, qui repose sur une utilisation traditionnelle des plantes. L\u2019ashwagandha est utilis\u00e9e comme tonique traditionnel et \u201cadaptog\u00e8ne\u201d, aidant l\u2019organisme \u00e0 s\u2019adapter \u00e0 un niveau normal de stress occasionnel. De plus, des donn\u00e9es pr\u00e9liminaires sugg\u00e8rent que l\u2019ashwagandha favorise la bonne sant\u00e9 du syst\u00e8me&hellip;","brands":[],"_links":{"self":[{"href":"https:\/\/wavexia.com\/index.php?rest_route=\/wp\/v2\/product\/3630","targetHints":{"allow":["GET"]}}],"collection":[{"href":"https:\/\/wavexia.com\/index.php?rest_route=\/wp\/v2\/product"}],"about":[{"href":"https:\/\/wavexia.com\/index.php?rest_route=\/wp\/v2\/types\/product"}],"replies":[{"embeddable":true,"href":"https:\/\/wavexia.com\/index.php?rest_route=%2Fwp%2Fv2%2Fcomments&post=3630"}],"wp:featuredmedia":[{"embeddable":true,"href":"https:\/\/wavexia.com\/index.php?rest_route=\/wp\/v2\/media\/3629"}],"wp:attachment":[{"href":"https:\/\/wavexia.com\/index.php?rest_route=%2Fwp%2Fv2%2Fmedia&parent=3630"}],"wp:term":[{"taxonomy":"pwb-brand","embeddable":true,"href":"https:\/\/wavexia.com\/index.php?rest_route=%2Fwp%2Fv2%2Fpwb-brand&post=3630"},{"taxonomy":"product_brand","embeddable":true,"href":"https:\/\/wavexia.com\/index.php?rest_route=%2Fwp%2Fv2%2Fproduct_brand&post=3630"},{"taxonomy":"product_cat","embeddable":true,"href":"https:\/\/wavexia.com\/index.php?rest_route=%2Fwp%2Fv2%2Fproduct_cat&post=3630"},{"taxonomy":"product_tag","embeddable":true,"href":"https:\/\/wavexia.com\/index.php?rest_route=%2Fwp%2Fv2%2Fproduct_tag&post=3630"}],"curies":[{"name":"wp","href":"https:\/\/api.w.org\/{rel}","templated":true}]}}