{"id":3626,"date":"2025-10-19T08:54:54","date_gmt":"2025-10-19T08:54:54","guid":{"rendered":"https:\/\/wavexia.com\/product\/benetint-blush-liquide-joues-et-levres\/"},"modified":"2026-03-10T07:30:56","modified_gmt":"2026-03-10T07:30:56","slug":"benetint-blush-liquide-joues-et-levres","status":"publish","type":"product","link":"https:\/\/wavexia.com\/?product=benetint-blush-liquide-joues-et-levres","title":{"rendered":"Benetint \u2013 Blush Liquide Joues et L\u00e8vres"},"content":{"rendered":"<h2>Description<\/h2>\n<p>Contenance : 6 ml<\/p>\n<div>Benetint, le blush liquide joues et l\u00e8vres iconique de Benefit&nbsp;qui&nbsp;colore les joues et les l\u00e8vres&nbsp;d\u2019une couleur douce et modulable \u00e0 l\u2019effet bonne mine tr\u00e8s naturel.<\/p>\n<div><\/div>\n<div>\u2013 Blush Liquide iconique joues et l\u00e8vres<\/div>\n<div>\u2013 Colore les joues et les l\u00e8vres<\/div>\n<div>\u2013 Fini naturel et modulable<\/div>\n<div>\u2013 Ne coule pas et ne laisse pas de traces<\/div>\n<div>\u2013 Longue tenue<\/div>\n<div><\/div>\n<div>Comment l\u2019utiliser ?<\/div>\n<div>Appliquez trois traits sur chaque pommette et estompez rapidement du bout des doigts. Puis appliquez sur les l\u00e8vres.<\/div>\n<div><\/div>\n<div>Pourquoi on l\u2019aime ?<\/div>\n<div>Il colore vos joues et l\u00e8vres avec un effet naturel bonne mine et ros\u00e9, comme apr\u00e8s une prommenade en plein air !<\/div>\n<div><\/div>\n<div>Pour compl\u00e9ter votre look :<\/div>\n<div>Utilisez le crayon sourcils Precisely My Brow Pencil pour d\u00e9finir et dessiner \u00e0 la perfection vos sourcils, puis appliquez le mascara longeur They\u2019re Real Magnet pour une longueur extr\u00eame.<\/div>\n<\/div>\n","protected":false},"excerpt":{"rendered":"<p>Description Contenance : 6 ml Benetint, le blush liquide joues et l\u00e8vres iconique de Benefit&nbsp;qui&nbsp;colore les joues et les l\u00e8vres&nbsp;d\u2019une couleur douce et modulable \u00e0 l\u2019effet bonne mine tr\u00e8s naturel. \u2013 Blush Liquide iconique joues et l\u00e8vres \u2013 Colore les joues et les l\u00e8vres \u2013 Fini naturel et modulable \u2013 Ne coule pas et ne [&hellip;]<\/p>\n","protected":false},"featured_media":3625,"comment_status":"open","ping_status":"closed","template":"","meta":{"content-type":"","_uag_custom_page_level_css":""},"pwb-brand":[],"product_brand":[],"product_cat":[384,360,329],"product_tag":[],"class_list":{"0":"post-3626","1":"product","2":"type-product","3":"status-publish","4":"has-post-thumbnail","6":"product_cat-benefit","7":"product_cat-maquillage","8":"product_cat-produits-americains","10":"first","11":"instock","12":"sale","13":"shipping-taxable","14":"purchasable","15":"product-type-simple"},"aioseo_notices":[],"uagb_featured_image_src":{"full":["https:\/\/wavexia.com\/wp-content\/uploads\/2025\/10\/IMG_1137.png",390,390,false],"thumbnail":["https:\/\/wavexia.com\/wp-content\/uploads\/2025\/10\/IMG_1137-150x150.png",150,150,true],"medium":["https:\/\/wavexia.com\/wp-content\/uploads\/2025\/10\/IMG_1137-300x300.png",300,300,true],"medium_large":["https:\/\/wavexia.com\/wp-content\/uploads\/2025\/10\/IMG_1137.png",390,390,false],"large":["https:\/\/wavexia.com\/wp-content\/uploads\/2025\/10\/IMG_1137.png",390,390,false],"1536x1536":["https:\/\/wavexia.com\/wp-content\/uploads\/2025\/10\/IMG_1137.png",390,390,false],"2048x2048":["https:\/\/wavexia.com\/wp-content\/uploads\/2025\/10\/IMG_1137.png",390,390,false],"woocommerce_archive_thumbnail":["https:\/\/wavexia.com\/wp-content\/uploads\/2025\/10\/IMG_1137-300x300.png",300,300,true],"woocommerce_thumbnail":["https:\/\/wavexia.com\/wp-content\/uploads\/2025\/10\/IMG_1137-300x300.png",300,300,true],"woocommerce_single":["https:\/\/wavexia.com\/wp-content\/uploads\/2025\/10\/IMG_1137.png",390,390,false],"woocommerce_gallery_thumbnail":["https:\/\/wavexia.com\/wp-content\/uploads\/2025\/10\/IMG_1137-100x100.png",100,100,true]},"uagb_author_info":{"display_name":"zineddine.ayoub98@gmail.com","author_link":"https:\/\/wavexia.com\/?author=0"},"uagb_comment_info":0,"uagb_excerpt":"Description Contenance : 6 ml Benetint, le blush liquide joues et l\u00e8vres iconique de Benefit&nbsp;qui&nbsp;colore les joues et les l\u00e8vres&nbsp;d\u2019une couleur douce et modulable \u00e0 l\u2019effet bonne mine tr\u00e8s naturel. \u2013 Blush Liquide iconique joues et l\u00e8vres \u2013 Colore les joues et les l\u00e8vres \u2013 Fini naturel et modulable \u2013 Ne coule pas et ne&hellip;","brands":[],"_links":{"self":[{"href":"https:\/\/wavexia.com\/index.php?rest_route=\/wp\/v2\/product\/3626","targetHints":{"allow":["GET"]}}],"collection":[{"href":"https:\/\/wavexia.com\/index.php?rest_route=\/wp\/v2\/product"}],"about":[{"href":"https:\/\/wavexia.com\/index.php?rest_route=\/wp\/v2\/types\/product"}],"replies":[{"embeddable":true,"href":"https:\/\/wavexia.com\/index.php?rest_route=%2Fwp%2Fv2%2Fcomments&post=3626"}],"wp:featuredmedia":[{"embeddable":true,"href":"https:\/\/wavexia.com\/index.php?rest_route=\/wp\/v2\/media\/3625"}],"wp:attachment":[{"href":"https:\/\/wavexia.com\/index.php?rest_route=%2Fwp%2Fv2%2Fmedia&parent=3626"}],"wp:term":[{"taxonomy":"pwb-brand","embeddable":true,"href":"https:\/\/wavexia.com\/index.php?rest_route=%2Fwp%2Fv2%2Fpwb-brand&post=3626"},{"taxonomy":"product_brand","embeddable":true,"href":"https:\/\/wavexia.com\/index.php?rest_route=%2Fwp%2Fv2%2Fproduct_brand&post=3626"},{"taxonomy":"product_cat","embeddable":true,"href":"https:\/\/wavexia.com\/index.php?rest_route=%2Fwp%2Fv2%2Fproduct_cat&post=3626"},{"taxonomy":"product_tag","embeddable":true,"href":"https:\/\/wavexia.com\/index.php?rest_route=%2Fwp%2Fv2%2Fproduct_tag&post=3626"}],"curies":[{"name":"wp","href":"https:\/\/api.w.org\/{rel}","templated":true}]}}