{"id":3611,"date":"2025-10-19T08:54:45","date_gmt":"2025-10-19T08:54:45","guid":{"rendered":"https:\/\/wavexia.com\/product\/medicube-pdrn-pink-niacinamide-whip-cleanser-120g\/"},"modified":"2026-03-10T07:30:56","modified_gmt":"2026-03-10T07:30:56","slug":"medicube-pdrn-pink-niacinamide-whip-cleanser-120g","status":"publish","type":"product","link":"https:\/\/wavexia.com\/?product=medicube-pdrn-pink-niacinamide-whip-cleanser-120g","title":{"rendered":"medicube PDRN Pink Niacinamide Whip Cleanser 120g"},"content":{"rendered":"<h2>Description<\/h2>\n<p>Medicube PDRN Pink Niacinamide Whip Cleanser est infus\u00e9 de PDRN, connu pour ses propri\u00e9t\u00e9s r\u00e9g\u00e9n\u00e9ratrices, et de niacinamide pour \u00e9liminer efficacement les impuret\u00e9s et l\u2019exc\u00e8s de s\u00e9bum sans d\u00e9caper la peau. Il aide \u00e0 \u00e9claircir et \u00e0 unifier le teint, tout en hydratant et en renfor\u00e7ant la barri\u00e8re cutan\u00e9e. Id\u00e9al pour un usage quotidien, il laisse la peau propre, rafra\u00eechie et naturellement \u00e9clatante. Sa texture collante aide \u00e0 absorber les impuret\u00e9s directement par vos pores !<\/p>\n<h5><a id=\"st-link-how-to-use_0-1\" class=\"station-tabs-link is-active\" tabindex=\"0\" role=\"tab\" href=\"https:\/\/kiyoko.ca\/products\/medicube-pdrn-pink-niacinamide-whip-cleanser-120g?srsltid=AfmBOorRvbQXQz0b0EiZalbcNqC7kIXBFpHML4krc7sww9cTPwTQ8zYl#how-to-use_0-1\" aria-controls=\"st-how-to-use_0-1\" aria-selected=\"true\">Mode d\u2019emploi:<\/a><\/h5>\n<ol>\n<li>Pressez la quantit\u00e9 appropri\u00e9e de nettoyant dans la paume de vos mains.<\/li>\n<li>Massez doucement sur le visage pendant quelques minutes.<\/li>\n<li>Rincez ensuite \u00e0 l\u2019eau ti\u00e8de.<\/li>\n<\/ol>\n<h5><a id=\"st-link-ingredients_0-2\" class=\"station-tabs-link\" tabindex=\"-1\" role=\"tab\" href=\"https:\/\/kiyoko.ca\/products\/medicube-pdrn-pink-niacinamide-whip-cleanser-120g?srsltid=AfmBOorRvbQXQz0b0EiZalbcNqC7kIXBFpHML4krc7sww9cTPwTQ8zYl#ingredients_0-2\" aria-controls=\"st-ingredients_0-2\" aria-selected=\"false\">Ingr\u00e9dients<\/a>:<\/h5>\n<p class=\"grey-text\"><span data-teams=\"true\">Eau, glyc\u00e9rine, acide myristique, acide st\u00e9arique, hydroxyde de potassium, acide laurique, niacinamide, st\u00e9arate de glyc\u00e9ryle SE, dist\u00e9arate de glycol, acide palmitique, cocamidopropyl b\u00e9ta\u00efne, cocoylglycinate de potassium, polyacrylate de sodium, olivate de sorbitan, sorbitol, allanto\u00efne, cocoylglycinate de potassium, polyquaternium-10, chlorure de sodium, polyquaternium-7, butyl\u00e8ne glycol, caprylyl glycol, acrylates\/polym\u00e8re crois\u00e9 d\u2019acrylate d\u2019alkyle C10-30, EDTA t\u00e9trasodique, huile de fleur d\u2019Anthemis Nobilis, fruit de Pyrus Communis (poire) extrait, eau florale de Rosa Damascena, extrait de fruit de Prunus Persica (p\u00eache), extrait de Thuja Orientalis, extrait de Cynodon Dactylon, eau florale de Jasminum Officinale (jasmin), extrait de fleur de Citrus Aurantium Amara (orange am\u00e8re), huile de feuille de Rosmarinus Officinalis (romarin), extrait de fruit de Cucumis Melo (melon), extrait de feuille\/tige d\u2019Hedera Helix (lierre), 1,2-hexanediol, panth\u00e9nol, ADN sodique, benzoate de sodium, extrait de Camellia Sinensis (th\u00e9 vert), Ethylhexylglyc\u00e9rine, gluconolactone, glutathion, acide capryloylsalicylique, acide salicylique, triglyc\u00e9ride caprylique\/caprique, huile de graines d\u2019Adansonia digitata, l\u00e9cithine hydrog\u00e9n\u00e9e, pentyl\u00e8ne glycol, c\u00e9ramide NP, mad\u00e9cassoside, extrait de racine de Coptis Chinensis, extrait de carum petroselinum (persil), extrait de fruit d\u2019hibiscus esculentus, d\u00e9cyl glucoside, dim\u00e9thylsilanol hyaluronate, acide hyaluronique hydrolys\u00e9, hyaluronate de sodium hydrolys\u00e9, hyaluronate de sodium hydrolys\u00e9, hyaluronate de sodium, hyaluronate de potassium, acide hyaluronique, c\u00e9ramide AS, C\u00e9ramide NS, Hyaluronate d\u2019hydroxypropyltrimonium, Polym\u00e8re crois\u00e9 d\u2019hyaluronate de sodium, Hyaluronate de sodium Dim\u00e9thylsilanol, C\u00e9ramide AP, C\u00e9ramide EOP, Hyaluronate ac\u00e9tyl\u00e9 de sodium.<\/span><\/p>\n<p class=\"grey-text\"><em>Les ingr\u00e9dients peuvent \u00eatre modifi\u00e9s \u00e0 la discr\u00e9tion du fabricant. Pour obtenir la liste d\u2019ingr\u00e9dients la plus compl\u00e8te et la plus \u00e0 jour, veuillez vous r\u00e9f\u00e9rer \u00e0 l\u2019emballage du produit.<\/em><\/p>\n","protected":false},"excerpt":{"rendered":"<p>Description Medicube PDRN Pink Niacinamide Whip Cleanser est infus\u00e9 de PDRN, connu pour ses propri\u00e9t\u00e9s r\u00e9g\u00e9n\u00e9ratrices, et de niacinamide pour \u00e9liminer efficacement les impuret\u00e9s et l\u2019exc\u00e8s de s\u00e9bum sans d\u00e9caper la peau. Il aide \u00e0 \u00e9claircir et \u00e0 unifier le teint, tout en hydratant et en renfor\u00e7ant la barri\u00e8re cutan\u00e9e. Id\u00e9al pour un usage quotidien, [&hellip;]<\/p>\n","protected":false},"featured_media":3610,"comment_status":"open","ping_status":"closed","template":"","meta":{"content-type":"","_uag_custom_page_level_css":""},"pwb-brand":[],"product_brand":[],"product_cat":[349,336,328,334],"product_tag":[],"class_list":{"0":"post-3611","1":"product","2":"type-product","3":"status-publish","4":"has-post-thumbnail","6":"product_cat-medicube","7":"product_cat-nettoyant","8":"product_cat-nouveautes","9":"product_cat-produits-coreens","11":"first","12":"instock","13":"sale","14":"shipping-taxable","15":"purchasable","16":"product-type-simple"},"aioseo_notices":[],"uagb_featured_image_src":{"full":["https:\/\/wavexia.com\/wp-content\/uploads\/2025\/10\/1-2025-04-11T212533.623_grande.webp",563,600,false],"thumbnail":["https:\/\/wavexia.com\/wp-content\/uploads\/2025\/10\/1-2025-04-11T212533.623_grande-150x150.webp",150,150,true],"medium":["https:\/\/wavexia.com\/wp-content\/uploads\/2025\/10\/1-2025-04-11T212533.623_grande-282x300.webp",282,300,true],"medium_large":["https:\/\/wavexia.com\/wp-content\/uploads\/2025\/10\/1-2025-04-11T212533.623_grande.webp",563,600,false],"large":["https:\/\/wavexia.com\/wp-content\/uploads\/2025\/10\/1-2025-04-11T212533.623_grande.webp",563,600,false],"1536x1536":["https:\/\/wavexia.com\/wp-content\/uploads\/2025\/10\/1-2025-04-11T212533.623_grande.webp",563,600,false],"2048x2048":["https:\/\/wavexia.com\/wp-content\/uploads\/2025\/10\/1-2025-04-11T212533.623_grande.webp",563,600,false],"woocommerce_archive_thumbnail":["https:\/\/wavexia.com\/wp-content\/uploads\/2025\/10\/1-2025-04-11T212533.623_grande-300x320.webp",300,320,true],"woocommerce_thumbnail":["https:\/\/wavexia.com\/wp-content\/uploads\/2025\/10\/1-2025-04-11T212533.623_grande-300x300.webp",300,300,true],"woocommerce_single":["https:\/\/wavexia.com\/wp-content\/uploads\/2025\/10\/1-2025-04-11T212533.623_grande.webp",563,600,false],"woocommerce_gallery_thumbnail":["https:\/\/wavexia.com\/wp-content\/uploads\/2025\/10\/1-2025-04-11T212533.623_grande-100x100.webp",100,100,true]},"uagb_author_info":{"display_name":"zineddine.ayoub98@gmail.com","author_link":"https:\/\/wavexia.com\/?author=0"},"uagb_comment_info":0,"uagb_excerpt":"Description Medicube PDRN Pink Niacinamide Whip Cleanser est infus\u00e9 de PDRN, connu pour ses propri\u00e9t\u00e9s r\u00e9g\u00e9n\u00e9ratrices, et de niacinamide pour \u00e9liminer efficacement les impuret\u00e9s et l\u2019exc\u00e8s de s\u00e9bum sans d\u00e9caper la peau. Il aide \u00e0 \u00e9claircir et \u00e0 unifier le teint, tout en hydratant et en renfor\u00e7ant la barri\u00e8re cutan\u00e9e. Id\u00e9al pour un usage quotidien,&hellip;","brands":[],"_links":{"self":[{"href":"https:\/\/wavexia.com\/index.php?rest_route=\/wp\/v2\/product\/3611","targetHints":{"allow":["GET"]}}],"collection":[{"href":"https:\/\/wavexia.com\/index.php?rest_route=\/wp\/v2\/product"}],"about":[{"href":"https:\/\/wavexia.com\/index.php?rest_route=\/wp\/v2\/types\/product"}],"replies":[{"embeddable":true,"href":"https:\/\/wavexia.com\/index.php?rest_route=%2Fwp%2Fv2%2Fcomments&post=3611"}],"wp:featuredmedia":[{"embeddable":true,"href":"https:\/\/wavexia.com\/index.php?rest_route=\/wp\/v2\/media\/3610"}],"wp:attachment":[{"href":"https:\/\/wavexia.com\/index.php?rest_route=%2Fwp%2Fv2%2Fmedia&parent=3611"}],"wp:term":[{"taxonomy":"pwb-brand","embeddable":true,"href":"https:\/\/wavexia.com\/index.php?rest_route=%2Fwp%2Fv2%2Fpwb-brand&post=3611"},{"taxonomy":"product_brand","embeddable":true,"href":"https:\/\/wavexia.com\/index.php?rest_route=%2Fwp%2Fv2%2Fproduct_brand&post=3611"},{"taxonomy":"product_cat","embeddable":true,"href":"https:\/\/wavexia.com\/index.php?rest_route=%2Fwp%2Fv2%2Fproduct_cat&post=3611"},{"taxonomy":"product_tag","embeddable":true,"href":"https:\/\/wavexia.com\/index.php?rest_route=%2Fwp%2Fv2%2Fproduct_tag&post=3611"}],"curies":[{"name":"wp","href":"https:\/\/api.w.org\/{rel}","templated":true}]}}