{"id":3604,"date":"2025-10-19T08:54:41","date_gmt":"2025-10-19T08:54:41","guid":{"rendered":"https:\/\/wavexia.com\/product\/secret-clear-gel-mountain-air-73g\/"},"modified":"2026-03-10T07:30:56","modified_gmt":"2026-03-10T07:30:56","slug":"secret-clear-gel-mountain-air-73g","status":"publish","type":"product","link":"https:\/\/wavexia.com\/?product=secret-clear-gel-mountain-air-73g","title":{"rendered":"Secret Clear Gel MOUNTAIN AIR 73g"},"content":{"rendered":"<h2>Description<\/h2>\n<p>Restez d\u2019une fra\u00eecheur irr\u00e9sistible toute la journ\u00e9e gr\u00e2ce \u00e0 l\u2019ar\u00f4me riche et relaxant de l\u2019antisudorifique et d\u00e9odorant gel lavande Secret Clear<br \/>\u00c9liminez les marques blanches sur vos v\u00eatements avec un gel transparent qui reste transparent et s\u00e8che rapidement<br \/>La sueur et les odeurs ne sont pas \u00e0 la hauteur pour ses 48 heures de contr\u00f4le des odeurs et de protection contre l\u2019humidit\u00e9<br \/>Aide \u00e0 \u00e9liminer les odeurs<br \/>Restez au sec, sans odeur et d\u2019une fra\u00eecheur irr\u00e9sistible avec le gel antisudorifique et d\u00e9odorant Secret Clear Gel Lavender Scent<\/p>\n","protected":false},"excerpt":{"rendered":"<p>Description Restez d\u2019une fra\u00eecheur irr\u00e9sistible toute la journ\u00e9e gr\u00e2ce \u00e0 l\u2019ar\u00f4me riche et relaxant de l\u2019antisudorifique et d\u00e9odorant gel lavande Secret Clear\u00c9liminez les marques blanches sur vos v\u00eatements avec un gel transparent qui reste transparent et s\u00e8che rapidementLa sueur et les odeurs ne sont pas \u00e0 la hauteur pour ses 48 heures de contr\u00f4le des [&hellip;]<\/p>\n","protected":false},"featured_media":3603,"comment_status":"open","ping_status":"closed","template":"","meta":{"content-type":"","_uag_custom_page_level_css":""},"pwb-brand":[],"product_brand":[],"product_cat":[329,396],"product_tag":[],"class_list":{"0":"post-3604","1":"product","2":"type-product","3":"status-publish","4":"has-post-thumbnail","6":"product_cat-produits-americains","7":"product_cat-secret-deo","9":"first","10":"instock","11":"sale","12":"shipping-taxable","13":"purchasable","14":"product-type-simple"},"aioseo_notices":[],"uagb_featured_image_src":{"full":["https:\/\/wavexia.com\/wp-content\/uploads\/2025\/10\/3a971c37-be1a-443c-b7b3-32b33b42a9f6.b05cce44c0bdcc803b17e318c1c141fe-scaled.webp",2560,2560,false],"thumbnail":["https:\/\/wavexia.com\/wp-content\/uploads\/2025\/10\/3a971c37-be1a-443c-b7b3-32b33b42a9f6.b05cce44c0bdcc803b17e318c1c141fe-150x150.webp",150,150,true],"medium":["https:\/\/wavexia.com\/wp-content\/uploads\/2025\/10\/3a971c37-be1a-443c-b7b3-32b33b42a9f6.b05cce44c0bdcc803b17e318c1c141fe-300x300.webp",300,300,true],"medium_large":["https:\/\/wavexia.com\/wp-content\/uploads\/2025\/10\/3a971c37-be1a-443c-b7b3-32b33b42a9f6.b05cce44c0bdcc803b17e318c1c141fe-768x768.webp",768,768,true],"large":["https:\/\/wavexia.com\/wp-content\/uploads\/2025\/10\/3a971c37-be1a-443c-b7b3-32b33b42a9f6.b05cce44c0bdcc803b17e318c1c141fe-1024x1024.webp",1024,1024,true],"1536x1536":["https:\/\/wavexia.com\/wp-content\/uploads\/2025\/10\/3a971c37-be1a-443c-b7b3-32b33b42a9f6.b05cce44c0bdcc803b17e318c1c141fe-1536x1536.webp",1536,1536,true],"2048x2048":["https:\/\/wavexia.com\/wp-content\/uploads\/2025\/10\/3a971c37-be1a-443c-b7b3-32b33b42a9f6.b05cce44c0bdcc803b17e318c1c141fe-2048x2048.webp",2048,2048,true],"woocommerce_archive_thumbnail":["https:\/\/wavexia.com\/wp-content\/uploads\/2025\/10\/3a971c37-be1a-443c-b7b3-32b33b42a9f6.b05cce44c0bdcc803b17e318c1c141fe-300x300.webp",300,300,true],"woocommerce_thumbnail":["https:\/\/wavexia.com\/wp-content\/uploads\/2025\/10\/3a971c37-be1a-443c-b7b3-32b33b42a9f6.b05cce44c0bdcc803b17e318c1c141fe-300x300.webp",300,300,true],"woocommerce_single":["https:\/\/wavexia.com\/wp-content\/uploads\/2025\/10\/3a971c37-be1a-443c-b7b3-32b33b42a9f6.b05cce44c0bdcc803b17e318c1c141fe-600x600.webp",600,600,true],"woocommerce_gallery_thumbnail":["https:\/\/wavexia.com\/wp-content\/uploads\/2025\/10\/3a971c37-be1a-443c-b7b3-32b33b42a9f6.b05cce44c0bdcc803b17e318c1c141fe-100x100.webp",100,100,true]},"uagb_author_info":{"display_name":"zineddine.ayoub98@gmail.com","author_link":"https:\/\/wavexia.com\/?author=0"},"uagb_comment_info":0,"uagb_excerpt":"Description Restez d\u2019une fra\u00eecheur irr\u00e9sistible toute la journ\u00e9e gr\u00e2ce \u00e0 l\u2019ar\u00f4me riche et relaxant de l\u2019antisudorifique et d\u00e9odorant gel lavande Secret Clear\u00c9liminez les marques blanches sur vos v\u00eatements avec un gel transparent qui reste transparent et s\u00e8che rapidementLa sueur et les odeurs ne sont pas \u00e0 la hauteur pour ses 48 heures de contr\u00f4le des&hellip;","brands":[],"_links":{"self":[{"href":"https:\/\/wavexia.com\/index.php?rest_route=\/wp\/v2\/product\/3604","targetHints":{"allow":["GET"]}}],"collection":[{"href":"https:\/\/wavexia.com\/index.php?rest_route=\/wp\/v2\/product"}],"about":[{"href":"https:\/\/wavexia.com\/index.php?rest_route=\/wp\/v2\/types\/product"}],"replies":[{"embeddable":true,"href":"https:\/\/wavexia.com\/index.php?rest_route=%2Fwp%2Fv2%2Fcomments&post=3604"}],"wp:featuredmedia":[{"embeddable":true,"href":"https:\/\/wavexia.com\/index.php?rest_route=\/wp\/v2\/media\/3603"}],"wp:attachment":[{"href":"https:\/\/wavexia.com\/index.php?rest_route=%2Fwp%2Fv2%2Fmedia&parent=3604"}],"wp:term":[{"taxonomy":"pwb-brand","embeddable":true,"href":"https:\/\/wavexia.com\/index.php?rest_route=%2Fwp%2Fv2%2Fpwb-brand&post=3604"},{"taxonomy":"product_brand","embeddable":true,"href":"https:\/\/wavexia.com\/index.php?rest_route=%2Fwp%2Fv2%2Fproduct_brand&post=3604"},{"taxonomy":"product_cat","embeddable":true,"href":"https:\/\/wavexia.com\/index.php?rest_route=%2Fwp%2Fv2%2Fproduct_cat&post=3604"},{"taxonomy":"product_tag","embeddable":true,"href":"https:\/\/wavexia.com\/index.php?rest_route=%2Fwp%2Fv2%2Fproduct_tag&post=3604"}],"curies":[{"name":"wp","href":"https:\/\/api.w.org\/{rel}","templated":true}]}}