{"id":3594,"date":"2025-10-19T08:54:30","date_gmt":"2025-10-19T08:54:30","guid":{"rendered":"https:\/\/wavexia.com\/product\/medicube-collagen-glow-booster-serum\/"},"modified":"2026-03-10T07:30:56","modified_gmt":"2026-03-10T07:30:56","slug":"medicube-collagen-glow-booster-serum","status":"publish","type":"product","link":"https:\/\/wavexia.com\/?product=medicube-collagen-glow-booster-serum","title":{"rendered":"MEDICUBE \u2013 Collagen Glow Booster Serum"},"content":{"rendered":"<h2>Description<\/h2>\n<p><span>Le s\u00e9rum Collagen Glow Booster de Medicube est la cl\u00e9 pour une peau radieuse, ferme et souple ! Ce s\u00e9rum donne de l\u2019\u00e9clat \u00e0 votre peau tout en am\u00e9liorant son \u00e9lasticit\u00e9 et sa fermet\u00e9. La formule regorge de bienfaits tels que le collag\u00e8ne hydrolys\u00e9, l\u2019\u00e9lastine et la niacinamide qui, ensemble, r\u00e9duisent les ridules, hydratent intens\u00e9ment votre peau et cr\u00e9ent un teint uniforme. Bonus suppl\u00e9mentaire : les prot\u00e9ines de lait exfolient en douceur et renforcent votre barri\u00e8re cutan\u00e9e.<\/span><\/p>\n<p><span>Le s\u00e9rum procure une hydratation profonde qui nourrit votre peau de l\u2019int\u00e9rieur. Des ingr\u00e9dients actifs comme la niacinamide et l\u2019ad\u00e9nosine aident non seulement \u00e0 r\u00e9duire l\u2019apparence des ridules et des rides, mais aussi \u00e0 uniformiser le teint et \u00e0 \u00e9claircir votre teint. Il est suffisamment doux pour tous les types de peau, m\u00eame les peaux sensibles, et laisse votre peau \u00e9clatante toute la journ\u00e9e. De plus, il est exempt de parab\u00e8nes, de silicones et d\u2019alcool !<\/span><\/p>\n<p><span>Que vous souhaitiez faire passer votre routine de soins de la peau au niveau sup\u00e9rieur ou que vous recherchiez un produit anti-\u00e2ge puissant, ce s\u00e9rum est votre nouvel incontournable !<\/span><\/p>\n<p><strong><span>Ce s\u00e9rum :<\/span><\/strong><\/p>\n<ul>\n<li><span>am\u00e9liore l\u2019\u00e9lasticit\u00e9 de votre peau<\/span><\/li>\n<li><span>boost d\u2019hydratation<\/span><\/li>\n<li><span>peau douce et souple<\/span><\/li>\n<li><span>r\u00e9duit les ridules et les rides<\/span><\/li>\n<li><span>uniformiser et \u00e9claircir votre teint<\/span><\/li>\n<li><span>collag\u00e8ne hydrolys\u00e9, \u00e9lastine et niacinamide<\/span><\/li>\n<li><span>prot\u00e9ines de lait<\/span><\/li>\n<li><span>exfolie en douceur<\/span><\/li>\n<li><span>renforce votre barri\u00e8re cutan\u00e9e<\/span><\/li>\n<li><span>tous types de peau, y compris les peaux sensibles<\/span><\/li>\n<li><span>utilisation quotidienne<\/span><\/li>\n<li><span>sans cruaut\u00e9<\/span><\/li>\n<\/ul>\n<p><strong><span>Mode d\u2019emploi :<\/span><\/strong><\/p>\n<ul>\n<li><span>Nettoyez soigneusement votre visage.<\/span><\/li>\n<li><span>Prenez une petite quantit\u00e9 de s\u00e9rum (une pompe suffit g\u00e9n\u00e9ralement) et appliquez-la uniform\u00e9ment sur votre visage.<\/span><\/li>\n<li><span>Masser doucement en mouvements circulaires jusqu\u2019\u00e0 absorption compl\u00e8te.<\/span><\/li>\n<\/ul>\n<p><strong><span>Ingr\u00e9dients : <\/span><\/strong><br \/><span>eau, extrait de prot\u00e9ines de lait, butyl\u00e8ne glycol, 1,2-hexanediol, \u00e9thylhexylglyc\u00e9rine, glyc\u00e9rine, \u00e9ther dicaprylylique, tocoph\u00e9rol, isononanoate d\u2019isononyle, dipropyl\u00e8ne glycol, alcane C9-12, ol\u00e9ate de polyglyc\u00e9ryl-4, polyricinol\u00e9ate de polyglyc\u00e9ryl-3, dipolyhydroxyst\u00e9arate de PEG-30, collag\u00e8ne hydrolys\u00e9, sulfate de magn\u00e9sium, niacinamide, prot\u00e9oglycane soluble, extrait de Chlorella Vulgaris, glucose, fructooligosaccharides, fructose, triglyc\u00e9ride caprylique\/caprique, l\u00e9cithine hydrog\u00e9n\u00e9e, c\u00e9ramide NP, b\u00eata-glucane, \u00e9lastine hydrolys\u00e9e, parfum, caprylyl glycol, ad\u00e9nosine, hyaluronate d\u2019hydroxypropyltrimonium, ADN sodique, Hexapeptide-2, Biotine.<\/span><\/p>\n","protected":false},"excerpt":{"rendered":"<p>Description Le s\u00e9rum Collagen Glow Booster de Medicube est la cl\u00e9 pour une peau radieuse, ferme et souple ! Ce s\u00e9rum donne de l\u2019\u00e9clat \u00e0 votre peau tout en am\u00e9liorant son \u00e9lasticit\u00e9 et sa fermet\u00e9. La formule regorge de bienfaits tels que le collag\u00e8ne hydrolys\u00e9, l\u2019\u00e9lastine et la niacinamide qui, ensemble, r\u00e9duisent les ridules, hydratent [&hellip;]<\/p>\n","protected":false},"featured_media":3593,"comment_status":"open","ping_status":"closed","template":"","meta":{"content-type":"","_uag_custom_page_level_css":""},"pwb-brand":[],"product_brand":[],"product_cat":[327,349,334,338],"product_tag":[],"class_list":{"0":"post-3594","1":"product","2":"type-product","3":"status-publish","4":"has-post-thumbnail","6":"product_cat-hmizat","7":"product_cat-medicube","8":"product_cat-produits-coreens","9":"product_cat-serum-ampoule","11":"first","12":"instock","13":"sale","14":"shipping-taxable","15":"purchasable","16":"product-type-simple"},"aioseo_notices":[],"uagb_featured_image_src":{"full":["https:\/\/wavexia.com\/wp-content\/uploads\/2025\/10\/IMG_2886.jpeg",1200,1200,false],"thumbnail":["https:\/\/wavexia.com\/wp-content\/uploads\/2025\/10\/IMG_2886-150x150.jpeg",150,150,true],"medium":["https:\/\/wavexia.com\/wp-content\/uploads\/2025\/10\/IMG_2886-300x300.jpeg",300,300,true],"medium_large":["https:\/\/wavexia.com\/wp-content\/uploads\/2025\/10\/IMG_2886-768x768.jpeg",768,768,true],"large":["https:\/\/wavexia.com\/wp-content\/uploads\/2025\/10\/IMG_2886-1024x1024.jpeg",1024,1024,true],"1536x1536":["https:\/\/wavexia.com\/wp-content\/uploads\/2025\/10\/IMG_2886.jpeg",1200,1200,false],"2048x2048":["https:\/\/wavexia.com\/wp-content\/uploads\/2025\/10\/IMG_2886.jpeg",1200,1200,false],"woocommerce_archive_thumbnail":["https:\/\/wavexia.com\/wp-content\/uploads\/2025\/10\/IMG_2886-300x300.jpeg",300,300,true],"woocommerce_thumbnail":["https:\/\/wavexia.com\/wp-content\/uploads\/2025\/10\/IMG_2886-300x300.jpeg",300,300,true],"woocommerce_single":["https:\/\/wavexia.com\/wp-content\/uploads\/2025\/10\/IMG_2886-600x600.jpeg",600,600,true],"woocommerce_gallery_thumbnail":["https:\/\/wavexia.com\/wp-content\/uploads\/2025\/10\/IMG_2886-100x100.jpeg",100,100,true]},"uagb_author_info":{"display_name":"zineddine.ayoub98@gmail.com","author_link":"https:\/\/wavexia.com\/?author=0"},"uagb_comment_info":0,"uagb_excerpt":"Description Le s\u00e9rum Collagen Glow Booster de Medicube est la cl\u00e9 pour une peau radieuse, ferme et souple ! Ce s\u00e9rum donne de l\u2019\u00e9clat \u00e0 votre peau tout en am\u00e9liorant son \u00e9lasticit\u00e9 et sa fermet\u00e9. La formule regorge de bienfaits tels que le collag\u00e8ne hydrolys\u00e9, l\u2019\u00e9lastine et la niacinamide qui, ensemble, r\u00e9duisent les ridules, hydratent&hellip;","brands":[],"_links":{"self":[{"href":"https:\/\/wavexia.com\/index.php?rest_route=\/wp\/v2\/product\/3594","targetHints":{"allow":["GET"]}}],"collection":[{"href":"https:\/\/wavexia.com\/index.php?rest_route=\/wp\/v2\/product"}],"about":[{"href":"https:\/\/wavexia.com\/index.php?rest_route=\/wp\/v2\/types\/product"}],"replies":[{"embeddable":true,"href":"https:\/\/wavexia.com\/index.php?rest_route=%2Fwp%2Fv2%2Fcomments&post=3594"}],"wp:featuredmedia":[{"embeddable":true,"href":"https:\/\/wavexia.com\/index.php?rest_route=\/wp\/v2\/media\/3593"}],"wp:attachment":[{"href":"https:\/\/wavexia.com\/index.php?rest_route=%2Fwp%2Fv2%2Fmedia&parent=3594"}],"wp:term":[{"taxonomy":"pwb-brand","embeddable":true,"href":"https:\/\/wavexia.com\/index.php?rest_route=%2Fwp%2Fv2%2Fpwb-brand&post=3594"},{"taxonomy":"product_brand","embeddable":true,"href":"https:\/\/wavexia.com\/index.php?rest_route=%2Fwp%2Fv2%2Fproduct_brand&post=3594"},{"taxonomy":"product_cat","embeddable":true,"href":"https:\/\/wavexia.com\/index.php?rest_route=%2Fwp%2Fv2%2Fproduct_cat&post=3594"},{"taxonomy":"product_tag","embeddable":true,"href":"https:\/\/wavexia.com\/index.php?rest_route=%2Fwp%2Fv2%2Fproduct_tag&post=3594"}],"curies":[{"name":"wp","href":"https:\/\/api.w.org\/{rel}","templated":true}]}}