{"id":3592,"date":"2025-10-19T08:54:29","date_gmt":"2025-10-19T08:54:29","guid":{"rendered":"https:\/\/wavexia.com\/product\/sports-research-vitamin-d3-k2-with-coconut-mct-oil\/"},"modified":"2026-03-10T07:30:56","modified_gmt":"2026-03-10T07:30:56","slug":"sports-research-vitamin-d3-k2-with-coconut-mct-oil","status":"publish","type":"product","link":"https:\/\/wavexia.com\/?product=sports-research-vitamin-d3-k2-with-coconut-mct-oil","title":{"rendered":"Sports Research Vitamin D3 + K2 with Coconut MCT Oil"},"content":{"rendered":"<h2>Description<\/h2>\n<p>Sports Research D3 + K2, 160 g\u00e9lules v\u00e9g\u00e9tales Caract\u00e9ristiques : 125 mcg. Vitamine D3, 5000 UI avec 100 mcg. La vitamine K2, comme MK-7 2 \u2013 In \u2013 1 soutient une g\u00e9lule par jour Soutient la sant\u00e9 des os et du syst\u00e8me immunitaire La vitamine D3 d\u2019origine v\u00e9g\u00e9tale aide votre corps \u00e0 absorber le calcium et la vitamine K2 le dirige vers vos os o\u00f9 il appartient. Cela signifie des os plus forts et un soutien du syst\u00e8me immunitaire pour que vous puissiez briller de tout votre mieux. Deux en un Obtenez le meilleur des deux mondes avec la recherche sportive v\u00e9g\u00e9talienne vitamine D3 + K2. Contenant 125 mcg (5000 UI) de D3 et 100 mcg de K2 avec de l\u2019huile de noix de coco MCT, ce super suppl\u00e9ment deux en un est 100&nbsp;% exempt de sous-produits animaux afin que vous puissiez briller de votre mieux.<\/p>\n<h5>utilisation:<\/h5>\n<p>Les adultes prennent 1 g\u00e9lule de vitamine d3 k2 par jour avec de la nourriture, ou selon les recommandations d\u2019un professionnel de la sant\u00e9.<\/p>\n","protected":false},"excerpt":{"rendered":"<p>Description Sports Research D3 + K2, 160 g\u00e9lules v\u00e9g\u00e9tales Caract\u00e9ristiques : 125 mcg. Vitamine D3, 5000 UI avec 100 mcg. La vitamine K2, comme MK-7 2 \u2013 In \u2013 1 soutient une g\u00e9lule par jour Soutient la sant\u00e9 des os et du syst\u00e8me immunitaire La vitamine D3 d\u2019origine v\u00e9g\u00e9tale aide votre corps \u00e0 absorber le [&hellip;]<\/p>\n","protected":false},"featured_media":3591,"comment_status":"open","ping_status":"closed","template":"","meta":{"content-type":"","_uag_custom_page_level_css":""},"pwb-brand":[],"product_brand":[],"product_cat":[330],"product_tag":[],"class_list":{"0":"post-3592","1":"product","2":"type-product","3":"status-publish","4":"has-post-thumbnail","6":"product_cat-complements-alimentaires","8":"first","9":"instock","10":"sale","11":"shipping-taxable","12":"purchasable","13":"product-type-simple"},"aioseo_notices":[],"uagb_featured_image_src":{"full":["https:\/\/wavexia.com\/wp-content\/uploads\/2025\/10\/sr_d3_2bk2_plant_20based_62_5mcg_60ct_fg391_front_mainline_20_1.webp",1800,1800,false],"thumbnail":["https:\/\/wavexia.com\/wp-content\/uploads\/2025\/10\/sr_d3_2bk2_plant_20based_62_5mcg_60ct_fg391_front_mainline_20_1-150x150.webp",150,150,true],"medium":["https:\/\/wavexia.com\/wp-content\/uploads\/2025\/10\/sr_d3_2bk2_plant_20based_62_5mcg_60ct_fg391_front_mainline_20_1-300x300.webp",300,300,true],"medium_large":["https:\/\/wavexia.com\/wp-content\/uploads\/2025\/10\/sr_d3_2bk2_plant_20based_62_5mcg_60ct_fg391_front_mainline_20_1-768x768.webp",768,768,true],"large":["https:\/\/wavexia.com\/wp-content\/uploads\/2025\/10\/sr_d3_2bk2_plant_20based_62_5mcg_60ct_fg391_front_mainline_20_1-1024x1024.webp",1024,1024,true],"1536x1536":["https:\/\/wavexia.com\/wp-content\/uploads\/2025\/10\/sr_d3_2bk2_plant_20based_62_5mcg_60ct_fg391_front_mainline_20_1-1536x1536.webp",1536,1536,true],"2048x2048":["https:\/\/wavexia.com\/wp-content\/uploads\/2025\/10\/sr_d3_2bk2_plant_20based_62_5mcg_60ct_fg391_front_mainline_20_1.webp",1800,1800,false],"woocommerce_archive_thumbnail":["https:\/\/wavexia.com\/wp-content\/uploads\/2025\/10\/sr_d3_2bk2_plant_20based_62_5mcg_60ct_fg391_front_mainline_20_1-300x300.webp",300,300,true],"woocommerce_thumbnail":["https:\/\/wavexia.com\/wp-content\/uploads\/2025\/10\/sr_d3_2bk2_plant_20based_62_5mcg_60ct_fg391_front_mainline_20_1-300x300.webp",300,300,true],"woocommerce_single":["https:\/\/wavexia.com\/wp-content\/uploads\/2025\/10\/sr_d3_2bk2_plant_20based_62_5mcg_60ct_fg391_front_mainline_20_1-600x600.webp",600,600,true],"woocommerce_gallery_thumbnail":["https:\/\/wavexia.com\/wp-content\/uploads\/2025\/10\/sr_d3_2bk2_plant_20based_62_5mcg_60ct_fg391_front_mainline_20_1-100x100.webp",100,100,true]},"uagb_author_info":{"display_name":"zineddine.ayoub98@gmail.com","author_link":"https:\/\/wavexia.com\/?author=0"},"uagb_comment_info":0,"uagb_excerpt":"Description Sports Research D3 + K2, 160 g\u00e9lules v\u00e9g\u00e9tales Caract\u00e9ristiques : 125 mcg. Vitamine D3, 5000 UI avec 100 mcg. La vitamine K2, comme MK-7 2 \u2013 In \u2013 1 soutient une g\u00e9lule par jour Soutient la sant\u00e9 des os et du syst\u00e8me immunitaire La vitamine D3 d\u2019origine v\u00e9g\u00e9tale aide votre corps \u00e0 absorber le&hellip;","brands":[],"_links":{"self":[{"href":"https:\/\/wavexia.com\/index.php?rest_route=\/wp\/v2\/product\/3592","targetHints":{"allow":["GET"]}}],"collection":[{"href":"https:\/\/wavexia.com\/index.php?rest_route=\/wp\/v2\/product"}],"about":[{"href":"https:\/\/wavexia.com\/index.php?rest_route=\/wp\/v2\/types\/product"}],"replies":[{"embeddable":true,"href":"https:\/\/wavexia.com\/index.php?rest_route=%2Fwp%2Fv2%2Fcomments&post=3592"}],"wp:featuredmedia":[{"embeddable":true,"href":"https:\/\/wavexia.com\/index.php?rest_route=\/wp\/v2\/media\/3591"}],"wp:attachment":[{"href":"https:\/\/wavexia.com\/index.php?rest_route=%2Fwp%2Fv2%2Fmedia&parent=3592"}],"wp:term":[{"taxonomy":"pwb-brand","embeddable":true,"href":"https:\/\/wavexia.com\/index.php?rest_route=%2Fwp%2Fv2%2Fpwb-brand&post=3592"},{"taxonomy":"product_brand","embeddable":true,"href":"https:\/\/wavexia.com\/index.php?rest_route=%2Fwp%2Fv2%2Fproduct_brand&post=3592"},{"taxonomy":"product_cat","embeddable":true,"href":"https:\/\/wavexia.com\/index.php?rest_route=%2Fwp%2Fv2%2Fproduct_cat&post=3592"},{"taxonomy":"product_tag","embeddable":true,"href":"https:\/\/wavexia.com\/index.php?rest_route=%2Fwp%2Fv2%2Fproduct_tag&post=3592"}],"curies":[{"name":"wp","href":"https:\/\/api.w.org\/{rel}","templated":true}]}}