{"id":3590,"date":"2025-10-19T08:54:27","date_gmt":"2025-10-19T08:54:27","guid":{"rendered":"https:\/\/wavexia.com\/product\/maca-now-foods-500mg-100veg-capsules\/"},"modified":"2026-03-10T07:30:56","modified_gmt":"2026-03-10T07:30:56","slug":"maca-now-foods-500mg-100veg-capsules","status":"publish","type":"product","link":"https:\/\/wavexia.com\/?product=maca-now-foods-500mg-100veg-capsules","title":{"rendered":"Maca NOW Foods 500mg, 100veg Capsules"},"content":{"rendered":"<h2>Description<\/h2>\n<p>La maca (<em>Lepidium meyenii<\/em>) est cultiv\u00e9e \u00e0 haute altitude dans la r\u00e9gion des Andes du centre du P\u00e9rou. Il a \u00e9t\u00e9 traditionnellement utilis\u00e9 pendant des si\u00e8cles comme source de nourriture et comme tonique \u00e9nerg\u00e9tique g\u00e9n\u00e9ral.* La recherche scientifique moderne sugg\u00e8re que la maca peut aider \u00e0 soutenir une vie reproductive saine pour les hommes et les femmes.* Les donn\u00e9es cliniques indiquent que la maca n\u2019exerce pas d\u2019effet direct sur la fonction endocrinienne.<\/p>\n<h5>Ingr\u00e9dients:<\/h5>\n<p>&nbsp;<\/p>\n<p>Donn\u00e9es sur les suppl\u00e9mentsTaille de la portion&nbsp;: 1 capsule de l\u00e9gumes Portions par contenant&nbsp;:100DescriptionQuantit\u00e9 par portion&nbsp;% Valeur quotidienneMaca (Lepidium meyenii) (racine) 500 mg ** Valeur quotidienne non \u00e9tablie. **Valeur quotidienne non \u00e9tablie. Autres ingr\u00e9dients : Hypromellose (capsule de cellulose) et acide st\u00e9arique (source v\u00e9g\u00e9tale). Non fabriqu\u00e9 avec de la levure, du bl\u00e9, du gluten, du soja, du ma\u00efs, du lait, des \u0153ufs, du poisson, des crustac\u00e9s ou des noix. Produit dans une installation BPF qui traite d\u2019autres ingr\u00e9dients contenant ces allerg\u00e8nes. Attention : R\u00e9serv\u00e9 aux adultes. Consultez votre m\u00e9decin si vous \u00eates enceinte, si vous allaitez, si vous prenez des m\u00e9dicaments ou si vous avez un probl\u00e8me de sant\u00e9. Tenir hors de port\u00e9e des enfants. Il peut y avoir des variations de couleur naturelles dans ce produit. Conserver dans un endroit frais et sec apr\u00e8s ouverture. Entreprise familiale depuis 1968.<\/p>\n<h5>conseils:<\/h5>\n<p>Prendre entre 1 et 3&nbsp;<a class=\"google-anno\" href=\"https:\/\/vitabiomaroc.com\/product\/now-foods-maca-500-mg-100-capsules-vegetales\/#\" data-google-vignette=\"false\" data-google-interstitial=\"false\">&nbsp;<span class=\"google-anno-t\">capsules<\/span><\/a>&nbsp;par jour.<\/p>\n","protected":false},"excerpt":{"rendered":"<p>Description La maca (Lepidium meyenii) est cultiv\u00e9e \u00e0 haute altitude dans la r\u00e9gion des Andes du centre du P\u00e9rou. Il a \u00e9t\u00e9 traditionnellement utilis\u00e9 pendant des si\u00e8cles comme source de nourriture et comme tonique \u00e9nerg\u00e9tique g\u00e9n\u00e9ral.* La recherche scientifique moderne sugg\u00e8re que la maca peut aider \u00e0 soutenir une vie reproductive saine pour les hommes [&hellip;]<\/p>\n","protected":false},"featured_media":3589,"comment_status":"open","ping_status":"closed","template":"","meta":{"content-type":"","_uag_custom_page_level_css":""},"pwb-brand":[],"product_brand":[],"product_cat":[330],"product_tag":[],"class_list":{"0":"post-3590","1":"product","2":"type-product","3":"status-publish","4":"has-post-thumbnail","6":"product_cat-complements-alimentaires","8":"first","9":"instock","10":"sale","11":"shipping-taxable","12":"purchasable","13":"product-type-simple"},"aioseo_notices":[],"uagb_featured_image_src":{"full":["https:\/\/wavexia.com\/wp-content\/uploads\/2025\/10\/now-now-maca-500-mg-100-capsules-vegetales-complements-alimentaires.jpg",700,700,false],"thumbnail":["https:\/\/wavexia.com\/wp-content\/uploads\/2025\/10\/now-now-maca-500-mg-100-capsules-vegetales-complements-alimentaires-150x150.jpg",150,150,true],"medium":["https:\/\/wavexia.com\/wp-content\/uploads\/2025\/10\/now-now-maca-500-mg-100-capsules-vegetales-complements-alimentaires-300x300.jpg",300,300,true],"medium_large":["https:\/\/wavexia.com\/wp-content\/uploads\/2025\/10\/now-now-maca-500-mg-100-capsules-vegetales-complements-alimentaires.jpg",700,700,false],"large":["https:\/\/wavexia.com\/wp-content\/uploads\/2025\/10\/now-now-maca-500-mg-100-capsules-vegetales-complements-alimentaires.jpg",700,700,false],"1536x1536":["https:\/\/wavexia.com\/wp-content\/uploads\/2025\/10\/now-now-maca-500-mg-100-capsules-vegetales-complements-alimentaires.jpg",700,700,false],"2048x2048":["https:\/\/wavexia.com\/wp-content\/uploads\/2025\/10\/now-now-maca-500-mg-100-capsules-vegetales-complements-alimentaires.jpg",700,700,false],"woocommerce_archive_thumbnail":["https:\/\/wavexia.com\/wp-content\/uploads\/2025\/10\/now-now-maca-500-mg-100-capsules-vegetales-complements-alimentaires-300x300.jpg",300,300,true],"woocommerce_thumbnail":["https:\/\/wavexia.com\/wp-content\/uploads\/2025\/10\/now-now-maca-500-mg-100-capsules-vegetales-complements-alimentaires-300x300.jpg",300,300,true],"woocommerce_single":["https:\/\/wavexia.com\/wp-content\/uploads\/2025\/10\/now-now-maca-500-mg-100-capsules-vegetales-complements-alimentaires-600x600.jpg",600,600,true],"woocommerce_gallery_thumbnail":["https:\/\/wavexia.com\/wp-content\/uploads\/2025\/10\/now-now-maca-500-mg-100-capsules-vegetales-complements-alimentaires-100x100.jpg",100,100,true]},"uagb_author_info":{"display_name":"zineddine.ayoub98@gmail.com","author_link":"https:\/\/wavexia.com\/?author=0"},"uagb_comment_info":0,"uagb_excerpt":"Description La maca (Lepidium meyenii) est cultiv\u00e9e \u00e0 haute altitude dans la r\u00e9gion des Andes du centre du P\u00e9rou. Il a \u00e9t\u00e9 traditionnellement utilis\u00e9 pendant des si\u00e8cles comme source de nourriture et comme tonique \u00e9nerg\u00e9tique g\u00e9n\u00e9ral.* La recherche scientifique moderne sugg\u00e8re que la maca peut aider \u00e0 soutenir une vie reproductive saine pour les hommes&hellip;","brands":[],"_links":{"self":[{"href":"https:\/\/wavexia.com\/index.php?rest_route=\/wp\/v2\/product\/3590","targetHints":{"allow":["GET"]}}],"collection":[{"href":"https:\/\/wavexia.com\/index.php?rest_route=\/wp\/v2\/product"}],"about":[{"href":"https:\/\/wavexia.com\/index.php?rest_route=\/wp\/v2\/types\/product"}],"replies":[{"embeddable":true,"href":"https:\/\/wavexia.com\/index.php?rest_route=%2Fwp%2Fv2%2Fcomments&post=3590"}],"wp:featuredmedia":[{"embeddable":true,"href":"https:\/\/wavexia.com\/index.php?rest_route=\/wp\/v2\/media\/3589"}],"wp:attachment":[{"href":"https:\/\/wavexia.com\/index.php?rest_route=%2Fwp%2Fv2%2Fmedia&parent=3590"}],"wp:term":[{"taxonomy":"pwb-brand","embeddable":true,"href":"https:\/\/wavexia.com\/index.php?rest_route=%2Fwp%2Fv2%2Fpwb-brand&post=3590"},{"taxonomy":"product_brand","embeddable":true,"href":"https:\/\/wavexia.com\/index.php?rest_route=%2Fwp%2Fv2%2Fproduct_brand&post=3590"},{"taxonomy":"product_cat","embeddable":true,"href":"https:\/\/wavexia.com\/index.php?rest_route=%2Fwp%2Fv2%2Fproduct_cat&post=3590"},{"taxonomy":"product_tag","embeddable":true,"href":"https:\/\/wavexia.com\/index.php?rest_route=%2Fwp%2Fv2%2Fproduct_tag&post=3590"}],"curies":[{"name":"wp","href":"https:\/\/api.w.org\/{rel}","templated":true}]}}