{"id":3586,"date":"2025-10-19T08:54:24","date_gmt":"2025-10-19T08:54:24","guid":{"rendered":"https:\/\/wavexia.com\/product\/natrol-biotin-beauty-10000-mcg-60-tablets\/"},"modified":"2026-03-10T07:30:56","modified_gmt":"2026-03-10T07:30:56","slug":"natrol-biotin-beauty-10000-mcg-60-tablets","status":"publish","type":"product","link":"https:\/\/wavexia.com\/?product=natrol-biotin-beauty-10000-mcg-60-tablets","title":{"rendered":"NATROL | BIOTIN BEAUTY 10000 MCG 60 Tablets"},"content":{"rendered":"<h2>Description<\/h2>\n<h5><b>Natrol<\/b>&nbsp;\u2013&nbsp;Soutenez des cheveux sains, une peau radieuse et des ongles forts avec Natrol Biotin, la c\u00e9l\u00e8bre marque am\u00e9ricaine de biotine. Il est enrichi des propri\u00e9t\u00e9s naturelles de la biotine pour rajeunir vos cheveux, votre peau et vos ongles.<\/h5>\n<h5 class=\"a-size-base-plus a-text-bold\">\u00c0 propos de cet article<\/h5>\n<ul class=\"a-unordered-list a-vertical a-spacing-mini\">\n<li class=\"a-spacing-mini\"><span class=\"a-list-item\">Des cheveux, une peau et des ongles sains pour les personnes pauvres en biotine et un suppl\u00e9ment de soutien \u00e9nerg\u00e9tique* : Contient une bouteille de 60 comprim\u00e9s de Biotine 10000mcg de Natrol Beauty pour un approvisionnement de 60 jours<\/span><\/li>\n<li class=\"a-spacing-mini\"><span class=\"a-list-item\">Compl\u00e9ment alimentaire avec une grande quantit\u00e9 de biotine pour favoriser la sant\u00e9 des cheveux, de la peau et des ongles pour les personnes pauvres en biotine et en m\u00e9tabolisme \u00e9nerg\u00e9tique*<\/span><\/li>\n<li class=\"a-spacing-mini\"><span class=\"a-list-item\">Chaque comprim\u00e9 de biotine Natrol offre une d\u00e9licieuse saveur de fraise, sous forme de dissolution rapide que vous pouvez prendre n\u2019importe quand, n\u2019importe o\u00f9, sans avoir besoin d\u2019eau.<\/span><\/li>\n<li class=\"a-spacing-mini\"><span class=\"a-list-item\">Adultes, prendre un comprim\u00e9 \u00e0 dissolution rapide par jour. Pas besoin d\u2019eau.<\/span><\/li>\n<li class=\"a-spacing-mini\"><span class=\"a-list-item\">*Ces d\u00e9clarations n\u2019ont pas \u00e9t\u00e9 \u00e9valu\u00e9es par la Food and Drug Administration ; Ce produit n\u2019est pas destin\u00e9 \u00e0 diagnostiquer, traiter, gu\u00e9rir ou pr\u00e9venir une maladie<\/span><\/li>\n<\/ul>\n","protected":false},"excerpt":{"rendered":"<p>Description Natrol&nbsp;\u2013&nbsp;Soutenez des cheveux sains, une peau radieuse et des ongles forts avec Natrol Biotin, la c\u00e9l\u00e8bre marque am\u00e9ricaine de biotine. Il est enrichi des propri\u00e9t\u00e9s naturelles de la biotine pour rajeunir vos cheveux, votre peau et vos ongles. \u00c0 propos de cet article Des cheveux, une peau et des ongles sains pour les personnes [&hellip;]<\/p>\n","protected":false},"featured_media":3585,"comment_status":"open","ping_status":"closed","template":"","meta":{"content-type":"","_uag_custom_page_level_css":""},"pwb-brand":[],"product_brand":[],"product_cat":[330,327],"product_tag":[],"class_list":{"0":"post-3586","1":"product","2":"type-product","3":"status-publish","4":"has-post-thumbnail","6":"product_cat-complements-alimentaires","7":"product_cat-hmizat","9":"first","10":"instock","11":"sale","12":"shipping-taxable","13":"purchasable","14":"product-type-simple"},"aioseo_notices":[],"uagb_featured_image_src":{"full":["https:\/\/wavexia.com\/wp-content\/uploads\/2025\/10\/biotinFD10000.webp",700,700,false],"thumbnail":["https:\/\/wavexia.com\/wp-content\/uploads\/2025\/10\/biotinFD10000-150x150.webp",150,150,true],"medium":["https:\/\/wavexia.com\/wp-content\/uploads\/2025\/10\/biotinFD10000-300x300.webp",300,300,true],"medium_large":["https:\/\/wavexia.com\/wp-content\/uploads\/2025\/10\/biotinFD10000.webp",700,700,false],"large":["https:\/\/wavexia.com\/wp-content\/uploads\/2025\/10\/biotinFD10000.webp",700,700,false],"1536x1536":["https:\/\/wavexia.com\/wp-content\/uploads\/2025\/10\/biotinFD10000.webp",700,700,false],"2048x2048":["https:\/\/wavexia.com\/wp-content\/uploads\/2025\/10\/biotinFD10000.webp",700,700,false],"woocommerce_archive_thumbnail":["https:\/\/wavexia.com\/wp-content\/uploads\/2025\/10\/biotinFD10000-300x300.webp",300,300,true],"woocommerce_thumbnail":["https:\/\/wavexia.com\/wp-content\/uploads\/2025\/10\/biotinFD10000-300x300.webp",300,300,true],"woocommerce_single":["https:\/\/wavexia.com\/wp-content\/uploads\/2025\/10\/biotinFD10000-600x600.webp",600,600,true],"woocommerce_gallery_thumbnail":["https:\/\/wavexia.com\/wp-content\/uploads\/2025\/10\/biotinFD10000-100x100.webp",100,100,true]},"uagb_author_info":{"display_name":"zineddine.ayoub98@gmail.com","author_link":"https:\/\/wavexia.com\/?author=0"},"uagb_comment_info":0,"uagb_excerpt":"Description Natrol&nbsp;\u2013&nbsp;Soutenez des cheveux sains, une peau radieuse et des ongles forts avec Natrol Biotin, la c\u00e9l\u00e8bre marque am\u00e9ricaine de biotine. Il est enrichi des propri\u00e9t\u00e9s naturelles de la biotine pour rajeunir vos cheveux, votre peau et vos ongles. \u00c0 propos de cet article Des cheveux, une peau et des ongles sains pour les personnes&hellip;","brands":[],"_links":{"self":[{"href":"https:\/\/wavexia.com\/index.php?rest_route=\/wp\/v2\/product\/3586","targetHints":{"allow":["GET"]}}],"collection":[{"href":"https:\/\/wavexia.com\/index.php?rest_route=\/wp\/v2\/product"}],"about":[{"href":"https:\/\/wavexia.com\/index.php?rest_route=\/wp\/v2\/types\/product"}],"replies":[{"embeddable":true,"href":"https:\/\/wavexia.com\/index.php?rest_route=%2Fwp%2Fv2%2Fcomments&post=3586"}],"wp:featuredmedia":[{"embeddable":true,"href":"https:\/\/wavexia.com\/index.php?rest_route=\/wp\/v2\/media\/3585"}],"wp:attachment":[{"href":"https:\/\/wavexia.com\/index.php?rest_route=%2Fwp%2Fv2%2Fmedia&parent=3586"}],"wp:term":[{"taxonomy":"pwb-brand","embeddable":true,"href":"https:\/\/wavexia.com\/index.php?rest_route=%2Fwp%2Fv2%2Fpwb-brand&post=3586"},{"taxonomy":"product_brand","embeddable":true,"href":"https:\/\/wavexia.com\/index.php?rest_route=%2Fwp%2Fv2%2Fproduct_brand&post=3586"},{"taxonomy":"product_cat","embeddable":true,"href":"https:\/\/wavexia.com\/index.php?rest_route=%2Fwp%2Fv2%2Fproduct_cat&post=3586"},{"taxonomy":"product_tag","embeddable":true,"href":"https:\/\/wavexia.com\/index.php?rest_route=%2Fwp%2Fv2%2Fproduct_tag&post=3586"}],"curies":[{"name":"wp","href":"https:\/\/api.w.org\/{rel}","templated":true}]}}