{"id":3583,"date":"2025-10-19T08:54:23","date_gmt":"2025-10-19T08:54:23","guid":{"rendered":"https:\/\/wavexia.com\/product\/rituals-mousse-de-douche-the-ritual-of-ayurveda-200ml\/"},"modified":"2026-03-10T07:30:56","modified_gmt":"2026-03-10T07:30:56","slug":"rituals-mousse-de-douche-the-ritual-of-ayurveda-200ml","status":"publish","type":"product","link":"https:\/\/wavexia.com\/?product=rituals-mousse-de-douche-the-ritual-of-ayurveda-200ml","title":{"rendered":"RITUALS Mousse de douche The Ritual of Ayurveda \u2013 200ml"},"content":{"rendered":"<h2>Description<\/h2>\n<p>R\u00e9\u00e9quilibrez votre \u00e2me, votre corps et votre esprit avec cette mousse de douche The Ritual of Ayurveda. Utilisez une noisette de gel et appr\u00e9ciez la mousse onctueuse se cr\u00e9ant au contact de l\u2019eau. Formul\u00e9e \u00e0 partir d\u2019ingr\u00e9dients traditionnels ayurv\u00e9diques, tels que la rose indienne et l\u2019huile d\u2019amande douce, cette mousse de douche apporte une sensation soyeuse et nourrissante sur la peau. Trouvez l\u2019harmonie int\u00e9rieure en associant cette mousse de douche \u00e0 d\u2019autres produits de la m\u00eame collection.<\/p>\n<p>&nbsp;<\/p>\n<p>Formul\u00e9e \u00e0 partir de 91&nbsp;% d\u2019ingr\u00e9dients d\u2019origine naturelle, cette mousse de douche est con\u00e7ue pour prendre soin de votre peau. Les 9&nbsp;% correspondent \u00e0 des ingr\u00e9dients de synth\u00e8se respectueux de la sant\u00e9 et de l\u2019environnement et permettent \u00e0 la formule d\u2019associer stabilit\u00e9 et innocuit\u00e9.<\/p>\n","protected":false},"excerpt":{"rendered":"<p>Description R\u00e9\u00e9quilibrez votre \u00e2me, votre corps et votre esprit avec cette mousse de douche The Ritual of Ayurveda. Utilisez une noisette de gel et appr\u00e9ciez la mousse onctueuse se cr\u00e9ant au contact de l\u2019eau. Formul\u00e9e \u00e0 partir d\u2019ingr\u00e9dients traditionnels ayurv\u00e9diques, tels que la rose indienne et l\u2019huile d\u2019amande douce, cette mousse de douche apporte une [&hellip;]<\/p>\n","protected":false},"featured_media":3582,"comment_status":"open","ping_status":"closed","template":"","meta":{"content-type":"","_uag_custom_page_level_css":""},"pwb-brand":[],"product_brand":[],"product_cat":[322,327,332],"product_tag":[],"class_list":{"0":"post-3583","1":"product","2":"type-product","3":"status-publish","4":"has-post-thumbnail","6":"product_cat-corps-bain","7":"product_cat-hmizat","8":"product_cat-rituals","10":"first","11":"instock","12":"sale","13":"shipping-taxable","14":"purchasable","15":"product-type-simple"},"aioseo_notices":[],"uagb_featured_image_src":{"full":["https:\/\/wavexia.com\/wp-content\/uploads\/2025\/10\/SmartSelect-20240316_234835_Google.webp",713,718,false],"thumbnail":["https:\/\/wavexia.com\/wp-content\/uploads\/2025\/10\/SmartSelect-20240316_234835_Google-150x150.webp",150,150,true],"medium":["https:\/\/wavexia.com\/wp-content\/uploads\/2025\/10\/SmartSelect-20240316_234835_Google-298x300.webp",298,300,true],"medium_large":["https:\/\/wavexia.com\/wp-content\/uploads\/2025\/10\/SmartSelect-20240316_234835_Google.webp",713,718,false],"large":["https:\/\/wavexia.com\/wp-content\/uploads\/2025\/10\/SmartSelect-20240316_234835_Google.webp",713,718,false],"1536x1536":["https:\/\/wavexia.com\/wp-content\/uploads\/2025\/10\/SmartSelect-20240316_234835_Google.webp",713,718,false],"2048x2048":["https:\/\/wavexia.com\/wp-content\/uploads\/2025\/10\/SmartSelect-20240316_234835_Google.webp",713,718,false],"woocommerce_archive_thumbnail":["https:\/\/wavexia.com\/wp-content\/uploads\/2025\/10\/SmartSelect-20240316_234835_Google-300x302.webp",300,302,true],"woocommerce_thumbnail":["https:\/\/wavexia.com\/wp-content\/uploads\/2025\/10\/SmartSelect-20240316_234835_Google-300x300.webp",300,300,true],"woocommerce_single":["https:\/\/wavexia.com\/wp-content\/uploads\/2025\/10\/SmartSelect-20240316_234835_Google-600x604.webp",600,604,true],"woocommerce_gallery_thumbnail":["https:\/\/wavexia.com\/wp-content\/uploads\/2025\/10\/SmartSelect-20240316_234835_Google-100x100.webp",100,100,true]},"uagb_author_info":{"display_name":"zineddine.ayoub98@gmail.com","author_link":"https:\/\/wavexia.com\/?author=0"},"uagb_comment_info":0,"uagb_excerpt":"Description R\u00e9\u00e9quilibrez votre \u00e2me, votre corps et votre esprit avec cette mousse de douche The Ritual of Ayurveda. Utilisez une noisette de gel et appr\u00e9ciez la mousse onctueuse se cr\u00e9ant au contact de l\u2019eau. Formul\u00e9e \u00e0 partir d\u2019ingr\u00e9dients traditionnels ayurv\u00e9diques, tels que la rose indienne et l\u2019huile d\u2019amande douce, cette mousse de douche apporte une&hellip;","brands":[],"_links":{"self":[{"href":"https:\/\/wavexia.com\/index.php?rest_route=\/wp\/v2\/product\/3583","targetHints":{"allow":["GET"]}}],"collection":[{"href":"https:\/\/wavexia.com\/index.php?rest_route=\/wp\/v2\/product"}],"about":[{"href":"https:\/\/wavexia.com\/index.php?rest_route=\/wp\/v2\/types\/product"}],"replies":[{"embeddable":true,"href":"https:\/\/wavexia.com\/index.php?rest_route=%2Fwp%2Fv2%2Fcomments&post=3583"}],"wp:featuredmedia":[{"embeddable":true,"href":"https:\/\/wavexia.com\/index.php?rest_route=\/wp\/v2\/media\/3582"}],"wp:attachment":[{"href":"https:\/\/wavexia.com\/index.php?rest_route=%2Fwp%2Fv2%2Fmedia&parent=3583"}],"wp:term":[{"taxonomy":"pwb-brand","embeddable":true,"href":"https:\/\/wavexia.com\/index.php?rest_route=%2Fwp%2Fv2%2Fpwb-brand&post=3583"},{"taxonomy":"product_brand","embeddable":true,"href":"https:\/\/wavexia.com\/index.php?rest_route=%2Fwp%2Fv2%2Fproduct_brand&post=3583"},{"taxonomy":"product_cat","embeddable":true,"href":"https:\/\/wavexia.com\/index.php?rest_route=%2Fwp%2Fv2%2Fproduct_cat&post=3583"},{"taxonomy":"product_tag","embeddable":true,"href":"https:\/\/wavexia.com\/index.php?rest_route=%2Fwp%2Fv2%2Fproduct_tag&post=3583"}],"curies":[{"name":"wp","href":"https:\/\/api.w.org\/{rel}","templated":true}]}}