{"id":3577,"date":"2025-10-19T08:54:18","date_gmt":"2025-10-19T08:54:18","guid":{"rendered":"https:\/\/wavexia.com\/product\/isntree-hyaluronic-acid-fresh-sun-serum-spf-50-pa-50ml\/"},"modified":"2026-03-10T07:30:56","modified_gmt":"2026-03-10T07:30:56","slug":"isntree-hyaluronic-acid-fresh-sun-serum-spf-50-pa-50ml","status":"publish","type":"product","link":"https:\/\/wavexia.com\/?product=isntree-hyaluronic-acid-fresh-sun-serum-spf-50-pa-50ml","title":{"rendered":"Isntree Hyaluronic Acid Fresh Sun Serum SPF 50+ PA++++ 50ml"},"content":{"rendered":"<h2>Description<\/h2>\n<p><strong>Isntree Hyaluronic Acid Fresh Sun Serum<\/strong>&nbsp;est un produit solaire multifonctionnel qui combine une puissante protection UV avec une hydratation intense \u2013 parfait pour ceux qui souhaitent prendre soin de leur peau tout en la prot\u00e9geant du soleil. Avec une consistance l\u00e9g\u00e8re semblable \u00e0 un s\u00e9rum, il est rapidement absorb\u00e9 sans laisser de sensation collante ou grasse, ce qui le rend id\u00e9al pour une utilisation quotidienne et comme base sous le maquillage.<\/p>\n<p>Le s\u00e9rum offre une&nbsp;<strong>protection \u00e9lev\u00e9e avec SPF 50+ PA++++<\/strong>, ce qui contrecarre efficacement \u00e0 la fois les rayons UVA et UVB et pr\u00e9vient les dommages solaires et le vieillissement pr\u00e9matur\u00e9. De plus, la formule est enrichie avec plusieurs formes d\u2019<strong>acide hyaluronique<\/strong>, qui hydrate \u00e0 la fois en surface et en profondeur, ainsi que&nbsp;<strong>squalane, allanto\u00efne et ectoine<\/strong>&nbsp;qui renforcent la barri\u00e8re cutan\u00e9e et apaisent la sensibilit\u00e9.<\/p>\n<p><strong>Avantages :<\/strong><\/p>\n<ul>\n<li>Haute protection solaire avec SPF 50+ PA++++ contre les rayons UVA et UVB<\/li>\n<li>Hydratation profonde avec plusieurs types d\u2019acide hyaluronique<\/li>\n<li>Douce pour la peau sensible \u2013 sans alcool, parfum et huiles essentielles<\/li>\n<li>Consistance l\u00e9g\u00e8re de s\u00e9rum qui est rapidement absorb\u00e9e sans coller<\/li>\n<li>Parfait sous le maquillage \u2013 ne laisse pas de film blanc<\/li>\n<li>Renforce la barri\u00e8re cutan\u00e9e avec squalane, allanto\u00efne et ectoine<\/li>\n<li>Finition fra\u00eeche sans sensation grasse ou lourde sur la peau<\/li>\n<\/ul>\n<p><strong>Utilisation :<\/strong><\/p>\n<ol>\n<li>Utilisez comme derni\u00e8re \u00e9tape de votre routine de soins de la peau le matin, apr\u00e8s le nettoyage, le toner, le s\u00e9rum et la cr\u00e8me hydratante.<\/li>\n<li>Appliquez une quantit\u00e9 g\u00e9n\u00e9reuse sur tout le visage \u2013 n\u2019oubliez pas le cou et \u00e9ventuellement le d\u00e9collet\u00e9.<\/li>\n<li>Tapotez l\u00e9g\u00e8rement le produit pour une meilleure absorption.<\/li>\n<li>Attendez quelques minutes avant d\u2019appliquer le maquillage.<\/li>\n<li>R\u00e9appliquez toutes les deux \u00e0 quatre heures en cas d\u2019exposition prolong\u00e9e au soleil, surtout apr\u00e8s avoir transpir\u00e9, nag\u00e9 ou essuy\u00e9 votre visage avec une serviette.<\/li>\n<\/ol>\n<h5>ingr\u00e9dients:<\/h5>\n<p>Water, Dibutyl Adipate, Propanediol, Butyloctyl Salicylate, Ethylhexyl Triazone, Niacinamide, Drometrizole Trisiloxane, Polyglyceryl-3 Distearate, Terephthalylidene Dicamphor Sulfonic Acid, Polymethylsilsesquioxane, Diethylamino Hydroxybenzoyl Hexyl Benzoate, Tromethamine, Panthenol, 1,2-Hexanediol, Pentylene Glycol, Glyceryl Stearates, Silica, Caprylyl Methicone, Bis-Ethylhexyloxyphenol Methoxyphenyl Triazine, Potassium Cetyl Phosphate, Lactobacillus Ferment, Poly C10-30 Alkyl Acrylate, Methylpropanediol, Carbomer, Acrylates\/C10-30 Alkyl Acrylate Crosspolymer, Ethylhexylglycerin, Hydrolyzed Sodium Hyaluronate, Xanthan Gum, Adenosine, Polyether-1, Sodium Hyaluronate, Biosaccharide Gum-1, Squalane, Allantoin, Erythritol, Tocopherol, Ectoin, Hydroxypropyltrimonium Hyaluronate, Zinc Hydrolyzed Hyaluronate, Glycerin, Butylene Glycol, Houttuynia Cordata Extract, Citric Acid, Sodium Acetylated Hyaluronate, Hydrolyzed Hyaluronic Acid, Hydrogenated Lecithin, Hyaluronic Acid, Polyglyceryl-10 Stearate, Centella Asiatica Extract, Sodium Hyaluronate Crosspolymer, Sodium Ascorbyl Phosphate, Tocopheryl Acetate, Cocos Nucifera (Coconut) Liquid Endosperm, Potassium Hyaluronate, Retinyl Palmitate, Biotin, Thiamine HCl, Folic Acid, Pyridoxine, Cyanocobalamin.<\/p>\n","protected":false},"excerpt":{"rendered":"<p>Description Isntree Hyaluronic Acid Fresh Sun Serum&nbsp;est un produit solaire multifonctionnel qui combine une puissante protection UV avec une hydratation intense \u2013 parfait pour ceux qui souhaitent prendre soin de leur peau tout en la prot\u00e9geant du soleil. Avec une consistance l\u00e9g\u00e8re semblable \u00e0 un s\u00e9rum, il est rapidement absorb\u00e9 sans laisser de sensation collante [&hellip;]<\/p>\n","protected":false},"featured_media":3576,"comment_status":"open","ping_status":"closed","template":"","meta":{"content-type":"","_uag_custom_page_level_css":""},"pwb-brand":[],"product_brand":[],"product_cat":[368,328,334,340],"product_tag":[],"class_list":{"0":"post-3577","1":"product","2":"type-product","3":"status-publish","4":"has-post-thumbnail","6":"product_cat-isntree","7":"product_cat-nouveautes","8":"product_cat-produits-coreens","9":"product_cat-protection-solaire","11":"first","12":"instock","13":"sale","14":"shipping-taxable","15":"purchasable","16":"product-type-simple"},"aioseo_notices":[],"uagb_featured_image_src":{"full":["https:\/\/wavexia.com\/wp-content\/uploads\/2025\/10\/HyaluronicAcidFreshSunSerum50ml-1.webp",720,720,false],"thumbnail":["https:\/\/wavexia.com\/wp-content\/uploads\/2025\/10\/HyaluronicAcidFreshSunSerum50ml-1-150x150.webp",150,150,true],"medium":["https:\/\/wavexia.com\/wp-content\/uploads\/2025\/10\/HyaluronicAcidFreshSunSerum50ml-1-300x300.webp",300,300,true],"medium_large":["https:\/\/wavexia.com\/wp-content\/uploads\/2025\/10\/HyaluronicAcidFreshSunSerum50ml-1.webp",720,720,false],"large":["https:\/\/wavexia.com\/wp-content\/uploads\/2025\/10\/HyaluronicAcidFreshSunSerum50ml-1.webp",720,720,false],"1536x1536":["https:\/\/wavexia.com\/wp-content\/uploads\/2025\/10\/HyaluronicAcidFreshSunSerum50ml-1.webp",720,720,false],"2048x2048":["https:\/\/wavexia.com\/wp-content\/uploads\/2025\/10\/HyaluronicAcidFreshSunSerum50ml-1.webp",720,720,false],"woocommerce_archive_thumbnail":["https:\/\/wavexia.com\/wp-content\/uploads\/2025\/10\/HyaluronicAcidFreshSunSerum50ml-1-300x300.webp",300,300,true],"woocommerce_thumbnail":["https:\/\/wavexia.com\/wp-content\/uploads\/2025\/10\/HyaluronicAcidFreshSunSerum50ml-1-300x300.webp",300,300,true],"woocommerce_single":["https:\/\/wavexia.com\/wp-content\/uploads\/2025\/10\/HyaluronicAcidFreshSunSerum50ml-1-600x600.webp",600,600,true],"woocommerce_gallery_thumbnail":["https:\/\/wavexia.com\/wp-content\/uploads\/2025\/10\/HyaluronicAcidFreshSunSerum50ml-1-100x100.webp",100,100,true]},"uagb_author_info":{"display_name":"zineddine.ayoub98@gmail.com","author_link":"https:\/\/wavexia.com\/?author=0"},"uagb_comment_info":0,"uagb_excerpt":"Description Isntree Hyaluronic Acid Fresh Sun Serum&nbsp;est un produit solaire multifonctionnel qui combine une puissante protection UV avec une hydratation intense \u2013 parfait pour ceux qui souhaitent prendre soin de leur peau tout en la prot\u00e9geant du soleil. Avec une consistance l\u00e9g\u00e8re semblable \u00e0 un s\u00e9rum, il est rapidement absorb\u00e9 sans laisser de sensation collante&hellip;","brands":[],"_links":{"self":[{"href":"https:\/\/wavexia.com\/index.php?rest_route=\/wp\/v2\/product\/3577","targetHints":{"allow":["GET"]}}],"collection":[{"href":"https:\/\/wavexia.com\/index.php?rest_route=\/wp\/v2\/product"}],"about":[{"href":"https:\/\/wavexia.com\/index.php?rest_route=\/wp\/v2\/types\/product"}],"replies":[{"embeddable":true,"href":"https:\/\/wavexia.com\/index.php?rest_route=%2Fwp%2Fv2%2Fcomments&post=3577"}],"wp:featuredmedia":[{"embeddable":true,"href":"https:\/\/wavexia.com\/index.php?rest_route=\/wp\/v2\/media\/3576"}],"wp:attachment":[{"href":"https:\/\/wavexia.com\/index.php?rest_route=%2Fwp%2Fv2%2Fmedia&parent=3577"}],"wp:term":[{"taxonomy":"pwb-brand","embeddable":true,"href":"https:\/\/wavexia.com\/index.php?rest_route=%2Fwp%2Fv2%2Fpwb-brand&post=3577"},{"taxonomy":"product_brand","embeddable":true,"href":"https:\/\/wavexia.com\/index.php?rest_route=%2Fwp%2Fv2%2Fproduct_brand&post=3577"},{"taxonomy":"product_cat","embeddable":true,"href":"https:\/\/wavexia.com\/index.php?rest_route=%2Fwp%2Fv2%2Fproduct_cat&post=3577"},{"taxonomy":"product_tag","embeddable":true,"href":"https:\/\/wavexia.com\/index.php?rest_route=%2Fwp%2Fv2%2Fproduct_tag&post=3577"}],"curies":[{"name":"wp","href":"https:\/\/api.w.org\/{rel}","templated":true}]}}