{"id":3568,"date":"2025-10-19T08:54:10","date_gmt":"2025-10-19T08:54:10","guid":{"rendered":"https:\/\/wavexia.com\/product\/medicube-pdrn-pink-hyaluronic-moisturizing-cream-50-ml\/"},"modified":"2026-03-10T07:30:55","modified_gmt":"2026-03-10T07:30:55","slug":"medicube-pdrn-pink-hyaluronic-moisturizing-cream-50-ml","status":"publish","type":"product","link":"https:\/\/wavexia.com\/?product=medicube-pdrn-pink-hyaluronic-moisturizing-cream-50-ml","title":{"rendered":"Medicube PDRN PINK HYALURONIC MOISTURIZING CREAM 50 ML"},"content":{"rendered":"<h2>Description<\/h2>\n<p><strong>Cr\u00e8me hydratante Salmon PDRN Trace avec 5 000 ppm de saumon PDRN<\/strong><\/p>\n<p>Cette cr\u00e8me est formul\u00e9e avec de la niacinamide et du saumon PDRN qui aident \u00e0 effacer les imperfections et \u00e0 combler l\u2019hydratation apr\u00e8s deux semaines.<\/p>\n<p>Prendre soin de la barri\u00e8re cutan\u00e9e apr\u00e8s avoir effac\u00e9 l\u2019imperfection permet non seulement d\u2019effacer l\u2019imperfection actuelle, mais aussi d\u2019\u00e9viter l\u2019imperfection future.<\/p>\n<p>10 couches d\u2019acide hyaluronique construisent la barri\u00e8re d\u2019hydratation, le PDRN renforce la couche cutan\u00e9e et prend soin du teint, et le niacinamicide 2&nbsp;% \u00e9claircit la peau terne.<\/p>\n<p>Am\u00e9lioration de 0,4 % sur les imperfections et le teint de la peau et de 14,25 % sur la quantit\u00e9 de zones d\u2019imperfections et de d\u00e9coloration.<\/p>\n<p><b>Avantages:<\/b><\/p>\n<ul>\n<li><span>Cette cr\u00e8me est formul\u00e9e avec de la niacinamide et du saumon PDRN qui aident \u00e0 effacer les imperfections et \u00e0 combler l\u2019hydratation apr\u00e8s deux semaines.<\/span><br \/>&nbsp;<\/li>\n<li><span>Prendre soin de la barri\u00e8re cutan\u00e9e apr\u00e8s avoir effac\u00e9 l\u2019imperfection permet non seulement d\u2019effacer l\u2019imperfection actuelle, mais aussi d\u2019\u00e9viter l\u2019imperfection future.<\/span><br \/>&nbsp;<\/li>\n<li><span>10 couches d\u2019acide hyaluronique construisent la barri\u00e8re d\u2019hydratation, le PDRN renforce la couche cutan\u00e9e et prend soin du teint, et le niacinamicide 2&nbsp;% \u00e9claircit la peau terne.<\/span><br \/>&nbsp;<\/li>\n<li><span>Am\u00e9lioration de 0,4 % sur les imperfections et le teint de la peau et de 14,25 % sur la quantit\u00e9 de zones d\u2019imperfections et de d\u00e9coloration.<\/span><\/li>\n<\/ul>\n<p><span><b>Mode d\u2019emploi :<\/b><\/span><\/p>\n<p>1. Au dernier stade des soins de la peau, appliquez une quantit\u00e9 mod\u00e9r\u00e9e sur la peau.<br \/>2. Tapotez doucement pour une meilleure absorption.<\/p>\n<table>\n<tbody>\n<tr>\n<td colspan=\"2\">\n<h5>Ingr\u00e9dients principaux&nbsp;:<\/h5>\n<\/td>\n<\/tr>\n<tr>\n<td>\n<div class=\"cropWrapper ng-scope cropDesription entire\"><span>Eau, EDTA disodique, b\u00e9ta\u00efne, niacinamide, ad\u00e9nosine, acide citrique, panth\u00e9nol, glyc\u00e9reth-26, glyc\u00e9rine, acrylate de glyc\u00e9ryle\/acide acrylique Copolym\u00e8re, butyl\u00e8ne glycol, acrylate d\u2019hydroxy\u00e9thyle\/sodium Copolym\u00e8re de taurate d\u2019acryloyldim\u00e9thyle, isost\u00e9arate de sorbitan, olivate de c\u00e9t\u00e9aryle, olivate de sorbitan, triglyc\u00e9ride caprylique\/caprique, Limnanthes alba (limnanthe) Huile de graines, Polyd\u00e9c\u00e8ne hydrog\u00e9n\u00e9, Isononanoate d\u2019isosononyle, L\u00e9cithine hydrog\u00e9n\u00e9e, Alcool c\u00e9t\u00e9arylique, Acide st\u00e9arique, C\u00e9ramide EOP, C\u00e9ramide NS, C\u00e9ramide NP, C\u00e9ramide AS, C\u00e9ramide AP, Phytosphingosine, Cholest\u00e9rol, Cyclopentasiloxane, ADN sodique, Olivate d\u2019\u00e9thylhexyle, Copolym\u00e8re d\u2019acrylates de sodium, Ol\u00e9ate de polyglyc\u00e9ryl-4, 1,2-Hexanediol, Tripeptide de cuivre-1, Hexapeptide d\u2019ac\u00e9tyle-8, Pentapeptide de palmitoyle-4, Tripeptide-1 de palmitoyle, T\u00e9trapeptide de palmitoyle-7, Hyaluronate de sodium, Hydroxypropyltrimonium Hyaluronate, Hyaluronate ac\u00e9tyl\u00e9 de sodium, Acide hyaluronique hydrolys\u00e9, Acide hyaluronique, Polym\u00e8re crois\u00e9 d\u2019hyaluronate de sodium, Hyaluronate de sodium hydrolys\u00e9, Hyaluronate de potassium, Extrait de Fucus Vesiculosus, Extrait de Prunella Vulgaris, Extrait de fruit de Momordica Charantia, Extrait de fruit d\u2019Hibiscus Esculentus, Extrait de fruit de Morinda Citrifolia, Extrait de feuille de Centella Asiatica, Ethylhexylglyc\u00e9rine, Parfum, Cyanocobalamine, Sodium Polyacryloyldimethyl Taurate<\/span><\/p>\n<div class=\"remark\">Les ingr\u00e9dients peuvent \u00eatre modifi\u00e9s \u00e0 la discr\u00e9tion du fabricant. Pour obtenir la liste d\u2019ingr\u00e9dients la plus compl\u00e8te et la plus \u00e0 jour, veuillez vous r\u00e9f\u00e9rer \u00e0 l\u2019emballage du produit.<\/div>\n<\/td>\n<\/tr>\n<\/tbody>\n<\/table>\n<\/div>\n","protected":false},"excerpt":{"rendered":"<p>Description Cr\u00e8me hydratante Salmon PDRN Trace avec 5 000 ppm de saumon PDRN Cette cr\u00e8me est formul\u00e9e avec de la niacinamide et du saumon PDRN qui aident \u00e0 effacer les imperfections et \u00e0 combler l\u2019hydratation apr\u00e8s deux semaines. Prendre soin de la barri\u00e8re cutan\u00e9e apr\u00e8s avoir effac\u00e9 l\u2019imperfection permet non seulement d\u2019effacer l\u2019imperfection actuelle, mais [&hellip;]<\/p>\n","protected":false},"featured_media":3567,"comment_status":"open","ping_status":"closed","template":"","meta":{"content-type":"","_uag_custom_page_level_css":""},"pwb-brand":[],"product_brand":[],"product_cat":[324,349,334],"product_tag":[],"class_list":{"0":"post-3568","1":"product","2":"type-product","3":"status-publish","4":"has-post-thumbnail","6":"product_cat-creme","7":"product_cat-medicube","8":"product_cat-produits-coreens","10":"first","11":"instock","12":"sale","13":"shipping-taxable","14":"purchasable","15":"product-type-simple"},"aioseo_notices":[],"uagb_featured_image_src":{"full":["https:\/\/wavexia.com\/wp-content\/uploads\/2025\/10\/616V3ikVkNL._AC_UF10001000_QL80_.jpg",989,1000,false],"thumbnail":["https:\/\/wavexia.com\/wp-content\/uploads\/2025\/10\/616V3ikVkNL._AC_UF10001000_QL80_-150x150.jpg",150,150,true],"medium":["https:\/\/wavexia.com\/wp-content\/uploads\/2025\/10\/616V3ikVkNL._AC_UF10001000_QL80_-297x300.jpg",297,300,true],"medium_large":["https:\/\/wavexia.com\/wp-content\/uploads\/2025\/10\/616V3ikVkNL._AC_UF10001000_QL80_-768x777.jpg",768,777,true],"large":["https:\/\/wavexia.com\/wp-content\/uploads\/2025\/10\/616V3ikVkNL._AC_UF10001000_QL80_.jpg",989,1000,false],"1536x1536":["https:\/\/wavexia.com\/wp-content\/uploads\/2025\/10\/616V3ikVkNL._AC_UF10001000_QL80_.jpg",989,1000,false],"2048x2048":["https:\/\/wavexia.com\/wp-content\/uploads\/2025\/10\/616V3ikVkNL._AC_UF10001000_QL80_.jpg",989,1000,false],"woocommerce_archive_thumbnail":["https:\/\/wavexia.com\/wp-content\/uploads\/2025\/10\/616V3ikVkNL._AC_UF10001000_QL80_-300x303.jpg",300,303,true],"woocommerce_thumbnail":["https:\/\/wavexia.com\/wp-content\/uploads\/2025\/10\/616V3ikVkNL._AC_UF10001000_QL80_-300x300.jpg",300,300,true],"woocommerce_single":["https:\/\/wavexia.com\/wp-content\/uploads\/2025\/10\/616V3ikVkNL._AC_UF10001000_QL80_-600x607.jpg",600,607,true],"woocommerce_gallery_thumbnail":["https:\/\/wavexia.com\/wp-content\/uploads\/2025\/10\/616V3ikVkNL._AC_UF10001000_QL80_-100x100.jpg",100,100,true]},"uagb_author_info":{"display_name":"zineddine.ayoub98@gmail.com","author_link":"https:\/\/wavexia.com\/?author=0"},"uagb_comment_info":0,"uagb_excerpt":"Description Cr\u00e8me hydratante Salmon PDRN Trace avec 5 000 ppm de saumon PDRN Cette cr\u00e8me est formul\u00e9e avec de la niacinamide et du saumon PDRN qui aident \u00e0 effacer les imperfections et \u00e0 combler l\u2019hydratation apr\u00e8s deux semaines. Prendre soin de la barri\u00e8re cutan\u00e9e apr\u00e8s avoir effac\u00e9 l\u2019imperfection permet non seulement d\u2019effacer l\u2019imperfection actuelle, mais&hellip;","brands":[],"_links":{"self":[{"href":"https:\/\/wavexia.com\/index.php?rest_route=\/wp\/v2\/product\/3568","targetHints":{"allow":["GET"]}}],"collection":[{"href":"https:\/\/wavexia.com\/index.php?rest_route=\/wp\/v2\/product"}],"about":[{"href":"https:\/\/wavexia.com\/index.php?rest_route=\/wp\/v2\/types\/product"}],"replies":[{"embeddable":true,"href":"https:\/\/wavexia.com\/index.php?rest_route=%2Fwp%2Fv2%2Fcomments&post=3568"}],"wp:featuredmedia":[{"embeddable":true,"href":"https:\/\/wavexia.com\/index.php?rest_route=\/wp\/v2\/media\/3567"}],"wp:attachment":[{"href":"https:\/\/wavexia.com\/index.php?rest_route=%2Fwp%2Fv2%2Fmedia&parent=3568"}],"wp:term":[{"taxonomy":"pwb-brand","embeddable":true,"href":"https:\/\/wavexia.com\/index.php?rest_route=%2Fwp%2Fv2%2Fpwb-brand&post=3568"},{"taxonomy":"product_brand","embeddable":true,"href":"https:\/\/wavexia.com\/index.php?rest_route=%2Fwp%2Fv2%2Fproduct_brand&post=3568"},{"taxonomy":"product_cat","embeddable":true,"href":"https:\/\/wavexia.com\/index.php?rest_route=%2Fwp%2Fv2%2Fproduct_cat&post=3568"},{"taxonomy":"product_tag","embeddable":true,"href":"https:\/\/wavexia.com\/index.php?rest_route=%2Fwp%2Fv2%2Fproduct_tag&post=3568"}],"curies":[{"name":"wp","href":"https:\/\/api.w.org\/{rel}","templated":true}]}}