{"id":3560,"date":"2025-10-19T08:54:05","date_gmt":"2025-10-19T08:54:05","guid":{"rendered":"https:\/\/wavexia.com\/product\/beauty-of-joseon-light-on-serum-centella-vita-c-30ml\/"},"modified":"2026-03-10T07:30:55","modified_gmt":"2026-03-10T07:30:55","slug":"beauty-of-joseon-light-on-serum-centella-vita-c-30ml","status":"publish","type":"product","link":"https:\/\/wavexia.com\/?product=beauty-of-joseon-light-on-serum-centella-vita-c-30ml","title":{"rendered":"Beauty of joseon Light on Serum Centella + Vita C 30ml"},"content":{"rendered":"<h2>Description<\/h2>\n<ul>\n<li>La Beauty of Joseon Light On Serum Centella + Vita C est votre complice pour cet \u00e9clat aveuglant ! Ce s\u00e9rum est comme une potion magique qui illumine votre peau, s\u2019attaque aux probl\u00e8mes de pigmentation et fait dispara\u00eetre le teint terne comme neige au soleil.<\/li>\n<\/ul>\n<p>Ce s\u00e9rum combine la puissance de 10 % de vitamine C efficace et un impressionnant extrait de Centella Asiatica \u00e0 68 % pour donner \u00e0 votre peau un v\u00e9ritable coup de pouce. Le r\u00e9sultat? Une peau plus lumineuse et apais\u00e9e \u00e0 la fois, comme par magie pour votre teint !<\/p>\n<p>Ce qui rend ce s\u00e9rum vraiment sp\u00e9cial, c\u2019est sa formule unique que vous n\u2019avez jamais vue auparavant dans un s\u00e9rum \u00e0 la vitamine C. Il ne colle pas, ne laisse pas de film gras et ne dess\u00e8che pas votre peau. Au lieu de cela, votre peau est hydrat\u00e9e et apais\u00e9e !<\/p>\n<p><strong>Ce s\u00e9rum :<br \/><\/strong><\/p>\n<ul>\n<li>convient aux peaux sensibles<\/li>\n<li>estompe les taches brunes, les imperfections et les taches de rousseur<\/li>\n<li>rend la peau plus lumineuse<\/li>\n<li>contient de la centella<\/li>\n<li>hydrate et apaise<\/li>\n<li>absorbe facilement<\/li>\n<li>pas collant<\/li>\n<li>sans parfum<\/li>\n<li>sans cruaut\u00e9<\/li>\n<li>v\u00e9g\u00e9talien<\/li>\n<\/ul>\n<p><strong>Comment utiliser:<br \/><\/strong><\/p>\n<ul>\n<li>Utilisez d\u2019abord un toner.<\/li>\n<li>Appliquez-le sur votre visage et votre cou.<\/li>\n<li>Suivez avec votre cr\u00e8me hydratante.<\/li>\n<li>Utilisez-le le matin.<\/li>\n<\/ul>\n<p><strong>Ingr\u00e9dients:<br \/><\/strong>Centella Asiatica Extract, 3-o-ethyl Ascorbic Acid, Glycerin, Propanediol, Betaine, Dicaprylyl Carbonate, Methyl Trimethicone, Cetyl Ethylhexanoate, Panthenol, Laminaria Japonica Extract, Eclipta Prostrata Leaf Extract, Phellodendron Amurense Bark Extract, Citrus Unshiu Peel Extract, Brassica Oleracea Acephala Leaf Extract, Hydrolyzed Gardenia Florida Extract, Hydrogenated Lecithin, Cetearyl Alcohol, Water, Dimethicone\/vinyl Dimethicone Crosspolymer, Silica, Bisabolol, Potassium Cetyl Phosphate, Hydrolyzed Jojoba Esters, Cetearyl Olivate, Sorbitan Olivate, Hydroxyethyl Acrylate\/sodium Acryloyldimethyl Taurate Copolymer, Ammonium Acryloyldimethyltaurate\/beheneth-25 Methacrylate Crosspolymer, Hydroxyacetophenone, Ethylhexylglycerin<\/p>\n","protected":false},"excerpt":{"rendered":"<p>Description La Beauty of Joseon Light On Serum Centella + Vita C est votre complice pour cet \u00e9clat aveuglant ! Ce s\u00e9rum est comme une potion magique qui illumine votre peau, s\u2019attaque aux probl\u00e8mes de pigmentation et fait dispara\u00eetre le teint terne comme neige au soleil. Ce s\u00e9rum combine la puissance de 10 % de [&hellip;]<\/p>\n","protected":false},"featured_media":3559,"comment_status":"open","ping_status":"closed","template":"","meta":{"content-type":"","_uag_custom_page_level_css":""},"pwb-brand":[],"product_brand":[],"product_cat":[354,327,334,323,387],"product_tag":[],"class_list":{"0":"post-3560","1":"product","2":"type-product","3":"status-publish","4":"has-post-thumbnail","6":"product_cat-beauty-of-joseon","7":"product_cat-hmizat","8":"product_cat-produits-coreens","9":"product_cat-skincare","10":"product_cat-vitamin-c","12":"first","13":"instock","14":"sale","15":"shipping-taxable","16":"purchasable","17":"product-type-simple"},"aioseo_notices":[],"uagb_featured_image_src":{"full":["https:\/\/wavexia.com\/wp-content\/uploads\/2025\/10\/Product-page-sizes_c5caacd9-71ff-43f5-bdb7-fe0f04853a28.webp",800,800,false],"thumbnail":["https:\/\/wavexia.com\/wp-content\/uploads\/2025\/10\/Product-page-sizes_c5caacd9-71ff-43f5-bdb7-fe0f04853a28-150x150.webp",150,150,true],"medium":["https:\/\/wavexia.com\/wp-content\/uploads\/2025\/10\/Product-page-sizes_c5caacd9-71ff-43f5-bdb7-fe0f04853a28-300x300.webp",300,300,true],"medium_large":["https:\/\/wavexia.com\/wp-content\/uploads\/2025\/10\/Product-page-sizes_c5caacd9-71ff-43f5-bdb7-fe0f04853a28-768x768.webp",768,768,true],"large":["https:\/\/wavexia.com\/wp-content\/uploads\/2025\/10\/Product-page-sizes_c5caacd9-71ff-43f5-bdb7-fe0f04853a28.webp",800,800,false],"1536x1536":["https:\/\/wavexia.com\/wp-content\/uploads\/2025\/10\/Product-page-sizes_c5caacd9-71ff-43f5-bdb7-fe0f04853a28.webp",800,800,false],"2048x2048":["https:\/\/wavexia.com\/wp-content\/uploads\/2025\/10\/Product-page-sizes_c5caacd9-71ff-43f5-bdb7-fe0f04853a28.webp",800,800,false],"woocommerce_archive_thumbnail":["https:\/\/wavexia.com\/wp-content\/uploads\/2025\/10\/Product-page-sizes_c5caacd9-71ff-43f5-bdb7-fe0f04853a28-300x300.webp",300,300,true],"woocommerce_thumbnail":["https:\/\/wavexia.com\/wp-content\/uploads\/2025\/10\/Product-page-sizes_c5caacd9-71ff-43f5-bdb7-fe0f04853a28-300x300.webp",300,300,true],"woocommerce_single":["https:\/\/wavexia.com\/wp-content\/uploads\/2025\/10\/Product-page-sizes_c5caacd9-71ff-43f5-bdb7-fe0f04853a28-600x600.webp",600,600,true],"woocommerce_gallery_thumbnail":["https:\/\/wavexia.com\/wp-content\/uploads\/2025\/10\/Product-page-sizes_c5caacd9-71ff-43f5-bdb7-fe0f04853a28-100x100.webp",100,100,true]},"uagb_author_info":{"display_name":"zineddine.ayoub98@gmail.com","author_link":"https:\/\/wavexia.com\/?author=0"},"uagb_comment_info":0,"uagb_excerpt":"Description La Beauty of Joseon Light On Serum Centella + Vita C est votre complice pour cet \u00e9clat aveuglant ! Ce s\u00e9rum est comme une potion magique qui illumine votre peau, s\u2019attaque aux probl\u00e8mes de pigmentation et fait dispara\u00eetre le teint terne comme neige au soleil. Ce s\u00e9rum combine la puissance de 10 % de&hellip;","brands":[],"_links":{"self":[{"href":"https:\/\/wavexia.com\/index.php?rest_route=\/wp\/v2\/product\/3560","targetHints":{"allow":["GET"]}}],"collection":[{"href":"https:\/\/wavexia.com\/index.php?rest_route=\/wp\/v2\/product"}],"about":[{"href":"https:\/\/wavexia.com\/index.php?rest_route=\/wp\/v2\/types\/product"}],"replies":[{"embeddable":true,"href":"https:\/\/wavexia.com\/index.php?rest_route=%2Fwp%2Fv2%2Fcomments&post=3560"}],"wp:featuredmedia":[{"embeddable":true,"href":"https:\/\/wavexia.com\/index.php?rest_route=\/wp\/v2\/media\/3559"}],"wp:attachment":[{"href":"https:\/\/wavexia.com\/index.php?rest_route=%2Fwp%2Fv2%2Fmedia&parent=3560"}],"wp:term":[{"taxonomy":"pwb-brand","embeddable":true,"href":"https:\/\/wavexia.com\/index.php?rest_route=%2Fwp%2Fv2%2Fpwb-brand&post=3560"},{"taxonomy":"product_brand","embeddable":true,"href":"https:\/\/wavexia.com\/index.php?rest_route=%2Fwp%2Fv2%2Fproduct_brand&post=3560"},{"taxonomy":"product_cat","embeddable":true,"href":"https:\/\/wavexia.com\/index.php?rest_route=%2Fwp%2Fv2%2Fproduct_cat&post=3560"},{"taxonomy":"product_tag","embeddable":true,"href":"https:\/\/wavexia.com\/index.php?rest_route=%2Fwp%2Fv2%2Fproduct_tag&post=3560"}],"curies":[{"name":"wp","href":"https:\/\/api.w.org\/{rel}","templated":true}]}}