{"id":3557,"date":"2025-10-19T08:54:04","date_gmt":"2025-10-19T08:54:04","guid":{"rendered":"https:\/\/wavexia.com\/product\/beauty-of-joseon-calming-serum-green-tea-panthenol-30ml\/"},"modified":"2026-03-10T07:30:55","modified_gmt":"2026-03-10T07:30:55","slug":"beauty-of-joseon-calming-serum-green-tea-panthenol-30ml","status":"publish","type":"product","link":"https:\/\/wavexia.com\/?product=beauty-of-joseon-calming-serum-green-tea-panthenol-30ml","title":{"rendered":"Beauty of Joseon \u2013 Calming Serum Green Tea &#038; Panthenol 30ml"},"content":{"rendered":"<h2>Description<\/h2>\n<p>The Beauty Of Joseon Calming Serum Green Tea + Panthenol est un s\u00e9rum apaisant adapt\u00e9 \u00e0 tous les types de peau. Ce s\u00e9rum fin est enrichi en extrait de th\u00e9 vert, panth\u00e9nol et vitamine C. Ce trio apaise et hydrate votre peau s\u00e8che et procure un effet anti-\u00e2ge. De plus, il a un effet \u00e9claircissant, alors dites adieu \u00e0 votre peau s\u00e8che et fatigu\u00e9e avec ce s\u00e9rum !<\/p>\n<p><strong>Ce s\u00e9rum:<\/strong><\/p>\n<ul>\n<li>convient \u00e0 tous les types de peau<\/li>\n<li>utiliser sur les peaux d\u00e9shydrat\u00e9es et ternes<\/li>\n<li>convient \u00e9galement pour vos ridules \/ rides<\/li>\n<li>apaise, hydrate et illumine votre peau<\/li>\n<li>procure un effet anti-\u00e2ge<\/li>\n<li>contient de l\u2019extrait de th\u00e9 vert, du panth\u00e9nol et de la vitamine C<\/li>\n<li>sans alcool, parab\u00e8nes, silicones et sulfates<\/li>\n<li>sans cruaut\u00e9<\/li>\n<\/ul>\n<p><strong>Comment utiliser:<\/strong><\/p>\n<ul>\n<li>Appliquer le s\u00e9rum sur une peau nettoy\u00e9e.<\/li>\n<li>Appliquez 2 \u00e0 3 gouttes de s\u00e9rum sur votre peau.<\/li>\n<li>Massez votre peau.<\/li>\n<li>Appliquez ensuite une cr\u00e8me hydratante.<\/li>\n<\/ul>\n<p><strong>ps.<\/strong>&nbsp;Pour de meilleurs r\u00e9sultats, utilisez le s\u00e9rum matin et soir.\u00b5<\/p>\n<p><strong>Ingr\u00e9dients:<br \/><\/strong>Camellia Sinensis Leaf Water (50.9%), Artemisia Capillaris Extract, Panthenol, Glycerin, Butylene Glycol, Water, 1,2-hexanediol, Methylpropanediol, Acrylates\/C10-30 Alkyl Acrylate Crosspolymer, Tromethamine, Coptis Japonica Root Extract, Ethylhexylglycerin, Betaine, Allantoin, Dipotassium Glycyrrhizate, Glyceryl Acrylate\/Acrylic Acid Copolymer, Polyquaternium-51, Malt Extract, Punica Granatum Extract, Clitoria Ternatea Flower Extract, Garcinia Mangostana Peel Extract, Sodium Hyaluronate.<\/p>\n","protected":false},"excerpt":{"rendered":"<p>Description The Beauty Of Joseon Calming Serum Green Tea + Panthenol est un s\u00e9rum apaisant adapt\u00e9 \u00e0 tous les types de peau. Ce s\u00e9rum fin est enrichi en extrait de th\u00e9 vert, panth\u00e9nol et vitamine C. Ce trio apaise et hydrate votre peau s\u00e8che et procure un effet anti-\u00e2ge. De plus, il a un effet [&hellip;]<\/p>\n","protected":false},"featured_media":3556,"comment_status":"open","ping_status":"closed","template":"","meta":{"content-type":"","_uag_custom_page_level_css":""},"pwb-brand":[],"product_brand":[],"product_cat":[354,334,338],"product_tag":[],"class_list":{"0":"post-3557","1":"product","2":"type-product","3":"status-publish","4":"has-post-thumbnail","6":"product_cat-beauty-of-joseon","7":"product_cat-produits-coreens","8":"product_cat-serum-ampoule","10":"first","11":"instock","12":"sale","13":"shipping-taxable","14":"purchasable","15":"product-type-simple"},"aioseo_notices":[],"uagb_featured_image_src":{"full":["https:\/\/wavexia.com\/wp-content\/uploads\/2025\/10\/800_9544966b-d68b-4f6b-b087-5c49be17250f.webp",800,800,false],"thumbnail":["https:\/\/wavexia.com\/wp-content\/uploads\/2025\/10\/800_9544966b-d68b-4f6b-b087-5c49be17250f-150x150.webp",150,150,true],"medium":["https:\/\/wavexia.com\/wp-content\/uploads\/2025\/10\/800_9544966b-d68b-4f6b-b087-5c49be17250f-300x300.webp",300,300,true],"medium_large":["https:\/\/wavexia.com\/wp-content\/uploads\/2025\/10\/800_9544966b-d68b-4f6b-b087-5c49be17250f-768x768.webp",768,768,true],"large":["https:\/\/wavexia.com\/wp-content\/uploads\/2025\/10\/800_9544966b-d68b-4f6b-b087-5c49be17250f.webp",800,800,false],"1536x1536":["https:\/\/wavexia.com\/wp-content\/uploads\/2025\/10\/800_9544966b-d68b-4f6b-b087-5c49be17250f.webp",800,800,false],"2048x2048":["https:\/\/wavexia.com\/wp-content\/uploads\/2025\/10\/800_9544966b-d68b-4f6b-b087-5c49be17250f.webp",800,800,false],"woocommerce_archive_thumbnail":["https:\/\/wavexia.com\/wp-content\/uploads\/2025\/10\/800_9544966b-d68b-4f6b-b087-5c49be17250f-300x300.webp",300,300,true],"woocommerce_thumbnail":["https:\/\/wavexia.com\/wp-content\/uploads\/2025\/10\/800_9544966b-d68b-4f6b-b087-5c49be17250f-300x300.webp",300,300,true],"woocommerce_single":["https:\/\/wavexia.com\/wp-content\/uploads\/2025\/10\/800_9544966b-d68b-4f6b-b087-5c49be17250f-600x600.webp",600,600,true],"woocommerce_gallery_thumbnail":["https:\/\/wavexia.com\/wp-content\/uploads\/2025\/10\/800_9544966b-d68b-4f6b-b087-5c49be17250f-100x100.webp",100,100,true]},"uagb_author_info":{"display_name":"zineddine.ayoub98@gmail.com","author_link":"https:\/\/wavexia.com\/?author=0"},"uagb_comment_info":0,"uagb_excerpt":"Description The Beauty Of Joseon Calming Serum Green Tea + Panthenol est un s\u00e9rum apaisant adapt\u00e9 \u00e0 tous les types de peau. Ce s\u00e9rum fin est enrichi en extrait de th\u00e9 vert, panth\u00e9nol et vitamine C. Ce trio apaise et hydrate votre peau s\u00e8che et procure un effet anti-\u00e2ge. De plus, il a un effet&hellip;","brands":[],"_links":{"self":[{"href":"https:\/\/wavexia.com\/index.php?rest_route=\/wp\/v2\/product\/3557","targetHints":{"allow":["GET"]}}],"collection":[{"href":"https:\/\/wavexia.com\/index.php?rest_route=\/wp\/v2\/product"}],"about":[{"href":"https:\/\/wavexia.com\/index.php?rest_route=\/wp\/v2\/types\/product"}],"replies":[{"embeddable":true,"href":"https:\/\/wavexia.com\/index.php?rest_route=%2Fwp%2Fv2%2Fcomments&post=3557"}],"wp:featuredmedia":[{"embeddable":true,"href":"https:\/\/wavexia.com\/index.php?rest_route=\/wp\/v2\/media\/3556"}],"wp:attachment":[{"href":"https:\/\/wavexia.com\/index.php?rest_route=%2Fwp%2Fv2%2Fmedia&parent=3557"}],"wp:term":[{"taxonomy":"pwb-brand","embeddable":true,"href":"https:\/\/wavexia.com\/index.php?rest_route=%2Fwp%2Fv2%2Fpwb-brand&post=3557"},{"taxonomy":"product_brand","embeddable":true,"href":"https:\/\/wavexia.com\/index.php?rest_route=%2Fwp%2Fv2%2Fproduct_brand&post=3557"},{"taxonomy":"product_cat","embeddable":true,"href":"https:\/\/wavexia.com\/index.php?rest_route=%2Fwp%2Fv2%2Fproduct_cat&post=3557"},{"taxonomy":"product_tag","embeddable":true,"href":"https:\/\/wavexia.com\/index.php?rest_route=%2Fwp%2Fv2%2Fproduct_tag&post=3557"}],"curies":[{"name":"wp","href":"https:\/\/api.w.org\/{rel}","templated":true}]}}