{"id":3551,"date":"2025-10-19T08:54:01","date_gmt":"2025-10-19T08:54:01","guid":{"rendered":"https:\/\/wavexia.com\/product\/beauty-of-joseon-glow-replenishing-rice-milk-150ml\/"},"modified":"2026-03-10T07:30:55","modified_gmt":"2026-03-10T07:30:55","slug":"beauty-of-joseon-glow-replenishing-rice-milk-150ml","status":"publish","type":"product","link":"https:\/\/wavexia.com\/?product=beauty-of-joseon-glow-replenishing-rice-milk-150ml","title":{"rendered":"Beauty of Joseon \u2013 Glow Replenishing Rice Milk 150ml"},"content":{"rendered":"<h2>Description<\/h2>\n<p>Le Beauty of Joseon Glow Replenishing Rice Milk est un tonique luxueux et hydratant qui donne \u00e0 votre peau un coup d\u2019\u00e9clat. Ce tonique est infus\u00e9 d\u2019eau de riz, un secret de beaut\u00e9 traditionnel cor\u00e9en connu pour ses propri\u00e9t\u00e9s \u00e9claircissantes et nourrissantes.<\/p>\n<p>Le pouvoir hydratant du lait de riz aide \u00e0 hydrater intens\u00e9ment la peau, la laissant douce et souple. Ce tonique est parfait pour reconstituer l\u2019hydratation apr\u00e8s le nettoyage et pr\u00e9parer votre peau pour le reste de votre routine de soins. Adapt\u00e9 \u00e0 tous les types de peau, notamment aux peaux s\u00e8ches et ternes, ce tonique procure un teint \u00e9clatant et sain.<\/p>\n<p><strong>Ce lait:<\/strong><\/p>\n<ul>\n<li>\u00e9clairant et nourrissant<\/li>\n<li>hydratation intense<\/li>\n<li>assure une peau radieuse et saine<\/li>\n<li>convient \u00e0 tous les types de peau<\/li>\n<li>sans parfum<\/li>\n<li>sans cruaut\u00e9<\/li>\n<\/ul>\n<p><strong>Comment utiliser:<\/strong><\/p>\n<ul>\n<li>Apr\u00e8s le nettoyage, versez quelques gouttes sur vos paumes.<\/li>\n<li>Appuyez doucement sur le toner sur votre visage pour l\u2019absorber.<\/li>\n<li>Vous pouvez \u00e9galement utiliser un coton et essuyer du centre vers l\u2019ext\u00e9rieur.<\/li>\n<\/ul>\n<p><strong>Ingr\u00e9dients:<br \/><\/strong>Water, Methylpropanediol, Propanediol, 1,2-Hexanediol, Glycerin, Glycereth-26, Polymethyl Methacrylate, Oryza Sativa (Rice) Extract, Coptis Japonica Root Extract, Ulmus Davidiana Root Extract, Amaranthus Caudatus Seed Extract, Ficus Carica (Fig) Fruit Extract, Centella Asiatica Extract, Theobroma Cacao (Cocoa) Seed Extract, Hydrogenated Lecithin, Sodium Hyaluronate, Panthenol, Hydroxyethyl Urea, Aluminum Chlorohydrate, Butylene Glycol, Microcrystalline Cellulose, Sodium Citrate, Kaolin, Ethylhexylglycerin, Dipotassium Glycyrrhizate, Citric Acid, Dextrin, Ceramide NP, Tocopherol, Rice Amino Acids<\/p>\n","protected":false},"excerpt":{"rendered":"<p>Description Le Beauty of Joseon Glow Replenishing Rice Milk est un tonique luxueux et hydratant qui donne \u00e0 votre peau un coup d\u2019\u00e9clat. Ce tonique est infus\u00e9 d\u2019eau de riz, un secret de beaut\u00e9 traditionnel cor\u00e9en connu pour ses propri\u00e9t\u00e9s \u00e9claircissantes et nourrissantes. Le pouvoir hydratant du lait de riz aide \u00e0 hydrater intens\u00e9ment la [&hellip;]<\/p>\n","protected":false},"featured_media":3550,"comment_status":"open","ping_status":"closed","template":"","meta":{"content-type":"","_uag_custom_page_level_css":""},"pwb-brand":[],"product_brand":[],"product_cat":[354,327,334,323,345],"product_tag":[],"class_list":{"0":"post-3551","1":"product","2":"type-product","3":"status-publish","4":"has-post-thumbnail","6":"product_cat-beauty-of-joseon","7":"product_cat-hmizat","8":"product_cat-produits-coreens","9":"product_cat-skincare","10":"product_cat-toner-pads","12":"first","13":"instock","14":"sale","15":"shipping-taxable","16":"purchasable","17":"product-type-simple"},"aioseo_notices":[],"uagb_featured_image_src":{"full":["https:\/\/wavexia.com\/wp-content\/uploads\/2025\/10\/Product-page-sizes_4635586d-ba0a-4b8f-9585-2cd1d4f92691.webp",800,800,false],"thumbnail":["https:\/\/wavexia.com\/wp-content\/uploads\/2025\/10\/Product-page-sizes_4635586d-ba0a-4b8f-9585-2cd1d4f92691-150x150.webp",150,150,true],"medium":["https:\/\/wavexia.com\/wp-content\/uploads\/2025\/10\/Product-page-sizes_4635586d-ba0a-4b8f-9585-2cd1d4f92691-300x300.webp",300,300,true],"medium_large":["https:\/\/wavexia.com\/wp-content\/uploads\/2025\/10\/Product-page-sizes_4635586d-ba0a-4b8f-9585-2cd1d4f92691-768x768.webp",768,768,true],"large":["https:\/\/wavexia.com\/wp-content\/uploads\/2025\/10\/Product-page-sizes_4635586d-ba0a-4b8f-9585-2cd1d4f92691.webp",800,800,false],"1536x1536":["https:\/\/wavexia.com\/wp-content\/uploads\/2025\/10\/Product-page-sizes_4635586d-ba0a-4b8f-9585-2cd1d4f92691.webp",800,800,false],"2048x2048":["https:\/\/wavexia.com\/wp-content\/uploads\/2025\/10\/Product-page-sizes_4635586d-ba0a-4b8f-9585-2cd1d4f92691.webp",800,800,false],"woocommerce_archive_thumbnail":["https:\/\/wavexia.com\/wp-content\/uploads\/2025\/10\/Product-page-sizes_4635586d-ba0a-4b8f-9585-2cd1d4f92691-300x300.webp",300,300,true],"woocommerce_thumbnail":["https:\/\/wavexia.com\/wp-content\/uploads\/2025\/10\/Product-page-sizes_4635586d-ba0a-4b8f-9585-2cd1d4f92691-300x300.webp",300,300,true],"woocommerce_single":["https:\/\/wavexia.com\/wp-content\/uploads\/2025\/10\/Product-page-sizes_4635586d-ba0a-4b8f-9585-2cd1d4f92691-600x600.webp",600,600,true],"woocommerce_gallery_thumbnail":["https:\/\/wavexia.com\/wp-content\/uploads\/2025\/10\/Product-page-sizes_4635586d-ba0a-4b8f-9585-2cd1d4f92691-100x100.webp",100,100,true]},"uagb_author_info":{"display_name":"zineddine.ayoub98@gmail.com","author_link":"https:\/\/wavexia.com\/?author=0"},"uagb_comment_info":0,"uagb_excerpt":"Description Le Beauty of Joseon Glow Replenishing Rice Milk est un tonique luxueux et hydratant qui donne \u00e0 votre peau un coup d\u2019\u00e9clat. Ce tonique est infus\u00e9 d\u2019eau de riz, un secret de beaut\u00e9 traditionnel cor\u00e9en connu pour ses propri\u00e9t\u00e9s \u00e9claircissantes et nourrissantes. Le pouvoir hydratant du lait de riz aide \u00e0 hydrater intens\u00e9ment la&hellip;","brands":[],"_links":{"self":[{"href":"https:\/\/wavexia.com\/index.php?rest_route=\/wp\/v2\/product\/3551","targetHints":{"allow":["GET"]}}],"collection":[{"href":"https:\/\/wavexia.com\/index.php?rest_route=\/wp\/v2\/product"}],"about":[{"href":"https:\/\/wavexia.com\/index.php?rest_route=\/wp\/v2\/types\/product"}],"replies":[{"embeddable":true,"href":"https:\/\/wavexia.com\/index.php?rest_route=%2Fwp%2Fv2%2Fcomments&post=3551"}],"wp:featuredmedia":[{"embeddable":true,"href":"https:\/\/wavexia.com\/index.php?rest_route=\/wp\/v2\/media\/3550"}],"wp:attachment":[{"href":"https:\/\/wavexia.com\/index.php?rest_route=%2Fwp%2Fv2%2Fmedia&parent=3551"}],"wp:term":[{"taxonomy":"pwb-brand","embeddable":true,"href":"https:\/\/wavexia.com\/index.php?rest_route=%2Fwp%2Fv2%2Fpwb-brand&post=3551"},{"taxonomy":"product_brand","embeddable":true,"href":"https:\/\/wavexia.com\/index.php?rest_route=%2Fwp%2Fv2%2Fproduct_brand&post=3551"},{"taxonomy":"product_cat","embeddable":true,"href":"https:\/\/wavexia.com\/index.php?rest_route=%2Fwp%2Fv2%2Fproduct_cat&post=3551"},{"taxonomy":"product_tag","embeddable":true,"href":"https:\/\/wavexia.com\/index.php?rest_route=%2Fwp%2Fv2%2Fproduct_tag&post=3551"}],"curies":[{"name":"wp","href":"https:\/\/api.w.org\/{rel}","templated":true}]}}