{"id":3547,"date":"2025-10-19T08:53:58","date_gmt":"2025-10-19T08:53:58","guid":{"rendered":"https:\/\/wavexia.com\/product\/beauty-of-joseon-radiance-cleansing-balm-80-gr\/"},"modified":"2026-03-10T07:30:55","modified_gmt":"2026-03-10T07:30:55","slug":"beauty-of-joseon-radiance-cleansing-balm-80-gr","status":"publish","type":"product","link":"https:\/\/wavexia.com\/?product=beauty-of-joseon-radiance-cleansing-balm-80-gr","title":{"rendered":"Beauty of Joseon \u2013 Radiance Cleansing Balm 80 gr"},"content":{"rendered":"<h2>Description<\/h2>\n<p>Le Beauty of Joseon Radiance Cleansing Balm est un baume nettoyant doux qui \u00e9limine sauvagement le maquillage, l\u2019exc\u00e8s de s\u00e9bum et les impuret\u00e9s.<\/p>\n<p>Ce baume \u00e0 base d\u2019huile nettoie votre peau sans obstruer vos pores. Il contient divers extraits de c\u00e9r\u00e9ales<\/p>\n<p>et de l\u2019eau de riz. L\u2019eau de riz est tr\u00e8s riche en acides amin\u00e9s et en min\u00e9raux, qui hydratent intens\u00e9ment votre peau. Apr\u00e8s le nettoyage, votre peau sera douce et hydrat\u00e9e !<\/p>\n<p>Ce baume nettoyant est aussi imm\u00e9diatement un d\u00e9maquillant. Gr\u00e2ce aux huiles de ce baume, tout maquillage fond sur votre visage sans irriter vos yeux ! M\u00eame le maquillage waterproof peut facilement \u00eatre essuy\u00e9. Se d\u00e9maquiller n\u2019a jamais \u00e9t\u00e9 aussi simple !<\/p>\n<p>Pour une peau propre et hydrat\u00e9e !<\/p>\n<p><strong>Ce baume nettoyant :<\/strong><\/p>\n<ul>\n<li>\u00e9limine en douceur le maquillage, l\u2019exc\u00e8s de s\u00e9bum et les impuret\u00e9s<\/li>\n<li>n\u2019obstrue pas les pores<\/li>\n<li>contient des extraits de c\u00e9r\u00e9ales et de l\u2019eau de riz<\/li>\n<li>votre peau est lisse et hydrat\u00e9e apr\u00e8s le nettoyage<\/li>\n<li>enl\u00e8ve facilement tout maquillage, m\u00eame waterproof<\/li>\n<li>sans parfum<\/li>\n<li>v\u00e9g\u00e9talien<\/li>\n<li>sans cruaut\u00e9<\/li>\n<\/ul>\n<p><strong>Comment utiliser:<\/strong><\/p>\n<ul>\n<li>Pr\u00e9levez un peu de baume du pot avec la spatule.<\/li>\n<li>Appliquer sur peau s\u00e8che du bout des doigts.<\/li>\n<li>Massez dans la peau en utilisant des mouvements circulaires.<\/li>\n<li>Incluez \u00e9galement vos yeux et vos l\u00e8vres pour vous d\u00e9maquiller.<\/li>\n<li>Rincer \u00e0 l\u2019eau ti\u00e8de.<\/li>\n<\/ul>\n<p><strong>Ingr\u00e9dients:<\/strong><br \/>\u00c9thylhexanoate de c\u00e9tyle, triglyc\u00e9ride caprylique\/caprique, triisost\u00e9arate de glyc\u00e9ryle PEG-20, cire synth\u00e9tique, isost\u00e9arate de PEG-10, extrait de ferment de lactobacille\/soja, huile d\u2019Hippophae Rhamnoides, huile de son d\u2019Oryza Sativa (riz), eau de graines d\u2019Oryza Sativa (riz), Avena ( Extrait de farine d\u2019avoine), extrait de graines de Coix Lacryma-Jobi Ma-yuen, extrait d\u2019Oryza Sativa (riz), eau, sesquiol\u00e9ate de sorbitan, glyc\u00e9rine, propanediol, butyl\u00e8ne glycol, 1,2-hexanediol, caprylyl glycol, \u00e9thylhexylglyc\u00e9rine<\/p>\n<p><strong>Contenu :<\/strong>&nbsp;80 gr.<\/p>\n","protected":false},"excerpt":{"rendered":"<p>Description Le Beauty of Joseon Radiance Cleansing Balm est un baume nettoyant doux qui \u00e9limine sauvagement le maquillage, l\u2019exc\u00e8s de s\u00e9bum et les impuret\u00e9s. Ce baume \u00e0 base d\u2019huile nettoie votre peau sans obstruer vos pores. Il contient divers extraits de c\u00e9r\u00e9ales et de l\u2019eau de riz. L\u2019eau de riz est tr\u00e8s riche en acides [&hellip;]<\/p>\n","protected":false},"featured_media":3546,"comment_status":"open","ping_status":"closed","template":"","meta":{"content-type":"","_uag_custom_page_level_css":""},"pwb-brand":[],"product_brand":[],"product_cat":[354,327,367,334],"product_tag":[],"class_list":{"0":"post-3547","1":"product","2":"type-product","3":"status-publish","4":"has-post-thumbnail","6":"product_cat-beauty-of-joseon","7":"product_cat-hmizat","8":"product_cat-huile-baume-nettoyante","9":"product_cat-produits-coreens","11":"first","12":"instock","13":"sale","14":"shipping-taxable","15":"purchasable","16":"product-type-simple"},"aioseo_notices":[],"uagb_featured_image_src":{"full":["https:\/\/wavexia.com\/wp-content\/uploads\/2025\/10\/Product-page-sizes_caf572a1-482e-48e7-857e-3b989ab0f328.webp",800,800,false],"thumbnail":["https:\/\/wavexia.com\/wp-content\/uploads\/2025\/10\/Product-page-sizes_caf572a1-482e-48e7-857e-3b989ab0f328-150x150.webp",150,150,true],"medium":["https:\/\/wavexia.com\/wp-content\/uploads\/2025\/10\/Product-page-sizes_caf572a1-482e-48e7-857e-3b989ab0f328-300x300.webp",300,300,true],"medium_large":["https:\/\/wavexia.com\/wp-content\/uploads\/2025\/10\/Product-page-sizes_caf572a1-482e-48e7-857e-3b989ab0f328-768x768.webp",768,768,true],"large":["https:\/\/wavexia.com\/wp-content\/uploads\/2025\/10\/Product-page-sizes_caf572a1-482e-48e7-857e-3b989ab0f328.webp",800,800,false],"1536x1536":["https:\/\/wavexia.com\/wp-content\/uploads\/2025\/10\/Product-page-sizes_caf572a1-482e-48e7-857e-3b989ab0f328.webp",800,800,false],"2048x2048":["https:\/\/wavexia.com\/wp-content\/uploads\/2025\/10\/Product-page-sizes_caf572a1-482e-48e7-857e-3b989ab0f328.webp",800,800,false],"woocommerce_archive_thumbnail":["https:\/\/wavexia.com\/wp-content\/uploads\/2025\/10\/Product-page-sizes_caf572a1-482e-48e7-857e-3b989ab0f328-300x300.webp",300,300,true],"woocommerce_thumbnail":["https:\/\/wavexia.com\/wp-content\/uploads\/2025\/10\/Product-page-sizes_caf572a1-482e-48e7-857e-3b989ab0f328-300x300.webp",300,300,true],"woocommerce_single":["https:\/\/wavexia.com\/wp-content\/uploads\/2025\/10\/Product-page-sizes_caf572a1-482e-48e7-857e-3b989ab0f328-600x600.webp",600,600,true],"woocommerce_gallery_thumbnail":["https:\/\/wavexia.com\/wp-content\/uploads\/2025\/10\/Product-page-sizes_caf572a1-482e-48e7-857e-3b989ab0f328-100x100.webp",100,100,true]},"uagb_author_info":{"display_name":"zineddine.ayoub98@gmail.com","author_link":"https:\/\/wavexia.com\/?author=0"},"uagb_comment_info":0,"uagb_excerpt":"Description Le Beauty of Joseon Radiance Cleansing Balm est un baume nettoyant doux qui \u00e9limine sauvagement le maquillage, l\u2019exc\u00e8s de s\u00e9bum et les impuret\u00e9s. Ce baume \u00e0 base d\u2019huile nettoie votre peau sans obstruer vos pores. Il contient divers extraits de c\u00e9r\u00e9ales et de l\u2019eau de riz. L\u2019eau de riz est tr\u00e8s riche en acides&hellip;","brands":[],"_links":{"self":[{"href":"https:\/\/wavexia.com\/index.php?rest_route=\/wp\/v2\/product\/3547","targetHints":{"allow":["GET"]}}],"collection":[{"href":"https:\/\/wavexia.com\/index.php?rest_route=\/wp\/v2\/product"}],"about":[{"href":"https:\/\/wavexia.com\/index.php?rest_route=\/wp\/v2\/types\/product"}],"replies":[{"embeddable":true,"href":"https:\/\/wavexia.com\/index.php?rest_route=%2Fwp%2Fv2%2Fcomments&post=3547"}],"wp:featuredmedia":[{"embeddable":true,"href":"https:\/\/wavexia.com\/index.php?rest_route=\/wp\/v2\/media\/3546"}],"wp:attachment":[{"href":"https:\/\/wavexia.com\/index.php?rest_route=%2Fwp%2Fv2%2Fmedia&parent=3547"}],"wp:term":[{"taxonomy":"pwb-brand","embeddable":true,"href":"https:\/\/wavexia.com\/index.php?rest_route=%2Fwp%2Fv2%2Fpwb-brand&post=3547"},{"taxonomy":"product_brand","embeddable":true,"href":"https:\/\/wavexia.com\/index.php?rest_route=%2Fwp%2Fv2%2Fproduct_brand&post=3547"},{"taxonomy":"product_cat","embeddable":true,"href":"https:\/\/wavexia.com\/index.php?rest_route=%2Fwp%2Fv2%2Fproduct_cat&post=3547"},{"taxonomy":"product_tag","embeddable":true,"href":"https:\/\/wavexia.com\/index.php?rest_route=%2Fwp%2Fv2%2Fproduct_tag&post=3547"}],"curies":[{"name":"wp","href":"https:\/\/api.w.org\/{rel}","templated":true}]}}